{"id":77,"date":"2024-04-04T08:01:28","date_gmt":"2024-04-04T05:01:28","guid":{"rendered":"https:\/\/sisu.ut.ee\/rosak\/kursuse-info\/"},"modified":"2024-04-04T08:03:56","modified_gmt":"2024-04-04T05:03:56","slug":"kursuse-info","status":"publish","type":"page","link":"https:\/\/sisu.ut.ee\/rosak\/kursuse-info\/","title":{"rendered":"Kursuse info"},"content":{"rendered":"<p>\n\tKursusel osaledes on sul ainulaadne v\u00f5imalus kasv\u00f5i teisest maailma otsast osaleda \u00f5ppet\u00f6\u00f6s kasutades selleks f\u00fc\u00fcsilist robotit, mis asub meie \u00f5ppeklassis!\u00a0<br>S\u00fcsteem on v\u00e4ga lihtne \u2013 kursusele registreerides avaneb Sulle vastav keskkond, kus saad broneerida endale aja roboti kasutamiseks ning kui broneeritud aeg k\u00e4es, saadki alustada roboti kasutamist \u00f5ppet\u00fckkide t\u00e4itmiseks.\n<\/p>\n<blockquote><p>\n\tKursus algab <strong>2. oktoobril<\/strong>\u00a0(kestus 6 n\u00e4dalat)<br>Kursusele registreerimine kuni <strong>5.10.2023<br><a data-url=\"https:\/\/aire-edih.eu\/sundmus\/ros-i-algkursus\/\" href=\"https:\/\/aire-edih.eu\/sundmus\/ros-i-algkursus\/\" target=\"_blank\" title=\"\" rel=\"noopener\">Registreeru siin<\/a><\/strong>\n<\/p><\/blockquote>\n<h4>\n\t<img loading=\"lazy\" decoding=\"async\" width=\"1606\" height=\"553\" class=\"alignnone wp-image-130\" style=\"width:500px;height:172px;float:right\" src=\"https:\/\/sisu.ut.ee\/wp-content\/uploads\/sites\/560\/ros_robotid_3d.png\" title=\"ros_robotid_3d.png\" alt=\"Robotid\" srcset=\"https:\/\/sisu.ut.ee\/wp-content\/uploads\/sites\/560\/ros_robotid_3d.png 1606w, https:\/\/sisu.ut.ee\/wp-content\/uploads\/sites\/560\/ros_robotid_3d-300x103.png 300w, https:\/\/sisu.ut.ee\/wp-content\/uploads\/sites\/560\/ros_robotid_3d-1024x353.png 1024w, https:\/\/sisu.ut.ee\/wp-content\/uploads\/sites\/560\/ros_robotid_3d-768x264.png 768w, https:\/\/sisu.ut.ee\/wp-content\/uploads\/sites\/560\/ros_robotid_3d-1536x529.png 1536w\" sizes=\"auto, (max-width: 1606px) 100vw, 1606px\">Kursuse korraldusest<br>\n<\/h4>\n<p>\n\tRegistreerunutele saadetakse kursuse esimesel p\u00e4eval e-kiri juhistega, kuidas Moodle\u2019i keskkonda siseneda.<br>Kursus toimub t\u00e4ielikult veebip\u00f5hisena, kokku 6 n\u00e4dalat. Kursuse maht on 2 EAP ehk ca 52 tundi. Igal n\u00e4dalal pead planeerima \u00f5ppimiseks umbes 8-9 tundi Sulle sobival ajal. Hinnatavad \u00fclesanded edukalt sooritades saad Tartu \u00dclikooli digitaalse tunnistuse.\n<\/p>\n<h4>\n\tTeemad ja \u00f5ppematerjalid<br>\n<\/h4>\n<p>\n\tKursuse materjalid on avalikult k\u00f5igile k\u00e4ttesaadavad ja on jaotatud 6 suuremaks teemaks. Iga teema alamlehtedel on l\u00fchike sissejuhatus, \u00f5ppevideod ning \u00fclesanded ise kaasa m\u00f5tlemiseks v\u00f5i harjutamiseks. Kursuse \u00f5ppet\u00fckid on hoolikalt valitud, et tagada \u00fclevaatlik k\u00e4sitlus ROS-i s\u00fcsteemidest.\n<\/p>\n<table class=\"table table-hover\" border=\"1\" cellpadding=\"5\" cellspacing=\"0\">\n<tbody>\n<tr>\n<td style=\"text-align: center\">\n\t\t\t\t<strong>Kursuse n\u00e4dala kuup\u00e4evad<\/strong>\n\t\t\t<\/td>\n<td style=\"text-align: center\">\n\t\t\t\t<strong>Kursuse sisu \u00fclevaade n\u00e4dalate kaupa<\/strong>\n\t\t\t<\/td>\n<\/tr>\n<tr>\n<td>\n\t\t\t\tEsimene n\u00e4dal (02.10 \u2013 08.10.2023)\n\t\t\t<\/td>\n<td>\n\t\t\t\tTutvumine keskkonnaga ja roboti kaugteel juhtimine\n\t\t\t<\/td>\n<\/tr>\n<tr>\n<td>\n\t\t\t\tTeine n\u00e4dal (09.10 \u2013 15.10.2023)\n\t\t\t<\/td>\n<td>\n\t\t\t\tROSi t\u00f6\u00f6riistad ja erinevad kimbud\n\t\t\t<\/td>\n<\/tr>\n<tr>\n<td>\n\t\t\t\tKolmas n\u00e4dal (16.10 \u2013 22.10.2023)\n\t\t\t<\/td>\n<td>\n\t\t\t\tURDF \u2013 kuidas robotit kirjeldada\n\t\t\t<\/td>\n<\/tr>\n<tr>\n<td>\n\t\t\t\tNeljas n\u00e4dal (23.10 \u2013 29.10.2023)\n\t\t\t<\/td>\n<td>\n\t\t\t\tOma kood ROSi kimbus\n\t\t\t<\/td>\n<\/tr>\n<tr>\n<td>\n\t\t\t\tViies n\u00e4dal (30.10 \u2013 05.11.2023)\n\t\t\t<\/td>\n<td>\n\t\t\t\tKaamera ja AR-markerid\n\t\t\t<\/td>\n<\/tr>\n<tr>\n<td>\n\t\t\t\tKuues n\u00e4dal (06.11 \u2013 12.11.2023)\n\t\t\t<\/td>\n<td>\n\t\t\t\tLokaliseerimine, kaardistamine ja autonoomne navigeerimine\n\t\t\t<\/td>\n<\/tr>\n<tr>\n<td>\n\t\t\t\tSeitsmes n\u00e4dal (13.11 \u2013 19.11.2023)\n\t\t\t<\/td>\n<td>\n\t\t\t\tLisaaeg kursuse l\u00e4bimiseks juhendajatega\n\t\t\t<\/td>\n<\/tr>\n<\/tbody>\n<\/table>\n<p>\n\t<br>Kursuse raames puutud k\u00f5vasti kokku ka tekstip\u00f5hise programmeerimisega, seega tuleb kasuks, kui oled varem l\u00e4binud m\u00f5ne programmeerimist \u00f5petava kursuse. Kursuse \u00f5pikeskkonnas avame ka foorumi, kuhu k\u00f5ikv\u00f5imalike k\u00fcsimuste ja abipalvetega p\u00f6\u00f6rduda. Koos juhendajate ja kaas\u00f5ppijate abiga saab kindlasti k\u00f5ik oluline selgeks ja tehtud.\n<\/p>\n<p>\n\tKursuse loojateks ja l\u00e4biviijateks on T\u00dc robootika tudengid, teadlased ja \u00f5ppej\u00f5ud!\u00a0\n<\/p>\n<p>\n\t<span style=\"font-size:11px\"><em>Kursuse valmimist on toetanud Haridus- ja Noorteamet. Kursus toimub koost\u00f6\u00f6s tehisintellekti- ja robootikakeskusega AIRE (EDIH), mida rahastab Digitaalse Euroopa Programmi Euroopa Digitaalse Innovatsiooni Keskuste alamprogramm ja Majandus- ja Kommunikatsooniministeerium (Projekti nr: 101083677).<\/em><\/span><\/p>\n","protected":false},"excerpt":{"rendered":"<p>Kursusel osaledes on sul ainulaadne v\u00f5imalus kasv\u00f5i teisest maailma otsast osaleda \u00f5ppet\u00f6\u00f6s kasutades selleks f\u00fc\u00fcsilist robotit, mis asub meie \u00f5ppeklassis!\u00a0S\u00fcsteem on v\u00e4ga lihtne \u2013 kursusele registreerides avaneb Sulle vastav keskkond, kus saad broneerida endale aja roboti kasutamiseks ning kui broneeritud &#8230;<\/p>\n","protected":false},"author":98,"featured_media":0,"parent":0,"menu_order":0,"comment_status":"closed","ping_status":"closed","template":"","meta":{"_acf_changed":false,"inline_featured_image":false,"footnotes":""},"class_list":["post-77","page","type-page","status-publish","hentry"],"acf":[],"_links":{"self":[{"href":"https:\/\/sisu.ut.ee\/rosak\/wp-json\/wp\/v2\/pages\/77","targetHints":{"allow":["GET"]}}],"collection":[{"href":"https:\/\/sisu.ut.ee\/rosak\/wp-json\/wp\/v2\/pages"}],"about":[{"href":"https:\/\/sisu.ut.ee\/rosak\/wp-json\/wp\/v2\/types\/page"}],"author":[{"embeddable":true,"href":"https:\/\/sisu.ut.ee\/rosak\/wp-json\/wp\/v2\/users\/98"}],"replies":[{"embeddable":true,"href":"https:\/\/sisu.ut.ee\/rosak\/wp-json\/wp\/v2\/comments?post=77"}],"version-history":[{"count":1,"href":"https:\/\/sisu.ut.ee\/rosak\/wp-json\/wp\/v2\/pages\/77\/revisions"}],"predecessor-version":[{"id":324,"href":"https:\/\/sisu.ut.ee\/rosak\/wp-json\/wp\/v2\/pages\/77\/revisions\/324"}],"wp:attachment":[{"href":"https:\/\/sisu.ut.ee\/rosak\/wp-json\/wp\/v2\/media?parent=77"}],"curies":[{"name":"wp","href":"https:\/\/api.w.org\/{rel}","templated":true}]}}