{"id":76,"date":"2024-04-04T08:01:28","date_gmt":"2024-04-04T05:01:28","guid":{"rendered":"https:\/\/sisu.ut.ee\/rosak\/yanu\/"},"modified":"2024-04-04T08:03:56","modified_gmt":"2024-04-04T05:03:56","slug":"yanu","status":"publish","type":"page","link":"https:\/\/sisu.ut.ee\/rosak\/yanu\/","title":{"rendered":"Yanu"},"content":{"rendered":"<p>\n\t<span id=\"docs-internal-guid-5dad88ca-7fff-062b-daf4-dfd882026d2a\">Eesti iduettev\u00f5ttes ehitatakse ja programmeeritakse erakordselt vinget <strong>teenidusrobotit Yanu<\/strong>. Allj\u00e4rgnevas videos saame teada, millist v\u00e4\u00e4rtust loob neile ROS.<\/span>\n<\/p>\n<p>\t<\/p><div class=\"ratio ratio-16x9 mb-3\"><div class=\"video-placeholder-wrapper video-placeholder-wrapper--16x9\">\n\t\t\t    <div class=\"video-placeholder d-flex justify-content-center align-items-center\">\n\t\t\t        <div class=\"overlay text-white p-2 w-100 text-center d-block justify-content-center align-items-center\">\n\t\t\t            <div>Kolmandate osapoolte sisu n\u00e4gemiseks palun n\u00f5ustu k\u00fcpsistega.<\/div>\n\t\t\t            <button class=\"btn btn-secondary btn-sm mt-1 consent-change\">Muuda n\u00f5usolekut<\/button>\n\t\t\t        <\/div>\n\t\t\t    <\/div>\n\t\t\t<\/div>\n<\/div>\n<p>\n\t\u00a0\n<\/p>\n<p style=\"text-align: center\">\n\t<strong><span id=\"docs-internal-guid-376a8383-7fff-1f32-7da2-86014d40cd20\">Rohkem infot <\/span><a data-url=\"https:\/\/yanu.ai\/\" href=\"https:\/\/yanu.ai\/\" target=\"_blank\" title=\"\" rel=\"noopener\">yanu.ai<\/a><span>.<\/span><\/strong><br><span>Vaata ka Instagrami ja Facebooki!<\/span>\n<\/p>\n<p style=\"text-align: center\">\n\t<a data-url=\"https:\/\/www.instagram.com\/yanurobot\/\" href=\"https:\/\/www.instagram.com\/yanurobot\/\" target=\"_blank\" title=\"\" rel=\"noopener\"><img loading=\"lazy\" decoding=\"async\" width=\"100\" height=\"100\" class=\"alignnone wp-image-105\" src=\"https:\/\/sisu.ut.ee\/wp-content\/uploads\/sites\/560\/instagram_icon.gif\" title=\"instagram_icon.gif\" alt=\"Instagram logo\"><\/a>\u00a0\u00a0\u00a0 <a data-url=\"https:\/\/www.facebook.com\/YanuRobot\" href=\"https:\/\/www.facebook.com\/YanuRobot\" target=\"_blank\" title=\"\" rel=\"noopener\"><img loading=\"lazy\" decoding=\"async\" width=\"100\" height=\"100\" class=\"alignnone wp-image-104\" src=\"https:\/\/sisu.ut.ee\/wp-content\/uploads\/sites\/560\/facebook.gif\" title=\"facebook.gif\" alt=\"Facebook logo\"><\/a><br>\u00a0<\/p>\n","protected":false},"excerpt":{"rendered":"<p>Eesti iduettev\u00f5ttes ehitatakse ja programmeeritakse erakordselt vinget teenidusrobotit Yanu. Allj\u00e4rgnevas videos saame teada, millist v\u00e4\u00e4rtust loob neile ROS. Kolmandate osapoolte sisu n\u00e4gemiseks palun n\u00f5ustu k\u00fcpsistega. Muuda n\u00f5usolekut \u00a0 Rohkem infot yanu.ai.Vaata ka Instagrami ja Facebooki! \u00a0\u00a0\u00a0 \u00a0<\/p>\n","protected":false},"author":98,"featured_media":0,"parent":0,"menu_order":0,"comment_status":"closed","ping_status":"closed","template":"","meta":{"_acf_changed":false,"inline_featured_image":false,"footnotes":""},"class_list":["post-76","page","type-page","status-publish","hentry"],"acf":[],"_links":{"self":[{"href":"https:\/\/sisu.ut.ee\/rosak\/wp-json\/wp\/v2\/pages\/76","targetHints":{"allow":["GET"]}}],"collection":[{"href":"https:\/\/sisu.ut.ee\/rosak\/wp-json\/wp\/v2\/pages"}],"about":[{"href":"https:\/\/sisu.ut.ee\/rosak\/wp-json\/wp\/v2\/types\/page"}],"author":[{"embeddable":true,"href":"https:\/\/sisu.ut.ee\/rosak\/wp-json\/wp\/v2\/users\/98"}],"replies":[{"embeddable":true,"href":"https:\/\/sisu.ut.ee\/rosak\/wp-json\/wp\/v2\/comments?post=76"}],"version-history":[{"count":1,"href":"https:\/\/sisu.ut.ee\/rosak\/wp-json\/wp\/v2\/pages\/76\/revisions"}],"predecessor-version":[{"id":325,"href":"https:\/\/sisu.ut.ee\/rosak\/wp-json\/wp\/v2\/pages\/76\/revisions\/325"}],"wp:attachment":[{"href":"https:\/\/sisu.ut.ee\/rosak\/wp-json\/wp\/v2\/media?parent=76"}],"curies":[{"name":"wp","href":"https:\/\/api.w.org\/{rel}","templated":true}]}}