{"id":73,"date":"2024-04-04T08:01:28","date_gmt":"2024-04-04T05:01:28","guid":{"rendered":"https:\/\/sisu.ut.ee\/rosak\/moodul-6\/"},"modified":"2024-04-04T08:03:56","modified_gmt":"2024-04-04T05:03:56","slug":"moodul-6","status":"publish","type":"page","link":"https:\/\/sisu.ut.ee\/rosak\/moodul-6\/","title":{"rendered":"Moodul 6"},"content":{"rendered":"<blockquote>\n<p>\n\t\t<span id=\"docs-internal-guid-b63be55b-7fff-76ec-4534-5c7aecfadd79\">K\u00e4esolevas moodulis vaatleme, mida on vaja robotite autonoomsuseks ehk iseseisvaks toimetamiseks. K\u00f5ige klassikalisemal juhul oskab isetoimetav robot ilma inimsekkumiseta liikuda \u00fchest punktist teise. Mis on aga minimaalne komplekt tehnilisi v\u00f5imekusi selleks, et \u00fcks robot liiguks t\u00e4iesti iseseisvalt? Just sellest k\u00e4esolevas \u00f5ppet\u00fckis r\u00e4\u00e4gimegi.<\/span>\n\t<\/p>\n<\/blockquote>\n","protected":false},"excerpt":{"rendered":"<p>K\u00e4esolevas moodulis vaatleme, mida on vaja robotite autonoomsuseks ehk iseseisvaks toimetamiseks. K\u00f5ige klassikalisemal juhul oskab isetoimetav robot ilma inimsekkumiseta liikuda \u00fchest punktist teise. Mis on aga minimaalne komplekt tehnilisi v\u00f5imekusi selleks, et \u00fcks robot liiguks t\u00e4iesti iseseisvalt? Just sellest k\u00e4esolevas &#8230;<\/p>\n","protected":false},"author":98,"featured_media":0,"parent":0,"menu_order":0,"comment_status":"closed","ping_status":"closed","template":"","meta":{"_acf_changed":false,"inline_featured_image":false,"footnotes":""},"class_list":["post-73","page","type-page","status-publish","hentry"],"acf":[],"_links":{"self":[{"href":"https:\/\/sisu.ut.ee\/rosak\/wp-json\/wp\/v2\/pages\/73","targetHints":{"allow":["GET"]}}],"collection":[{"href":"https:\/\/sisu.ut.ee\/rosak\/wp-json\/wp\/v2\/pages"}],"about":[{"href":"https:\/\/sisu.ut.ee\/rosak\/wp-json\/wp\/v2\/types\/page"}],"author":[{"embeddable":true,"href":"https:\/\/sisu.ut.ee\/rosak\/wp-json\/wp\/v2\/users\/98"}],"replies":[{"embeddable":true,"href":"https:\/\/sisu.ut.ee\/rosak\/wp-json\/wp\/v2\/comments?post=73"}],"version-history":[{"count":1,"href":"https:\/\/sisu.ut.ee\/rosak\/wp-json\/wp\/v2\/pages\/73\/revisions"}],"predecessor-version":[{"id":328,"href":"https:\/\/sisu.ut.ee\/rosak\/wp-json\/wp\/v2\/pages\/73\/revisions\/328"}],"wp:attachment":[{"href":"https:\/\/sisu.ut.ee\/rosak\/wp-json\/wp\/v2\/media?parent=73"}],"curies":[{"name":"wp","href":"https:\/\/api.w.org\/{rel}","templated":true}]}}