{"id":72,"date":"2024-04-04T08:01:27","date_gmt":"2024-04-04T05:01:27","guid":{"rendered":"https:\/\/sisu.ut.ee\/rosak\/moodul-5\/"},"modified":"2024-04-04T08:03:56","modified_gmt":"2024-04-04T05:03:56","slug":"moodul-5","status":"publish","type":"page","link":"https:\/\/sisu.ut.ee\/rosak\/moodul-5\/","title":{"rendered":"Moodul 5"},"content":{"rendered":"<blockquote>\n<p>\n\t\tK\u00e4esoleval n\u00e4dalal tegeleme liitreaalsuse m\u00e4rgistega. Vaatame, millist infot neilt saab ja kuidas seda enda kasuks t\u00f6\u00f6le panna.\u00a0\n\t<\/p>\n<\/blockquote>\n","protected":false},"excerpt":{"rendered":"<p>K\u00e4esoleval n\u00e4dalal tegeleme liitreaalsuse m\u00e4rgistega. Vaatame, millist infot neilt saab ja kuidas seda enda kasuks t\u00f6\u00f6le panna.\u00a0<\/p>\n","protected":false},"author":98,"featured_media":0,"parent":0,"menu_order":0,"comment_status":"closed","ping_status":"closed","template":"","meta":{"_acf_changed":false,"inline_featured_image":false,"footnotes":""},"class_list":["post-72","page","type-page","status-publish","hentry"],"acf":[],"_links":{"self":[{"href":"https:\/\/sisu.ut.ee\/rosak\/wp-json\/wp\/v2\/pages\/72","targetHints":{"allow":["GET"]}}],"collection":[{"href":"https:\/\/sisu.ut.ee\/rosak\/wp-json\/wp\/v2\/pages"}],"about":[{"href":"https:\/\/sisu.ut.ee\/rosak\/wp-json\/wp\/v2\/types\/page"}],"author":[{"embeddable":true,"href":"https:\/\/sisu.ut.ee\/rosak\/wp-json\/wp\/v2\/users\/98"}],"replies":[{"embeddable":true,"href":"https:\/\/sisu.ut.ee\/rosak\/wp-json\/wp\/v2\/comments?post=72"}],"version-history":[{"count":1,"href":"https:\/\/sisu.ut.ee\/rosak\/wp-json\/wp\/v2\/pages\/72\/revisions"}],"predecessor-version":[{"id":329,"href":"https:\/\/sisu.ut.ee\/rosak\/wp-json\/wp\/v2\/pages\/72\/revisions\/329"}],"wp:attachment":[{"href":"https:\/\/sisu.ut.ee\/rosak\/wp-json\/wp\/v2\/media?parent=72"}],"curies":[{"name":"wp","href":"https:\/\/api.w.org\/{rel}","templated":true}]}}