{"id":71,"date":"2024-04-04T08:01:27","date_gmt":"2024-04-04T05:01:27","guid":{"rendered":"https:\/\/sisu.ut.ee\/rosak\/moodul-4\/"},"modified":"2024-04-04T08:03:56","modified_gmt":"2024-04-04T05:03:56","slug":"moodul-4","status":"publish","type":"page","link":"https:\/\/sisu.ut.ee\/rosak\/moodul-4\/","title":{"rendered":"Moodul 4"},"content":{"rendered":"<blockquote>\n<p>\n\t\t<span id=\"docs-internal-guid-d91995be-7fff-d74c-3d60-84165303e6e9\">K\u00e4esoleval n\u00e4dalal liigume kaugemale juba olemasolevate s\u00f5lmede maailmast ja vaatame, kuidas ise ROSi kuulutaja jaoks koodi kirjutada. R\u00e4\u00e4gime, miks see kasulik on, ja loome s\u00f5lme, mis paneb roboti meie soovitud geomeetrilist kujundit m\u00f6\u00f6da s\u00f5itma.<\/span>\n\t<\/p>\n<\/blockquote>\n","protected":false},"excerpt":{"rendered":"<p>K\u00e4esoleval n\u00e4dalal liigume kaugemale juba olemasolevate s\u00f5lmede maailmast ja vaatame, kuidas ise ROSi kuulutaja jaoks koodi kirjutada. R\u00e4\u00e4gime, miks see kasulik on, ja loome s\u00f5lme, mis paneb roboti meie soovitud geomeetrilist kujundit m\u00f6\u00f6da s\u00f5itma.<\/p>\n","protected":false},"author":98,"featured_media":0,"parent":0,"menu_order":0,"comment_status":"closed","ping_status":"closed","template":"","meta":{"_acf_changed":false,"inline_featured_image":false,"footnotes":""},"class_list":["post-71","page","type-page","status-publish","hentry"],"acf":[],"_links":{"self":[{"href":"https:\/\/sisu.ut.ee\/rosak\/wp-json\/wp\/v2\/pages\/71","targetHints":{"allow":["GET"]}}],"collection":[{"href":"https:\/\/sisu.ut.ee\/rosak\/wp-json\/wp\/v2\/pages"}],"about":[{"href":"https:\/\/sisu.ut.ee\/rosak\/wp-json\/wp\/v2\/types\/page"}],"author":[{"embeddable":true,"href":"https:\/\/sisu.ut.ee\/rosak\/wp-json\/wp\/v2\/users\/98"}],"replies":[{"embeddable":true,"href":"https:\/\/sisu.ut.ee\/rosak\/wp-json\/wp\/v2\/comments?post=71"}],"version-history":[{"count":1,"href":"https:\/\/sisu.ut.ee\/rosak\/wp-json\/wp\/v2\/pages\/71\/revisions"}],"predecessor-version":[{"id":330,"href":"https:\/\/sisu.ut.ee\/rosak\/wp-json\/wp\/v2\/pages\/71\/revisions\/330"}],"wp:attachment":[{"href":"https:\/\/sisu.ut.ee\/rosak\/wp-json\/wp\/v2\/media?parent=71"}],"curies":[{"name":"wp","href":"https:\/\/api.w.org\/{rel}","templated":true}]}}