{"id":70,"date":"2024-04-04T08:01:27","date_gmt":"2024-04-04T05:01:27","guid":{"rendered":"https:\/\/sisu.ut.ee\/rosak\/moodul-3\/"},"modified":"2024-04-04T08:03:56","modified_gmt":"2024-04-04T05:03:56","slug":"moodul-3","status":"publish","type":"page","link":"https:\/\/sisu.ut.ee\/rosak\/moodul-3\/","title":{"rendered":"Moodul 3"},"content":{"rendered":"<blockquote>\n<p>\n\t\tK\u00e4esoleval n\u00e4dalal tegeleme kinemaatikaga. \u00d5pime tundma formaati nimega URDF, loome simulatsioonis endale ise roboti ja paneme kokku robotk\u00e4pa.\n\t<\/p>\n<\/blockquote>\n","protected":false},"excerpt":{"rendered":"<p>K\u00e4esoleval n\u00e4dalal tegeleme kinemaatikaga. \u00d5pime tundma formaati nimega URDF, loome simulatsioonis endale ise roboti ja paneme kokku robotk\u00e4pa.<\/p>\n","protected":false},"author":98,"featured_media":0,"parent":0,"menu_order":0,"comment_status":"closed","ping_status":"closed","template":"","meta":{"_acf_changed":false,"inline_featured_image":false,"footnotes":""},"class_list":["post-70","page","type-page","status-publish","hentry"],"acf":[],"_links":{"self":[{"href":"https:\/\/sisu.ut.ee\/rosak\/wp-json\/wp\/v2\/pages\/70","targetHints":{"allow":["GET"]}}],"collection":[{"href":"https:\/\/sisu.ut.ee\/rosak\/wp-json\/wp\/v2\/pages"}],"about":[{"href":"https:\/\/sisu.ut.ee\/rosak\/wp-json\/wp\/v2\/types\/page"}],"author":[{"embeddable":true,"href":"https:\/\/sisu.ut.ee\/rosak\/wp-json\/wp\/v2\/users\/98"}],"replies":[{"embeddable":true,"href":"https:\/\/sisu.ut.ee\/rosak\/wp-json\/wp\/v2\/comments?post=70"}],"version-history":[{"count":1,"href":"https:\/\/sisu.ut.ee\/rosak\/wp-json\/wp\/v2\/pages\/70\/revisions"}],"predecessor-version":[{"id":331,"href":"https:\/\/sisu.ut.ee\/rosak\/wp-json\/wp\/v2\/pages\/70\/revisions\/331"}],"wp:attachment":[{"href":"https:\/\/sisu.ut.ee\/rosak\/wp-json\/wp\/v2\/media?parent=70"}],"curies":[{"name":"wp","href":"https:\/\/api.w.org\/{rel}","templated":true}]}}