{"id":65,"date":"2024-04-04T08:01:27","date_gmt":"2024-04-04T05:01:27","guid":{"rendered":"https:\/\/sisu.ut.ee\/rosak\/1-samm-sammuline-harjutus-sissejuhatus-ubuntu-2004-graafilisse-kasutajaliidesesse\/"},"modified":"2024-04-05T11:56:24","modified_gmt":"2024-04-05T08:56:24","slug":"1-samm-sammuline-harjutus-sissejuhatus-ubuntu-2004-graafilisse-kasutajaliidesesse","status":"publish","type":"page","link":"https:\/\/sisu.ut.ee\/rosak\/1-samm-sammuline-harjutus-sissejuhatus-ubuntu-2004-graafilisse-kasutajaliidesesse\/","title":{"rendered":"5. Sissejuhatus Ubuntu 20.04 graafilisse kasutajaliidesesse"},"content":{"rendered":"<blockquote>\r\n\t<strong>Selles harjutuses \u00f5pid k\u00e4ivitama tekstiredaktorit Ubuntu 20.04 graafilise kasutajaliidese kaudu.<\/strong><br><em>Samm-sammulise juhendi vaatamiseks klikka harjutuse vahepealkirjadele.<\/em>\r\n<\/blockquote>\r\n\r\n<p>\r\n\t<\/p><div class=\"accordion mb-3\">\n        <div class=\"accordion-item accordion-item--white\">\n        <h2 class=\"accordion-header\" id=\"accordion-69e7d30a9d4b8-heading\">\n            <button class=\"accordion-button collapsed\" type=\"button\" data-bs-toggle=\"collapse\" data-bs-target=\"#accordion-69e7d30a9d4b8-collapse\" aria-expanded=\"true\" aria-controls=\"accordion-69e7d30a9d4b8-collapse\"><strong>1.\u00a0Sisene Ubuntu 20.04 keskkonda.<\/strong><\/button>\n        <\/h2>\n        <div id=\"accordion-69e7d30a9d4b8-collapse\" class=\"accordion-collapse collapse\" aria-labelledby=\"accordion-69e7d30a9d4b8-heading\">\n            <div class=\"accordion-body\">Sobib kursuse korraldajate poolt pakutav keskkond, aga v\u00f5id soovi korral ka kasutada enda paigaldatud keskkonda. Kursuse jooksul peab keskkonnas olema v\u00f5imalus kasutada ROS Noetic Ninjemys tarkvara \u2013 kui kasutad kursuse korraldajate pakutavat keskkonda, siis on see juba paigaldatud.\r\n\r\n\r\n<p>\r\n\tRemrobi keskkonnas saad seda ja j\u00e4rgmisi harjutusi (k\u00f5ike peale kodut\u00f6\u00f6) sooritada <strong>simumasinas<\/strong>.\r\n<\/p>\r\n\r\n<p>\r\n\t<\/p><\/div>\n        <\/div>\n        <\/div>\n    <\/div>\r\n\r\n\r\n<p>\r\n\t<\/p><div class=\"accordion mb-3\">\n        <div class=\"accordion-item accordion-item--white\">\n        <h2 class=\"accordion-header\" id=\"accordion-69e7d30a9d4be-heading\">\n            <button class=\"accordion-button collapsed\" type=\"button\" data-bs-toggle=\"collapse\" data-bs-target=\"#accordion-69e7d30a9d4be-collapse\" aria-expanded=\"true\" aria-controls=\"accordion-69e7d30a9d4be-collapse\"><strong>2. Tutvu Ubuntu t\u00f6\u00f6lauaga. <\/strong><\/button>\n        <\/h2>\n        <div id=\"accordion-69e7d30a9d4be-collapse\" class=\"accordion-collapse collapse\" aria-labelledby=\"accordion-69e7d30a9d4be-heading\">\n            <div class=\"accordion-body\">Kui oled s\u00fcsteemi sisse loginud, siis tervitab Sind sarnase v\u00e4limusega t\u00f6\u00f6laud (<strong>ikoonide asukohad v\u00f5ivad olla veidi teistsugused<\/strong>).<br>Klikka t\u00f6\u00f6laual olevatele k\u00fcsim\u00e4rkidele, et n\u00e4ha ikoonide selgitusi:\r\n\r\n\r\n<p>\r\n\t<\/p><div class=\"h5p-iframe-wrapper\"><div class=\"video-placeholder-wrapper video-placeholder-wrapper--fixed\" style=\"height: 366px;\">\n\t\t\t    <div class=\"video-placeholder d-flex justify-content-center align-items-center\">\n\t\t\t        <div class=\"overlay text-white p-2 w-100 text-center d-block justify-content-center align-items-center\">\n\t\t\t            <div>Kolmandate osapoolte sisu n\u00e4gemiseks palun n\u00f5ustu k\u00fcpsistega.<\/div>\n\t\t\t            <button class=\"btn btn-secondary btn-sm mt-1 consent-change\">Muuda n\u00f5usolekut<\/button>\n\t\t\t        <\/div>\n\t\t\t    <\/div>\n\t\t\t<\/div>\n<\/div><\/div>\n        <\/div>\n        <\/div>\n    <\/div>\r\n\r\n\r\n<p>\r\n\t<\/p><div class=\"accordion mb-3\">\n        <div class=\"accordion-item accordion-item--white\">\n        <h2 class=\"accordion-header\" id=\"accordion-69e7d30a9d4c1-heading\">\n            <button class=\"accordion-button collapsed\" type=\"button\" data-bs-toggle=\"collapse\" data-bs-target=\"#accordion-69e7d30a9d4c1-collapse\" aria-expanded=\"true\" aria-controls=\"accordion-69e7d30a9d4c1-collapse\"><strong>3. Ava ja uuri rakendusi.<\/strong><\/button>\n        <\/h2>\n        <div id=\"accordion-69e7d30a9d4c1-collapse\" class=\"accordion-collapse collapse\" aria-labelledby=\"accordion-69e7d30a9d4c1-heading\">\n            <div class=\"accordion-body\">Vajuta tegumiribal kausta ikoonile. Avaneb aken ja Sinu t\u00f6\u00f6laud n\u00e4eb v\u00e4lja umbes selline (<strong>ikoonide asukohad v\u00f5ivad olla veidi teistsugused<\/strong>):\r\n\r\n\r\n<div class=\"h5p-iframe-wrapper\"><div class=\"video-placeholder-wrapper video-placeholder-wrapper--fixed\" style=\"height: 366px;\">\n\t\t\t    <div class=\"video-placeholder d-flex justify-content-center align-items-center\">\n\t\t\t        <div class=\"overlay text-white p-2 w-100 text-center d-block justify-content-center align-items-center\">\n\t\t\t            <div>Kolmandate osapoolte sisu n\u00e4gemiseks palun n\u00f5ustu k\u00fcpsistega.<\/div>\n\t\t\t            <button class=\"btn btn-secondary btn-sm mt-1 consent-change\">Muuda n\u00f5usolekut<\/button>\n\t\t\t        <\/div>\n\t\t\t    <\/div>\n\t\t\t<\/div>\n<\/div>\r\n\r\n<blockquote class=\"os-kollane\">\r\n\t<h4 class=\"os-kollane\">\r\n\t\tPane t\u00e4hele:\r\n\t<\/h4>\r\n\r\n\t<ol>\r\n\t\t<li>\r\n\t\t\tAkende men\u00fc\u00fc on ekraani \u00fclaservas, sarnaselt Maci arvutitele.\r\n\t\t<\/li>\r\n\t\t<li>\r\n\t\t\tPane t\u00e4hele, et rakendusteribal on kausta ikooni k\u00f5rval \u00fcks t\u00e4pike, mis n\u00e4itab, et selle rakenduse aken on parasjagu lahti.\r\n\t\t<\/li>\r\n\t<\/ol>\r\n<\/blockquote>\r\n\r\n<p>\r\n\t<\/p><\/div>\n        <\/div>\n        <\/div>\n    <\/div>\r\n\r\n\r\n<p>\r\n\t<\/p><div class=\"accordion mb-3\">\n        <div class=\"accordion-item accordion-item--white\">\n        <h2 class=\"accordion-header\" id=\"accordion-69e7d30a9d4c6-heading\">\n            <button class=\"accordion-button collapsed\" type=\"button\" data-bs-toggle=\"collapse\" data-bs-target=\"#accordion-69e7d30a9d4c6-collapse\" aria-expanded=\"true\" aria-controls=\"accordion-69e7d30a9d4c6-collapse\"><strong>4. Ava rakendus.<\/strong><\/button>\n        <\/h2>\n        <div id=\"accordion-69e7d30a9d4c6-collapse\" class=\"accordion-collapse collapse\" aria-labelledby=\"accordion-69e7d30a9d4c6-heading\">\n            <div class=\"accordion-body\">\r\n\r\n\r\n<p dir=\"ltr\" style=\"margin-top:0pt;margin-bottom:0pt\">\r\n\t<span style=\"line-height:1.38\"><span><span><span><span><span style=\"vertical-align:baseline\"><span>Vajuta rakendustemen\u00fc\u00fc avamiseks rakendustemen\u00fc\u00fc nupule (\u00fcheksa t\u00e4piga ikoon) ja tr\u00fcki avanenud otsingukasti s\u00f5na \u201cgedit\u201d. \u00dcks rakendustest, mis sulle kuvatakse, on (olenevalt keelest) \u201cTekstiredaktor\u201d v\u00f5i \u201dText Editor\u201d (programmi nimi on tegelikult \u201cgedit\u201d). Vajuta rakenduse ikoonile. Sinu ekraanil peaks avanema tekstiredaktori aken ning tekstiredaktori ikoon peaks ilmuma tegumiribale. Allpool n\u00e4ed pildiseeriat tekstiredaktori avamise kohta.<\/span><\/span><\/span><\/span><\/span><\/span><\/span>\r\n<\/p>\r\n\r\n<p dir=\"ltr\" style=\"margin-top:0pt;margin-bottom:0pt\">\r\n\t\u00a0\r\n<\/p>\r\n\r\n<p dir=\"ltr\" style=\"margin-top:0pt;margin-bottom:0pt\">\r\n\t<span style=\"line-height:1.38\"><span><span><span><span><span style=\"vertical-align:baseline\"><span>K\u00f5ige pealmise akna kohta \u00f6eldakse m\u00f5nikord <strong>aktiivne aken<\/strong>. Selleks, et akent aktiivseks muuta, tuleb selle peale klikkida.<\/span><\/span><\/span><\/span><\/span><\/span><\/span>\r\n<\/p>\r\n\r\n<p dir=\"ltr\" style=\"margin-top:0pt;margin-bottom:0pt\">\r\n\t\u00a0\r\n<\/p>\r\n\r\n<p dir=\"ltr\" style=\"margin-top:0pt;margin-bottom:0pt\">\r\n\t<span style=\"line-height:1.38\"><span><span><span style=\"font-style:italic\"><span><span><span style=\"vertical-align:baseline\"><span>Piltide vaatamiseks kliki paremale ja vasakule viivatele nooltele.<\/span><\/span><\/span><\/span><\/span><\/span><\/span><\/span>\r\n<\/p>\r\n\r\n<p dir=\"ltr\" style=\"margin-top:0pt;margin-bottom:0pt\">\r\n\t<\/p><div class=\"h5p-iframe-wrapper\"><div class=\"video-placeholder-wrapper video-placeholder-wrapper--fixed\" style=\"height: 366px;\">\n\t\t\t    <div class=\"video-placeholder d-flex justify-content-center align-items-center\">\n\t\t\t        <div class=\"overlay text-white p-2 w-100 text-center d-block justify-content-center align-items-center\">\n\t\t\t            <div>Kolmandate osapoolte sisu n\u00e4gemiseks palun n\u00f5ustu k\u00fcpsistega.<\/div>\n\t\t\t            <button class=\"btn btn-secondary btn-sm mt-1 consent-change\">Muuda n\u00f5usolekut<\/button>\n\t\t\t        <\/div>\n\t\t\t    <\/div>\n\t\t\t<\/div>\n<\/div>\r\n\r\n\r\n<p>\r\n\t<\/p><\/div>\n        <\/div>\n        <\/div>\n    <\/div>\r\n\r\n\r\n<p>\r\n\t<\/p><div class=\"accordion mb-3\">\n        <div class=\"accordion-item accordion-item--white\">\n        <h2 class=\"accordion-header\" id=\"accordion-69e7d30a9d4ca-heading\">\n            <button class=\"accordion-button collapsed\" type=\"button\" data-bs-toggle=\"collapse\" data-bs-target=\"#accordion-69e7d30a9d4ca-collapse\" aria-expanded=\"true\" aria-controls=\"accordion-69e7d30a9d4ca-collapse\"><strong>5. Rakenduse avamine tegumiribalt<\/strong><\/button>\n        <\/h2>\n        <div id=\"accordion-69e7d30a9d4ca-collapse\" class=\"accordion-collapse collapse\" aria-labelledby=\"accordion-69e7d30a9d4ca-heading\">\n            <div class=\"accordion-body\">\r\n\r\n\r\n<p>\r\n\tKui rakenduse ikoon on olemas tegumiribal, siis saad selle avada ka sellel klikkides. Tekstiredaktori ikoon n\u00e4eb v\u00e4lja j\u00e4rgmine:\r\n<\/p>\r\n\r\n<p>\r\n\t<img loading=\"lazy\" decoding=\"async\" width=\"54\" height=\"60\" class=\"alignnone wp-image-157\" src=\"https:\/\/sisu.ut.ee\/wp-content\/uploads\/sites\/560\/tekstiredaktor-tegumiribal.png\" title=\"tekstiredaktor-tegumiribal.png\" alt=\"Tekstiredaktori ikoon tegumiribal\">\r\n<\/p>\r\n\r\n<p>\r\n\tVeebilehitseja (Firefox) ikoon tegumiribal n\u00e4eb aga v\u00e4lja selline:\r\n<\/p>\r\n\r\n<p>\r\n\t<img loading=\"lazy\" decoding=\"async\" width=\"65\" height=\"65\" class=\"alignnone wp-image-158\" src=\"https:\/\/sisu.ut.ee\/wp-content\/uploads\/sites\/560\/veebilehitseja-ikoon.png\" title=\"veebilehitseja-ikoon.png\" alt=\"Firefoxi ikoon tegumiribal\">\r\n<\/p>\r\n\r\n<p>\r\n\t<\/p><\/div>\n        <\/div>\n        <\/div>\n    <\/div>\r\n\r\n","protected":false},"excerpt":{"rendered":"<p>Selles harjutuses \u00f5pid k\u00e4ivitama tekstiredaktorit Ubuntu 20.04 graafilise kasutajaliidese kaudu.Samm-sammulise juhendi vaatamiseks klikka harjutuse vahepealkirjadele. 1.\u00a0Sisene Ubuntu 20.04 keskkonda. Sobib kursuse korraldajate poolt pakutav keskkond, aga v\u00f5id soovi korral ka kasutada enda paigaldatud keskkonda. Kursuse jooksul peab keskkonnas olema v\u00f5imalus &#8230;<\/p>\n","protected":false},"author":98,"featured_media":0,"parent":0,"menu_order":0,"comment_status":"closed","ping_status":"closed","template":"","meta":{"_acf_changed":false,"inline_featured_image":false,"footnotes":""},"class_list":["post-65","page","type-page","status-publish","hentry"],"acf":[],"_links":{"self":[{"href":"https:\/\/sisu.ut.ee\/rosak\/wp-json\/wp\/v2\/pages\/65","targetHints":{"allow":["GET"]}}],"collection":[{"href":"https:\/\/sisu.ut.ee\/rosak\/wp-json\/wp\/v2\/pages"}],"about":[{"href":"https:\/\/sisu.ut.ee\/rosak\/wp-json\/wp\/v2\/types\/page"}],"author":[{"embeddable":true,"href":"https:\/\/sisu.ut.ee\/rosak\/wp-json\/wp\/v2\/users\/98"}],"replies":[{"embeddable":true,"href":"https:\/\/sisu.ut.ee\/rosak\/wp-json\/wp\/v2\/comments?post=65"}],"version-history":[{"count":5,"href":"https:\/\/sisu.ut.ee\/rosak\/wp-json\/wp\/v2\/pages\/65\/revisions"}],"predecessor-version":[{"id":442,"href":"https:\/\/sisu.ut.ee\/rosak\/wp-json\/wp\/v2\/pages\/65\/revisions\/442"}],"wp:attachment":[{"href":"https:\/\/sisu.ut.ee\/rosak\/wp-json\/wp\/v2\/media?parent=65"}],"curies":[{"name":"wp","href":"https:\/\/api.w.org\/{rel}","templated":true}]}}