{"id":64,"date":"2024-04-04T08:01:27","date_gmt":"2024-04-04T05:01:27","guid":{"rendered":"https:\/\/sisu.ut.ee\/rosak\/moodul-2\/"},"modified":"2024-04-17T23:09:28","modified_gmt":"2024-04-17T20:09:28","slug":"moodul-2","status":"publish","type":"page","link":"https:\/\/sisu.ut.ee\/rosak\/moodul-2\/","title":{"rendered":"Moodul 2"},"content":{"rendered":"<blockquote>\n\t<p>\n\t\tSel n\u00e4dalal saad teada, kuidas ROS on \u00fcles ehitatud, ja \u00f5pid kasutama selle t\u00f6\u00f6riistu. R\u00e4\u00e4gime modulaarsusest, vaatame robotondi digikaksikut ja kuulame pealt ROSi s\u00fcsteemis ringi lendavaid s\u00f5numeid. L\u00f5puks aga kasutame olemasolevaid ROSi kimpe ja paneme roboti autonoomselt oran\u017eide porgandite vahet s\u00f5itma.\n\t<\/p>\n<\/blockquote>\n\n\n\n<p><\/p>\n","protected":false},"excerpt":{"rendered":"<p>Sel n\u00e4dalal saad teada, kuidas ROS on \u00fcles ehitatud, ja \u00f5pid kasutama selle t\u00f6\u00f6riistu. R\u00e4\u00e4gime modulaarsusest, vaatame robotondi digikaksikut ja kuulame pealt ROSi s\u00fcsteemis ringi lendavaid s\u00f5numeid. L\u00f5puks aga kasutame olemasolevaid ROSi kimpe ja paneme roboti autonoomselt oran\u017eide porgandite vahet &#8230;<\/p>\n","protected":false},"author":98,"featured_media":0,"parent":0,"menu_order":0,"comment_status":"closed","ping_status":"closed","template":"","meta":{"_acf_changed":false,"inline_featured_image":false,"footnotes":""},"class_list":["post-64","page","type-page","status-publish","hentry"],"acf":[],"_links":{"self":[{"href":"https:\/\/sisu.ut.ee\/rosak\/wp-json\/wp\/v2\/pages\/64","targetHints":{"allow":["GET"]}}],"collection":[{"href":"https:\/\/sisu.ut.ee\/rosak\/wp-json\/wp\/v2\/pages"}],"about":[{"href":"https:\/\/sisu.ut.ee\/rosak\/wp-json\/wp\/v2\/types\/page"}],"author":[{"embeddable":true,"href":"https:\/\/sisu.ut.ee\/rosak\/wp-json\/wp\/v2\/users\/98"}],"replies":[{"embeddable":true,"href":"https:\/\/sisu.ut.ee\/rosak\/wp-json\/wp\/v2\/comments?post=64"}],"version-history":[{"count":2,"href":"https:\/\/sisu.ut.ee\/rosak\/wp-json\/wp\/v2\/pages\/64\/revisions"}],"predecessor-version":[{"id":467,"href":"https:\/\/sisu.ut.ee\/rosak\/wp-json\/wp\/v2\/pages\/64\/revisions\/467"}],"wp:attachment":[{"href":"https:\/\/sisu.ut.ee\/rosak\/wp-json\/wp\/v2\/media?parent=64"}],"curies":[{"name":"wp","href":"https:\/\/api.w.org\/{rel}","templated":true}]}}