{"id":49,"date":"2024-04-04T08:01:25","date_gmt":"2024-04-04T05:01:25","guid":{"rendered":"https:\/\/sisu.ut.ee\/rosak\/moodul-1\/"},"modified":"2024-04-04T08:03:57","modified_gmt":"2024-04-04T05:03:57","slug":"moodul-1","status":"publish","type":"page","link":"https:\/\/sisu.ut.ee\/rosak\/moodul-1\/","title":{"rendered":"Moodul 1"},"content":{"rendered":"<blockquote><p>\n\t<span><span><span><span><span style=\"vertical-align:baseline\"><span>Sel n\u00e4dalal \u00f5pid tundma keskkonda, mida kasutame kogu \u00fclej\u00e4\u00e4nud kursuse jooksul: Ubuntu Linuxi t\u00f6\u00f6lauda ja k\u00e4surida. Kui oled nendega juba eelnevast tuttav, siis \u00e4ra muretse \u2013 j\u00e4rgmiste n\u00e4dalate jooksul sukeldume s\u00fcgamale ROSi kasutusv\u00f5imalustesse. Ka sel n\u00e4dalal aga \u00f5pid, mida pakub meile ROS, ja teed esimesed sammud, juhtides selle abil kaugteel robotit Tartu \u00dclikooli klassiruumis.<\/span><\/span><\/span><\/span><\/span><\/span>\n<\/p><\/blockquote>\n","protected":false},"excerpt":{"rendered":"<p>Sel n\u00e4dalal \u00f5pid tundma keskkonda, mida kasutame kogu \u00fclej\u00e4\u00e4nud kursuse jooksul: Ubuntu Linuxi t\u00f6\u00f6lauda ja k\u00e4surida. Kui oled nendega juba eelnevast tuttav, siis \u00e4ra muretse \u2013 j\u00e4rgmiste n\u00e4dalate jooksul sukeldume s\u00fcgamale ROSi kasutusv\u00f5imalustesse. Ka sel n\u00e4dalal aga \u00f5pid, mida pakub &#8230;<\/p>\n","protected":false},"author":98,"featured_media":0,"parent":0,"menu_order":0,"comment_status":"closed","ping_status":"closed","template":"","meta":{"_acf_changed":false,"inline_featured_image":false,"footnotes":""},"class_list":["post-49","page","type-page","status-publish","hentry"],"acf":[],"_links":{"self":[{"href":"https:\/\/sisu.ut.ee\/rosak\/wp-json\/wp\/v2\/pages\/49","targetHints":{"allow":["GET"]}}],"collection":[{"href":"https:\/\/sisu.ut.ee\/rosak\/wp-json\/wp\/v2\/pages"}],"about":[{"href":"https:\/\/sisu.ut.ee\/rosak\/wp-json\/wp\/v2\/types\/page"}],"author":[{"embeddable":true,"href":"https:\/\/sisu.ut.ee\/rosak\/wp-json\/wp\/v2\/users\/98"}],"replies":[{"embeddable":true,"href":"https:\/\/sisu.ut.ee\/rosak\/wp-json\/wp\/v2\/comments?post=49"}],"version-history":[{"count":1,"href":"https:\/\/sisu.ut.ee\/rosak\/wp-json\/wp\/v2\/pages\/49\/revisions"}],"predecessor-version":[{"id":352,"href":"https:\/\/sisu.ut.ee\/rosak\/wp-json\/wp\/v2\/pages\/49\/revisions\/352"}],"wp:attachment":[{"href":"https:\/\/sisu.ut.ee\/rosak\/wp-json\/wp\/v2\/media?parent=49"}],"curies":[{"name":"wp","href":"https:\/\/api.w.org\/{rel}","templated":true}]}}