{"id":43,"date":"2024-04-04T08:01:24","date_gmt":"2024-04-04T05:01:24","guid":{"rendered":"https:\/\/sisu.ut.ee\/rosak\/arvutitehnika-tartu-ulikoolis\/"},"modified":"2024-04-04T08:03:57","modified_gmt":"2024-04-04T05:03:57","slug":"arvutitehnika-tartu-ulikoolis","status":"publish","type":"page","link":"https:\/\/sisu.ut.ee\/rosak\/arvutitehnika-tartu-ulikoolis\/","title":{"rendered":"Robootika Tartu \u00dclikoolis"},"content":{"rendered":"<blockquote>\n<p>\n\t\t<strong>Paljuski tutvutakse sellega, mida siin kursusel \u00f5ppinud oleme, Tartu \u00dclikooli arvutitehnika \u00f5ppekaval. Lisaks on seal aga palju muudki. Arvutitehnika tudeng Knuth jagab oma kogemusi.<\/strong>\n\t<\/p>\n<\/blockquote>\n<p>\n\t<\/p><div class=\"ratio ratio-16x9 mb-3\"><div class=\"video-placeholder-wrapper video-placeholder-wrapper--16x9\">\n\t\t\t    <div class=\"video-placeholder d-flex justify-content-center align-items-center\">\n\t\t\t        <div class=\"overlay text-white p-2 w-100 text-center d-block justify-content-center align-items-center\">\n\t\t\t            <div>Kolmandate osapoolte sisu n\u00e4gemiseks palun n\u00f5ustu k\u00fcpsistega.<\/div>\n\t\t\t            <button class=\"btn btn-secondary btn-sm mt-1 consent-change\">Muuda n\u00f5usolekut<\/button>\n\t\t\t        <\/div>\n\t\t\t    <\/div>\n\t\t\t<\/div>\n<\/div>\n","protected":false},"excerpt":{"rendered":"<p>Paljuski tutvutakse sellega, mida siin kursusel \u00f5ppinud oleme, Tartu \u00dclikooli arvutitehnika \u00f5ppekaval. Lisaks on seal aga palju muudki. Arvutitehnika tudeng Knuth jagab oma kogemusi. Kolmandate osapoolte sisu n\u00e4gemiseks palun n\u00f5ustu k\u00fcpsistega. Muuda n\u00f5usolekut<\/p>\n","protected":false},"author":98,"featured_media":0,"parent":0,"menu_order":0,"comment_status":"closed","ping_status":"closed","template":"","meta":{"_acf_changed":false,"inline_featured_image":false,"footnotes":""},"class_list":["post-43","page","type-page","status-publish","hentry"],"acf":[],"_links":{"self":[{"href":"https:\/\/sisu.ut.ee\/rosak\/wp-json\/wp\/v2\/pages\/43","targetHints":{"allow":["GET"]}}],"collection":[{"href":"https:\/\/sisu.ut.ee\/rosak\/wp-json\/wp\/v2\/pages"}],"about":[{"href":"https:\/\/sisu.ut.ee\/rosak\/wp-json\/wp\/v2\/types\/page"}],"author":[{"embeddable":true,"href":"https:\/\/sisu.ut.ee\/rosak\/wp-json\/wp\/v2\/users\/98"}],"replies":[{"embeddable":true,"href":"https:\/\/sisu.ut.ee\/rosak\/wp-json\/wp\/v2\/comments?post=43"}],"version-history":[{"count":1,"href":"https:\/\/sisu.ut.ee\/rosak\/wp-json\/wp\/v2\/pages\/43\/revisions"}],"predecessor-version":[{"id":358,"href":"https:\/\/sisu.ut.ee\/rosak\/wp-json\/wp\/v2\/pages\/43\/revisions\/358"}],"wp:attachment":[{"href":"https:\/\/sisu.ut.ee\/rosak\/wp-json\/wp\/v2\/media?parent=43"}],"curies":[{"name":"wp","href":"https:\/\/api.w.org\/{rel}","templated":true}]}}