{"id":35,"date":"2024-04-04T08:01:23","date_gmt":"2024-04-04T05:01:23","guid":{"rendered":"https:\/\/sisu.ut.ee\/rosak\/lisaulesanne-pargi-robot-kasti\/"},"modified":"2024-04-04T08:03:58","modified_gmt":"2024-04-04T05:03:58","slug":"lisaulesanne-pargi-robot-kasti","status":"publish","type":"page","link":"https:\/\/sisu.ut.ee\/rosak\/lisaulesanne-pargi-robot-kasti\/","title":{"rendered":"Lisa\u00fclesanne: Pargi robot kasti"},"content":{"rendered":"<blockquote>\n<p>\n\t\t<strong>Kasuta oma eelmiseid teadmisi, et robot roheliste kardinate taha kasti parkida.<\/strong>\n\t<\/p>\n<\/blockquote>\n<p>\n\tRobotiv\u00e4ljaku \u00fches nurgas on v\u00e4ike eraldatud ala, mille ees on roheline kardin. Robot saab l\u00e4bi rohelise kardina alasse sisse s\u00f5ita.\n<\/p>\n<p>\n\tKardinate kohal on seinale kleebitud AR m\u00e4rgis. Samuti on teistsugune AR m\u00e4rgis kleebitud seinale \u201cuksest\u201d 1m kaugusel.\n<\/p>\n<p>\n\tKasutades m\u00e4rgiste infot, pane robot autonoomselt l\u00e4bi kardinate v\u00e4ljaku nurgaalasse s\u00f5itma ja end seal parkima.<\/p>\n","protected":false},"excerpt":{"rendered":"<p>Kasuta oma eelmiseid teadmisi, et robot roheliste kardinate taha kasti parkida. Robotiv\u00e4ljaku \u00fches nurgas on v\u00e4ike eraldatud ala, mille ees on roheline kardin. Robot saab l\u00e4bi rohelise kardina alasse sisse s\u00f5ita. Kardinate kohal on seinale kleebitud AR m\u00e4rgis. Samuti on &#8230;<\/p>\n","protected":false},"author":98,"featured_media":0,"parent":0,"menu_order":0,"comment_status":"closed","ping_status":"closed","template":"","meta":{"_acf_changed":false,"inline_featured_image":false,"footnotes":""},"class_list":["post-35","page","type-page","status-publish","hentry"],"acf":[],"_links":{"self":[{"href":"https:\/\/sisu.ut.ee\/rosak\/wp-json\/wp\/v2\/pages\/35","targetHints":{"allow":["GET"]}}],"collection":[{"href":"https:\/\/sisu.ut.ee\/rosak\/wp-json\/wp\/v2\/pages"}],"about":[{"href":"https:\/\/sisu.ut.ee\/rosak\/wp-json\/wp\/v2\/types\/page"}],"author":[{"embeddable":true,"href":"https:\/\/sisu.ut.ee\/rosak\/wp-json\/wp\/v2\/users\/98"}],"replies":[{"embeddable":true,"href":"https:\/\/sisu.ut.ee\/rosak\/wp-json\/wp\/v2\/comments?post=35"}],"version-history":[{"count":1,"href":"https:\/\/sisu.ut.ee\/rosak\/wp-json\/wp\/v2\/pages\/35\/revisions"}],"predecessor-version":[{"id":366,"href":"https:\/\/sisu.ut.ee\/rosak\/wp-json\/wp\/v2\/pages\/35\/revisions\/366"}],"wp:attachment":[{"href":"https:\/\/sisu.ut.ee\/rosak\/wp-json\/wp\/v2\/media?parent=35"}],"curies":[{"name":"wp","href":"https:\/\/api.w.org\/{rel}","templated":true}]}}