{"id":26,"date":"2024-04-04T08:01:23","date_gmt":"2024-04-04T05:01:23","guid":{"rendered":"https:\/\/sisu.ut.ee\/rosak\/clevon\/"},"modified":"2024-04-04T08:03:58","modified_gmt":"2024-04-04T05:03:58","slug":"clevon","status":"publish","type":"page","link":"https:\/\/sisu.ut.ee\/rosak\/clevon\/","title":{"rendered":"Clevon"},"content":{"rendered":"<blockquote>\n<p>\n\t\tOma t\u00f6\u00f6st r\u00e4\u00e4gib meile <strong>Clevon<\/strong>, kes tegeleb autonoomsete robotkullerite arendamise ja tootmisega.\n\t<\/p>\n<\/blockquote>\n<p style=\"text-align: center\">\n\t<\/p><div class=\"ratio ratio-16x9 mb-3\"><div class=\"video-placeholder-wrapper video-placeholder-wrapper--16x9\">\n\t\t\t    <div class=\"video-placeholder d-flex justify-content-center align-items-center\">\n\t\t\t        <div class=\"overlay text-white p-2 w-100 text-center d-block justify-content-center align-items-center\">\n\t\t\t            <div>Kolmandate osapoolte sisu n\u00e4gemiseks palun n\u00f5ustu k\u00fcpsistega.<\/div>\n\t\t\t            <button class=\"btn btn-secondary btn-sm mt-1 consent-change\">Muuda n\u00f5usolekut<\/button>\n\t\t\t        <\/div>\n\t\t\t    <\/div>\n\t\t\t<\/div>\n<\/div>\n\n<p style=\"text-align: center\">\n\t<strong><span id=\"docs-internal-guid-376a8383-7fff-1f32-7da2-86014d40cd20\">Rohkem infot <\/span><a href=\"https:\/\/clevon.com\/\" style=\"text-decoration:none\"><span>clevon.com<\/span><\/a><span>.<\/span><\/strong><br><span>Vaata ka<\/span><a href=\"https:\/\/www.instagram.com\/clevon_tech\/\" style=\"text-decoration:none\"><span> <\/span><\/a><span>Instagrami,<\/span><a href=\"https:\/\/www.facebook.com\/ClevonTech\/\" style=\"text-decoration:none\"><span> <\/span><\/a><span>Facebooki v\u00f5i LinkedIni!<\/span><\/p>\n<p><strong><span>\u00a0<\/span><\/strong><a href=\"https:\/\/www.instagram.com\/clevon_tech\/\" target=\"_blank\" rel=\"noopener\"><img loading=\"lazy\" decoding=\"async\" width=\"100\" height=\"100\" class=\"alignnone wp-image-105\" style=\"width: 50px;height: 50px\" src=\"https:\/\/sisu.ut.ee\/wp-content\/uploads\/sites\/560\/instagram_icon.gif\" title=\"instagram_icon.gif\" alt=\"Instagram logo\"><\/a>\u00a0 \u00a0\u00a0<a href=\"https:\/\/www.facebook.com\/ClevonTech\/\" target=\"_blank\" rel=\"noopener\"><img loading=\"lazy\" decoding=\"async\" width=\"100\" height=\"100\" class=\"alignnone wp-image-104\" style=\"width:50px;height:50px\" src=\"https:\/\/sisu.ut.ee\/wp-content\/uploads\/sites\/560\/facebook.gif\" title=\"facebook.gif\" alt=\"Facebook logo\"><\/a>\u00a0\u00a0 \u00a0<a href=\"https:\/\/www.linkedin.com\/company\/clevon\/\" target=\"_blank\" rel=\"noopener\"><img loading=\"lazy\" decoding=\"async\" width=\"512\" height=\"512\" class=\"alignnone wp-image-106\" style=\"width: 50px;height: 50px\" src=\"https:\/\/sisu.ut.ee\/wp-content\/uploads\/sites\/560\/linkedin_logo.png\" title=\"linkedin_logo.png\" alt=\"Linkedin logo\" srcset=\"https:\/\/sisu.ut.ee\/wp-content\/uploads\/sites\/560\/linkedin_logo.png 512w, https:\/\/sisu.ut.ee\/wp-content\/uploads\/sites\/560\/linkedin_logo-300x300.png 300w, https:\/\/sisu.ut.ee\/wp-content\/uploads\/sites\/560\/linkedin_logo-150x150.png 150w\" sizes=\"auto, (max-width: 512px) 100vw, 512px\"><\/a><\/p>\n","protected":false},"excerpt":{"rendered":"<p>Oma t\u00f6\u00f6st r\u00e4\u00e4gib meile Clevon, kes tegeleb autonoomsete robotkullerite arendamise ja tootmisega. Kolmandate osapoolte sisu n\u00e4gemiseks palun n\u00f5ustu k\u00fcpsistega. Muuda n\u00f5usolekut Rohkem infot clevon.com.Vaata ka Instagrami, Facebooki v\u00f5i LinkedIni! \u00a0\u00a0 \u00a0\u00a0\u00a0\u00a0 \u00a0<\/p>\n","protected":false},"author":98,"featured_media":0,"parent":0,"menu_order":0,"comment_status":"closed","ping_status":"closed","template":"","meta":{"_acf_changed":false,"inline_featured_image":false,"footnotes":""},"class_list":["post-26","page","type-page","status-publish","hentry"],"acf":[],"_links":{"self":[{"href":"https:\/\/sisu.ut.ee\/rosak\/wp-json\/wp\/v2\/pages\/26","targetHints":{"allow":["GET"]}}],"collection":[{"href":"https:\/\/sisu.ut.ee\/rosak\/wp-json\/wp\/v2\/pages"}],"about":[{"href":"https:\/\/sisu.ut.ee\/rosak\/wp-json\/wp\/v2\/types\/page"}],"author":[{"embeddable":true,"href":"https:\/\/sisu.ut.ee\/rosak\/wp-json\/wp\/v2\/users\/98"}],"replies":[{"embeddable":true,"href":"https:\/\/sisu.ut.ee\/rosak\/wp-json\/wp\/v2\/comments?post=26"}],"version-history":[{"count":1,"href":"https:\/\/sisu.ut.ee\/rosak\/wp-json\/wp\/v2\/pages\/26\/revisions"}],"predecessor-version":[{"id":375,"href":"https:\/\/sisu.ut.ee\/rosak\/wp-json\/wp\/v2\/pages\/26\/revisions\/375"}],"wp:attachment":[{"href":"https:\/\/sisu.ut.ee\/rosak\/wp-json\/wp\/v2\/media?parent=26"}],"curies":[{"name":"wp","href":"https:\/\/api.w.org\/{rel}","templated":true}]}}