{"id":21,"date":"2024-04-04T08:01:22","date_gmt":"2024-04-04T05:01:22","guid":{"rendered":"https:\/\/sisu.ut.ee\/rosak\/roboti-juhtimine-klaviatuurilt\/"},"modified":"2024-04-05T11:56:25","modified_gmt":"2024-04-05T08:56:25","slug":"roboti-juhtimine-klaviatuurilt","status":"publish","type":"page","link":"https:\/\/sisu.ut.ee\/rosak\/roboti-juhtimine-klaviatuurilt\/","title":{"rendered":"Kodut\u00f6\u00f6. Roboti juhtimine klaviatuurilt"},"content":{"rendered":"<blockquote>\r\n\t<p>\r\n\t\tSelles harjutuses \u00f5pid juhtima robotondi robotit oma klaviatuurilt. <strong>Harjutuse l\u00e4bimiseks on vaja \u00fchendust t\u00f6\u00f6tava robotondi robotiga.<\/strong>\r\n\t<\/p>\r\n<\/blockquote>\r\n\r\n<p>\r\n\tK\u00f5igepealt on vaja robotit, mida juhtida. Broneeri endale aeg f\u00fc\u00fcsilise roboti kasutamiseks <strong>tondimasinas<\/strong>. Kui sul on endal robotondi robot, siis v\u00f5id kasutada ka seda. (J\u00e4rgmises moodulis \u00f5pime ka roboti digikaksiku kasutamist.)\r\n<\/p>\r\n\r\n<p>\r\n\tSeej\u00e4rel vaata videot, mis \u00f5petab f\u00fc\u00fcsilist robotit juhtima, ja tee kaasa.\r\n<\/p>\r\n\r\n<div class=\"h5p-iframe-wrapper\"><div class=\"video-placeholder-wrapper video-placeholder-wrapper--fixed\" style=\"height: 366px;\">\n\t\t\t    <div class=\"video-placeholder d-flex justify-content-center align-items-center\">\n\t\t\t        <div class=\"overlay text-white p-2 w-100 text-center d-block justify-content-center align-items-center\">\n\t\t\t            <div>Kolmandate osapoolte sisu n\u00e4gemiseks palun n\u00f5ustu k\u00fcpsistega.<\/div>\n\t\t\t            <button class=\"btn btn-secondary btn-sm mt-1 consent-change\">Muuda n\u00f5usolekut<\/button>\n\t\t\t        <\/div>\n\t\t\t    <\/div>\n\t\t\t<\/div>\n<\/div>\r\n\r\n<blockquote class=\"os-kollane\">\r\n\t<h4>\r\n\t\tAppi, mu robot ei liigu!\r\n\t<\/h4>\r\n\r\n\t<p>\r\n\t\tEsiteks tee kindlaks, et terminaliaknas on k\u00e4ivitatud roboti juhtimise programm, mis kuvab juhiseid roboti liigutamiseks (mis klahve vajutada).\r\n\t<\/p>\r\n\r\n\t<p>\r\n\t\tTeiseks kontrolli, et terminaliaken on <strong>aktiivne<\/strong> \u2013 see t\u00e4hendab, et viimane asi, mille peale on klikitud, peab olema terminaliaken. Proovi sellele klikkida ja siis uuesti juhtimisklahve vajutada.\r\n\t<\/p>\r\n\r\n\t<p>\r\n\t\tKolmandaks: kui vaatad robotit l\u00e4bi veebikaamera, siis v\u00f5id proovida kindlaks teha, et veebikaamera pilt pole hangunud. Pane kaamera pilt kinni, tee uuesti lahti, tee terminaliaken uuesti aktiivseks ja proovi uuesti robotit juhtida.\r\n\t<\/p>\r\n\r\n\t<p>\r\n\t\tKui see ka ei aita, siis v\u00f5ta \u00fchendust juhendajaga.\r\n\t<\/p>\r\n<\/blockquote>\r\n","protected":false},"excerpt":{"rendered":"<p>Selles harjutuses \u00f5pid juhtima robotondi robotit oma klaviatuurilt. Harjutuse l\u00e4bimiseks on vaja \u00fchendust t\u00f6\u00f6tava robotondi robotiga. K\u00f5igepealt on vaja robotit, mida juhtida. Broneeri endale aeg f\u00fc\u00fcsilise roboti kasutamiseks tondimasinas. Kui sul on endal robotondi robot, siis v\u00f5id kasutada ka seda. &#8230;<\/p>\n","protected":false},"author":98,"featured_media":0,"parent":0,"menu_order":0,"comment_status":"closed","ping_status":"closed","template":"","meta":{"_acf_changed":false,"inline_featured_image":false,"footnotes":""},"class_list":["post-21","page","type-page","status-publish","hentry"],"acf":[],"_links":{"self":[{"href":"https:\/\/sisu.ut.ee\/rosak\/wp-json\/wp\/v2\/pages\/21","targetHints":{"allow":["GET"]}}],"collection":[{"href":"https:\/\/sisu.ut.ee\/rosak\/wp-json\/wp\/v2\/pages"}],"about":[{"href":"https:\/\/sisu.ut.ee\/rosak\/wp-json\/wp\/v2\/types\/page"}],"author":[{"embeddable":true,"href":"https:\/\/sisu.ut.ee\/rosak\/wp-json\/wp\/v2\/users\/98"}],"replies":[{"embeddable":true,"href":"https:\/\/sisu.ut.ee\/rosak\/wp-json\/wp\/v2\/comments?post=21"}],"version-history":[{"count":3,"href":"https:\/\/sisu.ut.ee\/rosak\/wp-json\/wp\/v2\/pages\/21\/revisions"}],"predecessor-version":[{"id":446,"href":"https:\/\/sisu.ut.ee\/rosak\/wp-json\/wp\/v2\/pages\/21\/revisions\/446"}],"wp:attachment":[{"href":"https:\/\/sisu.ut.ee\/rosak\/wp-json\/wp\/v2\/media?parent=21"}],"curies":[{"name":"wp","href":"https:\/\/api.w.org\/{rel}","templated":true}]}}