{"id":19,"date":"2024-04-04T08:01:22","date_gmt":"2024-04-04T05:01:22","guid":{"rendered":"https:\/\/sisu.ut.ee\/rosak\/7-linuxi-terminal-failide-muutmine\/"},"modified":"2024-04-04T08:03:58","modified_gmt":"2024-04-04T05:03:58","slug":"7-linuxi-terminal-failide-muutmine","status":"publish","type":"page","link":"https:\/\/sisu.ut.ee\/rosak\/7-linuxi-terminal-failide-muutmine\/","title":{"rendered":"10. Linuxi terminal: failide muutmine"},"content":{"rendered":"<blockquote>\n<p>\n\t\t<strong>Selles harjutuses \u00f5pid kasutama j\u00e4rgmiseid Linuxi terminali k\u00e4ske: <span style=\"font-family:Courier New,Courier,monospace\">mv<\/span>, <span style=\"font-family:Courier New,Courier,monospace\">cp<\/span>, <span style=\"font-family:Courier New,Courier,monospace\">rm<\/span>, <span style=\"font-family:Courier New,Courier,monospace\">mkdir<\/span>. Harjutus eeldab, et oled l\u00e4binud Linuxi terminali navigatsiooniharjutuse.<\/strong><br><em>Samm-sammulise juhendi vaatamiseks klikka harjutuse vahepealkirjadele.<\/em>\n\t<\/p>\n<\/blockquote>\n<p>\n\t<\/p><div class=\"accordion mb-3\">\n        <div class=\"accordion-item accordion-item--white\">\n        <h2 class=\"accordion-header\" id=\"accordion-69f3137a5aa3c-heading\">\n            <button class=\"accordion-button collapsed\" type=\"button\" data-bs-toggle=\"collapse\" data-bs-target=\"#accordion-69f3137a5aa3c-collapse\" aria-expanded=\"true\" aria-controls=\"accordion-69f3137a5aa3c-collapse\"><strong>1. Failide muutmine: k\u00e4sk <span style=\"font-family:Courier New,Courier,monospace\">mv<\/span><\/strong><\/button>\n        <\/h2>\n        <div id=\"accordion-69f3137a5aa3c-collapse\" class=\"accordion-collapse collapse\" aria-labelledby=\"accordion-69f3137a5aa3c-heading\">\n            <div class=\"accordion-body\"><br>K\u00e4sku mv saab kasutada failide liigutamiseks (\u201c<strong>m<\/strong>o<strong>v<\/strong>e\u201d) ja \u00fcmbernimetamiseks.\n\n<p>\n\tAlustamiseks peaksid terminaliga olema kaustas <span style=\"font-family:Courier New,Courier,monospace\">linux_intro<\/span>, mis sai loodud terminali navigatsiooniharjutuses. Kasuta k\u00e4sku <span style=\"font-family:Courier New,Courier,monospace\">cd<\/span> sinna liikumiseks.\n<\/p>\n<p>\n\t<strong>a. Sisesta <span style=\"font-family:Courier New,Courier,monospace\">mv test.txt test2.txt<\/span> ja seej\u00e4rel <span style=\"font-family:Courier New,Courier,monospace\">ls<\/span>.<\/strong><br>N\u00e4ed, et fail <span style=\"font-family:Courier New,Courier,monospace\">test.txt<\/span> on \u00fcmber nimetatud failiks <span style=\"font-family:Courier New,Courier,monospace\">test2.txt<\/span>.\n<\/p>\n<p>\n\t<strong>b. Sisesta <span style=\"font-family:Courier New,Courier,monospace\">mv test2.txt new<\/span> ja seej\u00e4rel <span style=\"font-family:Courier New,Courier,monospace\">ls<\/span>.<\/strong><br>Faili <span style=\"font-family:Courier New,Courier,monospace\">test2.txt<\/span> ei ole enam n\u00e4ha.\n<\/p>\n<p>\n\t<strong>c. Liigu kataloogi new kasutades k\u00e4sku <span style=\"font-family:Courier New,Courier,monospace\">cd new<\/span>, seej\u00e4rel lase terminalil loetleda antud kataloogis olevad failid.<\/strong><br>N\u00e4ed, et fail <span style=\"font-family:Courier New,Courier,monospace\">test2.txt<\/span> on liigutatud siia.\n<\/p>\n<p>\n\t<strong>d. Sisesta k\u00e4sk <span style=\"font-family:Courier New,Courier,monospace\">mv test2.txt ..\/test.txt<\/span>, seej\u00e4rel <span style=\"font-family:Courier New,Courier,monospace\">ls<\/span>.<\/strong><br>N\u00e4ed n\u00fc\u00fcd, et fail <span style=\"font-family:Courier New,Courier,monospace\">test2.txt<\/span> on j\u00e4lle kadunud.\n<\/p>\n<p>\n\t<strong>e. Sisesta <span style=\"font-family:Courier New,Courier,monospace\">cd ..<\/span>, liikudes tagasi kataloogi <span style=\"font-family:Courier New,Courier,monospace\">linux_intro<\/span>, ja seej\u00e4rel <span style=\"font-family:Courier New,Courier,monospace\">ls<\/span>.<\/strong><br>Viimane <span style=\"font-family:Courier New,Courier,monospace\">mv<\/span> k\u00e4sk tegi kaht asja korraga: see muutis faili asukohta ja nimetas ta \u00fcmber, nii et l\u00f5pptulemusena on meil j\u00e4lle fail <span style=\"font-family:Courier New,Courier,monospace\">test.txt<\/span>.<\/p><\/div>\n        <\/div>\n        <\/div>\n    <\/div>\n\n<p>\n\t<\/p><div class=\"accordion mb-3\">\n        <div class=\"accordion-item accordion-item--white\">\n        <h2 class=\"accordion-header\" id=\"accordion-69f3137a5aa44-heading\">\n            <button class=\"accordion-button collapsed\" type=\"button\" data-bs-toggle=\"collapse\" data-bs-target=\"#accordion-69f3137a5aa44-collapse\" aria-expanded=\"true\" aria-controls=\"accordion-69f3137a5aa44-collapse\"><strong>2. Failide muutmine: k\u00e4sk <span style=\"font-family:Courier New,Courier,monospace\">cp<\/span><\/strong><\/button>\n        <\/h2>\n        <div id=\"accordion-69f3137a5aa44-collapse\" class=\"accordion-collapse collapse\" aria-labelledby=\"accordion-69f3137a5aa44-heading\">\n            <div class=\"accordion-body\"><br>K\u00e4suga <span style=\"font-family:Courier New,Courier,monospace\">cp<\/span> saab failidest koopiaid teha (\u201c<strong>c<\/strong>o<strong>p<\/strong>y\u201d).\n\n<p>\n\t<strong>a. Sisesta k\u00e4sk <span style=\"font-family:Courier New,Courier,monospace\">cp test.txt new\/test2.txt<\/span>. See loob failist <span style=\"font-family:Courier New,Courier,monospace\">test.txt<\/span> koopia kausta <span style=\"font-family:Courier New,Courier,monospace\">new<\/span> nimega <span style=\"font-family:Courier New,Courier,monospace\">test2.txt<\/span>.<\/strong><br>Kataloogi <span style=\"font-family:Courier New,Courier,monospace\">new<\/span> sisu n\u00e4gemiseks v\u00f5id kasutada k\u00e4sku <span style=\"font-family:Courier New,Courier,monospace\">ls new<\/span>.\n<\/p>\n<p>\n\t<strong>b. Sisesta k\u00e4sk <span style=\"font-family:Courier New,Courier,monospace\">cp test.txt \u201ctest copy.txt\u201d<\/span> (jutum\u00e4rgid on ka olulised). Seej\u00e4rel kasuta k\u00e4sku <span style=\"font-family:Courier New,Courier,monospace\">ls<\/span>, et n\u00e4ha, mis juhtus.<\/strong><br>N\u00e4ed, et failist <span style=\"font-family:Courier New,Courier,monospace\">test.txt<\/span> on loodud koopia nimega <span style=\"font-family:Courier New,Courier,monospace\">test copy.txt<\/span>, kusjuures uue faili nime sees on t\u00fchik.<br>Jutum\u00e4rgid on olulised, et arvuti segadusse ei l\u00e4heks, kui failinimes on t\u00fchikuid v\u00f5i muid erilisi m\u00e4rke.<\/p><\/div>\n        <\/div>\n        <\/div>\n    <\/div>\n\n<p>\n\t<\/p><div class=\"accordion mb-3\">\n        <div class=\"accordion-item accordion-item--white\">\n        <h2 class=\"accordion-header\" id=\"accordion-69f3137a5aa48-heading\">\n            <button class=\"accordion-button collapsed\" type=\"button\" data-bs-toggle=\"collapse\" data-bs-target=\"#accordion-69f3137a5aa48-collapse\" aria-expanded=\"true\" aria-controls=\"accordion-69f3137a5aa48-collapse\"><strong>3. Failide muutmine: k\u00e4sk <span style=\"font-family:Courier New,Courier,monospace\">rm<\/span><\/strong><\/button>\n        <\/h2>\n        <div id=\"accordion-69f3137a5aa48-collapse\" class=\"accordion-collapse collapse\" aria-labelledby=\"accordion-69f3137a5aa48-heading\">\n            <div class=\"accordion-body\"><br>K\u00e4suga <span style=\"font-family:Courier New,Courier,monospace\">rm<\/span> saad faile kustutada (\u201cremove\u201d).\n\n<p>\n\t<strong>Sisesta k\u00e4sk <span style=\"font-family:Courier New,Courier,monospace\">rm \u201ctest copy.txt\u201d<\/span>, seej\u00e4rel loetle aktiivse kataloogi sisu.<\/strong><br>N\u00e4ed, et faili <span style=\"font-family:Courier New,Courier,monospace\">test copy.txt<\/span> seal enam ei ole.<\/p><\/div>\n        <\/div>\n        <\/div>\n    <\/div>\n\n<p>\n\t<\/p><div class=\"accordion mb-3\">\n        <div class=\"accordion-item accordion-item--white\">\n        <h2 class=\"accordion-header\" id=\"accordion-69f3137a5aa4b-heading\">\n            <button class=\"accordion-button collapsed\" type=\"button\" data-bs-toggle=\"collapse\" data-bs-target=\"#accordion-69f3137a5aa4b-collapse\" aria-expanded=\"true\" aria-controls=\"accordion-69f3137a5aa4b-collapse\"><strong>4. Failide muutmine: k\u00e4sk <span style=\"font-family:Courier New,Courier,monospace\">mkdir<\/span><\/strong><\/button>\n        <\/h2>\n        <div id=\"accordion-69f3137a5aa4b-collapse\" class=\"accordion-collapse collapse\" aria-labelledby=\"accordion-69f3137a5aa4b-heading\">\n            <div class=\"accordion-body\"><br>K\u00e4suga <span style=\"font-family:Courier New,Courier,monospace\">mkdir<\/span> saad luua uusi katalooge (\u201c<strong>m<\/strong>ake <strong>dir<\/strong>ectory\u201d).\n\n<p>\n\t<strong>Sisesta k\u00e4sk <span style=\"font-family:Courier New,Courier,monospace\">mkdir new2<\/span>, seej\u00e4rel <span style=\"font-family:Courier New,Courier,monospace\">ls<\/span>.<\/strong><br>N\u00e4ed nimekirjas uut alamkataloogi nimega <span style=\"font-family:Courier New,Courier,monospace\">new2<\/span>.\n<\/p>\n<blockquote class=\"os-kollane\">\n<p>\n\t\tK\u00e4skude <span style=\"font-family:Courier New,Courier,monospace\">cp<\/span>, <span style=\"font-family:Courier New,Courier,monospace\">mv<\/span> ja <span style=\"font-family:Courier New,Courier,monospace\">rm<\/span> l\u00f5ppu v\u00f5id soovi korral lisada ka lipu <span style=\"font-family:Courier New,Courier,monospace\">-i<\/span>, \u00a0mis paneb terminali Sinult kinnitust k\u00fcsima, kui k\u00e4sk kirjutaks \u00fcle v\u00f5i kustutaks m\u00f5ne olemasoleva faili.<\/p><\/blockquote><\/div>\n        <\/div>\n        <\/div>\n    <\/div>\n\t\n\n","protected":false},"excerpt":{"rendered":"<p>Selles harjutuses \u00f5pid kasutama j\u00e4rgmiseid Linuxi terminali k\u00e4ske: mv, cp, rm, mkdir. Harjutus eeldab, et oled l\u00e4binud Linuxi terminali navigatsiooniharjutuse.Samm-sammulise juhendi vaatamiseks klikka harjutuse vahepealkirjadele. 1. Failide muutmine: k\u00e4sk mv K\u00e4sku mv saab kasutada failide liigutamiseks (\u201cmove\u201d) ja \u00fcmbernimetamiseks. Alustamiseks &#8230;<\/p>\n","protected":false},"author":98,"featured_media":0,"parent":0,"menu_order":0,"comment_status":"closed","ping_status":"closed","template":"","meta":{"_acf_changed":false,"inline_featured_image":false,"footnotes":""},"class_list":["post-19","page","type-page","status-publish","hentry"],"acf":[],"_links":{"self":[{"href":"https:\/\/sisu.ut.ee\/rosak\/wp-json\/wp\/v2\/pages\/19","targetHints":{"allow":["GET"]}}],"collection":[{"href":"https:\/\/sisu.ut.ee\/rosak\/wp-json\/wp\/v2\/pages"}],"about":[{"href":"https:\/\/sisu.ut.ee\/rosak\/wp-json\/wp\/v2\/types\/page"}],"author":[{"embeddable":true,"href":"https:\/\/sisu.ut.ee\/rosak\/wp-json\/wp\/v2\/users\/98"}],"replies":[{"embeddable":true,"href":"https:\/\/sisu.ut.ee\/rosak\/wp-json\/wp\/v2\/comments?post=19"}],"version-history":[{"count":1,"href":"https:\/\/sisu.ut.ee\/rosak\/wp-json\/wp\/v2\/pages\/19\/revisions"}],"predecessor-version":[{"id":382,"href":"https:\/\/sisu.ut.ee\/rosak\/wp-json\/wp\/v2\/pages\/19\/revisions\/382"}],"wp:attachment":[{"href":"https:\/\/sisu.ut.ee\/rosak\/wp-json\/wp\/v2\/media?parent=19"}],"curies":[{"name":"wp","href":"https:\/\/api.w.org\/{rel}","templated":true}]}}