{"id":16,"date":"2024-04-04T08:01:21","date_gmt":"2024-04-04T05:01:21","guid":{"rendered":"https:\/\/sisu.ut.ee\/rosak\/trendid-robootikas\/"},"modified":"2024-04-04T08:03:58","modified_gmt":"2024-04-04T05:03:58","slug":"trendid-robootikas","status":"publish","type":"page","link":"https:\/\/sisu.ut.ee\/rosak\/trendid-robootikas\/","title":{"rendered":"2. Trendid robootikas"},"content":{"rendered":"<blockquote>\n<p>\n\t\t<strong>Mis toimub t\u00e4nap\u00e4eva robootika maailmas? Karl tutvustab peamisi arengusuundasid.<\/strong>\n\t<\/p>\n<\/blockquote>\n<p>\n\t<\/p><div class=\"ratio ratio-16x9 mb-3\"><div class=\"video-placeholder-wrapper video-placeholder-wrapper--16x9\">\n\t\t\t    <div class=\"video-placeholder d-flex justify-content-center align-items-center\">\n\t\t\t        <div class=\"overlay text-white p-2 w-100 text-center d-block justify-content-center align-items-center\">\n\t\t\t            <div>Kolmandate osapoolte sisu n\u00e4gemiseks palun n\u00f5ustu k\u00fcpsistega.<\/div>\n\t\t\t            <button class=\"btn btn-secondary btn-sm mt-1 consent-change\">Muuda n\u00f5usolekut<\/button>\n\t\t\t        <\/div>\n\t\t\t    <\/div>\n\t\t\t<\/div>\n<\/div>\n\n<p>\n\t\u00a0\n<\/p>\n\n<p dir=\"ltr\">\n\t\u00a0\n<\/p>\n<p dir=\"ltr\">\n\tLisamaterjalina v\u00f5id vaadata ka videosid veebikursuselt \u201cRobootikast puust ja punaseks\u201d:\n<\/p>\n<p>\n\t<\/p><div class=\"accordion mb-3\">\n        <div class=\"accordion-item accordion-item--white\">\n        <h2 class=\"accordion-header\" id=\"accordion-69d244db4eb3a-heading\">\n            <button class=\"accordion-button collapsed\" type=\"button\" data-bs-toggle=\"collapse\" data-bs-target=\"#accordion-69d244db4eb3a-collapse\" aria-expanded=\"true\" aria-controls=\"accordion-69d244db4eb3a-collapse\">Kuidas kujutatakse roboteid filmides?<\/button>\n        <\/h2>\n        <div id=\"accordion-69d244db4eb3a-collapse\" class=\"accordion-collapse collapse\" aria-labelledby=\"accordion-69d244db4eb3a-heading\">\n            <div class=\"accordion-body\">\n\n<p>\n\t<\/p><div class=\"ratio ratio-16x9 mb-3\"><div class=\"video-placeholder-wrapper video-placeholder-wrapper--16x9\">\n\t\t\t    <div class=\"video-placeholder d-flex justify-content-center align-items-center\">\n\t\t\t        <div class=\"overlay text-white p-2 w-100 text-center d-block justify-content-center align-items-center\">\n\t\t\t            <div>Kolmandate osapoolte sisu n\u00e4gemiseks palun n\u00f5ustu k\u00fcpsistega.<\/div>\n\t\t\t            <button class=\"btn btn-secondary btn-sm mt-1 consent-change\">Muuda n\u00f5usolekut<\/button>\n\t\t\t        <\/div>\n\t\t\t    <\/div>\n\t\t\t<\/div>\n<\/div> <\/div>\n        <\/div>\n        <\/div>\n    <\/div>\n\n<p>\n\t<\/p><div class=\"accordion mb-3\">\n        <div class=\"accordion-item accordion-item--white\">\n        <h2 class=\"accordion-header\" id=\"accordion-69d244db4eb40-heading\">\n            <button class=\"accordion-button collapsed\" type=\"button\" data-bs-toggle=\"collapse\" data-bs-target=\"#accordion-69d244db4eb40-collapse\" aria-expanded=\"true\" aria-controls=\"accordion-69d244db4eb40-collapse\">Kus kohtame roboteid p\u00e4riselus?<\/button>\n        <\/h2>\n        <div id=\"accordion-69d244db4eb40-collapse\" class=\"accordion-collapse collapse\" aria-labelledby=\"accordion-69d244db4eb40-heading\">\n            <div class=\"accordion-body\">\n\n<p>\n\t<\/p><div class=\"ratio ratio-16x9 mb-3\"><div class=\"video-placeholder-wrapper video-placeholder-wrapper--16x9\">\n\t\t\t    <div class=\"video-placeholder d-flex justify-content-center align-items-center\">\n\t\t\t        <div class=\"overlay text-white p-2 w-100 text-center d-block justify-content-center align-items-center\">\n\t\t\t            <div>Kolmandate osapoolte sisu n\u00e4gemiseks palun n\u00f5ustu k\u00fcpsistega.<\/div>\n\t\t\t            <button class=\"btn btn-secondary btn-sm mt-1 consent-change\">Muuda n\u00f5usolekut<\/button>\n\t\t\t        <\/div>\n\t\t\t    <\/div>\n\t\t\t<\/div>\n<\/div><\/div>\n        <\/div>\n        <\/div>\n    <\/div>\n\n<p>\n\t<\/p><div class=\"accordion mb-3\">\n        <div class=\"accordion-item accordion-item--white\">\n        <h2 class=\"accordion-header\" id=\"accordion-69d244db4eb42-heading\">\n            <button class=\"accordion-button collapsed\" type=\"button\" data-bs-toggle=\"collapse\" data-bs-target=\"#accordion-69d244db4eb42-collapse\" aria-expanded=\"true\" aria-controls=\"accordion-69d244db4eb42-collapse\">Mis teeb robotist roboti?<\/button>\n        <\/h2>\n        <div id=\"accordion-69d244db4eb42-collapse\" class=\"accordion-collapse collapse\" aria-labelledby=\"accordion-69d244db4eb42-heading\">\n            <div class=\"accordion-body\">\n\n<p>\n\t<\/p><div class=\"ratio ratio-16x9 mb-3\"><div class=\"video-placeholder-wrapper video-placeholder-wrapper--16x9\">\n\t\t\t    <div class=\"video-placeholder d-flex justify-content-center align-items-center\">\n\t\t\t        <div class=\"overlay text-white p-2 w-100 text-center d-block justify-content-center align-items-center\">\n\t\t\t            <div>Kolmandate osapoolte sisu n\u00e4gemiseks palun n\u00f5ustu k\u00fcpsistega.<\/div>\n\t\t\t            <button class=\"btn btn-secondary btn-sm mt-1 consent-change\">Muuda n\u00f5usolekut<\/button>\n\t\t\t        <\/div>\n\t\t\t    <\/div>\n\t\t\t<\/div>\n<\/div><\/div>\n        <\/div>\n        <\/div>\n    <\/div>\n","protected":false},"excerpt":{"rendered":"<p>Mis toimub t\u00e4nap\u00e4eva robootika maailmas? Karl tutvustab peamisi arengusuundasid. Kolmandate osapoolte sisu n\u00e4gemiseks palun n\u00f5ustu k\u00fcpsistega. Muuda n\u00f5usolekut \u00a0 \u00a0 Lisamaterjalina v\u00f5id vaadata ka videosid veebikursuselt \u201cRobootikast puust ja punaseks\u201d: Kuidas kujutatakse roboteid filmides? Kolmandate osapoolte sisu n\u00e4gemiseks palun n\u00f5ustu &#8230;<\/p>\n","protected":false},"author":98,"featured_media":0,"parent":0,"menu_order":0,"comment_status":"closed","ping_status":"closed","template":"","meta":{"_acf_changed":false,"inline_featured_image":false,"footnotes":""},"class_list":["post-16","page","type-page","status-publish","hentry"],"acf":[],"_links":{"self":[{"href":"https:\/\/sisu.ut.ee\/rosak\/wp-json\/wp\/v2\/pages\/16","targetHints":{"allow":["GET"]}}],"collection":[{"href":"https:\/\/sisu.ut.ee\/rosak\/wp-json\/wp\/v2\/pages"}],"about":[{"href":"https:\/\/sisu.ut.ee\/rosak\/wp-json\/wp\/v2\/types\/page"}],"author":[{"embeddable":true,"href":"https:\/\/sisu.ut.ee\/rosak\/wp-json\/wp\/v2\/users\/98"}],"replies":[{"embeddable":true,"href":"https:\/\/sisu.ut.ee\/rosak\/wp-json\/wp\/v2\/comments?post=16"}],"version-history":[{"count":1,"href":"https:\/\/sisu.ut.ee\/rosak\/wp-json\/wp\/v2\/pages\/16\/revisions"}],"predecessor-version":[{"id":385,"href":"https:\/\/sisu.ut.ee\/rosak\/wp-json\/wp\/v2\/pages\/16\/revisions\/385"}],"wp:attachment":[{"href":"https:\/\/sisu.ut.ee\/rosak\/wp-json\/wp\/v2\/media?parent=16"}],"curies":[{"name":"wp","href":"https:\/\/api.w.org\/{rel}","templated":true}]}}