{"id":14,"date":"2024-04-04T08:01:21","date_gmt":"2024-04-04T05:01:21","guid":{"rendered":"https:\/\/sisu.ut.ee\/rosak\/milrem-robotics\/"},"modified":"2024-04-04T08:03:59","modified_gmt":"2024-04-04T05:03:59","slug":"milrem-robotics","status":"publish","type":"page","link":"https:\/\/sisu.ut.ee\/rosak\/milrem-robotics\/","title":{"rendered":"Milrem Robotics"},"content":{"rendered":"<p>\n\tKuidas robotid keerulistes olukordades toime tulevad ja meid aidata saavad, r\u00e4\u00e4gib Eesti ettev\u00f5te <strong>Milrem Robotics<\/strong>.\n<\/p>\n<p style=\"text-align: center\">\n\t<\/p><div class=\"ratio ratio-16x9 mb-3\"><div class=\"video-placeholder-wrapper video-placeholder-wrapper--16x9\">\n\t\t\t    <div class=\"video-placeholder d-flex justify-content-center align-items-center\">\n\t\t\t        <div class=\"overlay text-white p-2 w-100 text-center d-block justify-content-center align-items-center\">\n\t\t\t            <div>Kolmandate osapoolte sisu n\u00e4gemiseks palun n\u00f5ustu k\u00fcpsistega.<\/div>\n\t\t\t            <button class=\"btn btn-secondary btn-sm mt-1 consent-change\">Muuda n\u00f5usolekut<\/button>\n\t\t\t        <\/div>\n\t\t\t    <\/div>\n\t\t\t<\/div>\n<\/div>\n\n<p style=\"text-align: center\">\n\t<strong><span id=\"docs-internal-guid-376a8383-7fff-1f32-7da2-86014d40cd20\">Rohkem infot <\/span><a href=\"https:\/\/milremrobotics.com\/\" style=\"text-decoration:none\"><span>milremrobotics.com<\/span><\/a><span>.<\/span><\/strong><br><span>Vaata ka<\/span><a href=\"https:\/\/www.instagram.com\/milremrobotics\/\" style=\"text-decoration:none\"><span> <\/span><\/a><span>Instagrami v\u00f5i<\/span><a href=\"https:\/\/www.facebook.com\/MilremRobotics\/\" style=\"text-decoration:none\"><span> <\/span><\/a><span>Facebooki!<\/span><\/p>\n<p><strong><span>\u00a0<\/span><\/strong><a href=\"https:\/\/www.instagram.com\/milremrobotics\/\" target=\"_blank\" rel=\"noopener\"><img loading=\"lazy\" decoding=\"async\" width=\"100\" height=\"100\" class=\"alignnone wp-image-105\" style=\"width: 50px;height: 50px\" src=\"https:\/\/sisu.ut.ee\/wp-content\/uploads\/sites\/560\/instagram_icon.gif\" title=\"instagram_icon.gif\" alt=\"Instagram logo\"><\/a>\u00a0 \u00a0\u00a0<a href=\"https:\/\/www.facebook.com\/MilremRobotics\/\" target=\"_blank\" rel=\"noopener\"><img loading=\"lazy\" decoding=\"async\" width=\"100\" height=\"100\" class=\"alignnone wp-image-104\" style=\"width:50px;height:50px\" src=\"https:\/\/sisu.ut.ee\/wp-content\/uploads\/sites\/560\/facebook.gif\" title=\"facebook.gif\" alt=\"Facebook logo\"><\/a>\u00a0\u00a0 \u00a0<a href=\"https:\/\/www.linkedin.com\/company\/milremrobotics\" target=\"_blank\" rel=\"noopener\"><img loading=\"lazy\" decoding=\"async\" width=\"512\" height=\"512\" class=\"alignnone wp-image-106\" style=\"width: 50px;height: 50px\" src=\"https:\/\/sisu.ut.ee\/wp-content\/uploads\/sites\/560\/linkedin_logo.png\" title=\"linkedin_logo.png\" alt=\"Linkedin logo\" srcset=\"https:\/\/sisu.ut.ee\/wp-content\/uploads\/sites\/560\/linkedin_logo.png 512w, https:\/\/sisu.ut.ee\/wp-content\/uploads\/sites\/560\/linkedin_logo-300x300.png 300w, https:\/\/sisu.ut.ee\/wp-content\/uploads\/sites\/560\/linkedin_logo-150x150.png 150w\" sizes=\"auto, (max-width: 512px) 100vw, 512px\"><\/a><\/p>\n","protected":false},"excerpt":{"rendered":"<p>Kuidas robotid keerulistes olukordades toime tulevad ja meid aidata saavad, r\u00e4\u00e4gib Eesti ettev\u00f5te Milrem Robotics. Kolmandate osapoolte sisu n\u00e4gemiseks palun n\u00f5ustu k\u00fcpsistega. Muuda n\u00f5usolekut Rohkem infot milremrobotics.com.Vaata ka Instagrami v\u00f5i Facebooki! \u00a0\u00a0 \u00a0\u00a0\u00a0\u00a0 \u00a0<\/p>\n","protected":false},"author":98,"featured_media":0,"parent":0,"menu_order":0,"comment_status":"closed","ping_status":"closed","template":"","meta":{"_acf_changed":false,"inline_featured_image":false,"footnotes":""},"class_list":["post-14","page","type-page","status-publish","hentry"],"acf":[],"_links":{"self":[{"href":"https:\/\/sisu.ut.ee\/rosak\/wp-json\/wp\/v2\/pages\/14","targetHints":{"allow":["GET"]}}],"collection":[{"href":"https:\/\/sisu.ut.ee\/rosak\/wp-json\/wp\/v2\/pages"}],"about":[{"href":"https:\/\/sisu.ut.ee\/rosak\/wp-json\/wp\/v2\/types\/page"}],"author":[{"embeddable":true,"href":"https:\/\/sisu.ut.ee\/rosak\/wp-json\/wp\/v2\/users\/98"}],"replies":[{"embeddable":true,"href":"https:\/\/sisu.ut.ee\/rosak\/wp-json\/wp\/v2\/comments?post=14"}],"version-history":[{"count":1,"href":"https:\/\/sisu.ut.ee\/rosak\/wp-json\/wp\/v2\/pages\/14\/revisions"}],"predecessor-version":[{"id":387,"href":"https:\/\/sisu.ut.ee\/rosak\/wp-json\/wp\/v2\/pages\/14\/revisions\/387"}],"wp:attachment":[{"href":"https:\/\/sisu.ut.ee\/rosak\/wp-json\/wp\/v2\/media?parent=14"}],"curies":[{"name":"wp","href":"https:\/\/api.w.org\/{rel}","templated":true}]}}