{"id":44,"date":"2024-04-04T08:24:49","date_gmt":"2024-04-04T05:24:49","guid":{"rendered":"https:\/\/sisu.ut.ee\/rootecology\/marili-sell-et\/"},"modified":"2024-11-15T11:43:14","modified_gmt":"2024-11-15T09:43:14","slug":"marili-sell-et","status":"publish","type":"page","link":"https:\/\/sisu.ut.ee\/rootecology\/marili-sell-et\/","title":{"rendered":"Marili Sell"},"content":{"rendered":"<p>Ma alustasin oma \u00f5pinguid keskkonnatehnoloogia erialal ning olin k\u00f5igepealt huvitatud raskmetallide f\u00fctoakumulatsioonist, ehk kuidas taimedega keskkonda puhastada. Magistri aastatel liitusin taime \u00f6kof\u00fcsioloogidega ning doktorantuuris olin juba botaanika osakonnas, kus uurisin taime \u00f6koloogiat ja \u00f6kof\u00fcsioloogiat. Peamised katsealused olid mul erinevad puuliigid ning kuidas Eesti tulevikukliima nende kasvu ning kohanemist m\u00f5jutab. \u00dcha enam leidsin, et puude maa-alune osa \u2013 juurestik \u2013 on v\u00e4ga p\u00f5nev, kuna juured on h\u00e4sti tundlikud erinevatele muutustele nii mullas kui maa peal. Erinevad keskkonnatingimused m\u00f5jutavad juure kasvu ning ehitust, aga m\u00f5jutatud on ka juurest eralduv s\u00fcsiniku hulk, mis muudab kogu s\u00fcsinikuringet mullas. Lisaks oleme me oma t\u00f6\u00f6r\u00fchmaga uurinud erinevaid v\u00f5imalusi, kuidas juure kasvu hinnata ja m\u00f5\u00f5ta ilma, et me rikume taime kasvukeskkonda. Ehk kasvukambrikatsetes, kus taimed kasvavad \u00fchekaupa l\u00e4bipaistvates pottides, sain ma juure pinda mobiiltelefoniga pildistada ning l\u00f5puks kogunes palju pilte, kus aja jooksul juurepind suureneb ja erinevatel tingimustel muutub. Pilte saab t\u00e4nap\u00e4eval anal\u00fc\u00fcsida masin\u00f5ppe meetodil, ehk \u00f5petan programmile, mis on juur ja mis on muld, ning saan paari p\u00e4evaga sadu pilte anal\u00fc\u00fcsitud. Hetkel uurime, mis toimub looduslikus metsamullas, ehk me matsime skannerid mulda, mis iga tund annavad meile pildi, kuidas juured kasvavad ja kuidas mullaelustik toimetab.<\/p>\n<p><img decoding=\"async\" class=\"alignnone wp-image-76\" style=\"width: 400px; height: 321px;\" title=\"monteeritudpilt.jpg\" src=\"https:\/\/sisu.ut.ee\/wp-content\/uploads\/sites\/605\/monteeritudpilt.jpg\" alt=\"MariliSell\"><\/p>\n","protected":false},"excerpt":{"rendered":"<p>Ma alustasin oma \u00f5pinguid keskkonnatehnoloogia erialal ning olin k\u00f5igepealt huvitatud raskmetallide f\u00fctoakumulatsioonist, ehk kuidas taimedega keskkonda puhastada. Magistri aastatel liitusin taime \u00f6kof\u00fcsioloogidega ning doktorantuuris olin juba botaanika osakonnas, kus uurisin taime \u00f6koloogiat ja \u00f6kof\u00fcsioloogiat. Peamised katsealused olid mul erinevad puuliigid &#8230;<\/p>\n","protected":false},"author":199,"featured_media":0,"parent":0,"menu_order":0,"comment_status":"closed","ping_status":"closed","template":"","meta":{"_acf_changed":false,"inline_featured_image":false,"footnotes":""},"class_list":["post-44","page","type-page","status-publish","hentry"],"acf":[],"_links":{"self":[{"href":"https:\/\/sisu.ut.ee\/rootecology\/wp-json\/wp\/v2\/pages\/44","targetHints":{"allow":["GET"]}}],"collection":[{"href":"https:\/\/sisu.ut.ee\/rootecology\/wp-json\/wp\/v2\/pages"}],"about":[{"href":"https:\/\/sisu.ut.ee\/rootecology\/wp-json\/wp\/v2\/types\/page"}],"author":[{"embeddable":true,"href":"https:\/\/sisu.ut.ee\/rootecology\/wp-json\/wp\/v2\/users\/199"}],"replies":[{"embeddable":true,"href":"https:\/\/sisu.ut.ee\/rootecology\/wp-json\/wp\/v2\/comments?post=44"}],"version-history":[{"count":2,"href":"https:\/\/sisu.ut.ee\/rootecology\/wp-json\/wp\/v2\/pages\/44\/revisions"}],"predecessor-version":[{"id":424,"href":"https:\/\/sisu.ut.ee\/rootecology\/wp-json\/wp\/v2\/pages\/44\/revisions\/424"}],"wp:attachment":[{"href":"https:\/\/sisu.ut.ee\/rootecology\/wp-json\/wp\/v2\/media?parent=44"}],"curies":[{"name":"wp","href":"https:\/\/api.w.org\/{rel}","templated":true}]}}