{"id":28,"date":"2024-04-04T08:24:47","date_gmt":"2024-04-04T05:24:47","guid":{"rendered":"https:\/\/sisu.ut.ee\/rootecology\/praegused-liikmed\/"},"modified":"2025-09-22T10:03:27","modified_gmt":"2025-09-22T07:03:27","slug":"praegused-liikmed","status":"publish","type":"page","link":"https:\/\/sisu.ut.ee\/rootecology\/praegused-liikmed\/","title":{"rendered":"Praegused liikmed"},"content":{"rendered":"<h2 class=\"wp-block-heading has-text-align-center\">T\u00f6\u00f6r\u00fchma juht<\/h2>\n\n\n\n<p class=\"has-text-align-center\"><a href=\"https:\/\/sisu.ut.ee\/rootecology\/ivika-ostonen\" target=\"_blank\" rel=\"noreferrer noopener\">Prof. Ivika Ostonen<\/a><\/p>\n\n\n\n<figure class=\"wp-block-image aligncenter size-large is-resized\"><img loading=\"lazy\" decoding=\"async\" width=\"768\" height=\"1024\" src=\"https:\/\/sisu.ut.ee\/wp-content\/uploads\/sites\/605\/20221109_135048-1-768x1024.jpg\" alt=\"\" class=\"wp-image-282\" style=\"width:285px;height:auto\" srcset=\"https:\/\/sisu.ut.ee\/wp-content\/uploads\/sites\/605\/20221109_135048-1-768x1024.jpg 768w, https:\/\/sisu.ut.ee\/wp-content\/uploads\/sites\/605\/20221109_135048-1-225x300.jpg 225w, https:\/\/sisu.ut.ee\/wp-content\/uploads\/sites\/605\/20221109_135048-1-1152x1536.jpg 1152w, https:\/\/sisu.ut.ee\/wp-content\/uploads\/sites\/605\/20221109_135048-1-1536x2048.jpg 1536w, https:\/\/sisu.ut.ee\/wp-content\/uploads\/sites\/605\/20221109_135048-1-scaled.jpg 1920w\" sizes=\"auto, (max-width: 768px) 100vw, 768px\"><\/figure>\n\n\n\n<div class=\"wp-block-columns is-layout-flex wp-container-core-columns-is-layout-9d6595d7 wp-block-columns-is-layout-flex\">\n<div class=\"wp-block-column is-layout-flow wp-block-column-is-layout-flow\"><\/div>\n\n\n\n<div class=\"wp-block-column is-layout-flow wp-block-column-is-layout-flow\"><\/div>\n<\/div>\n\n\n\n<h2 class=\"wp-block-heading has-text-align-center\">Teadurid<\/h2>\n\n\n\n<p><\/p>\n\n\n\n<p><\/p>\n\n\n\n<div class=\"wp-block-columns is-layout-flex wp-container-core-columns-is-layout-9d6595d7 wp-block-columns-is-layout-flex\">\n<div class=\"wp-block-column is-vertically-aligned-center is-layout-flow wp-block-column-is-layout-flow\">\n<p class=\"has-text-align-center\"><a style=\"font-size: revert; font-family: inherit; font-weight: inherit;\" title=\"\" href=\"https:\/\/sisu.ut.ee\/rootecology\/marili-sell\" target=\"_blank\" rel=\"noopener\" data-url=\"https:\/\/sisu.ut.ee\/rootecology\/marili-sell\">Dr. Marili Sell<\/a><\/p>\n\n\n\n<figure class=\"wp-block-image aligncenter size-large is-resized\"><img loading=\"lazy\" decoding=\"async\" width=\"1024\" height=\"821\" src=\"https:\/\/sisu.ut.ee\/wp-content\/uploads\/sites\/605\/monteeritudpilt_01-1024x821.jpg\" alt=\"Marili\" class=\"wp-image-83\" style=\"width:476px;height:auto\" srcset=\"https:\/\/sisu.ut.ee\/wp-content\/uploads\/sites\/605\/monteeritudpilt_01-1024x821.jpg 1024w, https:\/\/sisu.ut.ee\/wp-content\/uploads\/sites\/605\/monteeritudpilt_01-300x241.jpg 300w, https:\/\/sisu.ut.ee\/wp-content\/uploads\/sites\/605\/monteeritudpilt_01-768x616.jpg 768w, https:\/\/sisu.ut.ee\/wp-content\/uploads\/sites\/605\/monteeritudpilt_01.jpg 1426w\" sizes=\"auto, (max-width: 1024px) 100vw, 1024px\"><\/figure>\n<\/div>\n\n\n\n<div class=\"wp-block-column is-layout-flow wp-block-column-is-layout-flow\">\n<p><\/p>\n\n\n\n<p class=\"has-text-align-center\">Dr. Linda Rusalepp<\/p>\n\n\n\n<figure class=\"wp-block-image aligncenter size-large is-resized\"><img loading=\"lazy\" decoding=\"async\" width=\"768\" height=\"1024\" src=\"https:\/\/sisu.ut.ee\/wp-content\/uploads\/sites\/605\/DSC_9422-1-768x1024.jpg\" alt=\"\" class=\"wp-image-327\" style=\"width:385px;height:auto\" srcset=\"https:\/\/sisu.ut.ee\/wp-content\/uploads\/sites\/605\/DSC_9422-1-768x1024.jpg 768w, https:\/\/sisu.ut.ee\/wp-content\/uploads\/sites\/605\/DSC_9422-1-225x300.jpg 225w, https:\/\/sisu.ut.ee\/wp-content\/uploads\/sites\/605\/DSC_9422-1-1152x1536.jpg 1152w, https:\/\/sisu.ut.ee\/wp-content\/uploads\/sites\/605\/DSC_9422-1-1536x2048.jpg 1536w, https:\/\/sisu.ut.ee\/wp-content\/uploads\/sites\/605\/DSC_9422-1-scaled.jpg 1920w\" sizes=\"auto, (max-width: 768px) 100vw, 768px\"><\/figure>\n<\/div>\n<\/div>\n\n\n\n<p class=\"has-text-align-center\"><\/p>\n\n\n\n<h2 class=\"wp-block-heading has-text-align-center\">Doktorandid<\/h2>\n\n\n\n<div class=\"wp-block-columns is-layout-flex wp-container-core-columns-is-layout-9d6595d7 wp-block-columns-is-layout-flex\">\n<div class=\"wp-block-column is-layout-flow wp-block-column-is-layout-flow\">\n<p class=\"has-text-align-center\"><a title=\"\" href=\"https:\/\/sisu.ut.ee\/rootecology\/biplabi-bhattarai\" target=\"_blank\" rel=\"noopener\" data-url=\"https:\/\/sisu.ut.ee\/rootecology\/biplabi-bhattarai\">Biplabi Bhattarai<\/a><\/p>\n\n\n\n<figure class=\"wp-block-image aligncenter is-resized\"><a href=\"https:\/\/sisu.ut.ee\/rootecology\/biplabi-bhattarai\"><img loading=\"lazy\" decoding=\"async\" width=\"534\" height=\"547\" src=\"https:\/\/sisu.ut.ee\/wp-content\/uploads\/sites\/605\/bip2.jpg\" alt=\"Bilpabi\" class=\"wp-image-66\" style=\"width:402px;height:auto\" title=\"bip2.jpg\" srcset=\"https:\/\/sisu.ut.ee\/wp-content\/uploads\/sites\/605\/bip2.jpg 534w, https:\/\/sisu.ut.ee\/wp-content\/uploads\/sites\/605\/bip2-293x300.jpg 293w\" sizes=\"auto, (max-width: 534px) 100vw, 534px\"><\/a><\/figure>\n<\/div>\n\n\n\n<div class=\"wp-block-column is-layout-flow wp-block-column-is-layout-flow\">\n<p class=\"has-text-align-center\"><a style=\"font-weight: var(--bs-body-font-weight); text-align: var(--bs-body-text-align);\" title=\"\" href=\"https:\/\/sisu.ut.ee\/rootecology\/aliya-sultonova\" target=\"_blank\" rel=\"noopener\" data-url=\"https:\/\/sisu.ut.ee\/rootecology\/aliya-sultonova-0\">Aliya Sultonova<\/a><\/p>\n\n\n\n<figure class=\"wp-block-image aligncenter is-resized\"><a href=\"https:\/\/sisu.ut.ee\/rootecology\/aliya-sultonova\"><img loading=\"lazy\" decoding=\"async\" width=\"2330\" height=\"2448\" src=\"https:\/\/sisu.ut.ee\/wp-content\/uploads\/sites\/605\/aliya2.png\" alt=\"Aliya\" class=\"wp-image-67\" style=\"width:388px;height:auto\" title=\"aliya2.png\" srcset=\"https:\/\/sisu.ut.ee\/wp-content\/uploads\/sites\/605\/aliya2.png 2330w, https:\/\/sisu.ut.ee\/wp-content\/uploads\/sites\/605\/aliya2-286x300.png 286w, https:\/\/sisu.ut.ee\/wp-content\/uploads\/sites\/605\/aliya2-975x1024.png 975w, https:\/\/sisu.ut.ee\/wp-content\/uploads\/sites\/605\/aliya2-768x807.png 768w, https:\/\/sisu.ut.ee\/wp-content\/uploads\/sites\/605\/aliya2-1462x1536.png 1462w, https:\/\/sisu.ut.ee\/wp-content\/uploads\/sites\/605\/aliya2-1949x2048.png 1949w, https:\/\/sisu.ut.ee\/wp-content\/uploads\/sites\/605\/aliya2-1920x2017.png 1920w\" sizes=\"auto, (max-width: 2330px) 100vw, 2330px\"><\/a><\/figure>\n<\/div>\n<\/div>\n\n\n\n<p class=\"has-text-align-center\">Victoria Boychev<\/p>\n\n\n\n<figure class=\"wp-block-image aligncenter size-large is-resized\"><img loading=\"lazy\" decoding=\"async\" width=\"768\" height=\"1024\" src=\"https:\/\/sisu.ut.ee\/wp-content\/uploads\/sites\/605\/IMG_5421-768x1024.jpeg\" alt=\"\" class=\"wp-image-330\" style=\"width:519px;height:auto\" srcset=\"https:\/\/sisu.ut.ee\/wp-content\/uploads\/sites\/605\/IMG_5421-768x1024.jpeg 768w, https:\/\/sisu.ut.ee\/wp-content\/uploads\/sites\/605\/IMG_5421-225x300.jpeg 225w, https:\/\/sisu.ut.ee\/wp-content\/uploads\/sites\/605\/IMG_5421-1152x1536.jpeg 1152w, https:\/\/sisu.ut.ee\/wp-content\/uploads\/sites\/605\/IMG_5421-1536x2048.jpeg 1536w, https:\/\/sisu.ut.ee\/wp-content\/uploads\/sites\/605\/IMG_5421-scaled.jpeg 1920w\" sizes=\"auto, (max-width: 768px) 100vw, 768px\"><\/figure>\n\n\n\n<p class=\"has-text-align-center\">Marian Klaus<\/p>\n\n\n\n<p class=\"has-text-align-center\"><strong>Doktorandid, kes on meie grupiga seotud<\/strong><\/p>\n\n\n\n<p class=\"has-text-align-center\">Sarkal Jyakhwa<\/p>\n\n\n\n<p class=\"has-text-align-center\">P\u00e1ll Sigur\u00f0sson<\/p>\n","protected":false},"excerpt":{"rendered":"<p>T\u00f6\u00f6r\u00fchma juht Prof. Ivika Ostonen Teadurid Dr. Marili Sell Dr. Linda Rusalepp Doktorandid Biplabi Bhattarai Aliya Sultonova Victoria Boychev Marian Klaus Doktorandid, kes on meie grupiga seotud Sarkal Jyakhwa P\u00e1ll Sigur\u00f0sson<\/p>\n","protected":false},"author":199,"featured_media":0,"parent":0,"menu_order":0,"comment_status":"closed","ping_status":"closed","template":"","meta":{"_acf_changed":false,"inline_featured_image":false,"footnotes":""},"class_list":["post-28","page","type-page","status-publish","hentry"],"acf":[],"_links":{"self":[{"href":"https:\/\/sisu.ut.ee\/rootecology\/wp-json\/wp\/v2\/pages\/28","targetHints":{"allow":["GET"]}}],"collection":[{"href":"https:\/\/sisu.ut.ee\/rootecology\/wp-json\/wp\/v2\/pages"}],"about":[{"href":"https:\/\/sisu.ut.ee\/rootecology\/wp-json\/wp\/v2\/types\/page"}],"author":[{"embeddable":true,"href":"https:\/\/sisu.ut.ee\/rootecology\/wp-json\/wp\/v2\/users\/199"}],"replies":[{"embeddable":true,"href":"https:\/\/sisu.ut.ee\/rootecology\/wp-json\/wp\/v2\/comments?post=28"}],"version-history":[{"count":16,"href":"https:\/\/sisu.ut.ee\/rootecology\/wp-json\/wp\/v2\/pages\/28\/revisions"}],"predecessor-version":[{"id":476,"href":"https:\/\/sisu.ut.ee\/rootecology\/wp-json\/wp\/v2\/pages\/28\/revisions\/476"}],"wp:attachment":[{"href":"https:\/\/sisu.ut.ee\/rootecology\/wp-json\/wp\/v2\/media?parent=28"}],"curies":[{"name":"wp","href":"https:\/\/api.w.org\/{rel}","templated":true}]}}