{"id":25,"date":"2024-04-04T08:24:47","date_gmt":"2024-04-04T05:24:47","guid":{"rendered":"https:\/\/sisu.ut.ee\/rootecology\/kontakt\/"},"modified":"2024-04-25T13:01:03","modified_gmt":"2024-04-25T10:01:03","slug":"kontakt","status":"publish","type":"page","link":"https:\/\/sisu.ut.ee\/rootecology\/kontakt\/","title":{"rendered":"Kontakt"},"content":{"rendered":"<p style=\"text-align: center;\">Asume aadressil Vanemuise 46, Tartu, ruumis 332 ja laborites 131 ja 109<\/p>\n<p><img loading=\"lazy\" decoding=\"async\" class=\"wp-image-71 aligncenter\" title=\"uus.png\" src=\"https:\/\/sisu.ut.ee\/wp-content\/uploads\/sites\/605\/uus.png\" alt=\"Van46\" width=\"867\" height=\"697\" srcset=\"https:\/\/sisu.ut.ee\/wp-content\/uploads\/sites\/605\/uus.png 2837w, https:\/\/sisu.ut.ee\/wp-content\/uploads\/sites\/605\/uus-300x241.png 300w, https:\/\/sisu.ut.ee\/wp-content\/uploads\/sites\/605\/uus-1024x823.png 1024w, https:\/\/sisu.ut.ee\/wp-content\/uploads\/sites\/605\/uus-768x617.png 768w, https:\/\/sisu.ut.ee\/wp-content\/uploads\/sites\/605\/uus-1536x1235.png 1536w, https:\/\/sisu.ut.ee\/wp-content\/uploads\/sites\/605\/uus-2048x1647.png 2048w, https:\/\/sisu.ut.ee\/wp-content\/uploads\/sites\/605\/uus-1920x1544.png 1920w\" sizes=\"auto, (max-width: 867px) 100vw, 867px\"><\/p>\n<p style=\"text-align: center;\"><div class=\"video-placeholder-wrapper video-placeholder-wrapper--fixed\" style=\"height: 450px;\">\n\t\t\t    <div class=\"video-placeholder d-flex justify-content-center align-items-center\">\n\t\t\t        <div class=\"overlay text-white p-2 w-100 text-center d-block justify-content-center align-items-center\">\n\t\t\t            <div>Kolmandate osapoolte sisu n\u00e4gemiseks palun n\u00f5ustu k\u00fcpsistega.<\/div>\n\t\t\t            <button class=\"btn btn-secondary btn-sm mt-1 consent-change\">Muuda n\u00f5usolekut<\/button>\n\t\t\t        <\/div>\n\t\t\t    <\/div>\n\t\t\t<\/div>\n<\/p>\n","protected":false},"excerpt":{"rendered":"<p>Asume aadressil Vanemuise 46, Tartu, ruumis 332 ja laborites 131 ja 109 Kolmandate osapoolte sisu n\u00e4gemiseks palun n\u00f5ustu k\u00fcpsistega. Muuda n\u00f5usolekut<\/p>\n","protected":false},"author":199,"featured_media":0,"parent":0,"menu_order":0,"comment_status":"closed","ping_status":"closed","template":"","meta":{"_acf_changed":false,"inline_featured_image":false,"footnotes":""},"class_list":["post-25","page","type-page","status-publish","hentry"],"acf":[],"_links":{"self":[{"href":"https:\/\/sisu.ut.ee\/rootecology\/wp-json\/wp\/v2\/pages\/25","targetHints":{"allow":["GET"]}}],"collection":[{"href":"https:\/\/sisu.ut.ee\/rootecology\/wp-json\/wp\/v2\/pages"}],"about":[{"href":"https:\/\/sisu.ut.ee\/rootecology\/wp-json\/wp\/v2\/types\/page"}],"author":[{"embeddable":true,"href":"https:\/\/sisu.ut.ee\/rootecology\/wp-json\/wp\/v2\/users\/199"}],"replies":[{"embeddable":true,"href":"https:\/\/sisu.ut.ee\/rootecology\/wp-json\/wp\/v2\/comments?post=25"}],"version-history":[{"count":4,"href":"https:\/\/sisu.ut.ee\/rootecology\/wp-json\/wp\/v2\/pages\/25\/revisions"}],"predecessor-version":[{"id":263,"href":"https:\/\/sisu.ut.ee\/rootecology\/wp-json\/wp\/v2\/pages\/25\/revisions\/263"}],"wp:attachment":[{"href":"https:\/\/sisu.ut.ee\/rootecology\/wp-json\/wp\/v2\/media?parent=25"}],"curies":[{"name":"wp","href":"https:\/\/api.w.org\/{rel}","templated":true}]}}