{"id":20,"date":"2024-04-04T08:24:46","date_gmt":"2024-04-04T05:24:46","guid":{"rendered":"https:\/\/sisu.ut.ee\/rootecology\/teadustoo\/"},"modified":"2024-11-14T11:56:19","modified_gmt":"2024-11-14T09:56:19","slug":"teadustoo","status":"publish","type":"page","link":"https:\/\/sisu.ut.ee\/rootecology\/teadustoo\/","title":{"rendered":"Teadust\u00f6\u00f6"},"content":{"rendered":"<p>Kliima soojenemine ohustab\u00a0<a title=\"\" href=\"https:\/\/www.etis.ee\/Portal\/Projects\/Display\/b86be8dc-49aa-42fc-ade5-a30788130fc6\" target=\"_blank\" rel=\"noopener\" data-url=\"https:\/\/www.etis.ee\/Portal\/Projects\/Display\/b86be8dc-49aa-42fc-ade5-a30788130fc6\">subarktilisi\u00a0\u00f6kos\u00fcsteeme<\/a> ning \u00fcks olulisi tagaj\u00e4rgi on pikka aega lagunemata orgaanilise ainena talletatud vana s\u00fcsiniku vabanemine ja kadu mullast. Arktiliste muldade soojenedes muutub ka taimede juurte kasv ja talitlemine, mis omakorda omab tohutut m\u00f5ju mulla mikroobikooslustele. Meie t\u00f6\u00f6r\u00fchm osaleb projektides\u00a0<a title=\"\" href=\"https:\/\/forhot.is\/\" target=\"_blank\" rel=\"noopener\" data-url=\"https:\/\/forhot.is\/\">ForHot<\/a> ja <a title=\"\" href=\"https:\/\/www.futurearctic.be\/research\/\" target=\"_blank\" rel=\"noopener\" data-url=\"https:\/\/www.futurearctic.be\/research\/\">FutureArctic<\/a>, mille k\u00e4igus uuritakse taimede ja taimekoosluste juurte ja risoomide kasvud\u00fcnaamika muutusi ning adaptsioonimehhanisme muldade geotermaalstel soojenemisgradientidel.<\/p>\n<p><a title=\"\" href=\"https:\/\/www.etis.ee\/Portal\/Projects\/Display\/56943968-99c7-4e25-88d9-a7a1c156ecc5\" target=\"_blank\" rel=\"noopener\" data-url=\"https:\/\/www.etis.ee\/Portal\/Projects\/Display\/56943968-99c7-4e25-88d9-a7a1c156ecc5\">Juur-risobioomi funktsionaalne kohanemine<\/a> kliima\u2013 ja maakasutusmuutustega, selle m\u00f5ju juurtoitumisele ja mulla aineringele subarktilistes ja boreaalsetes \u00f6kos\u00fcsteemides:<br>\n1) kesksed uuritavad faktorid on temperatuuri t\u00f5us, veetaseme muutused ja kliimamuutustega kaasnev fenoloogiline nihe;<br>\n2) taimede juureeritiste roll risosf\u00e4\u00e4ri ja mulla aineringes;<br>\n3) juur-risobioom roll mulla s\u00fcsinikuvarude muutustes.<\/p>\n<p><a href=\"https:\/\/futurescapes.ee\/ee\/rooteco\/\">FutureScapes<\/a> \u2013 teaduslikult innovatiivse l\u00e4henemisena anal\u00fc\u00fcsime keerukaid seoseid ja kohanemismehhanisme elurikkuse n\u00e4itajate, s\u00fcsinikuvaru, -sidumise ning kasvuhoonegaaside voogude vahel v\u00e4ikestes ruumiskaalades ning seej\u00e4rel kanname teadmised \u00fcle koosluste, \u00f6kos\u00fcsteemide ja maastiku tasandile kasutades ruumiandmeid (sh satelliitpilte) ja masin\u00f5ppep\u00f5hist ruumilist modelleerimist koos sotsiaalmajandusliku anal\u00fc\u00fcsiga.<\/p>\n<p>Eesti kuivendatud metsamaa turvasmuldade heite ja s\u00fcsinikuvaru d\u00fcnaamika t\u00e4psem hindamine riiklikus kasvuhoonegaaside inventuuris. Rohkem infot <a href=\"https:\/\/www.etis.ee\/Portal\/Projects\/Display\/4e8e05d5-e368-4533-acd4-41beed03e5bc\">siit<\/a>.<\/p>\n<p>M\u00e4rgalade taastamise strateegiate arendamine pikaajaliseks s\u00fcsiniku sidumiseks saavutamaks kliimaeesm\u00e4rke (<a href=\"https:\/\/www.etis.ee\/Portal\/Projects\/Display\/23eb4c1b-dca0-4b71-8564-87938a2ba65e\">REWET<\/a>).<\/p>\n<p><strong>Uurimisteemad tudengitele valdkondade kaupa:<\/strong><\/p>\n<p><strong>\u00d6KOLOOGIA<\/strong><\/p>\n<p><strong>Maakasutus ja \u00f6kos\u00fcsteemide maa-alune osa<\/strong><\/p>\n<p>1. Taasmetsastatud p\u00f5llumaade mullas\u00fcsiniku varu ja sidumine.<\/p>\n<p>2. Risosf\u00e4\u00e4riprotsessid erineva maakasutusajalooga muldadel.<\/p>\n<p>3. Aineringe maa all: puuduolev osa \u00f6kos\u00fcsteemide s\u00fcsiniku- ja aineringe bilanssides.<\/p>\n<p><strong>Kuidas taastuvad soomuldade protsessid m\u00e4rgalade taastamisel?<\/strong><\/p>\n<p>1. Veetaseme m\u00f5ju orgaanilise aine lagunemisele.<\/p>\n<p>2. Kui vanad on sootaimede juured?<\/p>\n<p>3. Kuivendamise m\u00f5ju turbamuldade kvalitatiivsetele n\u00e4itajatele.<\/p>\n<p><strong>TEHNOLOOGIA<\/strong><\/p>\n<p>AI, masin\u00f5pe ja reaalajas m\u00f5\u00f5tmised \u00f6kos\u00fcsteemide maa-aluses osas<\/p>\n<p>1. Kas taimede juured kasvavad aastaringselt?<\/p>\n<p>2. Ekstreemsete ilmastikun\u00e4htuste m\u00f5ju juurte kasvule, mullaloomastikule, mullastruktuurile\u2026<\/p>\n<p>3. Juurte kasvu modelleerimine maastikul.<\/p>\n<p>T\u00f6\u00f6 automaatkaameratega ja sk\u00e4nneritega mullas v\u00f5imaldab andmeid koguda kodus arvuti taga\u2026 ja nutikad \u00e4pid on veel tegemata, aga mitte \u00fckski t\u00f5siselt v\u00f5etav maastiku\u00f6koloog ei saa enam arvestamata j\u00e4tta maa all olevat osa ehk et n\u00f5udlus andmete j\u00e4rele on v\u00e4ga suur!<\/p>\n<p><strong>POLIITIKA<\/strong><\/p>\n<p>Metsa ja mulla monitooring seadustatakse, kas me oleme valmis mulla tervist hindama? Kas me vajame uusi mullatervise indikaatoreid?<br>\n(Materjalid:<em> COM(2023)416 \u2013 Directive Soil Monitoring and Resilience (Soil Monitoring Law); Proposal for a Regulation on a Forest Monitoring Framework, publ 22 November 2023<\/em>; Koost\u00f6\u00f6 Eesti Keskkonnaagentuuriga).<\/p>\n<p>J\u00e4rgmise p\u00f5lvkonna monitooring \u2013 Kas satelliitidelt saab monitoorida muutusi metsamullas? Kuidas \u00fchendada erinevate koost\u00f6\u00f6v\u00f5rgustike ja keskkonnaseire programmide, n\u00e4iteks ICP Forest, ICOS, eLTER jne andmestikke keskkonnaseisundi paremaks hindamiseks?<\/p>\n<p>Mida me teeme manipulatsioonieksperimentides valesti v\u00f5i j\u00e4tame tegemata? Kas l\u00fchiajalised kliima manipulatsiooni katsed suudavad ennustada pikaajalisi muutusi? Miks me ei suuda ennustada \u00f6kos\u00fcsteemide tulevikku?<br>\nJa palju muud\u2026<\/p>\n","protected":false},"excerpt":{"rendered":"<p>Kliima soojenemine ohustab\u00a0subarktilisi\u00a0\u00f6kos\u00fcsteeme ning \u00fcks olulisi tagaj\u00e4rgi on pikka aega lagunemata orgaanilise ainena talletatud vana s\u00fcsiniku vabanemine ja kadu mullast. Arktiliste muldade soojenedes muutub ka taimede juurte kasv ja talitlemine, mis omakorda omab tohutut m\u00f5ju mulla mikroobikooslustele. Meie t\u00f6\u00f6r\u00fchm osaleb &#8230;<\/p>\n","protected":false},"author":199,"featured_media":0,"parent":0,"menu_order":0,"comment_status":"closed","ping_status":"closed","template":"","meta":{"_acf_changed":false,"inline_featured_image":false,"footnotes":""},"class_list":["post-20","page","type-page","status-publish","hentry"],"acf":[],"_links":{"self":[{"href":"https:\/\/sisu.ut.ee\/rootecology\/wp-json\/wp\/v2\/pages\/20","targetHints":{"allow":["GET"]}}],"collection":[{"href":"https:\/\/sisu.ut.ee\/rootecology\/wp-json\/wp\/v2\/pages"}],"about":[{"href":"https:\/\/sisu.ut.ee\/rootecology\/wp-json\/wp\/v2\/types\/page"}],"author":[{"embeddable":true,"href":"https:\/\/sisu.ut.ee\/rootecology\/wp-json\/wp\/v2\/users\/199"}],"replies":[{"embeddable":true,"href":"https:\/\/sisu.ut.ee\/rootecology\/wp-json\/wp\/v2\/comments?post=20"}],"version-history":[{"count":6,"href":"https:\/\/sisu.ut.ee\/rootecology\/wp-json\/wp\/v2\/pages\/20\/revisions"}],"predecessor-version":[{"id":359,"href":"https:\/\/sisu.ut.ee\/rootecology\/wp-json\/wp\/v2\/pages\/20\/revisions\/359"}],"wp:attachment":[{"href":"https:\/\/sisu.ut.ee\/rootecology\/wp-json\/wp\/v2\/media?parent=20"}],"curies":[{"name":"wp","href":"https:\/\/api.w.org\/{rel}","templated":true}]}}