{"id":3,"date":"2024-04-04T05:02:51","date_gmt":"2024-04-04T02:02:51","guid":{"rendered":"https:\/\/sisu.ut.ee\/robotont\/oppematerjalid\/"},"modified":"2025-12-03T15:25:41","modified_gmt":"2025-12-03T13:25:41","slug":"oppematerjalid","status":"publish","type":"page","link":"https:\/\/sisu.ut.ee\/robotont\/oppematerjalid\/","title":{"rendered":"\u00d5ppematerjalid"},"content":{"rendered":"<h2 class=\"wp-block-heading\">\u00d5ppematerjalid<\/h2>\n\n\n\n<p>Robotondi kohta on valminud \u00f5ppe- ja juhendmaterjale nii eesti, inglise, prantsuse kui ka saksa keeles.<\/p>\n\n\n\n<p>\u00dcldine rahvusvaheline juhendmaterjal, mida saab ka kasutada ka \u00f5ppet\u00f6\u00f6s:<\/p>\n\n\n\n<ul class=\"wp-block-list\">\n<li><a href=\"https:\/\/robotont.github.io\" target=\"_blank\" rel=\"noreferrer noopener\">github.io<\/a><\/li>\n<\/ul>\n\n\n\n<p>Robotondi kohta on valminud mitmeid \u00f5piampse EIT Manufacturing Academy (varasema nimega Skill.move) keskkonnas (tasuta registreerimine ja sisselogimine on n\u00f5utav):<\/p>\n\n\n\n<ul class=\"wp-block-list\">\n<li><a href=\"https:\/\/eitmanufacturingacademy.eu\/catalog\/?filter-search=robotont\" target=\"_blank\" rel=\"noreferrer noopener\">EIT Manufacturing Academy<\/a><\/li>\n<\/ul>\n\n\n\n<p>Varasemalt valminud ja t\u00e4naseks arhiveeritud valik \u00f5ppematerjale<\/p>\n\n\n\n<ul class=\"wp-block-list\">\n<li><a href=\"https:\/\/ros4pro.github.io\/eros4pro-training\/html\/index.html\" target=\"_blank\" rel=\"noreferrer noopener\">eROS4Pro projekt<\/a>\u00a0<\/li>\n\n\n\n<li><a href=\"https:\/\/ut-ims-robotics.github.io\/ros_koolitus\/html\/index.html\" target=\"_blank\" rel=\"noreferrer noopener\">ROS koolitus \u00f5petajatele<\/a><\/li>\n\n\n\n<li><a href=\"https:\/\/ut-ims-robotics.github.io\/robotont\/\" target=\"_blank\" rel=\"noreferrer noopener\">Robotont generatsioon 2 praktikumi juhendid<\/a><\/li>\n\n\n\n<li><a href=\"https:\/\/owncloud.ut.ee\/owncloud\/index.php\/s\/NTnBy2LwXcwr6xj\" target=\"_blank\" rel=\"noreferrer noopener\">Robotont generatsioon 1 oppematerjalid<\/a><\/li>\n<\/ul>\n","protected":false},"excerpt":{"rendered":"<p>\u00d5ppematerjalid Robotondi kohta on valminud \u00f5ppe- ja juhendmaterjale nii eesti, inglise, prantsuse kui ka saksa keeles. \u00dcldine rahvusvaheline juhendmaterjal, mida saab ka kasutada ka \u00f5ppet\u00f6\u00f6s: Robotondi kohta on valminud mitmeid \u00f5piampse EIT Manufacturing Academy (varasema nimega Skill.move) keskkonnas (tasuta registreerimine &#8230;<\/p>\n","protected":false},"author":98,"featured_media":0,"parent":0,"menu_order":0,"comment_status":"closed","ping_status":"closed","template":"","meta":{"_acf_changed":false,"inline_featured_image":false,"footnotes":""},"class_list":["post-3","page","type-page","status-publish","hentry"],"acf":[],"_links":{"self":[{"href":"https:\/\/sisu.ut.ee\/robotont\/wp-json\/wp\/v2\/pages\/3","targetHints":{"allow":["GET"]}}],"collection":[{"href":"https:\/\/sisu.ut.ee\/robotont\/wp-json\/wp\/v2\/pages"}],"about":[{"href":"https:\/\/sisu.ut.ee\/robotont\/wp-json\/wp\/v2\/types\/page"}],"author":[{"embeddable":true,"href":"https:\/\/sisu.ut.ee\/robotont\/wp-json\/wp\/v2\/users\/98"}],"replies":[{"embeddable":true,"href":"https:\/\/sisu.ut.ee\/robotont\/wp-json\/wp\/v2\/comments?post=3"}],"version-history":[{"count":6,"href":"https:\/\/sisu.ut.ee\/robotont\/wp-json\/wp\/v2\/pages\/3\/revisions"}],"predecessor-version":[{"id":203,"href":"https:\/\/sisu.ut.ee\/robotont\/wp-json\/wp\/v2\/pages\/3\/revisions\/203"}],"wp:attachment":[{"href":"https:\/\/sisu.ut.ee\/robotont\/wp-json\/wp\/v2\/media?parent=3"}],"curies":[{"name":"wp","href":"https:\/\/api.w.org\/{rel}","templated":true}]}}