{"id":185,"date":"2024-04-04T05:02:52","date_gmt":"2024-04-04T02:02:52","guid":{"rendered":"https:\/\/sisu.ut.ee\/robotont\/publications\/"},"modified":"2024-12-06T11:14:03","modified_gmt":"2024-12-06T09:14:03","slug":"publications","status":"publish","type":"page","link":"https:\/\/sisu.ut.ee\/robotont\/en\/publications\/","title":{"rendered":"Publications"},"content":{"rendered":"<h2 class=\"wp-block-heading\">Publications<\/h2>\n\n\n\n<h4 class=\"wp-block-heading\">Research papers<\/h4>\n\n\n\n<ol class=\"wp-block-list\">\n<li>M\u00f5tsh\u00e4rg, E., Vunder, V., Raudm\u00e4e, R., Muro, M., Drikkit, I., T\u0161igrinski, L., K\u00f6idam, R., Aabloo, A., Kruusam\u00e4e, K., 2024. Robotont 3 \u2013 an accessible 3D-printable ROS-supported open-source mobile robot for education and research. <em>Frontiers in Robotics and AI, 11<\/em>. <a href=\"https:\/\/doi.org\/10.3389\/frobt.2024.1406645\" target=\"_blank\" rel=\"noreferrer noopener\">doi.org\/10.3389\/frobt.2024.1406645<\/a> <\/li>\n\n\n\n<li>Raudm\u00e4e, R., Schumann, S., Vunder, V., Oidekivi, M., Nigol, M.K., Valner, R., Masnavi, H., Singh, A.K., Aabloo, A. and Kruusam\u00e4e, K., 2023. ROBOTONT\u2013Open-source and ROS-supported omnidirectional mobile robot for education and research. <em>HardwareX<\/em>, <em>14<\/em>, p.e00436. <a href=\"https:\/\/doi.org\/10.1016\/j.ohx.2023.e00436\" target=\"_blank\" rel=\"noreferrer noopener\">doi.org\/10.1016\/j.ohx.2023.e00436<\/a> <\/li>\n<\/ol>\n\n\n\n<h4 class=\"wp-block-heading\">Research papers that leverage the Robotont platform<\/h4>\n\n\n\n<ol class=\"wp-block-list\">\n<li>Kr\u016bmi\u0146\u0161, D., Schumann, S., Vunder, V., P\u00f5llu\u00e4\u00e4r, R., Laht, K., Raudm\u00e4e, R., Aabloo, A. and Kruusam\u00e4e, K., 2024. Open remote web lab for learning robotics and ROS with physical and simulated robots in an authentic developer environment. <em>IEEE Transactions on Learning Technologies<\/em>, 17, p.1325 \u2013 1338. <a href=\"https:\/\/doi.org\/10.1109\/TLT.2024.3381858\" target=\"_blank\" rel=\"noreferrer noopener\">doi.org\/10.1109\/TLT.2024.3381858<\/a> <\/li>\n\n\n\n<li>Raudm\u00e4e, R., Vunder, V., Kandlhofer, M., Breiling, B., Sumper-Sabitzer, M., M\u00f5tsh\u00e4rg, E., Schumann, S., Kruusam\u00e4e, K., 2024. Open Source and Portable Educational Kits for Enabling Robotics Education. In: Balogh, R., Obdr\u017e\u00e1lek, D., Fislake, M. (eds)   <em>Robotics in Education. RiE 2024. Lecture Notes in Networks and Systems  <\/em>, vol 1084. Springer, Cham.  <a href=\"https:\/\/doi.org\/10.1007\/978-3-031-67059-6_24\" data-type=\"link\" data-id=\"https:\/\/doi.org\/10.1007\/978-3-031-67059-6_24\">doi.org\/10.1007\/978-3-031-67059-6_24  <\/a><\/li>\n\n\n\n<li>Masnavi, H., Shrestha, J., Kruusam\u00e4e, K. and Singh, A.K., 2023. VACNA: Visibility-Aware Cooperative Navigation with Application in Inventory Management. <em>IEEE Robotics and Automation Letters 8<\/em>, pp.7114 \u2013 7121. <a href=\"https:\/\/doi.org\/10.1109\/LRA.2023.3312969\" target=\"_blank\" rel=\"noreferrer noopener\">doi.org\/10.1109\/LRA.2023.3312969<\/a> <\/li>\n\n\n\n<li>Schumann, S., Kr\u016bmi\u0146\u0161, D., Vunder, V., Aabloo, A., Siiman, L.A. and Kruusam\u00e4e, K., 2023, April. A Beginner-Level MOOC on ROS Robotics Leveraging a Remote Web Lab for Programming Physical Robots. In <em>International Conference on Robotics in Education (RiE)<\/em> (pp. 285-297). Cham: Springer Nature Switzerland.    <a href=\"https:\/\/doi.org\/10.1007\/978-3-031-38454-7_24\" target=\"_blank\" rel=\"noreferrer noopener\">doi.org\/10.1007\/978-3-031-38454-7_24<\/a><\/li>\n\n\n\n<li>Valner, R., Vunder, V., Aabloo, A., Pryor, M. and Kruusam\u00e4e, K., 2022. TeMoto: a software framework for adaptive and dependable robotic autonomy with dynamic resource management. <em>IEEE Access<\/em>, <em>10<\/em>, pp.51889-51907. <a href=\"https:\/\/doi.org\/10.1109\/ACCESS.2022.3173647\" target=\"_blank\" rel=\"noreferrer noopener\">doi.org\/10.1109\/ACCESS.2022.3173647<\/a> <\/li>\n\n\n\n<li>Masnavi, H., Adajania, V.K., Kruusam\u00e4e, K. and Singh, A.K., 2022. Real-time multi-convex model predictive control for occlusion-free target tracking with quadrotors. <em>IEEE Access<\/em>, <em>10<\/em>, pp.29009-29031. <a href=\"https:\/\/doi.org\/10.1109\/ACCESS.2022.3157977\" target=\"_blank\" rel=\"noreferrer noopener\">doi.org\/10.1109\/ACCESS.2022.3157977<\/a> <\/li>\n\n\n\n<li>Masnavi, H., Shrestha, J., Mishra, M., Sujit, P.B., Kruusam\u00e4e, K. and Singh, A.K., 2022. Visibility-aware navigation with batch projection augmented cross-entropy method over a learned occlusion cost. <em>IEEE Robotics and Automation Letters<\/em>, <em>7<\/em>(4), pp.9366-9373. <a href=\"https:\/\/doi.org\/10.1109\/LRA.2022.3190087\" target=\"_blank\" rel=\"noreferrer noopener\">doi.org\/10.1109\/LRA.2022.3190087<\/a> <\/li>\n\n\n\n<li>Adajania, V.K., Sharma, A., Gupta, A., Masnavi, H., Krishna, K.M. and Singh, A.K., 2022. Multi-modal model predictive control through batch non-holonomic trajectory optimization: Application to highway driving. <em>IEEE Robotics and Automation Letters<\/em>, <em>7<\/em>(2), pp.4220-4227. <a href=\"https:\/\/doi.org\/10.1109\/LRA.2022.3148460\" target=\"_blank\" rel=\"noreferrer noopener\">doi.org\/10.1109\/LRA.2022.3148460<\/a> <\/li>\n\n\n\n<li>Leoste, J., Viik, T., L\u00f3pez, J.S.M., Kangur, M., Vunder, V., Mollard, Y., \u00d5un, T., Tammo, H. and Paekivi, K., 2022. Robots as my future colleagues: changing attitudes toward collaborative robots by means of experience-based workshops. In <em>Ludic, Co-design and Tools Supporting Smart Learning Ecosystems and Smart Education: Proceedings of the 6th International Conference on Smart Learning Ecosystems and Regional Development<\/em> (pp. 163-175). Springer Singapore.    <a href=\"https:\/\/doi.org\/10.1007\/978-981-16-3930-2_13\" target=\"_blank\" rel=\"noreferrer noopener\">doi.org\/10.1007\/978-981-16-3930-2_13<\/a><\/li>\n\n\n\n<li>Mayrhofer, W., Nixdorf, S., Fischer, C., Zigart, T., Schmidbauer, C. and Schlund, S., 2021. Learning nuggets for cobot education: a conceptual framework, implementation, and evaluation of adaptive learning content. In <em>Proceedings of the Conference on Learning Factories (CLF)<\/em>. <a href=\"https:\/\/dx.doi.org\/10.2139\/ssrn.3868713\">doi.org\/10.2139\/ssrn.3868713<\/a>  <\/li>\n<\/ol>\n\n\n\n<h4 class=\"wp-block-heading\">Theses<\/h4>\n\n\n\n<p>PhD theses<\/p>\n\n\n\n<ol class=\"wp-block-list\">\n<li>Robert Valner, <a href=\"https:\/\/hdl.handle.net\/10062\/105994\" target=\"_blank\" rel=\"noreferrer noopener\">Design of TeMoto, a software framework for dependable, adaptive, and collaborative autonomous robots<\/a> [TeMoto \u2013 t\u00f6\u00f6kindlate, adaptiivsete ja koost\u00f6\u00f6v\u00f5imeliste autonoomsete robotite arendamise tarkvararaamistik], PhD thesis, 2024<\/li>\n\n\n\n<li>Houman Masnavi, <a href=\"https:\/\/hdl.handle.net\/10062\/91394\" target=\"_blank\" rel=\"noreferrer noopener\">Visibility aware navigation<\/a> [N\u00e4htavust arvestav navigatsioon], PhD thesis, 2023<\/li>\n<\/ol>\n\n\n\n<p>Master\u2019s theses<\/p>\n\n\n\n<ol class=\"wp-block-list\">\n<li>Eva M\u00f5tsh\u00e4rg, <a href=\"https:\/\/comserv.cs.ut.ee\/ati_thesis\/datasheet.php?id=77385\" target=\"_blank\" rel=\"noreferrer noopener\">3D-prinditava kere disain ja anal\u00fc\u00fcs vabavaralisele haridusrobotile Robotont<\/a> [Design and Analysis of a 3D Printable Chassis for the Open Source Educational Robot Robotont], MS thesis, 2023<\/li>\n\n\n\n<li>Igor Rybalskii, <a href=\"http:\/\/hdl.handle.net\/10062\/83028\" target=\"_blank\" rel=\"noreferrer noopener\">Augmented reality (AR) for enabling human-robot collaboration with ROS robots<\/a> [Liitreaalsus inimese ja roboti koost\u00f6\u00f6 v\u00f5imaldamiseks ROS-i robotitega], MS thesis, 2022<\/li>\n\n\n\n<li>Houman Masnavi, <a href=\"http:\/\/hdl.handle.net\/10062\/72118\" target=\"_blank\" rel=\"noreferrer noopener\">Multi-Robot Motion Planning for Shared Payload Transportation<\/a> [Rajaplaneerimine multi-robot s\u00fcsteemile jagatud lasti transportimisel], MS thesis, 2020<\/li>\n\n\n\n<li>Fabian Ernesto Parra Gil, <a href=\"http:\/\/hdl.handle.net\/10062\/72112\" target=\"_blank\" rel=\"noreferrer noopener\">Implementation of Robot Manager Subsystem for Temoto Software Framework<\/a> [Robotite Halduri alams\u00fcsteemi v\u00e4ljat\u00f6\u00f6tamine tarkvararaamistikule TEMOTO], MS thesis, 2020<\/li>\n\n\n\n<li>Madis K Nigol, <a href=\"http:\/\/hdl.handle.net\/10062\/64339\" target=\"_blank\" rel=\"noreferrer noopener\">\u00d5ppematerjalid robotplatvormile Robotont<\/a> [Study materials for robot platform Robotont], MS thesis, 2019<\/li>\n\n\n\n<li>Renno Raudm\u00e4e, <a href=\"http:\/\/hdl.handle.net\/10062\/64341\" target=\"_blank\" rel=\"noreferrer noopener\">Avatud robotplatvorm Robotont<\/a> [Open source robotics platform Robotont], MS thesis, 2019<\/li>\n<\/ol>\n\n\n\n<p>Bachelor\u2019s theses<\/p>\n\n\n\n<ol class=\"wp-block-list\">\n<li>Veronika-Marina Volynets, <a href=\"https:\/\/hdl.handle.net\/10062\/99943\" target=\"_blank\" rel=\"noreferrer noopener\">Development of Control Electronics and Program for Robotont\u2019s Height Adjustment Mechanism<\/a> [Juhtelektroonika ja programmi v\u00e4ljat\u00f6\u00f6tamine Robotondi k\u00f5rguse reguleerimise mehhanismile], BS thesis, 2024<\/li>\n\n\n\n<li>Veronika Podliesnova, <a href=\"https:\/\/hdl.handle.net\/10062\/99636\" target=\"_blank\" rel=\"noreferrer noopener\">Real-Time Detection of Robot Failures by Monitoring Operator\u2019s Brain Activity with EEG-based Brain-Computer Interface<\/a> [Reaalajas Robotirikke Tuvastamine Operaatori Ajutegevuse J\u00e4lgimise teel EEG-p\u00f5hise Aju-Arvuti Liidese abil], BS thesis, 2024<\/li>\n\n\n\n<li>Karl Sander Vinkel, <a href=\"https:\/\/hdl.handle.net\/not-yet\" target=\"_blank\" rel=\"noreferrer noopener\">Laadimisjaama ja transportkesta v\u00e4ljat\u00f6\u00f6tamine \u00f5pperobotile Robotont<\/a> [Development of charging dock and transport case for Robotont], BS thesis, 2024<\/li>\n\n\n\n<li>Raimo K\u00f6idam, <a href=\"https:\/\/hdl.handle.net\/not-yet\" target=\"_blank\" rel=\"noreferrer noopener\">Valguslahenduse tarkvara v\u00e4ljat\u00f6\u00f6tamine \u00f5pperobotile Robotont<\/a> [Development of light solution software for the educational robot Robotont], BS thesis, 2024<\/li>\n\n\n\n<li>Robert Valge, <a href=\"https:\/\/hdl.handle.net\/not-yet\" target=\"_blank\" rel=\"noreferrer noopener\">Toitepinge ja tarbevoolu monitoorimine ning toitehalduse p\u00fcsivara loomine \u00f5pperobotil Robotont<\/a> [Monitoring supply voltage and current consumption and creating firmware for Robotont\u2019s power management system], BS thesis, 2024<\/li>\n\n\n\n<li>Leonid T\u0161igrinski, <a href=\"https:\/\/hdl.handle.net\/not-yet\" target=\"_blank\" rel=\"noreferrer noopener\">\u00d5pperoboti Robotont p\u00fcsivara arhitektuuri uuendamine<\/a> [Education robot \u201cRobotont\u201d firmware architecture updating], BS thesis, 2024<\/li>\n\n\n\n<li>Andres Sakk, <a href=\"https:\/\/hdl.handle.net\/not-yet\" target=\"_blank\" rel=\"noreferrer noopener\">Avatud robotplatvormi Robotont 3 kasutajaliidese v\u00e4ljat\u00f6\u00f6tamine<\/a> [Development of a user interface for the open robotics platform Robotont 3], BS thesis, 2024<\/li>\n\n\n\n<li>Sven-Ervin Paap, <a href=\"https:\/\/hdl.handle.net\/not-yet\" target=\"_blank\" rel=\"noreferrer noopener\">ROS2 draiver \u00f5pperobotile Robotont<\/a> [ROS2 driver for the educational robot Robotont], BS thesis, 2024<\/li>\n\n\n\n<li>Iryna Hurova, <a href=\"https:\/\/hdl.handle.net\/10062\/90638\" target=\"_blank\" rel=\"noreferrer noopener\">Kitting station of the learning factory<\/a> [\u00d5ppetehase komplekteerimisjaam], BS thesis, 2023<\/li>\n\n\n\n<li>Paola Avalos Conchas, <a href=\"https:\/\/hdl.handle.net\/10062\/90641\" target=\"_blank\" rel=\"noreferrer noopener\">Payload transportation system of a learning factory<\/a> [\u00d5ppetehase kasuliku koorma transpordis\u00fcsteem], BS thesis, 2023<\/li>\n\n\n\n<li>Pille P\u00e4rnalaas, <a href=\"https:\/\/hdl.handle.net\/10062\/93431\" target=\"_blank\" rel=\"noreferrer noopener\">P\u00f6\u00f6rdp\u00f5ik ajami arendus robotplatvormile Robotont<\/a> [Development of swerve drive for robotic platform Robotont], BS thesis, 2023<\/li>\n\n\n\n<li>Priit Rooden, <a href=\"https:\/\/hdl.handle.net\/10062\/93432\" target=\"_blank\" rel=\"noreferrer noopener\">Autonoomse laadimislahenduse v\u00e4ljat\u00f6\u00f6tamine \u00f5pperobotile Robotont<\/a> [Development of an autonomous charging solution for the robot platform Robotont], BS thesis, 2023<\/li>\n\n\n\n<li>Marko Muro, <a href=\"https:\/\/hdl.handle.net\/10062\/93429\" target=\"_blank\" rel=\"noreferrer noopener\">Robotondi akulahenduse ning 12 V pingeregulaatori protot\u00fc\u00fcpimine<\/a> [Prototyping battery solution and 12 V voltage regulator for Robotont], BS thesis, 2023solution and 12 V voltage regulator for Robotont], BS thesis, 2023<\/li>\n\n\n\n<li>Kertrud Geddily K\u00fc\u00fct, <a href=\"https:\/\/hdl.handle.net\/10062\/93424\" target=\"_blank\" rel=\"noreferrer noopener\">K\u00f5rgust reguleeriv mehhanism Robotondile<\/a> [Height adjusting mechanism for Robotont], BS thesis, 2023<\/li>\n\n\n\n<li>Ingvar Drikkit, <a href=\"https:\/\/hdl.handle.net\/10062\/93421\" target=\"_blank\" rel=\"noreferrer noopener\">Lisaseadmete v\u00f5imekuse arendamine haridusrobotile Robotont<\/a> [Developing add-on device support for the educational robot Robotont], BS thesis, 2023<\/li>\n\n\n\n<li>Erki Veev\u00e4li, <a href=\"https:\/\/hdl.handle.net\/10062\/93434\" target=\"_blank\" rel=\"noreferrer noopener\">Development of a Continuous Teleoperation System for Urban Road Vehicle<\/a> [Linnas\u00f5iduki pideva kaugjuhtimiss\u00fcsteemi arendus], BS thesis, 2023<\/li>\n\n\n\n<li>Aleksandra Doroshenko, <a href=\"https:\/\/hdl.handle.net\/10062\/93420\" target=\"_blank\" rel=\"noreferrer noopener\">Haiglates inimesi juhatava roboti disain<\/a> [Hospital guide robot design], BS thesis, 2023<\/li>\n\n\n\n<li>Hui Shi, <a href=\"http:\/\/hdl.handle.net\/10062\/83043\" target=\"_blank\" rel=\"noreferrer noopener\">Expanding the Open-source ROS Software Pack age opencv_apps with Dedicated Blob Detection Functionality<\/a> [Avatud l\u00e4htekoodiga ROS-i tarkvarakimbu opencv_apps laiendamine laigutuvasti funktsioonaalsusega], BS thesis, 2022<\/li>\n\n\n\n<li>D\u0101vis Kr\u016bmi\u0146\u0161, <a href=\"http:\/\/hdl.handle.net\/10062\/83040\" target=\"_blank\" rel=\"noreferrer noopener\">Web-based learning and software development environment for remote access of ROS robots<\/a> [Veebip\u00f5hine \u00f5ppe- ja tarkvaraarenduse keskkond ROS robotite juurdep\u00e4\u00e4suks kaugteel], BS thesis, 2022<\/li>\n\n\n\n<li>Anna Jakovleva, <a href=\"http:\/\/hdl.handle.net\/10062\/83037\" target=\"_blank\" rel=\"noreferrer noopener\">Roboquiz \u2013 an interactive human-robot game<\/a> [Roboquiz \u2013 interaktiivne inimese ja roboti m\u00e4ng], BS thesis, 2022<\/li>\n\n\n\n<li>Kristjan Laht, <a href=\"https:\/\/comserv.cs.ut.ee\/ati_thesis\/datasheet.php?id=74702&amp;year=2022Robot\" target=\"_blank\" rel=\"noreferrer noopener\">Localization with Fiducial Markers<\/a> [Roboti lokaliseerimine koordinaatm\u00e4rkidega], BS thesis, 2022<\/li>\n\n\n\n<li>Markus Erik S\u00fcgis, <a href=\"http:\/\/hdl.handle.net\/10062\/83015\" target=\"_blank\" rel=\"noreferrer noopener\">Jagatud juhtimise p\u00f5him\u00f5ttel realiseeritud robotite kaugjuhtimiss\u00fcsteem<\/a> [A continuous teleoperating system based on shared control concept], BS thesis, 2022<\/li>\n\n\n\n<li>Rauno P\u00f5llu\u00e4\u00e4r, <a href=\"http:\/\/hdl.handle.net\/10062\/72672\" target=\"_blank\" rel=\"noreferrer noopener\">Veebirakendus-p\u00f5hine kasutajaliides avatud robotplatvormi Robotont juhtimiseks ja haldamiseks<\/a> [Web application-based user interface for controlling and managing open-source robotics platform Robotont], BS thesis, 2021<\/li>\n\n\n\n<li>Tarvi Tepandi, <a href=\"http:\/\/hdl.handle.net\/10062\/72665\" target=\"_blank\" rel=\"noreferrer noopener\">Segareaalsusel p\u00f5hinev kasutajaliides mobiilse roboti kaugjuhtimiseks Microsoft HoloLens 2 vahendusel<\/a> [Mixed-reality user interface for teleoperating mobile robots with Microsoft HoloLens 2], BS thesis, 2021<\/li>\n\n\n\n<li>Kwasi Akuamoah Boateng, <a href=\"http:\/\/hdl.handle.net\/10062\/72804\" target=\"_blank\" rel=\"noreferrer noopener\">Digital Twin of a Teaching and Learning Robotics Lab<\/a> [Robotite \u00f5petamise ja \u00f5ppimise labori digitaalne kaksik], BS thesis, 2021<\/li>\n\n\n\n<li>Karina Sein, <a href=\"http:\/\/hdl.handle.net\/10062\/72102\" target=\"_blank\" rel=\"noreferrer noopener\">Eestikeelse k\u00f5nes\u00fcnteesi v\u00f5imaldamine robootika arendusplatvormil ROS<\/a> [Enabling Estonian speech synthesis on the Robot Operating System (ROS)], BS thesis, 2020<\/li>\n\n\n\n<li>Ranno M\u00e4esepp, <a href=\"http:\/\/hdl.handle.net\/10062\/72100\" target=\"_blank\" rel=\"noreferrer noopener\">Takistuste v\u00e4ltimise lahendus \u00f5pperobotile Robotont<\/a> [Obstacle avoidance solution for educational robot platform Robotont], BS thesis, 2020<\/li>\n\n\n\n<li>Meelis Pihlap, <a href=\"http:\/\/hdl.handle.net\/10062\/64292\" target=\"_blank\" rel=\"noreferrer noopener\">Mitme roboti koost\u00f6\u00f6 funktsionaalsuste v\u00e4ljat\u00f6\u00f6tamine tarkvararaamistikule TeMoto<\/a> [Multi-robot collaboration functionalities for robot software development framework TeMoto], BS thesis, 2019<\/li>\n\n\n\n<li>Martin Maidla, <a href=\"http:\/\/hdl.handle.net\/10062\/60288\" target=\"_blank\" rel=\"noreferrer noopener\">Avatud robotiarendusplatvormi Robotont omniliikumise ja odomeetria arendamine<\/a> [Omnimotion and odometry development for open robot development platform Robotont], BS thesis, 2018<\/li>\n\n\n\n<li>Raid Vellerind, <a href=\"http:\/\/hdl.handle.net\/10062\/56559\" target=\"_blank\" rel=\"noreferrer noopener\">Avatud robotiarendusplatvormi ROS v\u00f5imekuse loomine Tartu \u00dclikooli Robotexi robootikaplatvormile<\/a> [ROS driver development for the University of Tartu\u2019s Robotex robotics platform], BS thesis, 2017<\/li>\n<\/ol>\n","protected":false},"excerpt":{"rendered":"<p>Publications Research papers Research papers that leverage the Robotont platform Theses PhD theses Master\u2019s theses Bachelor\u2019s theses<\/p>\n","protected":false},"author":98,"featured_media":0,"parent":0,"menu_order":0,"comment_status":"closed","ping_status":"closed","template":"","meta":{"_acf_changed":false,"inline_featured_image":false,"footnotes":""},"class_list":["post-185","page","type-page","status-publish","hentry"],"acf":[],"_links":{"self":[{"href":"https:\/\/sisu.ut.ee\/robotont\/en\/wp-json\/wp\/v2\/pages\/185","targetHints":{"allow":["GET"]}}],"collection":[{"href":"https:\/\/sisu.ut.ee\/robotont\/en\/wp-json\/wp\/v2\/pages"}],"about":[{"href":"https:\/\/sisu.ut.ee\/robotont\/en\/wp-json\/wp\/v2\/types\/page"}],"author":[{"embeddable":true,"href":"https:\/\/sisu.ut.ee\/robotont\/en\/wp-json\/wp\/v2\/users\/98"}],"replies":[{"embeddable":true,"href":"https:\/\/sisu.ut.ee\/robotont\/en\/wp-json\/wp\/v2\/comments?post=185"}],"version-history":[{"count":2,"href":"https:\/\/sisu.ut.ee\/robotont\/en\/wp-json\/wp\/v2\/pages\/185\/revisions"}],"predecessor-version":[{"id":193,"href":"https:\/\/sisu.ut.ee\/robotont\/en\/wp-json\/wp\/v2\/pages\/185\/revisions\/193"}],"wp:attachment":[{"href":"https:\/\/sisu.ut.ee\/robotont\/en\/wp-json\/wp\/v2\/media?parent=185"}],"curies":[{"name":"wp","href":"https:\/\/api.w.org\/{rel}","templated":true}]}}