{"id":9,"date":"2024-04-04T03:16:32","date_gmt":"2024-04-04T00:16:32","guid":{"rendered":"https:\/\/sisu.ut.ee\/robot\/5-kuidas-kasutada-roboti-sisendeid\/"},"modified":"2024-04-04T03:16:43","modified_gmt":"2024-04-04T00:16:43","slug":"5-kuidas-kasutada-roboti-sisendeid","status":"publish","type":"page","link":"https:\/\/sisu.ut.ee\/robot\/5-kuidas-kasutada-roboti-sisendeid\/","title":{"rendered":"5. Kuidas kasutada roboti sisendeid?"},"content":{"rendered":"<p><span>Praeguseks oled juba l\u00e4binud oma esimesed t\u00f5sisemad programmeerimis\u00fclesanded. Roboti v\u00e4ljundeid juhtides said panna selle juba midagi tegema. Edasi \u00f5pime kasutama roboti sisendeid. Nende kasutamine on oluline, kui tahame maailmast informatsiooni ammutada. Selles moodulis r\u00e4\u00e4gime roboti sisendite kasutamisest anduritega suhtlemise v\u00f5tmes.<\/span><\/p>\n<p>Lisalugemist leiad \u00f5pikust \u201cRobootika g\u00fcmnaasiumile\u201d aadressil <a style=\"background-color: #ffffff\" href=\"https:\/\/www.robootika.ee\/wp\/wp-content\/uploads\/2015\/04\/robootika_gymn_opik.pdf\" target=\"_blank\" rel=\"noopener\">https:\/\/www.robootika.ee\/wp\/wp-content\/uploads\/2015\/04\/robootika_gymn_opik.pdf<\/a>\u00a0peat\u00fckkidest:<\/p>\n<ul>\n<li>Andurid<\/li>\n<li>Analoogandurid<\/li>\n<li>Analoogandurid \u2013 II tase<\/li>\n<li>Digitaalandurid<\/li>\n<li>Digitaalandurid \u2013 II tase<\/li>\n<\/ul>\n","protected":false},"excerpt":{"rendered":"<p>Praeguseks oled juba l\u00e4binud oma esimesed t\u00f5sisemad programmeerimis\u00fclesanded. Roboti v\u00e4ljundeid juhtides said panna selle juba midagi tegema. Edasi \u00f5pime kasutama roboti sisendeid. Nende kasutamine on oluline, kui tahame maailmast informatsiooni ammutada. Selles moodulis r\u00e4\u00e4gime roboti sisendite kasutamisest anduritega suhtlemise v\u00f5tmes. &#8230;<\/p>\n","protected":false},"author":98,"featured_media":0,"parent":0,"menu_order":0,"comment_status":"closed","ping_status":"closed","template":"","meta":{"_acf_changed":false,"inline_featured_image":false,"footnotes":""},"class_list":["post-9","page","type-page","status-publish","hentry"],"acf":[],"_links":{"self":[{"href":"https:\/\/sisu.ut.ee\/robot\/wp-json\/wp\/v2\/pages\/9","targetHints":{"allow":["GET"]}}],"collection":[{"href":"https:\/\/sisu.ut.ee\/robot\/wp-json\/wp\/v2\/pages"}],"about":[{"href":"https:\/\/sisu.ut.ee\/robot\/wp-json\/wp\/v2\/types\/page"}],"author":[{"embeddable":true,"href":"https:\/\/sisu.ut.ee\/robot\/wp-json\/wp\/v2\/users\/98"}],"replies":[{"embeddable":true,"href":"https:\/\/sisu.ut.ee\/robot\/wp-json\/wp\/v2\/comments?post=9"}],"version-history":[{"count":1,"href":"https:\/\/sisu.ut.ee\/robot\/wp-json\/wp\/v2\/pages\/9\/revisions"}],"predecessor-version":[{"id":101,"href":"https:\/\/sisu.ut.ee\/robot\/wp-json\/wp\/v2\/pages\/9\/revisions\/101"}],"wp:attachment":[{"href":"https:\/\/sisu.ut.ee\/robot\/wp-json\/wp\/v2\/media?parent=9"}],"curies":[{"name":"wp","href":"https:\/\/api.w.org\/{rel}","templated":true}]}}