{"id":8,"date":"2024-04-04T03:16:32","date_gmt":"2024-04-04T00:16:32","guid":{"rendered":"https:\/\/sisu.ut.ee\/robot\/4-kuidas-kasutada-roboti-valjundeid\/"},"modified":"2024-04-04T03:16:43","modified_gmt":"2024-04-04T00:16:43","slug":"4-kuidas-kasutada-roboti-valjundeid","status":"publish","type":"page","link":"https:\/\/sisu.ut.ee\/robot\/4-kuidas-kasutada-roboti-valjundeid\/","title":{"rendered":"4. Kuidas kasutada roboti v\u00e4ljundeid?"},"content":{"rendered":"<p><span data-mce-mark=\"1\">Selles \u00f5ppet\u00fckis tegeleme robotite v\u00e4ljunditega. V\u00e4ljundite abil saab roboti panna tegutsema nii, et iga\u00fcks n\u00e4eb, mis toimub. N\u00e4iteks vilgutame valgusdioode ehk LED-e ja l\u00fclitame sisse-v\u00e4lja mootoreid, mis panevad mBoti rattad p\u00f6\u00f6rlema. Ja muidugi teeme seda k\u00f5ike kasutades programmeerimiskeelt.<\/span><\/p>\n<p>Valgusdioodide ja elektromootorite kohta leiad huvi korral lisainformatsiooni ka Tartu \u00dclikooli elektroonika \u00f5ppematerjalidest.<\/p>\n<ul>\n<li><a style=\"background-color: #ffffff\" href=\"https:\/\/sisu.ut.ee\/elektroonika\/31-valgusdiood\" target=\"_blank\" rel=\"noopener\">https:\/\/sisu.ut.ee\/elektroonika\/31-valgusdiood<\/a><\/li>\n<li><a style=\"background-color: #ffffff\" href=\"https:\/\/sisu.ut.ee\/elektroonika\/8-mootorid\" target=\"_blank\" rel=\"noopener\">https:\/\/sisu.ut.ee\/elektroonika\/8-mootorid<\/a><\/li>\n<\/ul>\n","protected":false},"excerpt":{"rendered":"<p>Selles \u00f5ppet\u00fckis tegeleme robotite v\u00e4ljunditega. V\u00e4ljundite abil saab roboti panna tegutsema nii, et iga\u00fcks n\u00e4eb, mis toimub. N\u00e4iteks vilgutame valgusdioode ehk LED-e ja l\u00fclitame sisse-v\u00e4lja mootoreid, mis panevad mBoti rattad p\u00f6\u00f6rlema. Ja muidugi teeme seda k\u00f5ike kasutades programmeerimiskeelt. Valgusdioodide ja &#8230;<\/p>\n","protected":false},"author":98,"featured_media":0,"parent":0,"menu_order":0,"comment_status":"closed","ping_status":"closed","template":"","meta":{"_acf_changed":false,"inline_featured_image":false,"footnotes":""},"class_list":["post-8","page","type-page","status-publish","hentry"],"acf":[],"_links":{"self":[{"href":"https:\/\/sisu.ut.ee\/robot\/wp-json\/wp\/v2\/pages\/8","targetHints":{"allow":["GET"]}}],"collection":[{"href":"https:\/\/sisu.ut.ee\/robot\/wp-json\/wp\/v2\/pages"}],"about":[{"href":"https:\/\/sisu.ut.ee\/robot\/wp-json\/wp\/v2\/types\/page"}],"author":[{"embeddable":true,"href":"https:\/\/sisu.ut.ee\/robot\/wp-json\/wp\/v2\/users\/98"}],"replies":[{"embeddable":true,"href":"https:\/\/sisu.ut.ee\/robot\/wp-json\/wp\/v2\/comments?post=8"}],"version-history":[{"count":1,"href":"https:\/\/sisu.ut.ee\/robot\/wp-json\/wp\/v2\/pages\/8\/revisions"}],"predecessor-version":[{"id":100,"href":"https:\/\/sisu.ut.ee\/robot\/wp-json\/wp\/v2\/pages\/8\/revisions\/100"}],"wp:attachment":[{"href":"https:\/\/sisu.ut.ee\/robot\/wp-json\/wp\/v2\/media?parent=8"}],"curies":[{"name":"wp","href":"https:\/\/api.w.org\/{rel}","templated":true}]}}