{"id":7,"date":"2024-04-04T03:16:32","date_gmt":"2024-04-04T00:16:32","guid":{"rendered":"https:\/\/sisu.ut.ee\/robot\/3-kuidas-mbot-robotiga-tootada\/"},"modified":"2024-04-04T03:16:43","modified_gmt":"2024-04-04T00:16:43","slug":"3-kuidas-mbot-robotiga-tootada","status":"publish","type":"page","link":"https:\/\/sisu.ut.ee\/robot\/3-kuidas-mbot-robotiga-tootada\/","title":{"rendered":"3. Kuidas mBot robotiga t\u00f6\u00f6tada?"},"content":{"rendered":"<p>Eelnevalt said abstraktse \u00fclevaate roboti kontrollerist. J\u00e4rgnevalt vaatame, kuidas roboti programmeerimine v\u00e4lja n\u00e4eb ning millist tarkvara selleks vaja on. K\u00f5igepealt \u00f5pid tundma programmeerimiskeskkonda, siis saad sissejuhatuse programmeerimisest Arduino keskkonnas keeles C++ ning l\u00f5puks kirjutad lihtsa programmi ning \u00f5pid, millised vead v\u00f5ivad tekkida.<\/p>\n","protected":false},"excerpt":{"rendered":"<p>Eelnevalt said abstraktse \u00fclevaate roboti kontrollerist. J\u00e4rgnevalt vaatame, kuidas roboti programmeerimine v\u00e4lja n\u00e4eb ning millist tarkvara selleks vaja on. K\u00f5igepealt \u00f5pid tundma programmeerimiskeskkonda, siis saad sissejuhatuse programmeerimisest Arduino keskkonnas keeles C++ ning l\u00f5puks kirjutad lihtsa programmi ning \u00f5pid, millised vead &#8230;<\/p>\n","protected":false},"author":98,"featured_media":0,"parent":0,"menu_order":0,"comment_status":"closed","ping_status":"closed","template":"","meta":{"_acf_changed":false,"inline_featured_image":false,"footnotes":""},"class_list":["post-7","page","type-page","status-publish","hentry"],"acf":[],"_links":{"self":[{"href":"https:\/\/sisu.ut.ee\/robot\/wp-json\/wp\/v2\/pages\/7","targetHints":{"allow":["GET"]}}],"collection":[{"href":"https:\/\/sisu.ut.ee\/robot\/wp-json\/wp\/v2\/pages"}],"about":[{"href":"https:\/\/sisu.ut.ee\/robot\/wp-json\/wp\/v2\/types\/page"}],"author":[{"embeddable":true,"href":"https:\/\/sisu.ut.ee\/robot\/wp-json\/wp\/v2\/users\/98"}],"replies":[{"embeddable":true,"href":"https:\/\/sisu.ut.ee\/robot\/wp-json\/wp\/v2\/comments?post=7"}],"version-history":[{"count":1,"href":"https:\/\/sisu.ut.ee\/robot\/wp-json\/wp\/v2\/pages\/7\/revisions"}],"predecessor-version":[{"id":99,"href":"https:\/\/sisu.ut.ee\/robot\/wp-json\/wp\/v2\/pages\/7\/revisions\/99"}],"wp:attachment":[{"href":"https:\/\/sisu.ut.ee\/robot\/wp-json\/wp\/v2\/media?parent=7"}],"curies":[{"name":"wp","href":"https:\/\/api.w.org\/{rel}","templated":true}]}}