{"id":6,"date":"2024-04-04T03:16:32","date_gmt":"2024-04-04T00:16:32","guid":{"rendered":"https:\/\/sisu.ut.ee\/robot\/21-roboti-aju-tutvustus\/"},"modified":"2024-12-16T09:43:39","modified_gmt":"2024-12-16T07:43:39","slug":"21-roboti-aju-tutvustus","status":"publish","type":"page","link":"https:\/\/sisu.ut.ee\/robot\/21-roboti-aju-tutvustus\/","title":{"rendered":"2.1. Roboti aju tutvustus"},"content":{"rendered":"<p><span data-mce-mark=\"1\">Inimese jaoks on aju \u00fcks kriitilisemaid elundeid. Mitmeid teisi on v\u00f5imalik siirdada, kui need t\u00f6\u00f6 l\u00f5petavad, aga aju ei saa. Aju olulisuses ei kahtle vast keegi. Sisuliselt tegeleb aju k\u00f5ikide teiste elundite ja kehaosade juhtimisega. Robotites on olemas sarnase rolliga s\u00fcsteem, mida tihti kutsutakse roboti ajuks.<\/span><\/p>\n<p><span data-mce-mark=\"1\">J\u00e4rgnevas videos n\u00e4ed, mida roboti aju endast kujutab.<\/span><\/p>\n<p><span data-mce-mark=\"1\"><span data-mce-mark=\"1\"><div class=\"ratio ratio-16x9 mb-3\"><div class=\"video-placeholder-wrapper video-placeholder-wrapper--16x9\">\n\t\t\t    <div class=\"video-placeholder d-flex justify-content-center align-items-center\">\n\t\t\t        <div class=\"overlay text-white p-2 w-100 text-center d-block justify-content-center align-items-center\">\n\t\t\t            <div>Kolmandate osapoolte sisu n\u00e4gemiseks palun n\u00f5ustu k\u00fcpsistega.<\/div>\n\t\t\t            <button class=\"btn btn-secondary btn-sm mt-1 consent-change\">Muuda n\u00f5usolekut<\/button>\n\t\t\t        <\/div>\n\t\t\t    <\/div>\n\t\t\t<\/div>\n<\/div><\/span><\/span><\/p>\n<p style=\"text-align: center\"><a href=\"https:\/\/youtu.be\/lzLE3_Wqr-A\" target=\"_blank\" rel=\"noopener\"><span data-mce-mark=\"1\">https:\/\/youtu.be\/lzLE3_Wqr-A<\/span><\/a><\/p>\n<p>N\u00fc\u00fcd on sul selge, millega tegeleb roboti aju. Tead ka seda, et t\u00fc\u00fcpiliselt kasutatakse roboti ajuks arvutit. Arvutitel on aga korralikult t\u00f6\u00f6tamiseks vaja programme. Programmita ei oska see iseseisvalt midagi teha. Arvutitega robotid vajavad samuti programmi, et korralikult funktsioneerida.<\/p>\n<p>Antud videot vaadates saad selgeks, mis asi on programm.<\/p>\n<p><span data-mce-mark=\"1\"><span data-mce-mark=\"1\"><div class=\"ratio ratio-16x9 mb-3\"><div class=\"video-placeholder-wrapper video-placeholder-wrapper--16x9\">\n\t\t\t    <div class=\"video-placeholder d-flex justify-content-center align-items-center\">\n\t\t\t        <div class=\"overlay text-white p-2 w-100 text-center d-block justify-content-center align-items-center\">\n\t\t\t            <div>Kolmandate osapoolte sisu n\u00e4gemiseks palun n\u00f5ustu k\u00fcpsistega.<\/div>\n\t\t\t            <button class=\"btn btn-secondary btn-sm mt-1 consent-change\">Muuda n\u00f5usolekut<\/button>\n\t\t\t        <\/div>\n\t\t\t    <\/div>\n\t\t\t<\/div>\n<\/div><\/span><\/span><\/p>\n<p style=\"text-align: center\"><a href=\"https:\/\/youtu.be\/5M24fegqFQE\" target=\"_blank\" rel=\"noopener\"><span data-mce-mark=\"1\">https:\/\/youtu.be\/5M24fegqFQE<\/span><\/a><\/p>\n<p>Sul v\u00f5iks juba olla mingisugune arusaam, misjaoks on robootikas programm oluline ja mida sellega teha saab. Paljude \u00fclesannete korral selgub, et programm, mis t\u00e4idab etteantud tegevusi \u00fche korra, ei ole k\u00f5ige otstarbekam. Vahel on vaja neid mitu korda j\u00e4rjest teha.<\/p>\n<p>J\u00e4rgnevas videos \u00f5pid, mis on ts\u00fckliline programm.<\/p>\n<p><span data-mce-mark=\"1\"><span data-mce-mark=\"1\"><div class=\"ratio ratio-16x9 mb-3\"><div class=\"video-placeholder-wrapper video-placeholder-wrapper--16x9\">\n\t\t\t    <div class=\"video-placeholder d-flex justify-content-center align-items-center\">\n\t\t\t        <div class=\"overlay text-white p-2 w-100 text-center d-block justify-content-center align-items-center\">\n\t\t\t            <div>Kolmandate osapoolte sisu n\u00e4gemiseks palun n\u00f5ustu k\u00fcpsistega.<\/div>\n\t\t\t            <button class=\"btn btn-secondary btn-sm mt-1 consent-change\">Muuda n\u00f5usolekut<\/button>\n\t\t\t        <\/div>\n\t\t\t    <\/div>\n\t\t\t<\/div>\n<\/div><\/span><\/span><\/p>\n<p style=\"text-align: center\"><a href=\"https:\/\/youtu.be\/WJUpfq2UMdI\" target=\"_blank\" rel=\"noopener\"><span data-mce-mark=\"1\">https:\/\/youtu.be\/WJUpfq2UMdI<\/span><\/a><\/p>\n<p><span><span>Kui tundub, et oled selle peat\u00fcki sisu omandanud, v\u00f5id liikuda edasi.<\/span><\/span><\/p>\n","protected":false},"excerpt":{"rendered":"<p>Inimese jaoks on aju \u00fcks kriitilisemaid elundeid. Mitmeid teisi on v\u00f5imalik siirdada, kui need t\u00f6\u00f6 l\u00f5petavad, aga aju ei saa. Aju olulisuses ei kahtle vast keegi. Sisuliselt tegeleb aju k\u00f5ikide teiste elundite ja kehaosade juhtimisega. Robotites on olemas sarnase rolliga &#8230;<\/p>\n","protected":false},"author":98,"featured_media":0,"parent":0,"menu_order":0,"comment_status":"closed","ping_status":"closed","template":"","meta":{"_acf_changed":false,"inline_featured_image":false,"footnotes":""},"class_list":["post-6","page","type-page","status-publish","hentry"],"acf":[],"_links":{"self":[{"href":"https:\/\/sisu.ut.ee\/robot\/wp-json\/wp\/v2\/pages\/6","targetHints":{"allow":["GET"]}}],"collection":[{"href":"https:\/\/sisu.ut.ee\/robot\/wp-json\/wp\/v2\/pages"}],"about":[{"href":"https:\/\/sisu.ut.ee\/robot\/wp-json\/wp\/v2\/types\/page"}],"author":[{"embeddable":true,"href":"https:\/\/sisu.ut.ee\/robot\/wp-json\/wp\/v2\/users\/98"}],"replies":[{"embeddable":true,"href":"https:\/\/sisu.ut.ee\/robot\/wp-json\/wp\/v2\/comments?post=6"}],"version-history":[{"count":3,"href":"https:\/\/sisu.ut.ee\/robot\/wp-json\/wp\/v2\/pages\/6\/revisions"}],"predecessor-version":[{"id":151,"href":"https:\/\/sisu.ut.ee\/robot\/wp-json\/wp\/v2\/pages\/6\/revisions\/151"}],"wp:attachment":[{"href":"https:\/\/sisu.ut.ee\/robot\/wp-json\/wp\/v2\/media?parent=6"}],"curies":[{"name":"wp","href":"https:\/\/api.w.org\/{rel}","templated":true}]}}