{"id":5,"date":"2024-04-04T03:16:32","date_gmt":"2024-04-04T00:16:32","guid":{"rendered":"https:\/\/sisu.ut.ee\/robot\/2-kuidas-robot-motleb\/"},"modified":"2024-04-04T03:16:43","modified_gmt":"2024-04-04T00:16:43","slug":"2-kuidas-robot-motleb","status":"publish","type":"page","link":"https:\/\/sisu.ut.ee\/robot\/2-kuidas-robot-motleb\/","title":{"rendered":"2. Kuidas robot m\u00f5tleb?"},"content":{"rendered":"<p><span id=\"docs-internal-guid-a6eeb87c-acf6-37f9-166f-34a7d7b358a5\"><span>Oled juba teada saanud, mis asi on robot. Lisaks oled juba saanud oma k\u00e4tega robotit katsuda. N\u00fc\u00fcd on aga aeg uurida natuke l\u00e4hemalt, mis toimub roboti sisemuses. Selles moodulis uurime, kuidas pannakse laua peal seisev riistvara tegema m\u00f5testatud tegevusi.<\/span><\/span><\/p>\n","protected":false},"excerpt":{"rendered":"<p>Oled juba teada saanud, mis asi on robot. Lisaks oled juba saanud oma k\u00e4tega robotit katsuda. N\u00fc\u00fcd on aga aeg uurida natuke l\u00e4hemalt, mis toimub roboti sisemuses. Selles moodulis uurime, kuidas pannakse laua peal seisev riistvara tegema m\u00f5testatud tegevusi.<\/p>\n","protected":false},"author":98,"featured_media":0,"parent":0,"menu_order":0,"comment_status":"closed","ping_status":"closed","template":"","meta":{"_acf_changed":false,"inline_featured_image":false,"footnotes":""},"class_list":["post-5","page","type-page","status-publish","hentry"],"acf":[],"_links":{"self":[{"href":"https:\/\/sisu.ut.ee\/robot\/wp-json\/wp\/v2\/pages\/5","targetHints":{"allow":["GET"]}}],"collection":[{"href":"https:\/\/sisu.ut.ee\/robot\/wp-json\/wp\/v2\/pages"}],"about":[{"href":"https:\/\/sisu.ut.ee\/robot\/wp-json\/wp\/v2\/types\/page"}],"author":[{"embeddable":true,"href":"https:\/\/sisu.ut.ee\/robot\/wp-json\/wp\/v2\/users\/98"}],"replies":[{"embeddable":true,"href":"https:\/\/sisu.ut.ee\/robot\/wp-json\/wp\/v2\/comments?post=5"}],"version-history":[{"count":1,"href":"https:\/\/sisu.ut.ee\/robot\/wp-json\/wp\/v2\/pages\/5\/revisions"}],"predecessor-version":[{"id":97,"href":"https:\/\/sisu.ut.ee\/robot\/wp-json\/wp\/v2\/pages\/5\/revisions\/97"}],"wp:attachment":[{"href":"https:\/\/sisu.ut.ee\/robot\/wp-json\/wp\/v2\/media?parent=5"}],"curies":[{"name":"wp","href":"https:\/\/api.w.org\/{rel}","templated":true}]}}