{"id":4,"date":"2024-04-04T03:16:32","date_gmt":"2024-04-04T00:16:32","guid":{"rendered":"https:\/\/sisu.ut.ee\/robot\/1-mis-robot\/"},"modified":"2024-04-04T03:16:43","modified_gmt":"2024-04-04T00:16:43","slug":"1-mis-robot","status":"publish","type":"page","link":"https:\/\/sisu.ut.ee\/robot\/1-mis-robot\/","title":{"rendered":"1. Mis on robot?"},"content":{"rendered":"<p>Esimeses \u00f5ppet\u00fckis heidame pilgu robootika ajaloole ning olulisematele kasutusvaldkondadele. Otsime ka vastust k\u00fcsimusele, kes on suuremad unistajad: kas kirjanikud v\u00f5i insenerid? Kui oleme lahti m\u00f5testanud robotite \u00fcldise olemuse, ongi aeg panna kokku meie kursuse t\u00f6\u00f6vahendiks olev mBot robot.<\/p>\n","protected":false},"excerpt":{"rendered":"<p>Esimeses \u00f5ppet\u00fckis heidame pilgu robootika ajaloole ning olulisematele kasutusvaldkondadele. Otsime ka vastust k\u00fcsimusele, kes on suuremad unistajad: kas kirjanikud v\u00f5i insenerid? Kui oleme lahti m\u00f5testanud robotite \u00fcldise olemuse, ongi aeg panna kokku meie kursuse t\u00f6\u00f6vahendiks olev mBot robot.<\/p>\n","protected":false},"author":98,"featured_media":0,"parent":0,"menu_order":0,"comment_status":"closed","ping_status":"closed","template":"","meta":{"_acf_changed":false,"inline_featured_image":false,"footnotes":""},"class_list":["post-4","page","type-page","status-publish","hentry"],"acf":[],"_links":{"self":[{"href":"https:\/\/sisu.ut.ee\/robot\/wp-json\/wp\/v2\/pages\/4","targetHints":{"allow":["GET"]}}],"collection":[{"href":"https:\/\/sisu.ut.ee\/robot\/wp-json\/wp\/v2\/pages"}],"about":[{"href":"https:\/\/sisu.ut.ee\/robot\/wp-json\/wp\/v2\/types\/page"}],"author":[{"embeddable":true,"href":"https:\/\/sisu.ut.ee\/robot\/wp-json\/wp\/v2\/users\/98"}],"replies":[{"embeddable":true,"href":"https:\/\/sisu.ut.ee\/robot\/wp-json\/wp\/v2\/comments?post=4"}],"version-history":[{"count":1,"href":"https:\/\/sisu.ut.ee\/robot\/wp-json\/wp\/v2\/pages\/4\/revisions"}],"predecessor-version":[{"id":96,"href":"https:\/\/sisu.ut.ee\/robot\/wp-json\/wp\/v2\/pages\/4\/revisions\/96"}],"wp:attachment":[{"href":"https:\/\/sisu.ut.ee\/robot\/wp-json\/wp\/v2\/media?parent=4"}],"curies":[{"name":"wp","href":"https:\/\/api.w.org\/{rel}","templated":true}]}}