{"id":3,"date":"2024-04-04T03:16:32","date_gmt":"2024-04-04T00:16:32","guid":{"rendered":"https:\/\/sisu.ut.ee\/robot\/12-mboti-kokkupanemine\/"},"modified":"2024-04-04T03:16:43","modified_gmt":"2024-04-04T00:16:43","slug":"12-mboti-kokkupanemine","status":"publish","type":"page","link":"https:\/\/sisu.ut.ee\/robot\/12-mboti-kokkupanemine\/","title":{"rendered":"1.2. mBoti kokkupanemine"},"content":{"rendered":"<p><span>N\u00fc\u00fcd, kus teooria ilusasti selge, on paras aeg mBot robot oma enda k\u00e4tega kokku panna. J\u00e4rgnevas videos n\u00e4idatakse, kuidas kiiresti j\u00f5uda t\u00f6\u00f6tava robotini. Alustuseks t\u00fchjenda oma t\u00f6\u00f6pind k\u00f5igest \u00fcleliigset ning paki lahti mBoti karp. J\u00f5udu!<\/span><\/p>\n<p><\/p><div class=\"ratio ratio-16x9 mb-3\"><div class=\"video-placeholder-wrapper video-placeholder-wrapper--16x9\">\n\t\t\t    <div class=\"video-placeholder d-flex justify-content-center align-items-center\">\n\t\t\t        <div class=\"overlay text-white p-2 w-100 text-center d-block justify-content-center align-items-center\">\n\t\t\t            <div>Kolmandate osapoolte sisu n\u00e4gemiseks palun n\u00f5ustu k\u00fcpsistega.<\/div>\n\t\t\t            <button class=\"btn btn-secondary btn-sm mt-1 consent-change\">Muuda n\u00f5usolekut<\/button>\n\t\t\t        <\/div>\n\t\t\t    <\/div>\n\t\t\t<\/div>\n<\/div>\n<p style=\"text-align: center\"><a href=\"https:\/\/youtu.be\/U1iGip6rL_w\" target=\"_blank\" rel=\"noopener\"><span id=\"docs-internal-guid-a6eeb87c-ac76-cf39-f518-50fee186a2fa\"><span>https:\/\/youtu.be\/U1iGip6rL_w<\/span><\/span><\/a><\/p>\n<p>Juhul, kui soovid tulevikus kasutada oma mBot roboti juures ka Bluetooth \u00fchendust, on m\u00f5istlik roboti karbis sisalduv Bluetooth moodul \u00fchendada roboti kontrolleriga enne kontrolleri kinnitamist kandurite k\u00fclge. Selleks eemalda kontrollerilt pealmine l\u00e4bipaistev kaas, v\u00f5ta Bluetooth moodul vahtplasti k\u00fcljest lahti ning \u00fchenda see kontrolleri plaadiga nii, et k\u00f5ik selle viigud (ehk jalad) asetuvad t\u00e4pselt \u00f5igetesse aukudesse, seej\u00e4rel pane kontrollerile kaas peale tagasi.<\/p>\n<p><img loading=\"lazy\" decoding=\"async\" style=\"margin-left: auto;margin-right: auto\" src=\"\/wp-content\/uploads\/sites\/198\/bt_juhis.png\" width=\"500\" height=\"223\"><\/p>\n\n<p>\u00a0<\/p>\n<p style=\"text-align: left\"><span><span><span>\u00a0<\/span><\/span><\/span><\/p>\n","protected":false},"excerpt":{"rendered":"<p>N\u00fc\u00fcd, kus teooria ilusasti selge, on paras aeg mBot robot oma enda k\u00e4tega kokku panna. J\u00e4rgnevas videos n\u00e4idatakse, kuidas kiiresti j\u00f5uda t\u00f6\u00f6tava robotini. Alustuseks t\u00fchjenda oma t\u00f6\u00f6pind k\u00f5igest \u00fcleliigset ning paki lahti mBoti karp. J\u00f5udu! Kolmandate osapoolte sisu n\u00e4gemiseks palun &#8230;<\/p>\n","protected":false},"author":98,"featured_media":0,"parent":0,"menu_order":0,"comment_status":"closed","ping_status":"closed","template":"","meta":{"_acf_changed":false,"inline_featured_image":false,"footnotes":""},"class_list":["post-3","page","type-page","status-publish","hentry"],"acf":[],"_links":{"self":[{"href":"https:\/\/sisu.ut.ee\/robot\/wp-json\/wp\/v2\/pages\/3","targetHints":{"allow":["GET"]}}],"collection":[{"href":"https:\/\/sisu.ut.ee\/robot\/wp-json\/wp\/v2\/pages"}],"about":[{"href":"https:\/\/sisu.ut.ee\/robot\/wp-json\/wp\/v2\/types\/page"}],"author":[{"embeddable":true,"href":"https:\/\/sisu.ut.ee\/robot\/wp-json\/wp\/v2\/users\/98"}],"replies":[{"embeddable":true,"href":"https:\/\/sisu.ut.ee\/robot\/wp-json\/wp\/v2\/comments?post=3"}],"version-history":[{"count":1,"href":"https:\/\/sisu.ut.ee\/robot\/wp-json\/wp\/v2\/pages\/3\/revisions"}],"predecessor-version":[{"id":95,"href":"https:\/\/sisu.ut.ee\/robot\/wp-json\/wp\/v2\/pages\/3\/revisions\/95"}],"wp:attachment":[{"href":"https:\/\/sisu.ut.ee\/robot\/wp-json\/wp\/v2\/media?parent=3"}],"curies":[{"name":"wp","href":"https:\/\/api.w.org\/{rel}","templated":true}]}}