{"id":27,"date":"2024-04-04T03:16:33","date_gmt":"2024-04-04T00:16:33","guid":{"rendered":"https:\/\/sisu.ut.ee\/robot\/sissejuhatus-robootikasse\/"},"modified":"2024-04-04T03:16:43","modified_gmt":"2024-04-04T00:16:43","slug":"sissejuhatus-robootikasse","status":"publish","type":"page","link":"https:\/\/sisu.ut.ee\/robot\/sissejuhatus-robootikasse\/","title":{"rendered":"1.1. Sissejuhatus robootikasse"},"content":{"rendered":"<p>T\u00f5en\u00e4oliselt oskab iga\u00fcks meist ette kujutada m\u00f5nda robotit, aga miks? Kas on p\u00f5hjus selles, et me k\u00f5ik oleme loomult praktilised robotiehitajad v\u00f5i hoopis elava kujutlusv\u00f5imega unistajad? \u00c4kki m\u00f5lemat? \u00dcks on selge: et robotitest \u00fcldse r\u00e4\u00e4kida saaks, peame kokku leppima terminoloogias.<\/p>\n<p>Oma r\u00e4nnakut robootika terminoloogia s\u00f5nastamisel alustame inimeste fantaasiates. J\u00e4rgnevas videoloengus vaatleme, kuidas on roboteid kirjeldanud kirjanikud ja filmiloojad ehk inimesed, kes s\u00f6endavad oma fantaasiad k\u00f5igile n\u00e4htavaks muuta.<\/p>\n<p><\/p><div class=\"ratio ratio-16x9 mb-3\"><div class=\"video-placeholder-wrapper video-placeholder-wrapper--16x9\">\n\t\t\t    <div class=\"video-placeholder d-flex justify-content-center align-items-center\">\n\t\t\t        <div class=\"overlay text-white p-2 w-100 text-center d-block justify-content-center align-items-center\">\n\t\t\t            <div>Kolmandate osapoolte sisu n\u00e4gemiseks palun n\u00f5ustu k\u00fcpsistega.<\/div>\n\t\t\t            <button class=\"btn btn-secondary btn-sm mt-1 consent-change\">Muuda n\u00f5usolekut<\/button>\n\t\t\t        <\/div>\n\t\t\t    <\/div>\n\t\t\t<\/div>\n<\/div>\n<p style=\"text-align: center\"><a href=\"https:\/\/youtu.be\/2R0JVYk4QI0\" target=\"_blank\" rel=\"noopener\">https:\/\/youtu.be\/2R0JVYk4QI0<\/a><\/p>\n<p>Saime teada, et robotid on oma nime saanud ilukirjandusest ning et filmikunst v\u00f5imaldab meie silme ette manada rohkelt eri v\u00e4limusega roboteid. Eks t\u00f5si ta on, et just raamatutest loetu ja filmilinalt n\u00e4htu on alati m\u00f5jutanud ja m\u00f5jutab ka edaspidi robotiehitajaid.<\/p>\n<p>J\u00e4rgmiseks v\u00f5tamegi ette robootika kasutusvaldkonnad p\u00e4riselus, et hinnata, mil m\u00e4\u00e4ral on suudetud inimeste unistusi robotitest ka realiseerida.<\/p>\n<p><\/p><div class=\"ratio ratio-16x9 mb-3\"><div class=\"video-placeholder-wrapper video-placeholder-wrapper--16x9\">\n\t\t\t    <div class=\"video-placeholder d-flex justify-content-center align-items-center\">\n\t\t\t        <div class=\"overlay text-white p-2 w-100 text-center d-block justify-content-center align-items-center\">\n\t\t\t            <div>Kolmandate osapoolte sisu n\u00e4gemiseks palun n\u00f5ustu k\u00fcpsistega.<\/div>\n\t\t\t            <button class=\"btn btn-secondary btn-sm mt-1 consent-change\">Muuda n\u00f5usolekut<\/button>\n\t\t\t        <\/div>\n\t\t\t    <\/div>\n\t\t\t<\/div>\n<\/div>\n<p style=\"text-align: center\"><a href=\"https:\/\/youtu.be\/4PQc3OAvXvo\" target=\"_blank\" rel=\"noopener\">https:\/\/youtu.be\/4PQc3OAvXvo<\/a><\/p>\n<p>Nagu n\u00e4ha, siis unistavad insenerid sama suurelt kui kirjanikud. T\u00e4nu t\u00f6\u00f6katele ja leidlikele robotiehitajatele kohtame eri roboteid paljudes eluvaldkondades. V\u00f5imalik, et juba \u00f5ige pea saame m\u00f5ne t\u00fc\u00fctu majapidamist\u00f6\u00f6 delegeerida hoopis isiklikule robotabilisele.<\/p>\n<p>N\u00fc\u00fcd on aga aeg muutuda veel konkreetsemaks ja proovida s\u00f5nastada see, mis teeb \u00fchest robotist roboti.<\/p>\n<p><\/p><div class=\"ratio ratio-16x9 mb-3\"><div class=\"video-placeholder-wrapper video-placeholder-wrapper--16x9\">\n\t\t\t    <div class=\"video-placeholder d-flex justify-content-center align-items-center\">\n\t\t\t        <div class=\"overlay text-white p-2 w-100 text-center d-block justify-content-center align-items-center\">\n\t\t\t            <div>Kolmandate osapoolte sisu n\u00e4gemiseks palun n\u00f5ustu k\u00fcpsistega.<\/div>\n\t\t\t            <button class=\"btn btn-secondary btn-sm mt-1 consent-change\">Muuda n\u00f5usolekut<\/button>\n\t\t\t        <\/div>\n\t\t\t    <\/div>\n\t\t\t<\/div>\n<\/div>\n<p style=\"text-align: center\"><a href=\"https:\/\/youtu.be\/cuqpqfgHqRU\" target=\"_blank\" rel=\"noopener\">https:\/\/youtu.be\/cuqpqfgHqRU<\/a><\/p>\n<p>Meil k\u00f5igil on ju mingi arusaamine sellest, mis on robot. Andes aga roboti osadele kindlad nimed, nagu andurid ja t\u00e4iturid, saame omavahel suhelda selliselt, et ka teised robotiehitajad meid m\u00f5istavad.<\/p>\n<p>J\u00e4rgnevalt aga proovi k\u00e4tt kiire enesetestiga, et n\u00e4ha, kui palju eelnevast kolmest videost ka meelde j\u00e4i. Head pealehakkamist ja edu!\u00a0<\/p>\n","protected":false},"excerpt":{"rendered":"<p>T\u00f5en\u00e4oliselt oskab iga\u00fcks meist ette kujutada m\u00f5nda robotit, aga miks? Kas on p\u00f5hjus selles, et me k\u00f5ik oleme loomult praktilised robotiehitajad v\u00f5i hoopis elava kujutlusv\u00f5imega unistajad? \u00c4kki m\u00f5lemat? \u00dcks on selge: et robotitest \u00fcldse r\u00e4\u00e4kida saaks, peame kokku leppima terminoloogias. &#8230;<\/p>\n","protected":false},"author":98,"featured_media":0,"parent":0,"menu_order":0,"comment_status":"closed","ping_status":"closed","template":"","meta":{"_acf_changed":false,"inline_featured_image":false,"footnotes":""},"class_list":["post-27","page","type-page","status-publish","hentry"],"acf":[],"_links":{"self":[{"href":"https:\/\/sisu.ut.ee\/robot\/wp-json\/wp\/v2\/pages\/27","targetHints":{"allow":["GET"]}}],"collection":[{"href":"https:\/\/sisu.ut.ee\/robot\/wp-json\/wp\/v2\/pages"}],"about":[{"href":"https:\/\/sisu.ut.ee\/robot\/wp-json\/wp\/v2\/types\/page"}],"author":[{"embeddable":true,"href":"https:\/\/sisu.ut.ee\/robot\/wp-json\/wp\/v2\/users\/98"}],"replies":[{"embeddable":true,"href":"https:\/\/sisu.ut.ee\/robot\/wp-json\/wp\/v2\/comments?post=27"}],"version-history":[{"count":1,"href":"https:\/\/sisu.ut.ee\/robot\/wp-json\/wp\/v2\/pages\/27\/revisions"}],"predecessor-version":[{"id":94,"href":"https:\/\/sisu.ut.ee\/robot\/wp-json\/wp\/v2\/pages\/27\/revisions\/94"}],"wp:attachment":[{"href":"https:\/\/sisu.ut.ee\/robot\/wp-json\/wp\/v2\/media?parent=27"}],"curies":[{"name":"wp","href":"https:\/\/api.w.org\/{rel}","templated":true}]}}