{"id":24,"date":"2024-04-04T03:16:33","date_gmt":"2024-04-04T00:16:33","guid":{"rendered":"https:\/\/sisu.ut.ee\/robot\/62-vali-projekt\/"},"modified":"2024-04-04T03:16:43","modified_gmt":"2024-04-04T00:16:43","slug":"62-vali-projekt","status":"publish","type":"page","link":"https:\/\/sisu.ut.ee\/robot\/62-vali-projekt\/","title":{"rendered":"6.2. Vali projekt"},"content":{"rendered":"<p><span>Ja ongi aeg programmeerida valmis p\u00e4ris oma robot, mis teeb t\u00e4pselt seda, mida sina tahad. Ideede kogumiseks heida pilk peale ka siinsetele videotele, mis n\u00e4itavad erinevaid projekte, mida siinse \u00f5ppematerjali loojad suutsid mBoti abil valmis meisterdada. Igas videos on mBot uut moodi programmeeritud \u2013 kas sina saad aru, milliseid andureid, t\u00e4itureid ja algoritme kasutatakse? Kuna k\u00f5ige paremini \u00f5pid ise tehes, siis proovi julgesti oma mBot samamoodi tegutsema saada.<\/span><\/p>\n<p>Edu!<\/p>\n<h3><span>Kl\u00f5psa projekti nimel!<\/span><\/h3>\n<p><\/p><div class=\"accordion mb-3\">\n        <div class=\"accordion-item accordion-item--white\">\n        <h2 class=\"accordion-header\" id=\"accordion-69d2bd65554d4-heading\">\n            <button class=\"accordion-button collapsed\" type=\"button\" data-bs-toggle=\"collapse\" data-bs-target=\"#accordion-69d2bd65554d4-collapse\" aria-expanded=\"true\" aria-controls=\"accordion-69d2bd65554d4-collapse\">1. Puldiauto, mis ei s\u00f5ida vastu seina<\/button>\n        <\/h2>\n        <div id=\"accordion-69d2bd65554d4-collapse\" class=\"accordion-collapse collapse\" aria-labelledby=\"accordion-69d2bd65554d4-heading\">\n            <div class=\"accordion-body\">\n<p><\/p><div class=\"ratio ratio-16x9 mb-3\"><div class=\"video-placeholder-wrapper video-placeholder-wrapper--16x9\">\n\t\t\t    <div class=\"video-placeholder d-flex justify-content-center align-items-center\">\n\t\t\t        <div class=\"overlay text-white p-2 w-100 text-center d-block justify-content-center align-items-center\">\n\t\t\t            <div>Kolmandate osapoolte sisu n\u00e4gemiseks palun n\u00f5ustu k\u00fcpsistega.<\/div>\n\t\t\t            <button class=\"btn btn-secondary btn-sm mt-1 consent-change\">Muuda n\u00f5usolekut<\/button>\n\t\t\t        <\/div>\n\t\t\t    <\/div>\n\t\t\t<\/div>\n<\/div>\n<p style=\"text-align: center\"><a href=\"https:\/\/youtu.be\/KF4J5hSMgrg\" target=\"_blank\" rel=\"noopener\">https:\/\/youtu.be\/KF4J5hSMgrg<\/a><\/p>\n<p style=\"text-align: left\"><\/p><\/div>\n        <\/div>\n        <\/div>\n    <\/div> \u00a0\n<p><\/p><div class=\"accordion mb-3\">\n        <div class=\"accordion-item accordion-item--white\">\n        <h2 class=\"accordion-header\" id=\"accordion-69d2bd65554db-heading\">\n            <button class=\"accordion-button collapsed\" type=\"button\" data-bs-toggle=\"collapse\" data-bs-target=\"#accordion-69d2bd65554db-collapse\" aria-expanded=\"true\" aria-controls=\"accordion-69d2bd65554db-collapse\">2. Ises\u00f5itev robot, mis p\u00f5ikleb m\u00f6\u00f6da takistustest<\/button>\n        <\/h2>\n        <div id=\"accordion-69d2bd65554db-collapse\" class=\"accordion-collapse collapse\" aria-labelledby=\"accordion-69d2bd65554db-heading\">\n            <div class=\"accordion-body\">\n<p><\/p><div class=\"ratio ratio-16x9 mb-3\"><div class=\"video-placeholder-wrapper video-placeholder-wrapper--16x9\">\n\t\t\t    <div class=\"video-placeholder d-flex justify-content-center align-items-center\">\n\t\t\t        <div class=\"overlay text-white p-2 w-100 text-center d-block justify-content-center align-items-center\">\n\t\t\t            <div>Kolmandate osapoolte sisu n\u00e4gemiseks palun n\u00f5ustu k\u00fcpsistega.<\/div>\n\t\t\t            <button class=\"btn btn-secondary btn-sm mt-1 consent-change\">Muuda n\u00f5usolekut<\/button>\n\t\t\t        <\/div>\n\t\t\t    <\/div>\n\t\t\t<\/div>\n<\/div>\n<p style=\"text-align: center\"><a href=\"https:\/\/youtu.be\/d4kxS0tpUFc\" target=\"_blank\" rel=\"noopener\">https:\/\/youtu.be\/d4kxS0tpUFc<\/a><\/p>\n<p style=\"text-align: left\"><\/p><\/div>\n        <\/div>\n        <\/div>\n    <\/div> \u00a0\n<p><\/p><div class=\"accordion mb-3\">\n        <div class=\"accordion-item accordion-item--white\">\n        <h2 class=\"accordion-header\" id=\"accordion-69d2bd65554dd-heading\">\n            <button class=\"accordion-button collapsed\" type=\"button\" data-bs-toggle=\"collapse\" data-bs-target=\"#accordion-69d2bd65554dd-collapse\" aria-expanded=\"true\" aria-controls=\"accordion-69d2bd65554dd-collapse\">3. Robot, millega saab luua muusikat<\/button>\n        <\/h2>\n        <div id=\"accordion-69d2bd65554dd-collapse\" class=\"accordion-collapse collapse\" aria-labelledby=\"accordion-69d2bd65554dd-heading\">\n            <div class=\"accordion-body\">\n<p style=\"text-align: left\"><\/p><div class=\"ratio ratio-16x9 mb-3\"><div class=\"video-placeholder-wrapper video-placeholder-wrapper--16x9\">\n\t\t\t    <div class=\"video-placeholder d-flex justify-content-center align-items-center\">\n\t\t\t        <div class=\"overlay text-white p-2 w-100 text-center d-block justify-content-center align-items-center\">\n\t\t\t            <div>Kolmandate osapoolte sisu n\u00e4gemiseks palun n\u00f5ustu k\u00fcpsistega.<\/div>\n\t\t\t            <button class=\"btn btn-secondary btn-sm mt-1 consent-change\">Muuda n\u00f5usolekut<\/button>\n\t\t\t        <\/div>\n\t\t\t    <\/div>\n\t\t\t<\/div>\n<\/div>\n<p style=\"text-align: left\">\n<\/p><p style=\"text-align: center\"><a href=\"https:\/\/youtu.be\/zs_NhVNPrrg\" target=\"_blank\" rel=\"noopener\">https:\/\/youtu.be\/zs_NhVNPrrg<\/a><\/p>\n<p style=\"text-align: left\"><\/p><\/div>\n        <\/div>\n        <\/div>\n    <\/div> \u00a0\n<p style=\"text-align: left\"><\/p><div class=\"accordion mb-3\">\n        <div class=\"accordion-item accordion-item--white\">\n        <h2 class=\"accordion-header\" id=\"accordion-69d2bd65554e0-heading\">\n            <button class=\"accordion-button collapsed\" type=\"button\" data-bs-toggle=\"collapse\" data-bs-target=\"#accordion-69d2bd65554e0-collapse\" aria-expanded=\"true\" aria-controls=\"accordion-69d2bd65554e0-collapse\">4. Robot, millele meeldib valgus: peatub lambi all ning j\u00e4tkab s\u00f5itmist, kui lamp v\u00e4lja l\u00fclitada<\/button>\n        <\/h2>\n        <div id=\"accordion-69d2bd65554e0-collapse\" class=\"accordion-collapse collapse\" aria-labelledby=\"accordion-69d2bd65554e0-heading\">\n            <div class=\"accordion-body\">\u00a0\n<p style=\"text-align: left\"><\/p><div class=\"ratio ratio-16x9 mb-3\"><div class=\"video-placeholder-wrapper video-placeholder-wrapper--16x9\">\n\t\t\t    <div class=\"video-placeholder d-flex justify-content-center align-items-center\">\n\t\t\t        <div class=\"overlay text-white p-2 w-100 text-center d-block justify-content-center align-items-center\">\n\t\t\t            <div>Kolmandate osapoolte sisu n\u00e4gemiseks palun n\u00f5ustu k\u00fcpsistega.<\/div>\n\t\t\t            <button class=\"btn btn-secondary btn-sm mt-1 consent-change\">Muuda n\u00f5usolekut<\/button>\n\t\t\t        <\/div>\n\t\t\t    <\/div>\n\t\t\t<\/div>\n<\/div>\n<p style=\"text-align: left\">\n<\/p><p style=\"text-align: center\"><a href=\"https:\/\/youtu.be\/vS0tVkDdEVQ\" target=\"_blank\" rel=\"noopener\">https:\/\/youtu.be\/vS0tVkDdEVQ<\/a><\/p>\n<p style=\"text-align: left\"><\/p><\/div>\n        <\/div>\n        <\/div>\n    <\/div> \u00a0\n<p style=\"text-align: left\"><\/p><div class=\"accordion mb-3\">\n        <div class=\"accordion-item accordion-item--white\">\n        <h2 class=\"accordion-header\" id=\"accordion-69d2bd65554e2-heading\">\n            <button class=\"accordion-button collapsed\" type=\"button\" data-bs-toggle=\"collapse\" data-bs-target=\"#accordion-69d2bd65554e2-collapse\" aria-expanded=\"true\" aria-controls=\"accordion-69d2bd65554e2-collapse\">5. Robot hoiab end alati seinast kindlal kaugusel<\/button>\n        <\/h2>\n        <div id=\"accordion-69d2bd65554e2-collapse\" class=\"accordion-collapse collapse\" aria-labelledby=\"accordion-69d2bd65554e2-heading\">\n            <div class=\"accordion-body\">\n<p style=\"text-align: left\"><\/p><div class=\"ratio ratio-16x9 mb-3\"><div class=\"video-placeholder-wrapper video-placeholder-wrapper--16x9\">\n\t\t\t    <div class=\"video-placeholder d-flex justify-content-center align-items-center\">\n\t\t\t        <div class=\"overlay text-white p-2 w-100 text-center d-block justify-content-center align-items-center\">\n\t\t\t            <div>Kolmandate osapoolte sisu n\u00e4gemiseks palun n\u00f5ustu k\u00fcpsistega.<\/div>\n\t\t\t            <button class=\"btn btn-secondary btn-sm mt-1 consent-change\">Muuda n\u00f5usolekut<\/button>\n\t\t\t        <\/div>\n\t\t\t    <\/div>\n\t\t\t<\/div>\n<\/div>\n<p style=\"text-align: center\"><a href=\"https:\/\/youtu.be\/70L4AG-D7Sc\" target=\"_blank\" rel=\"noopener\">https:\/\/youtu.be\/70L4AG-D7Sc<\/a><\/p>\n<p style=\"text-align: left\"><\/p><\/div>\n        <\/div>\n        <\/div>\n    <\/div> \u00a0\n<p style=\"text-align: left\"><\/p><div class=\"accordion mb-3\">\n        <div class=\"accordion-item accordion-item--white\">\n        <h2 class=\"accordion-header\" id=\"accordion-69d2bd65554e4-heading\">\n            <button class=\"accordion-button collapsed\" type=\"button\" data-bs-toggle=\"collapse\" data-bs-target=\"#accordion-69d2bd65554e4-collapse\" aria-expanded=\"true\" aria-controls=\"accordion-69d2bd65554e4-collapse\">6. Joonej\u00e4lgija, mis p\u00f6\u00f6rab otsa ringi, kui takistus ette pannakse<\/button>\n        <\/h2>\n        <div id=\"accordion-69d2bd65554e4-collapse\" class=\"accordion-collapse collapse\" aria-labelledby=\"accordion-69d2bd65554e4-heading\">\n            <div class=\"accordion-body\">\n<p style=\"text-align: left\"><\/p><div class=\"ratio ratio-16x9 mb-3\"><div class=\"video-placeholder-wrapper video-placeholder-wrapper--16x9\">\n\t\t\t    <div class=\"video-placeholder d-flex justify-content-center align-items-center\">\n\t\t\t        <div class=\"overlay text-white p-2 w-100 text-center d-block justify-content-center align-items-center\">\n\t\t\t            <div>Kolmandate osapoolte sisu n\u00e4gemiseks palun n\u00f5ustu k\u00fcpsistega.<\/div>\n\t\t\t            <button class=\"btn btn-secondary btn-sm mt-1 consent-change\">Muuda n\u00f5usolekut<\/button>\n\t\t\t        <\/div>\n\t\t\t    <\/div>\n\t\t\t<\/div>\n<\/div>\n<p style=\"text-align: center\"><a href=\"https:\/\/youtu.be\/KeqRFmkWAfw\" target=\"_blank\" rel=\"noopener\">https:\/\/youtu.be\/KeqRFmkWAfw<\/a><\/p>\n<p style=\"text-align: left\"><\/p><\/div>\n        <\/div>\n        <\/div>\n    <\/div> \u00a0\n<p style=\"text-align: left\"><\/p><div class=\"accordion mb-3\">\n        <div class=\"accordion-item accordion-item--white\">\n        <h2 class=\"accordion-header\" id=\"accordion-69d2bd65554e6-heading\">\n            <button class=\"accordion-button collapsed\" type=\"button\" data-bs-toggle=\"collapse\" data-bs-target=\"#accordion-69d2bd65554e6-collapse\" aria-expanded=\"true\" aria-controls=\"accordion-69d2bd65554e6-collapse\">7. Robot, mis hakkab s\u00f5itma ainult siis, kui sisestada \u00f5ige PIN kood<\/button>\n        <\/h2>\n        <div id=\"accordion-69d2bd65554e6-collapse\" class=\"accordion-collapse collapse\" aria-labelledby=\"accordion-69d2bd65554e6-heading\">\n            <div class=\"accordion-body\">\n<p style=\"text-align: left\"><\/p><div class=\"ratio ratio-16x9 mb-3\"><div class=\"video-placeholder-wrapper video-placeholder-wrapper--16x9\">\n\t\t\t    <div class=\"video-placeholder d-flex justify-content-center align-items-center\">\n\t\t\t        <div class=\"overlay text-white p-2 w-100 text-center d-block justify-content-center align-items-center\">\n\t\t\t            <div>Kolmandate osapoolte sisu n\u00e4gemiseks palun n\u00f5ustu k\u00fcpsistega.<\/div>\n\t\t\t            <button class=\"btn btn-secondary btn-sm mt-1 consent-change\">Muuda n\u00f5usolekut<\/button>\n\t\t\t        <\/div>\n\t\t\t    <\/div>\n\t\t\t<\/div>\n<\/div>\n<p style=\"text-align: left\">\n<\/p><p style=\"text-align: center\"><a href=\"https:\/\/youtu.be\/uxze2hbKMg0\" target=\"_blank\" rel=\"noopener\">https:\/\/youtu.be\/uxze2hbKMg0<\/a><\/p>\n<p style=\"text-align: left\"><\/p><\/div>\n        <\/div>\n        <\/div>\n    <\/div> \u00a0\n<p style=\"text-align: left\"><\/p><div class=\"accordion mb-3\">\n        <div class=\"accordion-item accordion-item--white\">\n        <h2 class=\"accordion-header\" id=\"accordion-69d2bd65554eb-heading\">\n            <button class=\"accordion-button collapsed\" type=\"button\" data-bs-toggle=\"collapse\" data-bs-target=\"#accordion-69d2bd65554eb-collapse\" aria-expanded=\"true\" aria-controls=\"accordion-69d2bd65554eb-collapse\">8. Auto, mis saavutab maksimaalse kiiruse sujuvalt, mitte \u00e4kitselt<\/button>\n        <\/h2>\n        <div id=\"accordion-69d2bd65554eb-collapse\" class=\"accordion-collapse collapse\" aria-labelledby=\"accordion-69d2bd65554eb-heading\">\n            <div class=\"accordion-body\">\n<p style=\"text-align: left\"><\/p><div class=\"ratio ratio-16x9 mb-3\"><div class=\"video-placeholder-wrapper video-placeholder-wrapper--16x9\">\n\t\t\t    <div class=\"video-placeholder d-flex justify-content-center align-items-center\">\n\t\t\t        <div class=\"overlay text-white p-2 w-100 text-center d-block justify-content-center align-items-center\">\n\t\t\t            <div>Kolmandate osapoolte sisu n\u00e4gemiseks palun n\u00f5ustu k\u00fcpsistega.<\/div>\n\t\t\t            <button class=\"btn btn-secondary btn-sm mt-1 consent-change\">Muuda n\u00f5usolekut<\/button>\n\t\t\t        <\/div>\n\t\t\t    <\/div>\n\t\t\t<\/div>\n<\/div>\n<p style=\"text-align: center\"><a href=\"https:\/\/youtu.be\/I4XIkbkHP3k\" target=\"_blank\" rel=\"noopener\">https:\/\/youtu.be\/I4XIkbkHP3k<\/a><\/p>\n<p style=\"text-align: left\"><\/p><\/div>\n        <\/div>\n        <\/div>\n    <\/div>\n<p>\u00a0<\/p>\n<p style=\"text-align: left\"><\/p><div class=\"accordion mb-3\">\n        <div class=\"accordion-item accordion-item--white\">\n        <h2 class=\"accordion-header\" id=\"accordion-69d2bd65554ee-heading\">\n            <button class=\"accordion-button collapsed\" type=\"button\" data-bs-toggle=\"collapse\" data-bs-target=\"#accordion-69d2bd65554ee-collapse\" aria-expanded=\"true\" aria-controls=\"accordion-69d2bd65554ee-collapse\">9. Politseiauto, millel t\u00f6\u00f6tavad vilkurid ja sireen<\/button>\n        <\/h2>\n        <div id=\"accordion-69d2bd65554ee-collapse\" class=\"accordion-collapse collapse\" aria-labelledby=\"accordion-69d2bd65554ee-heading\">\n            <div class=\"accordion-body\">\n<p style=\"text-align: left\"><span data-mce-mark=\"1\"><span data-mce-mark=\"1\"><div class=\"ratio ratio-16x9 mb-3\"><div class=\"video-placeholder-wrapper video-placeholder-wrapper--16x9\">\n\t\t\t    <div class=\"video-placeholder d-flex justify-content-center align-items-center\">\n\t\t\t        <div class=\"overlay text-white p-2 w-100 text-center d-block justify-content-center align-items-center\">\n\t\t\t            <div>Kolmandate osapoolte sisu n\u00e4gemiseks palun n\u00f5ustu k\u00fcpsistega.<\/div>\n\t\t\t            <button class=\"btn btn-secondary btn-sm mt-1 consent-change\">Muuda n\u00f5usolekut<\/button>\n\t\t\t        <\/div>\n\t\t\t    <\/div>\n\t\t\t<\/div>\n<\/div><\/span><\/span><\/p>\n<p style=\"text-align: left\">\n<\/p><p style=\"text-align: center\"><a href=\"https:\/\/youtu.be\/-pmqc8pH98I\" target=\"_blank\" rel=\"noopener\"><span id=\"docs-internal-guid-a6eeb87c-b700-a18b-2b0d-63a3b28b4ab6\"><span>https:\/\/youtu.be\/-pmqc8pH98I<\/span><\/span><\/a><\/p>\n<p style=\"text-align: left\"><span><span><\/span><\/span><\/p><\/div>\n        <\/div>\n        <\/div>\n    <\/div>\n<p>\u00a0<\/p>\n<p><\/p><div class=\"accordion mb-3\">\n        <div class=\"accordion-item accordion-item--white\">\n        <h2 class=\"accordion-header\" id=\"accordion-69d2bd65554f0-heading\">\n            <button class=\"accordion-button collapsed\" type=\"button\" data-bs-toggle=\"collapse\" data-bs-target=\"#accordion-69d2bd65554f0-collapse\" aria-expanded=\"true\" aria-controls=\"accordion-69d2bd65554f0-collapse\">10. Robot hakkab liikuma ainult valju heli peale (LED-ekraan kuvab helianduri n\u00e4itu)<\/button>\n        <\/h2>\n        <div id=\"accordion-69d2bd65554f0-collapse\" class=\"accordion-collapse collapse\" aria-labelledby=\"accordion-69d2bd65554f0-heading\">\n            <div class=\"accordion-body\">\n<p><\/p><div class=\"ratio ratio-16x9 mb-3\"><div class=\"video-placeholder-wrapper video-placeholder-wrapper--16x9\">\n\t\t\t    <div class=\"video-placeholder d-flex justify-content-center align-items-center\">\n\t\t\t        <div class=\"overlay text-white p-2 w-100 text-center d-block justify-content-center align-items-center\">\n\t\t\t            <div>Kolmandate osapoolte sisu n\u00e4gemiseks palun n\u00f5ustu k\u00fcpsistega.<\/div>\n\t\t\t            <button class=\"btn btn-secondary btn-sm mt-1 consent-change\">Muuda n\u00f5usolekut<\/button>\n\t\t\t        <\/div>\n\t\t\t    <\/div>\n\t\t\t<\/div>\n<\/div>\n<p style=\"text-align: center\"><a href=\"https:\/\/youtu.be\/jplcymv4uBg\" target=\"_blank\" rel=\"noopener\">https:\/\/youtu.be\/jplcymv4uBg<\/a><\/p>\n<p><\/p><\/div>\n        <\/div>\n        <\/div>\n    <\/div>\n","protected":false},"excerpt":{"rendered":"<p>Ja ongi aeg programmeerida valmis p\u00e4ris oma robot, mis teeb t\u00e4pselt seda, mida sina tahad. Ideede kogumiseks heida pilk peale ka siinsetele videotele, mis n\u00e4itavad erinevaid projekte, mida siinse \u00f5ppematerjali loojad suutsid mBoti abil valmis meisterdada. Igas videos on mBot &#8230;<\/p>\n","protected":false},"author":98,"featured_media":0,"parent":0,"menu_order":0,"comment_status":"closed","ping_status":"closed","template":"","meta":{"_acf_changed":false,"inline_featured_image":false,"footnotes":""},"class_list":["post-24","page","type-page","status-publish","hentry"],"acf":[],"_links":{"self":[{"href":"https:\/\/sisu.ut.ee\/robot\/wp-json\/wp\/v2\/pages\/24","targetHints":{"allow":["GET"]}}],"collection":[{"href":"https:\/\/sisu.ut.ee\/robot\/wp-json\/wp\/v2\/pages"}],"about":[{"href":"https:\/\/sisu.ut.ee\/robot\/wp-json\/wp\/v2\/types\/page"}],"author":[{"embeddable":true,"href":"https:\/\/sisu.ut.ee\/robot\/wp-json\/wp\/v2\/users\/98"}],"replies":[{"embeddable":true,"href":"https:\/\/sisu.ut.ee\/robot\/wp-json\/wp\/v2\/comments?post=24"}],"version-history":[{"count":1,"href":"https:\/\/sisu.ut.ee\/robot\/wp-json\/wp\/v2\/pages\/24\/revisions"}],"predecessor-version":[{"id":91,"href":"https:\/\/sisu.ut.ee\/robot\/wp-json\/wp\/v2\/pages\/24\/revisions\/91"}],"wp:attachment":[{"href":"https:\/\/sisu.ut.ee\/robot\/wp-json\/wp\/v2\/media?parent=24"}],"curies":[{"name":"wp","href":"https:\/\/api.w.org\/{rel}","templated":true}]}}