{"id":15,"date":"2024-04-04T03:16:32","date_gmt":"2024-04-04T00:16:32","guid":{"rendered":"https:\/\/sisu.ut.ee\/robot\/34-koodist-vigade-tuvastamine\/"},"modified":"2024-04-04T03:16:44","modified_gmt":"2024-04-04T00:16:44","slug":"34-koodist-vigade-tuvastamine","status":"publish","type":"page","link":"https:\/\/sisu.ut.ee\/robot\/34-koodist-vigade-tuvastamine\/","title":{"rendered":"3.4. Koodist vigade tuvastamine"},"content":{"rendered":"<p>Roboti programmeerimisel v\u00f5ib tekkida kaks suuremat probleemi: kood ei kompileeru ning koodi laadimisel robotisse ei tee viimane seda, mida sa eeldad. J\u00e4rgnevalt saad teada, kus need vead tekkida v\u00f5ivad ning kuidas neid parandada.<\/p>\n<p><\/p><div class=\"ratio ratio-16x9 mb-3\"><div class=\"video-placeholder-wrapper video-placeholder-wrapper--16x9\">\n\t\t\t    <div class=\"video-placeholder d-flex justify-content-center align-items-center\">\n\t\t\t        <div class=\"overlay text-white p-2 w-100 text-center d-block justify-content-center align-items-center\">\n\t\t\t            <div>Kolmandate osapoolte sisu n\u00e4gemiseks palun n\u00f5ustu k\u00fcpsistega.<\/div>\n\t\t\t            <button class=\"btn btn-secondary btn-sm mt-1 consent-change\">Muuda n\u00f5usolekut<\/button>\n\t\t\t        <\/div>\n\t\t\t    <\/div>\n\t\t\t<\/div>\n<\/div>\n<p style=\"text-align: center\"><a href=\"https:\/\/youtu.be\/sYP88ouXWdM\" target=\"_blank\" rel=\"noopener\">https:\/\/youtu.be\/sYP88ouXWdM<\/a><\/p>\n","protected":false},"excerpt":{"rendered":"<p>Roboti programmeerimisel v\u00f5ib tekkida kaks suuremat probleemi: kood ei kompileeru ning koodi laadimisel robotisse ei tee viimane seda, mida sa eeldad. J\u00e4rgnevalt saad teada, kus need vead tekkida v\u00f5ivad ning kuidas neid parandada. Kolmandate osapoolte sisu n\u00e4gemiseks palun n\u00f5ustu k\u00fcpsistega. &#8230;<\/p>\n","protected":false},"author":98,"featured_media":0,"parent":0,"menu_order":0,"comment_status":"closed","ping_status":"closed","template":"","meta":{"_acf_changed":false,"inline_featured_image":false,"footnotes":""},"class_list":["post-15","page","type-page","status-publish","hentry"],"acf":[],"_links":{"self":[{"href":"https:\/\/sisu.ut.ee\/robot\/wp-json\/wp\/v2\/pages\/15","targetHints":{"allow":["GET"]}}],"collection":[{"href":"https:\/\/sisu.ut.ee\/robot\/wp-json\/wp\/v2\/pages"}],"about":[{"href":"https:\/\/sisu.ut.ee\/robot\/wp-json\/wp\/v2\/types\/page"}],"author":[{"embeddable":true,"href":"https:\/\/sisu.ut.ee\/robot\/wp-json\/wp\/v2\/users\/98"}],"replies":[{"embeddable":true,"href":"https:\/\/sisu.ut.ee\/robot\/wp-json\/wp\/v2\/comments?post=15"}],"version-history":[{"count":1,"href":"https:\/\/sisu.ut.ee\/robot\/wp-json\/wp\/v2\/pages\/15\/revisions"}],"predecessor-version":[{"id":107,"href":"https:\/\/sisu.ut.ee\/robot\/wp-json\/wp\/v2\/pages\/15\/revisions\/107"}],"wp:attachment":[{"href":"https:\/\/sisu.ut.ee\/robot\/wp-json\/wp\/v2\/media?parent=15"}],"curies":[{"name":"wp","href":"https:\/\/api.w.org\/{rel}","templated":true}]}}