{"id":14,"date":"2024-04-04T03:16:32","date_gmt":"2024-04-04T00:16:32","guid":{"rendered":"https:\/\/sisu.ut.ee\/robot\/33-jada-ehk-serial-yhenduse-kasutamine\/"},"modified":"2024-04-04T03:16:44","modified_gmt":"2024-04-04T00:16:44","slug":"33-jada-ehk-serial-yhenduse-kasutamine","status":"publish","type":"page","link":"https:\/\/sisu.ut.ee\/robot\/33-jada-ehk-serial-yhenduse-kasutamine\/","title":{"rendered":"3.3. Jada- ehk serial-\u00fchenduse kasutamine"},"content":{"rendered":"<p>Viimane suurem osa programmeerimise sissejuhatuses on jadaliidese kasutamine. Selles videos \u00f5pid kuidas robotist arvutisse infot saata ning kuidas arvutist robotit kontrollida.<\/p>\n<p><\/p><div class=\"ratio ratio-16x9 mb-3\"><div class=\"video-placeholder-wrapper video-placeholder-wrapper--16x9\">\n\t\t\t    <div class=\"video-placeholder d-flex justify-content-center align-items-center\">\n\t\t\t        <div class=\"overlay text-white p-2 w-100 text-center d-block justify-content-center align-items-center\">\n\t\t\t            <div>Kolmandate osapoolte sisu n\u00e4gemiseks palun n\u00f5ustu k\u00fcpsistega.<\/div>\n\t\t\t            <button class=\"btn btn-secondary btn-sm mt-1 consent-change\">Muuda n\u00f5usolekut<\/button>\n\t\t\t        <\/div>\n\t\t\t    <\/div>\n\t\t\t<\/div>\n<\/div>\n\n<p style=\"text-align: center\"><a href=\"https:\/\/youtu.be\/wAzG237NzAM\" target=\"_blank\" rel=\"noopener\">https:\/\/youtu.be\/wAzG237NzAM<\/a><\/p>\n\n<h2>Info saatmise n\u00e4ited<\/h2>\n<p>Muutuja v\u00e4\u00e4rtuse saatmiseks pane muutuja print\u2019i v\u00f5i println\u2019i k\u00e4sku sulgude vahele. N\u00e4iteks kui on loodud muutuja<\/p>\n<p style=\"padding-left: 30px\"><strong>int temp = 10;<\/strong><\/p>\n<p>Siis v\u00e4\u00e4rtuse saatmiseks kasuta<\/p>\n<p style=\"padding-left: 30px\"><strong>Serial.println(temp);<\/strong><\/p>\n<p style=\"text-align: left\">Kui soovid lisaks saata ka v\u00e4\u00e4rtuse kirjelduse, siis kasuta j\u00e4rgmiseid k\u00e4ske<\/p>\n<p style=\"padding-left: 30px\"><strong>Serial.print(\u201cTemperatuur: \u201d);<\/strong><\/p>\n<p style=\"text-align: left;padding-left: 30px\"><strong>Serial.println(temp);<\/strong><\/p>\n<div class=\"valem-m6tlekaasa\">\n<h3><img loading=\"lazy\" decoding=\"async\" width=\"40\" height=\"33\" class=\"alignnone wp-image-28\" src=\"https:\/\/sisu.ut.ee\/wp-content\/uploads\/sites\/198\/robot_motle.png\" title=\"robot_motle.png\" alt=\"robot_motle.png\">M\u00f5tle kaasa!<\/h3>\n<p><strong>Mis vahe on Serial.print() ja Serial.println() k\u00e4skudel? Millisel juhul peaks eelistama \u00fchte teisele?<\/strong><\/p>\n<p><\/p><div class=\"accordion mb-3\">\n        <div class=\"accordion-item accordion-item--white\">\n        <h2 class=\"accordion-header\" id=\"accordion-69d9b5dd6a9eb-heading\">\n            <button class=\"accordion-button collapsed\" type=\"button\" data-bs-toggle=\"collapse\" data-bs-target=\"#accordion-69d9b5dd6a9eb-collapse\" aria-expanded=\"true\" aria-controls=\"accordion-69d9b5dd6a9eb-collapse\">Vastus<\/button>\n        <\/h2>\n        <div id=\"accordion-69d9b5dd6a9eb-collapse\" class=\"accordion-collapse collapse\" aria-labelledby=\"accordion-69d9b5dd6a9eb-heading\">\n            <div class=\"accordion-body\">\n<ul>\n<li>Serial.println() saadab lisaks argumendiks antule ka reavahetuss\u00fcmboli (Serial.print() saadab ainult selle, mis on argumendiks.).<\/li>\n<li>Serial.print()-i on m\u00f5istlik kasutada n\u00e4iteks siis, kui sa saadad mitut erinevat v\u00e4\u00e4rtust ning tahad, et need oleks \u00fchel real.<\/li>\n<li>Serial.println() kasuta n\u00e4iteks t\u00fchja rea saatmiseks v\u00f5i siis, kui tahad ainult \u00fchte v\u00e4\u00e4rtust saata.<\/li>\n<\/ul>\n<p><\/p><\/div>\n        <\/div>\n        <\/div>\n    <\/div>\n<\/div>\n<p>\u00a0<\/p>\n","protected":false},"excerpt":{"rendered":"<p>Viimane suurem osa programmeerimise sissejuhatuses on jadaliidese kasutamine. Selles videos \u00f5pid kuidas robotist arvutisse infot saata ning kuidas arvutist robotit kontrollida. Kolmandate osapoolte sisu n\u00e4gemiseks palun n\u00f5ustu k\u00fcpsistega. Muuda n\u00f5usolekut https:\/\/youtu.be\/wAzG237NzAM Info saatmise n\u00e4ited Muutuja v\u00e4\u00e4rtuse saatmiseks pane muutuja print\u2019i &#8230;<\/p>\n","protected":false},"author":98,"featured_media":0,"parent":0,"menu_order":0,"comment_status":"closed","ping_status":"closed","template":"","meta":{"_acf_changed":false,"inline_featured_image":false,"footnotes":""},"class_list":["post-14","page","type-page","status-publish","hentry"],"acf":[],"_links":{"self":[{"href":"https:\/\/sisu.ut.ee\/robot\/wp-json\/wp\/v2\/pages\/14","targetHints":{"allow":["GET"]}}],"collection":[{"href":"https:\/\/sisu.ut.ee\/robot\/wp-json\/wp\/v2\/pages"}],"about":[{"href":"https:\/\/sisu.ut.ee\/robot\/wp-json\/wp\/v2\/types\/page"}],"author":[{"embeddable":true,"href":"https:\/\/sisu.ut.ee\/robot\/wp-json\/wp\/v2\/users\/98"}],"replies":[{"embeddable":true,"href":"https:\/\/sisu.ut.ee\/robot\/wp-json\/wp\/v2\/comments?post=14"}],"version-history":[{"count":1,"href":"https:\/\/sisu.ut.ee\/robot\/wp-json\/wp\/v2\/pages\/14\/revisions"}],"predecessor-version":[{"id":106,"href":"https:\/\/sisu.ut.ee\/robot\/wp-json\/wp\/v2\/pages\/14\/revisions\/106"}],"wp:attachment":[{"href":"https:\/\/sisu.ut.ee\/robot\/wp-json\/wp\/v2\/media?parent=14"}],"curies":[{"name":"wp","href":"https:\/\/api.w.org\/{rel}","templated":true}]}}