{"id":132,"date":"2024-04-12T13:49:14","date_gmt":"2024-04-12T10:49:14","guid":{"rendered":"https:\/\/sisu.ut.ee\/robot\/enesetest-3a\/"},"modified":"2024-04-12T13:49:14","modified_gmt":"2024-04-12T10:49:14","slug":"enesetest-3a","status":"publish","type":"page","link":"https:\/\/sisu.ut.ee\/robot\/enesetest-3a\/","title":{"rendered":"Enesetest 3A"},"content":{"rendered":"<div id=\"watupro_quiz\" class=\"quiz-area single-page-quiz\">\n<p id=\"submittingExam2\" style=\"display:none;text-align:center;\"><img loading=\"lazy\" decoding=\"async\" src=\"https:\/\/sisu.ut.ee\/wp-content\/plugins\/watupro\/img\/loading.gif\" width=\"16\" height=\"16\"><\/p>\n\n<div class=\"watupro-exam-description\" id=\"description-quiz-2\"><p>Lahenda enesetest, et n\u00e4ha, kui palju videost meelde j\u00e4i.<\/p>\n<\/div>\n\n<form action=\"\" method=\"post\" class=\"quiz-form\" id=\"quiz-2\" enctype=\"multipart\/form-data\">\n<div class=\"watu-question \" id=\"question-1\" style=\";\"><div id=\"questionWrap-1\" class=\"  watupro-required-24 watupro-question-id-24\">\n\t\t\t<div class=\"question-content\"><p>aaa<\/p><p><img loading=\"lazy\" decoding=\"async\" width=\"1166\" height=\"462\" class=\"alignnone wp-image-49\" style=\"\" src=\"https:\/\/multisite.ut.ee\/wp-content\/uploads\/sites\/198\/screenshot_2023-04-06_at_15.18.18.png\" title=\"screenshot_2023-04-06_at_15.18.18.png\" alt=\"Pilt\" srcset=\"https:\/\/sisu.ut.ee\/wp-content\/uploads\/sites\/198\/screenshot_2023-04-06_at_15.18.18.png 1166w, https:\/\/sisu.ut.ee\/wp-content\/uploads\/sites\/198\/screenshot_2023-04-06_at_15.18.18-300x119.png 300w, https:\/\/sisu.ut.ee\/wp-content\/uploads\/sites\/198\/screenshot_2023-04-06_at_15.18.18-1024x406.png 1024w, https:\/\/sisu.ut.ee\/wp-content\/uploads\/sites\/198\/screenshot_2023-04-06_at_15.18.18-768x304.png 768w\" sizes=\"auto, (max-width: 1166px) 100vw, 1166px\"><\/p><div class=\"question-choices\"><table class=\"question-choices watupro-matrix-droppable\" id=\"watuPROMatrixDroppable_24\"><tr><td class=\"watupro-matrix-left-cell\">Verify<\/td>\n\t\t\t\t\t\t<td class=\"watupro-matrix-right-cell watuPRODroppable24\" id=\"watuPRODroppableCell68\"><div class=\"question-choices\"><div class=\"watupro-matrix-right\"><div id=\"watuproNMatrixSelection-0-0\" class=\" watupro-matrix-draggable watupro-nmatrix-answer-0\" onclick=\"WatuPROINMatrix.sel(this, 'watuPRODroppableCell68', 0);return false;\">2<!--WTPMD5c81e728d9d4c2f636f067f89cc14862c--><p class=\"watupro-nmatrix-unselect\">Unselect<\/p><\/div><div id=\"watuproNMatrixSelection-0-1\" class=\" watupro-matrix-draggable watupro-nmatrix-answer-1\" onclick=\"WatuPROINMatrix.sel(this, 'watuPRODroppableCell68', 1);return false;\">1<!--WTPMD5c4ca4238a0b923820dcc509a6f75849b--><p class=\"watupro-nmatrix-unselect\">Unselect<\/p><\/div><div id=\"watuproNMatrixSelection-0-2\" class=\" watupro-matrix-draggable watupro-nmatrix-answer-2\" onclick=\"WatuPROINMatrix.sel(this, 'watuPRODroppableCell68', 2);return false;\">6<!--WTPMD51679091c5a880faf6fb5e6087eb1b2dc--><p class=\"watupro-nmatrix-unselect\">Unselect<\/p><\/div><\/div><\/div><input type=\"hidden\" class=\"answerof-24 watupro-nmatrix-answer-field\" id=\"field-watuPRODroppableCell68\" name=\"matrix-left-68\" value=\"\"><\/td><\/tr><tr><td class=\"watupro-matrix-left-cell\">Upload<\/td>\n\t\t\t\t\t\t<td class=\"watupro-matrix-right-cell watuPRODroppable24\" id=\"watuPRODroppableCell69\"><div class=\"question-choices\"><div class=\"watupro-matrix-right\"><div id=\"watuproNMatrixSelection-1-0\" class=\" watupro-matrix-draggable watupro-nmatrix-answer-0\" onclick=\"WatuPROINMatrix.sel(this, 'watuPRODroppableCell69', 0);return false;\">2<!--WTPMD5c81e728d9d4c2f636f067f89cc14862c--><p class=\"watupro-nmatrix-unselect\">Unselect<\/p><\/div><div id=\"watuproNMatrixSelection-1-1\" class=\" watupro-matrix-draggable watupro-nmatrix-answer-1\" onclick=\"WatuPROINMatrix.sel(this, 'watuPRODroppableCell69', 1);return false;\">1<!--WTPMD5c4ca4238a0b923820dcc509a6f75849b--><p class=\"watupro-nmatrix-unselect\">Unselect<\/p><\/div><div id=\"watuproNMatrixSelection-1-2\" class=\" watupro-matrix-draggable watupro-nmatrix-answer-2\" onclick=\"WatuPROINMatrix.sel(this, 'watuPRODroppableCell69', 2);return false;\">6<!--WTPMD51679091c5a880faf6fb5e6087eb1b2dc--><p class=\"watupro-nmatrix-unselect\">Unselect<\/p><\/div><\/div><\/div><input type=\"hidden\" class=\"answerof-24 watupro-nmatrix-answer-field\" id=\"field-watuPRODroppableCell69\" name=\"matrix-left-69\" value=\"\"><\/td><\/tr><tr><td class=\"watupro-matrix-left-cell\">Serial monitor<\/td>\n\t\t\t\t\t\t<td class=\"watupro-matrix-right-cell watuPRODroppable24\" id=\"watuPRODroppableCell70\"><div class=\"question-choices\"><div class=\"watupro-matrix-right\"><div id=\"watuproNMatrixSelection-2-0\" class=\" watupro-matrix-draggable watupro-nmatrix-answer-0\" onclick=\"WatuPROINMatrix.sel(this, 'watuPRODroppableCell70', 0);return false;\">2<!--WTPMD5c81e728d9d4c2f636f067f89cc14862c--><p class=\"watupro-nmatrix-unselect\">Unselect<\/p><\/div><div id=\"watuproNMatrixSelection-2-1\" class=\" watupro-matrix-draggable watupro-nmatrix-answer-1\" onclick=\"WatuPROINMatrix.sel(this, 'watuPRODroppableCell70', 1);return false;\">1<!--WTPMD5c4ca4238a0b923820dcc509a6f75849b--><p class=\"watupro-nmatrix-unselect\">Unselect<\/p><\/div><div id=\"watuproNMatrixSelection-2-2\" class=\" watupro-matrix-draggable watupro-nmatrix-answer-2\" onclick=\"WatuPROINMatrix.sel(this, 'watuPRODroppableCell70', 2);return false;\">6<!--WTPMD51679091c5a880faf6fb5e6087eb1b2dc--><p class=\"watupro-nmatrix-unselect\">Unselect<\/p><\/div><\/div><\/div><input type=\"hidden\" class=\"answerof-24 watupro-nmatrix-answer-field\" id=\"field-watuPRODroppableCell70\" name=\"matrix-left-70\" value=\"\"><\/td><\/tr><\/table><\/div><input type=\"hidden\" name=\"question_id[]\" id=\"qID_1\" value=\"24\" class=\"watupro-question-id\"><input type=\"hidden\" id=\"answerType24\" class=\"answerTypeCnt1\" value=\"nmatrix\"><input type=\"hidden\" id=\"watupro-required-question-24\"><!-- end question-content--><\/div><!-- end questionWrap--><\/div><\/div><div class=\"watu-question \" id=\"question-2\" style=\";\"><div id=\"questionWrap-2\" class=\"  watupro-required-23 watupro-question-id-23\">\n\t\t\t<div class=\"question-content\"><div><p><span id=\"docs-internal-guid-a6eeb87c-7e48-01b3-d743-d121048f8e54\"><span>Kui pordi valimisel pole \u00fchtegi n\u00e4ha siis veaks v\u00f5ib olla:<\/span><\/span><\/p><\/div><input type=\"hidden\" name=\"question_id[]\" id=\"qID_2\" value=\"23\" class=\"watupro-question-id\"><input type=\"hidden\" id=\"answerType23\" class=\"answerTypeCnt2\" value=\"checkbox\"><input type=\"hidden\" id=\"watupro-required-question-23\"><!-- end question-content--><\/div><div class=\"question-choices watupro-choices-columns \" id=\"questionChoices23\"><div class=\"watupro-question-choice  \" dir=\"auto\"><input type=\"checkbox\" name=\"answer-23[]\" id=\"answer-id-66\" class=\"answer   answerof-23 \" value=\"66\"><label for=\"answer-id-66\" id=\"answer-label-66\" class=\" answer\"><span><p><span id=\"docs-internal-guid-a6eeb87c-7e48-8d82-f14d-fff8d2c3d775\"><span>Mootorid on valesti \u00fchendatud<\/span><\/span><\/p><\/span><\/label><\/div><div class=\"watupro-question-choice  \" dir=\"auto\"><input type=\"checkbox\" name=\"answer-23[]\" id=\"answer-id-67\" class=\"answer   answerof-23 \" value=\"67\"><label for=\"answer-id-67\" id=\"answer-label-67\" class=\" answer\"><span><p><span id=\"docs-internal-guid-a6eeb87c-7e48-b0bf-b4ef-c66deb511e7c\"><span>USB kaabel v\u00f5ib olla vigane<\/span><\/span><\/p><\/span><\/label><\/div><div class=\"watupro-question-choice  \" dir=\"auto\"><input type=\"checkbox\" name=\"answer-23[]\" id=\"answer-id-64\" class=\"answer   answerof-23 \" value=\"64\"><label for=\"answer-id-64\" id=\"answer-label-64\" class=\" answer\"><span><p><span id=\"docs-internal-guid-a6eeb87c-7e48-5059-6f0c-6aaf2cbc3d8b\"><span>Robot pole arvutiga \u00fchendatud<\/span><\/span><\/p><\/span><\/label><\/div><div class=\"watupro-question-choice  \" dir=\"auto\"><input type=\"checkbox\" name=\"answer-23[]\" id=\"answer-id-65\" class=\"answer   answerof-23 \" value=\"65\"><label for=\"answer-id-65\" id=\"answer-label-65\" class=\" answer\"><span><p><span id=\"docs-internal-guid-a6eeb87c-7e48-6e1a-c2ec-995de8c452b8\"><span>Roboti l\u00fcliti pole ON-asendis<\/span><\/span><\/p><\/span><\/label><\/div><!-- end question-choices--><\/div><!-- end questionWrap--><\/div><\/div><div class=\"watu-question \" id=\"question-3\" style=\";\"><div id=\"questionWrap-3\" class=\"  watupro-required-22 watupro-question-id-22\">\n\t\t\t<div class=\"question-content\"><div><p><span id=\"docs-internal-guid-a6eeb87c-7e46-c82a-e298-9f4e9aac22aa\"><span>Et robotit saaks programmeerida, siis plaadiks (Board) peab valima:<\/span><\/span><\/p><\/div><input type=\"hidden\" name=\"question_id[]\" id=\"qID_3\" value=\"22\" class=\"watupro-question-id\"><input type=\"hidden\" id=\"answerType22\" class=\"answerTypeCnt3\" value=\"radio\"><input type=\"hidden\" id=\"watupro-required-question-22\"><!-- end question-content--><\/div><div class=\"question-choices watupro-choices-columns \" id=\"questionChoices22\"><div class=\"watupro-question-choice  \" dir=\"auto\"><input type=\"radio\" name=\"answer-22[]\" id=\"answer-id-61\" class=\"answer   answerof-22 \" value=\"61\"><label for=\"answer-id-61\" id=\"answer-label-61\" class=\" answer\"><span><p><span id=\"docs-internal-guid-a6eeb87c-7e47-46b7-91c8-8d4bdcb2591a\"><span>Arduino Leonardo<\/span><\/span><\/p><\/span><\/label><\/div><div class=\"watupro-question-choice  \" dir=\"auto\"><input type=\"radio\" name=\"answer-22[]\" id=\"answer-id-60\" class=\"answer   answerof-22 \" value=\"60\"><label for=\"answer-id-60\" id=\"answer-label-60\" class=\" answer\"><span><p><span id=\"docs-internal-guid-a6eeb87c-7e47-2b98-a79f-e789c76ee911\"><span>Arduino Nano<\/span><\/span><\/p><\/span><\/label><\/div><div class=\"watupro-question-choice  \" dir=\"auto\"><input type=\"radio\" name=\"answer-22[]\" id=\"answer-id-62\" class=\"answer   answerof-22 \" value=\"62\"><label for=\"answer-id-62\" id=\"answer-label-62\" class=\" answer\"><span><p>Arduino\/Genuino Uno<\/p><\/span><\/label><\/div><div class=\"watupro-question-choice  \" dir=\"auto\"><input type=\"radio\" name=\"answer-22[]\" id=\"answer-id-63\" class=\"answer   answerof-22 \" value=\"63\"><label for=\"answer-id-63\" id=\"answer-label-63\" class=\" answer\"><span><p><span id=\"docs-internal-guid-a6eeb87c-7e47-9497-fee3-fab95f1f8940\"><span>Arduino\/Genuino Micro<\/span><\/span><\/p><\/span><\/label><\/div><!-- end question-choices--><\/div><!-- end questionWrap--><\/div><\/div><div class=\"watu-question \" id=\"question-4\" style=\";\"><div id=\"questionWrap-4\" class=\"  watupro-required-21 watupro-question-id-21\">\n\t\t\t<div class=\"question-content\"><div><p><span id=\"docs-internal-guid-a6eeb87c-7e43-6946-3e10-e2eabdb4e9f6\"><span>N\u00e4ited (Examples) leiad \u2026 men\u00fc\u00fcst<\/span><\/span><\/p><\/div><input type=\"hidden\" name=\"question_id[]\" id=\"qID_4\" value=\"21\" class=\"watupro-question-id\"><input type=\"hidden\" id=\"answerType21\" class=\"answerTypeCnt4\" value=\"radio\"><input type=\"hidden\" id=\"watupro-required-question-21\"><!-- end question-content--><\/div><div class=\"question-choices watupro-choices-columns \" id=\"questionChoices21\"><div class=\"watupro-question-choice  \" dir=\"auto\"><input type=\"radio\" name=\"answer-21[]\" id=\"answer-id-59\" class=\"answer   answerof-21 \" value=\"59\"><label for=\"answer-id-59\" id=\"answer-label-59\" class=\" answer\"><span><p><span id=\"docs-internal-guid-a6eeb87c-7e44-1e72-c8e0-3b9f1e17f7b3\"><span>Edit<\/span><\/span><\/p><\/span><\/label><\/div><div class=\"watupro-question-choice  \" dir=\"auto\"><input type=\"radio\" name=\"answer-21[]\" id=\"answer-id-56\" class=\"answer   answerof-21 \" value=\"56\"><label for=\"answer-id-56\" id=\"answer-label-56\" class=\" answer\"><span><p><span id=\"docs-internal-guid-a6eeb87c-7e43-bf02-2206-85b1d4c188ab\"><span>Sketch<\/span><\/span><\/p><\/span><\/label><\/div><div class=\"watupro-question-choice  \" dir=\"auto\"><input type=\"radio\" name=\"answer-21[]\" id=\"answer-id-57\" class=\"answer   answerof-21 \" value=\"57\"><label for=\"answer-id-57\" id=\"answer-label-57\" class=\" answer\"><span><p><span id=\"docs-internal-guid-a6eeb87c-7e43-e2af-2037-46a605918267\"><span>File<\/span><\/span><\/p><\/span><\/label><\/div><div class=\"watupro-question-choice  \" dir=\"auto\"><input type=\"radio\" name=\"answer-21[]\" id=\"answer-id-58\" class=\"answer   answerof-21 \" value=\"58\"><label for=\"answer-id-58\" id=\"answer-label-58\" class=\" answer\"><span><p><span id=\"docs-internal-guid-a6eeb87c-7e43-fe28-04d5-5a28904e2757\"><span>Tools<\/span><\/span><\/p><\/span><\/label><\/div><!-- end question-choices--><\/div><!-- end questionWrap--><\/div><\/div><div style=\"display:none\" id=\"question-5\">\n\t<div class=\"question-content\">\n\t\t<img loading=\"lazy\" decoding=\"async\" src=\"https:\/\/sisu.ut.ee\/wp-content\/plugins\/watupro\/img\/loading.gif\" width=\"16\" height=\"16\" alt=\"Loading...\" title=\"Loading...\">\u00a0Loading...\t<\/div>\n<\/div>\n\n<br>\n\t\n\t\t\t<div class=\"watupro_buttons flex \" id=\"watuPROButtons2\">\n\t\t  <div id=\"prev-question\" style=\"display:none;\"><input type=\"button\" value=\"&lt; Previous\" onclick=\"WatuPRO.nextQuestion(event, 'previous');\"><\/div>\t\t  \t\t  \t\t   \n\t\t   \t  \t\t<div><input type=\"button\" name=\"action\" class=\"watupro-submit-button\" onclick=\"WatuPRO.submitResult(event)\" id=\"action-button\" value=\"View Results\">\n\t\t<\/div>\n\t\t<\/div>\n\t\t\n\t<input type=\"hidden\" name=\"quiz_id\" value=\"2\" id=\"watuPROExamID\">\n\t<input type=\"hidden\" name=\"start_time\" id=\"startTime\" value=\"2026-04-10 22:36:25\">\n\t<input type=\"hidden\" name=\"start_timestamp\" id=\"startTimeStamp\" value=\"1775860585\">\n\t<input type=\"hidden\" name=\"question_ids\" value=\"\">\n\t<input type=\"hidden\" name=\"watupro_questions\" value=\"24:68,69,70 | 23:66,67,64,65 | 22:61,60,62,63 | 21:59,56,57,58\">\n\t<input type=\"hidden\" name=\"no_ajax\" value=\"0\">\t\t\t<\/form>\n\t<p>\u00a0<\/p>\n<\/div>\n\n<script type=\"text\/javascript\">\n\/\/jQuery(document).ready(function(){\ndocument.addEventListener(\"DOMContentLoaded\", function(event) { \t\nvar question_ids = \"24,23,22,21\";\nWatuPROSettings[2] = {};\nWatuPRO.qArr = question_ids.split(',');\nWatuPRO.exam_id = 2;\t    \nWatuPRO.post_id = 132;\nWatuPRO.store_progress = 0;\nWatuPRO.curCatPage = 1;\nWatuPRO.requiredIDs=\"0,24,23,22,21\".split(\",\");\nWatuPRO.hAppID = \"0.58935400 1775849785\";\nvar url = \"https:\/\/sisu.ut.ee\/wp-content\/plugins\/watupro\/show_exam.php\";\nWatuPRO.examMode = 1;\nWatuPRO.siteURL=\"https:\/\/sisu.ut.ee\/robot\/wp-admin\/admin-ajax.php\";\nWatuPRO.emailIsNotRequired = 0;\nWatuPRO.perDecade = 10;\nWatuPROIntel.init(2);\nWatuPRO.inCategoryPages=1;});    \t \n<\/script>\n\n","protected":false},"excerpt":{"rendered":"","protected":false},"author":9,"featured_media":0,"parent":0,"menu_order":0,"comment_status":"closed","ping_status":"closed","template":"","meta":{"_acf_changed":false,"inline_featured_image":false,"footnotes":""},"class_list":["post-132","page","type-page","status-publish","hentry"],"acf":[],"_links":{"self":[{"href":"https:\/\/sisu.ut.ee\/robot\/wp-json\/wp\/v2\/pages\/132","targetHints":{"allow":["GET"]}}],"collection":[{"href":"https:\/\/sisu.ut.ee\/robot\/wp-json\/wp\/v2\/pages"}],"about":[{"href":"https:\/\/sisu.ut.ee\/robot\/wp-json\/wp\/v2\/types\/page"}],"author":[{"embeddable":true,"href":"https:\/\/sisu.ut.ee\/robot\/wp-json\/wp\/v2\/users\/9"}],"replies":[{"embeddable":true,"href":"https:\/\/sisu.ut.ee\/robot\/wp-json\/wp\/v2\/comments?post=132"}],"version-history":[{"count":0,"href":"https:\/\/sisu.ut.ee\/robot\/wp-json\/wp\/v2\/pages\/132\/revisions"}],"wp:attachment":[{"href":"https:\/\/sisu.ut.ee\/robot\/wp-json\/wp\/v2\/media?parent=132"}],"curies":[{"name":"wp","href":"https:\/\/api.w.org\/{rel}","templated":true}]}}