{"id":131,"date":"2024-04-12T13:49:00","date_gmt":"2024-04-12T10:49:00","guid":{"rendered":"https:\/\/sisu.ut.ee\/robot\/enesetest-3b\/"},"modified":"2024-04-12T13:49:00","modified_gmt":"2024-04-12T10:49:00","slug":"enesetest-3b","status":"publish","type":"page","link":"https:\/\/sisu.ut.ee\/robot\/enesetest-3b\/","title":{"rendered":"Enesetest 3B"},"content":{"rendered":"<div id=\"watupro_quiz\" class=\"quiz-area single-page-quiz\">\n<p id=\"submittingExam3\" style=\"display:none;text-align:center;\"><img loading=\"lazy\" decoding=\"async\" src=\"https:\/\/sisu.ut.ee\/wp-content\/plugins\/watupro\/img\/loading.gif\" width=\"16\" height=\"16\"><\/p>\n\n<div class=\"watupro-exam-description\" id=\"description-quiz-3\"><p>J\u00e4rgmisena lahenda enesetest, et n\u00e4ha, kui palju videost \"Programmeerimise p\u00f5hit\u00f5ed\" meelde j\u00e4i.<\/p>\n<\/div>\n\n<form action=\"\" method=\"post\" class=\"quiz-form\" id=\"quiz-3\" enctype=\"multipart\/form-data\">\n<div class=\"watu-question \" id=\"question-1\" style=\";\"><div id=\"questionWrap-1\" class=\"  watupro-required-29 watupro-question-id-29\">\n\t\t\t<div class=\"question-content\"><div><p><strong>bool a = false; bool b = true;<\/strong><span> Mis on j\u00e4rgneva tehte v\u00e4\u00e4rtus?<\/span><span><br class=\"kix-line-break\"><\/span><strong>bool c = (!(a &amp;&amp; b)) || a<\/strong><\/p><p><span>\u00a0<\/span><\/p><\/div><input type=\"hidden\" name=\"question_id[]\" id=\"qID_1\" value=\"29\" class=\"watupro-question-id\"><input type=\"hidden\" id=\"answerType29\" class=\"answerTypeCnt1\" value=\"radio\"><input type=\"hidden\" id=\"watupro-required-question-29\"><!-- end question-content--><\/div><div class=\"question-choices watupro-choices-columns \" id=\"questionChoices29\"><div class=\"watupro-question-choice  \" dir=\"auto\"><input type=\"radio\" name=\"answer-29[]\" id=\"answer-id-94\" class=\"answer   answerof-29 \" value=\"94\"><label for=\"answer-id-94\" id=\"answer-label-94\" class=\" answer\"><span><p><span id=\"docs-internal-guid-36e85727-7e60-dd54-e284-d74f93ae1fe9\"><span>oleneb tehete j\u00e4rjekorrast<\/span><\/span><\/p><\/span><\/label><\/div><div class=\"watupro-question-choice  \" dir=\"auto\"><input type=\"radio\" name=\"answer-29[]\" id=\"answer-id-93\" class=\"answer   answerof-29 \" value=\"93\"><label for=\"answer-id-93\" id=\"answer-label-93\" class=\" answer\"><span><p><span id=\"docs-internal-guid-36e85727-7e60-bda2-7aac-317189d7c7e8\"><span>true<\/span><\/span><\/p><\/span><\/label><\/div><div class=\"watupro-question-choice  \" dir=\"auto\"><input type=\"radio\" name=\"answer-29[]\" id=\"answer-id-92\" class=\"answer   answerof-29 \" value=\"92\"><label for=\"answer-id-92\" id=\"answer-label-92\" class=\" answer\"><span><p><span id=\"docs-internal-guid-36e85727-7e60-a270-e79a-4753544516d8\"><span>false<\/span><\/span><\/p><\/span><\/label><\/div><!-- end question-choices--><\/div><!-- end questionWrap--><\/div><\/div><div class=\"watu-question \" id=\"question-2\" style=\";\"><div id=\"questionWrap-2\" class=\"  watupro-required-27 watupro-question-id-27\">\n\t\t\t<div class=\"question-content\"><div><p><span id=\"docs-internal-guid-36e85727-7e5b-8018-6dea-17e4a47c2948\"><span>Millised j\u00e4rgnevatest initsialiseerimistest on korrektsed?<\/span><\/span><\/p><\/div><input type=\"hidden\" name=\"question_id[]\" id=\"qID_2\" value=\"27\" class=\"watupro-question-id\"><input type=\"hidden\" id=\"answerType27\" class=\"answerTypeCnt2\" value=\"checkbox\"><input type=\"hidden\" id=\"watupro-required-question-27\"><!-- end question-content--><\/div><div class=\"question-choices watupro-choices-columns \" id=\"questionChoices27\"><div class=\"watupro-question-choice  \" dir=\"auto\"><input type=\"checkbox\" name=\"answer-27[]\" id=\"answer-id-87\" class=\"answer   answerof-27 \" value=\"87\"><label for=\"answer-id-87\" id=\"answer-label-87\" class=\" answer\"><span><p><span id=\"docs-internal-guid-36e85727-7e5c-79e5-7000-3580ffd8ff67\"><span>bool status = \u2018false\u2019;<\/span><\/span><\/p><\/span><\/label><\/div><div class=\"watupro-question-choice  \" dir=\"auto\"><input type=\"checkbox\" name=\"answer-27[]\" id=\"answer-id-86\" class=\"answer   answerof-27 \" value=\"86\"><label for=\"answer-id-86\" id=\"answer-label-86\" class=\" answer\"><span><p><span id=\"docs-internal-guid-36e85727-7e5c-4d85-60ee-b2f393f89cc0\"><span>float temp = -10.1;<\/span><\/span><\/p><\/span><\/label><\/div><div class=\"watupro-question-choice  \" dir=\"auto\"><input type=\"checkbox\" name=\"answer-27[]\" id=\"answer-id-85\" class=\"answer   answerof-27 \" value=\"85\"><label for=\"answer-id-85\" id=\"answer-label-85\" class=\" answer\"><span><p><span id=\"docs-internal-guid-36e85727-7e5c-2c9a-9f47-ad00ff626465\"><span>char symbol = g;<\/span><\/span><\/p><\/span><\/label><\/div><div class=\"watupro-question-choice  \" dir=\"auto\"><input type=\"checkbox\" name=\"answer-27[]\" id=\"answer-id-83\" class=\"answer   answerof-27 \" value=\"83\"><label for=\"answer-id-83\" id=\"answer-label-83\" class=\" answer\"><span><p><span id=\"docs-internal-guid-36e85727-7e5b-ec37-6bfd-244bcc4ecc51\"><span>int number = 100;<\/span><\/span><\/p><\/span><\/label><\/div><div class=\"watupro-question-choice  \" dir=\"auto\"><input type=\"checkbox\" name=\"answer-27[]\" id=\"answer-id-84\" class=\"answer   answerof-27 \" value=\"84\"><label for=\"answer-id-84\" id=\"answer-label-84\" class=\" answer\"><span><p><span id=\"docs-internal-guid-36e85727-7e5c-0d80-ed6e-aa3e42e8fdd2\"><span>double dist = 1,05;<\/span><\/span><\/p><\/span><\/label><\/div><!-- end question-choices--><\/div><!-- end questionWrap--><\/div><\/div><div class=\"watu-question \" id=\"question-3\" style=\";\"><div id=\"questionWrap-3\" class=\"  watupro-required-28 watupro-question-id-28\">\n\t\t\t<div class=\"question-content\"><div><p><span id=\"docs-internal-guid-36e85727-7e5d-e6e0-36d5-bb214aa4df35\"><span>Koodis on rida <\/span><strong>int a = 10; int b = 3;<\/strong><span> a % b v\u00e4\u00e4rtus on<\/span><\/span><\/p><\/div><input type=\"hidden\" name=\"question_id[]\" id=\"qID_3\" value=\"28\" class=\"watupro-question-id\"><input type=\"hidden\" id=\"answerType28\" class=\"answerTypeCnt3\" value=\"radio\"><input type=\"hidden\" id=\"watupro-required-question-28\"><!-- end question-content--><\/div><div class=\"question-choices watupro-choices-columns \" id=\"questionChoices28\"><div class=\"watupro-question-choice  \" dir=\"auto\"><input type=\"radio\" name=\"answer-28[]\" id=\"answer-id-88\" class=\"answer   answerof-28 \" value=\"88\"><label for=\"answer-id-88\" id=\"answer-label-88\" class=\" answer\"><span><p><span id=\"docs-internal-guid-36e85727-7e5f-7b83-dbca-a42bd78dcc49\"><span>3.3<\/span><\/span><\/p><\/span><\/label><\/div><div class=\"watupro-question-choice  \" dir=\"auto\"><input type=\"radio\" name=\"answer-28[]\" id=\"answer-id-91\" class=\"answer   answerof-28 \" value=\"91\"><label for=\"answer-id-91\" id=\"answer-label-91\" class=\" answer\"><span><p><span id=\"docs-internal-guid-36e85727-7e5f-c5d8-2558-992c0edcc675\"><span>0<\/span><\/span><\/p><\/span><\/label><\/div><div class=\"watupro-question-choice  \" dir=\"auto\"><input type=\"radio\" name=\"answer-28[]\" id=\"answer-id-89\" class=\"answer   answerof-28 \" value=\"89\"><label for=\"answer-id-89\" id=\"answer-label-89\" class=\" answer\"><span><p><span id=\"docs-internal-guid-36e85727-7e5f-9358-64f4-bd207db0270a\"><span>3<\/span><\/span><\/p><\/span><\/label><\/div><div class=\"watupro-question-choice  \" dir=\"auto\"><input type=\"radio\" name=\"answer-28[]\" id=\"answer-id-90\" class=\"answer   answerof-28 \" value=\"90\"><label for=\"answer-id-90\" id=\"answer-label-90\" class=\" answer\"><span><p><span id=\"docs-internal-guid-36e85727-7e5f-a760-f743-3be4ac1a27d3\"><span>1<\/span><\/span><\/p><\/span><\/label><\/div><!-- end question-choices--><\/div><!-- end questionWrap--><\/div><\/div><div class=\"watu-question \" id=\"question-4\" style=\";\"><div id=\"questionWrap-4\" class=\"  watupro-required-25 watupro-question-id-25\">\n\t\t\t<div class=\"question-content\"><div><p><span id=\"docs-internal-guid-36e85727-7e58-fd23-444b-e39c818b5cdc\"><span>Sul on vaja muutujas hoida temperatuuri v\u00e4\u00e4rtust \u00fche kraadi t\u00e4psusega. Selleks kasutad muutujat\u00fc\u00fcpi<\/span><\/span><\/p><\/div><input type=\"hidden\" name=\"question_id[]\" id=\"qID_4\" value=\"25\" class=\"watupro-question-id\"><input type=\"hidden\" id=\"answerType25\" class=\"answerTypeCnt4\" value=\"checkbox\"><input type=\"hidden\" id=\"watupro-required-question-25\"><!-- end question-content--><\/div><div class=\"question-choices watupro-choices-columns \" id=\"questionChoices25\"><div class=\"watupro-question-choice  \" dir=\"auto\"><input type=\"checkbox\" name=\"answer-25[]\" id=\"answer-id-71\" class=\"answer   answerof-25 \" value=\"71\"><label for=\"answer-id-71\" id=\"answer-label-71\" class=\" answer\"><span><p><span id=\"docs-internal-guid-36e85727-7e59-6cd1-cfbc-437c33eef2f1\"><span>Float<\/span><\/span><\/p><\/span><\/label><\/div><div class=\"watupro-question-choice  \" dir=\"auto\"><input type=\"checkbox\" name=\"answer-25[]\" id=\"answer-id-76\" class=\"answer   answerof-25 \" value=\"76\"><label for=\"answer-id-76\" id=\"answer-label-76\" class=\" answer\"><span><p><span id=\"docs-internal-guid-36e85727-7e5a-1497-d110-b064df7362c5\"><span>Bool<\/span><\/span><\/p><\/span><\/label><\/div><div class=\"watupro-question-choice  \" dir=\"auto\"><input type=\"checkbox\" name=\"answer-25[]\" id=\"answer-id-73\" class=\"answer   answerof-25 \" value=\"73\"><label for=\"answer-id-73\" id=\"answer-label-73\" class=\" answer\"><span><p><span id=\"docs-internal-guid-36e85727-7e59-abaa-0e77-9bf6724e3a7a\"><span>Unsigned int<\/span><\/span><\/p><\/span><\/label><\/div><div class=\"watupro-question-choice  \" dir=\"auto\"><input type=\"checkbox\" name=\"answer-25[]\" id=\"answer-id-72\" class=\"answer   answerof-25 \" value=\"72\"><label for=\"answer-id-72\" id=\"answer-label-72\" class=\" answer\"><span><p><span id=\"docs-internal-guid-36e85727-7e59-8f26-b184-51b2608cfacb\"><span>Int<\/span><\/span><\/p><\/span><\/label><\/div><div class=\"watupro-question-choice  \" dir=\"auto\"><input type=\"checkbox\" name=\"answer-25[]\" id=\"answer-id-75\" class=\"answer   answerof-25 \" value=\"75\"><label for=\"answer-id-75\" id=\"answer-label-75\" class=\" answer\"><span><p><span id=\"docs-internal-guid-36e85727-7e59-eca3-a057-cba11861e8f6\"><span>Short<\/span><\/span><\/p><\/span><\/label><\/div><div class=\"watupro-question-choice  \" dir=\"auto\"><input type=\"checkbox\" name=\"answer-25[]\" id=\"answer-id-74\" class=\"answer   answerof-25 \" value=\"74\"><label for=\"answer-id-74\" id=\"answer-label-74\" class=\" answer\"><span><p><span id=\"docs-internal-guid-36e85727-7e59-c80a-2f93-52adf94dd5d9\"><span>Double<\/span><\/span><\/p><\/span><\/label><\/div><!-- end question-choices--><\/div><!-- end questionWrap--><\/div><\/div><div class=\"watu-question \" id=\"question-5\" style=\";\"><div id=\"questionWrap-5\" class=\"  watupro-required-32 watupro-question-id-32\">\n\t\t\t<div class=\"question-content\"><div><p><span>Mitu korda jookseb j\u00e4rgmine ts\u00fckkel?<\/span><\/p><p><strong>int i = 0;<\/strong><\/p><p><strong>while (i &lt;= 3) {<\/strong><\/p><p><strong> \u00a0\u00a0\u00a0i++;<\/strong><\/p><p><strong>}\u00a0<\/strong><\/p><\/div><input type=\"hidden\" name=\"question_id[]\" id=\"qID_5\" value=\"32\" class=\"watupro-question-id\"><input type=\"hidden\" id=\"answerType32\" class=\"answerTypeCnt5\" value=\"radio\"><input type=\"hidden\" id=\"watupro-required-question-32\"><!-- end question-content--><\/div><div class=\"question-choices watupro-choices-columns \" id=\"questionChoices32\"><div class=\"watupro-question-choice  \" dir=\"auto\"><input type=\"radio\" name=\"answer-32[]\" id=\"answer-id-106\" class=\"answer   answerof-32 \" value=\"106\"><label for=\"answer-id-106\" id=\"answer-label-106\" class=\" answer\"><span><p>2<\/p><\/span><\/label><\/div><div class=\"watupro-question-choice  \" dir=\"auto\"><input type=\"radio\" name=\"answer-32[]\" id=\"answer-id-105\" class=\"answer   answerof-32 \" value=\"105\"><label for=\"answer-id-105\" id=\"answer-label-105\" class=\" answer\"><span><p>1<\/p><\/span><\/label><\/div><div class=\"watupro-question-choice  \" dir=\"auto\"><input type=\"radio\" name=\"answer-32[]\" id=\"answer-id-108\" class=\"answer   answerof-32 \" value=\"108\"><label for=\"answer-id-108\" id=\"answer-label-108\" class=\" answer\"><span><p>4<\/p><\/span><\/label><\/div><div class=\"watupro-question-choice  \" dir=\"auto\"><input type=\"radio\" name=\"answer-32[]\" id=\"answer-id-107\" class=\"answer   answerof-32 \" value=\"107\"><label for=\"answer-id-107\" id=\"answer-label-107\" class=\" answer\"><span><p>3<\/p><\/span><\/label><\/div><div class=\"watupro-question-choice  \" dir=\"auto\"><input type=\"radio\" name=\"answer-32[]\" id=\"answer-id-104\" class=\"answer   answerof-32 \" value=\"104\"><label for=\"answer-id-104\" id=\"answer-label-104\" class=\" answer\"><span><p>0<\/p><\/span><\/label><\/div><!-- end question-choices--><\/div><!-- end questionWrap--><\/div><\/div><div class=\"watu-question \" id=\"question-6\" style=\";\"><div id=\"questionWrap-6\" class=\"  watupro-required-30 watupro-question-id-30\">\n\t\t\t<div class=\"question-content\"><div><p><span id=\"docs-internal-guid-36e85727-7e61-0f2b-3187-2f915f0c4ca1\"><strong>int a = 3; a++; a*=2; a-=2;<\/strong><span> Mis on a v\u00e4\u00e4rtus?<\/span><\/span><\/p><\/div><input type=\"hidden\" name=\"question_id[]\" id=\"qID_6\" value=\"30\" class=\"watupro-question-id\"><input type=\"hidden\" id=\"answerType30\" class=\"answerTypeCnt6\" value=\"radio\"><input type=\"hidden\" id=\"watupro-required-question-30\"><!-- end question-content--><\/div><div class=\"question-choices watupro-choices-columns \" id=\"questionChoices30\"><div class=\"watupro-question-choice  \" dir=\"auto\"><input type=\"radio\" name=\"answer-30[]\" id=\"answer-id-98\" class=\"answer   answerof-30 \" value=\"98\"><label for=\"answer-id-98\" id=\"answer-label-98\" class=\" answer\"><span><p><span id=\"docs-internal-guid-36e85727-7e61-cf06-1ef6-9b9dfa956716\"><span>6<\/span><\/span><\/p><\/span><\/label><\/div><div class=\"watupro-question-choice  \" dir=\"auto\"><input type=\"radio\" name=\"answer-30[]\" id=\"answer-id-95\" class=\"answer   answerof-30 \" value=\"95\"><label for=\"answer-id-95\" id=\"answer-label-95\" class=\" answer\"><span><p><span id=\"docs-internal-guid-36e85727-7e61-8166-3f79-782be2b8d6fb\"><span>3<\/span><\/span><\/p><\/span><\/label><\/div><div class=\"watupro-question-choice  \" dir=\"auto\"><input type=\"radio\" name=\"answer-30[]\" id=\"answer-id-96\" class=\"answer   answerof-30 \" value=\"96\"><label for=\"answer-id-96\" id=\"answer-label-96\" class=\" answer\"><span><p><span id=\"docs-internal-guid-36e85727-7e61-9a0e-0e3c-e19977cbe2ae\"><span>4<\/span><\/span><\/p><\/span><\/label><\/div><div class=\"watupro-question-choice  \" dir=\"auto\"><input type=\"radio\" name=\"answer-30[]\" id=\"answer-id-97\" class=\"answer   answerof-30 \" value=\"97\"><label for=\"answer-id-97\" id=\"answer-label-97\" class=\" answer\"><span><p><span id=\"docs-internal-guid-36e85727-7e61-b226-c31c-569acbaedbe6\"><span>5<\/span><\/span><\/p><\/span><\/label><\/div><div class=\"watupro-question-choice  \" dir=\"auto\"><input type=\"radio\" name=\"answer-30[]\" id=\"answer-id-99\" class=\"answer   answerof-30 \" value=\"99\"><label for=\"answer-id-99\" id=\"answer-label-99\" class=\" answer\"><span><p>7<\/p><\/span><\/label><\/div><div class=\"watupro-question-choice  \" dir=\"auto\"><input type=\"radio\" name=\"answer-30[]\" id=\"answer-id-100\" class=\"answer   answerof-30 \" value=\"100\"><label for=\"answer-id-100\" id=\"answer-label-100\" class=\" answer\"><span><p>8<\/p><\/span><\/label><\/div><!-- end question-choices--><\/div><!-- end questionWrap--><\/div><\/div><div class=\"watu-question \" id=\"question-7\" style=\";\"><div id=\"questionWrap-7\" class=\"  watupro-required-31 watupro-question-id-31\">\n\t\t\t<div class=\"question-content\"><div><p><span id=\"docs-internal-guid-36e85727-7e62-6afc-91f7-b533218f14b5\"><span>Mitu korda jookseb j\u00e4rgmine ts\u00fckkel <\/span><strong>for (int i = 0; i &lt; 10; i++) {}<\/strong><span>?<\/span><\/span><\/p><\/div><input type=\"hidden\" name=\"question_id[]\" id=\"qID_7\" value=\"31\" class=\"watupro-question-id\"><input type=\"hidden\" id=\"answerType31\" class=\"answerTypeCnt7\" value=\"radio\"><input type=\"hidden\" id=\"watupro-required-question-31\"><!-- end question-content--><\/div><div class=\"question-choices watupro-choices-columns \" id=\"questionChoices31\"><div class=\"watupro-question-choice  \" dir=\"auto\"><input type=\"radio\" name=\"answer-31[]\" id=\"answer-id-103\" class=\"answer   answerof-31 \" value=\"103\"><label for=\"answer-id-103\" id=\"answer-label-103\" class=\" answer\"><span><p>11<\/p><\/span><\/label><\/div><div class=\"watupro-question-choice  \" dir=\"auto\"><input type=\"radio\" name=\"answer-31[]\" id=\"answer-id-101\" class=\"answer   answerof-31 \" value=\"101\"><label for=\"answer-id-101\" id=\"answer-label-101\" class=\" answer\"><span><p>9<\/p><\/span><\/label><\/div><div class=\"watupro-question-choice  \" dir=\"auto\"><input type=\"radio\" name=\"answer-31[]\" id=\"answer-id-102\" class=\"answer   answerof-31 \" value=\"102\"><label for=\"answer-id-102\" id=\"answer-label-102\" class=\" answer\"><span><p>10<\/p><\/span><\/label><\/div><!-- end question-choices--><\/div><!-- end questionWrap--><\/div><\/div><div class=\"watu-question \" id=\"question-8\" style=\";\"><div id=\"questionWrap-8\" class=\"  watupro-required-26 watupro-question-id-26\">\n\t\t\t<div class=\"question-content\"><div><p><span id=\"docs-internal-guid-36e85727-7e5a-45ab-6902-99ee2db8fad3\"><span>Sa kasutad muutujat kaugusanduri n\u00e4idu salvestamiseks. Kaugusandurist tuleb n\u00e4it sentimeetrites ning sa teisendad selle meetriteks. Selleks kasutad muutujat\u00fc\u00fcpi<\/span><\/span><\/p><\/div><input type=\"hidden\" name=\"question_id[]\" id=\"qID_8\" value=\"26\" class=\"watupro-question-id\"><input type=\"hidden\" id=\"answerType26\" class=\"answerTypeCnt8\" value=\"checkbox\"><input type=\"hidden\" id=\"watupro-required-question-26\"><!-- end question-content--><\/div><div class=\"question-choices watupro-choices-columns \" id=\"questionChoices26\"><div class=\"watupro-question-choice  \" dir=\"auto\"><input type=\"checkbox\" name=\"answer-26[]\" id=\"answer-id-78\" class=\"answer   answerof-26 \" value=\"78\"><label for=\"answer-id-78\" id=\"answer-label-78\" class=\" answer\"><span><p><span id=\"docs-internal-guid-36e85727-7e5a-bb09-62fa-f56f396dfdce\"><span>Int<\/span><\/span><\/p><\/span><\/label><\/div><div class=\"watupro-question-choice  \" dir=\"auto\"><input type=\"checkbox\" name=\"answer-26[]\" id=\"answer-id-82\" class=\"answer   answerof-26 \" value=\"82\"><label for=\"answer-id-82\" id=\"answer-label-82\" class=\" answer\"><span><p><span id=\"docs-internal-guid-36e85727-7e5b-3e07-bd29-f5f4c90ad8ec\"><span>Bool<\/span><\/span><\/p><\/span><\/label><\/div><div class=\"watupro-question-choice  \" dir=\"auto\"><input type=\"checkbox\" name=\"answer-26[]\" id=\"answer-id-79\" class=\"answer   answerof-26 \" value=\"79\"><label for=\"answer-id-79\" id=\"answer-label-79\" class=\" answer\"><span><p><span id=\"docs-internal-guid-36e85727-7e5a-d74a-872a-78f2c1970983\"><span>Unsigned int<\/span><\/span><\/p><\/span><\/label><\/div><div class=\"watupro-question-choice  \" dir=\"auto\"><input type=\"checkbox\" name=\"answer-26[]\" id=\"answer-id-80\" class=\"answer   answerof-26 \" value=\"80\"><label for=\"answer-id-80\" id=\"answer-label-80\" class=\" answer\"><span><p><span id=\"docs-internal-guid-36e85727-7e5a-f33a-91db-f7eb78b78399\"><span>Double<\/span><\/span><\/p><\/span><\/label><\/div><div class=\"watupro-question-choice  \" dir=\"auto\"><input type=\"checkbox\" name=\"answer-26[]\" id=\"answer-id-81\" class=\"answer   answerof-26 \" value=\"81\"><label for=\"answer-id-81\" id=\"answer-label-81\" class=\" answer\"><span><p><span id=\"docs-internal-guid-36e85727-7e5b-1ef1-77cf-b5e36a4b6414\"><span>Short<\/span><\/span><\/p><\/span><\/label><\/div><div class=\"watupro-question-choice  \" dir=\"auto\"><input type=\"checkbox\" name=\"answer-26[]\" id=\"answer-id-77\" class=\"answer   answerof-26 \" value=\"77\"><label for=\"answer-id-77\" id=\"answer-label-77\" class=\" answer\"><span><p><span id=\"docs-internal-guid-36e85727-7e5a-a119-0eb9-36eb76bd88db\"><span>Float<\/span><\/span><\/p><\/span><\/label><\/div><!-- end question-choices--><\/div><!-- end questionWrap--><\/div><\/div><div style=\"display:none\" id=\"question-9\">\n\t<div class=\"question-content\">\n\t\t<img loading=\"lazy\" decoding=\"async\" src=\"https:\/\/sisu.ut.ee\/wp-content\/plugins\/watupro\/img\/loading.gif\" width=\"16\" height=\"16\" alt=\"Loading...\" title=\"Loading...\">\u00a0Loading...\t<\/div>\n<\/div>\n\n<br>\n\t\n\t\t\t<div class=\"watupro_buttons flex \" id=\"watuPROButtons3\">\n\t\t  <div id=\"prev-question\" style=\"display:none;\"><input type=\"button\" value=\"&lt; Previous\" onclick=\"WatuPRO.nextQuestion(event, 'previous');\"><\/div>\t\t  \t\t  \t\t   \n\t\t   \t  \t\t<div><input type=\"button\" name=\"action\" class=\"watupro-submit-button\" onclick=\"WatuPRO.submitResult(event)\" id=\"action-button\" value=\"View Results\">\n\t\t<\/div>\n\t\t<\/div>\n\t\t\n\t<input type=\"hidden\" name=\"quiz_id\" value=\"3\" id=\"watuPROExamID\">\n\t<input type=\"hidden\" name=\"start_time\" id=\"startTime\" value=\"2026-04-11 16:20:33\">\n\t<input type=\"hidden\" name=\"start_timestamp\" id=\"startTimeStamp\" value=\"1775924433\">\n\t<input type=\"hidden\" name=\"question_ids\" value=\"\">\n\t<input type=\"hidden\" name=\"watupro_questions\" value=\"29:94,93,92 | 27:87,86,85,83,84 | 28:88,91,89,90 | 25:71,76,73,72,75,74 | 32:106,105,108,107,104 | 30:98,95,96,97,99,100 | 31:103,101,102 | 26:78,82,79,80,81,77\">\n\t<input type=\"hidden\" name=\"no_ajax\" value=\"0\">\t\t\t<\/form>\n\t<p>\u00a0<\/p>\n<\/div>\n\n<script type=\"text\/javascript\">\n\/\/jQuery(document).ready(function(){\ndocument.addEventListener(\"DOMContentLoaded\", function(event) { \t\nvar question_ids = \"29,27,28,25,32,30,31,26\";\nWatuPROSettings[3] = {};\nWatuPRO.qArr = question_ids.split(',');\nWatuPRO.exam_id = 3;\t    \nWatuPRO.post_id = 131;\nWatuPRO.store_progress = 0;\nWatuPRO.curCatPage = 1;\nWatuPRO.requiredIDs=\"0,29,27,28,25,32,30,31,26\".split(\",\");\nWatuPRO.hAppID = \"0.83220600 1775913633\";\nvar url = \"https:\/\/sisu.ut.ee\/wp-content\/plugins\/watupro\/show_exam.php\";\nWatuPRO.examMode = 1;\nWatuPRO.siteURL=\"https:\/\/sisu.ut.ee\/robot\/wp-admin\/admin-ajax.php\";\nWatuPRO.emailIsNotRequired = 0;\nWatuPRO.perDecade = 10;\nWatuPROIntel.init(3);\nWatuPRO.inCategoryPages=1;});    \t \n<\/script>\n\n","protected":false},"excerpt":{"rendered":"","protected":false},"author":9,"featured_media":0,"parent":0,"menu_order":0,"comment_status":"closed","ping_status":"closed","template":"","meta":{"_acf_changed":false,"inline_featured_image":false,"footnotes":""},"class_list":["post-131","page","type-page","status-publish","hentry"],"acf":[],"_links":{"self":[{"href":"https:\/\/sisu.ut.ee\/robot\/wp-json\/wp\/v2\/pages\/131","targetHints":{"allow":["GET"]}}],"collection":[{"href":"https:\/\/sisu.ut.ee\/robot\/wp-json\/wp\/v2\/pages"}],"about":[{"href":"https:\/\/sisu.ut.ee\/robot\/wp-json\/wp\/v2\/types\/page"}],"author":[{"embeddable":true,"href":"https:\/\/sisu.ut.ee\/robot\/wp-json\/wp\/v2\/users\/9"}],"replies":[{"embeddable":true,"href":"https:\/\/sisu.ut.ee\/robot\/wp-json\/wp\/v2\/comments?post=131"}],"version-history":[{"count":0,"href":"https:\/\/sisu.ut.ee\/robot\/wp-json\/wp\/v2\/pages\/131\/revisions"}],"wp:attachment":[{"href":"https:\/\/sisu.ut.ee\/robot\/wp-json\/wp\/v2\/media?parent=131"}],"curies":[{"name":"wp","href":"https:\/\/api.w.org\/{rel}","templated":true}]}}