{"id":127,"date":"2024-04-12T13:48:03","date_gmt":"2024-04-12T10:48:03","guid":{"rendered":"https:\/\/sisu.ut.ee\/robot\/enesetest-5b\/"},"modified":"2024-04-12T13:48:03","modified_gmt":"2024-04-12T10:48:03","slug":"enesetest-5b","status":"publish","type":"page","link":"https:\/\/sisu.ut.ee\/robot\/enesetest-5b\/","title":{"rendered":"Enesetest 5B"},"content":{"rendered":"<div id=\"watupro_quiz\" class=\"quiz-area single-page-quiz\">\n<p id=\"submittingExam7\" style=\"display:none;text-align:center;\"><img loading=\"lazy\" decoding=\"async\" src=\"https:\/\/sisu.ut.ee\/wp-content\/plugins\/watupro\/img\/loading.gif\" width=\"16\" height=\"16\"><\/p>\n\n<div class=\"watupro-exam-description\" id=\"description-quiz-7\"><p><span id=\"docs-internal-guid-a6eeb87c-b20c-9c20-02d7-55d0789de2c9\">N\u00fc\u00fcd peaksid olema l\u00e4hemalt tuttav mBot-i peal olevate anduritega. J\u00e4rgneva testiga saad kontrollida, kas said need piisavalt selgeks. Head lahendamist!<\/span><\/p>\n<\/div>\n\n<form action=\"\" method=\"post\" class=\"quiz-form\" id=\"quiz-7\" enctype=\"multipart\/form-data\">\n<div class=\"watu-question \" id=\"question-1\" style=\";\"><div id=\"questionWrap-1\" class=\"  watupro-required-72 watupro-question-id-72\">\n\t\t\t<div class=\"question-content\"><div><p><span id=\"docs-internal-guid-a6eeb87c-b1b7-96a3-96cf-62a3ad47ba11\"><span>mBot-i joonej\u00e4lgimisandur koosneb niipaljudest peegeldusanduritest:<\/span><\/span><\/p><\/div><input type=\"hidden\" name=\"question_id[]\" id=\"qID_1\" value=\"72\" class=\"watupro-question-id\"><input type=\"hidden\" id=\"answerType72\" class=\"answerTypeCnt1\" value=\"radio\"><input type=\"hidden\" id=\"watupro-required-question-72\"><!-- end question-content--><\/div><div class=\"question-choices watupro-choices-columns \" id=\"questionChoices72\"><div class=\"watupro-question-choice  \" dir=\"auto\"><input type=\"radio\" name=\"answer-72[]\" id=\"answer-id-234\" class=\"answer   answerof-72 \" value=\"234\"><label for=\"answer-id-234\" id=\"answer-label-234\" class=\" answer\"><span><p>2<\/p><\/span><\/label><\/div><div class=\"watupro-question-choice  \" dir=\"auto\"><input type=\"radio\" name=\"answer-72[]\" id=\"answer-id-235\" class=\"answer   answerof-72 \" value=\"235\"><label for=\"answer-id-235\" id=\"answer-label-235\" class=\" answer\"><span><p>4<\/p><\/span><\/label><\/div><div class=\"watupro-question-choice  \" dir=\"auto\"><input type=\"radio\" name=\"answer-72[]\" id=\"answer-id-236\" class=\"answer   answerof-72 \" value=\"236\"><label for=\"answer-id-236\" id=\"answer-label-236\" class=\" answer\"><span><p>6<\/p><\/span><\/label><\/div><div class=\"watupro-question-choice  \" dir=\"auto\"><input type=\"radio\" name=\"answer-72[]\" id=\"answer-id-233\" class=\"answer   answerof-72 \" value=\"233\"><label for=\"answer-id-233\" id=\"answer-label-233\" class=\" answer\"><span><p>1<\/p><\/span><\/label><\/div><!-- end question-choices--><\/div><!-- end questionWrap--><\/div><\/div><div class=\"watu-question \" id=\"question-2\" style=\";\"><div id=\"questionWrap-2\" class=\"  watupro-required-69 watupro-question-id-69\">\n\t\t\t<div class=\"question-content\"><div><p><span id=\"docs-internal-guid-a6eeb87c-b1b5-4a43-a317-626d8958b06f\"><span>mBot-i kaugusanduriga ei maksa m\u00f5\u00f5ta tihedamini kui iga \u2026 tagant.<\/span><\/span><\/p><\/div><input type=\"hidden\" name=\"question_id[]\" id=\"qID_2\" value=\"69\" class=\"watupro-question-id\"><input type=\"hidden\" id=\"answerType69\" class=\"answerTypeCnt2\" value=\"radio\"><input type=\"hidden\" id=\"watupro-required-question-69\"><!-- end question-content--><\/div><div class=\"question-choices watupro-choices-columns \" id=\"questionChoices69\"><div class=\"watupro-question-choice  \" dir=\"auto\"><input type=\"radio\" name=\"answer-69[]\" id=\"answer-id-224\" class=\"answer   answerof-69 \" value=\"224\"><label for=\"answer-id-224\" id=\"answer-label-224\" class=\" answer\"><span><p><span id=\"docs-internal-guid-a6eeb87c-b1b5-b42a-3dd1-2aa19f6726f9\"><span>100 millisekundi<\/span><\/span><\/p><\/span><\/label><\/div><div class=\"watupro-question-choice  \" dir=\"auto\"><input type=\"radio\" name=\"answer-69[]\" id=\"answer-id-225\" class=\"answer   answerof-69 \" value=\"225\"><label for=\"answer-id-225\" id=\"answer-label-225\" class=\" answer\"><span><p><span id=\"docs-internal-guid-a6eeb87c-b1b5-d852-be2c-37406a424778\"><span>1 sekundi<\/span><\/span><\/p><\/span><\/label><\/div><div class=\"watupro-question-choice  \" dir=\"auto\"><input type=\"radio\" name=\"answer-69[]\" id=\"answer-id-223\" class=\"answer   answerof-69 \" value=\"223\"><label for=\"answer-id-223\" id=\"answer-label-223\" class=\" answer\"><span><p><span id=\"docs-internal-guid-a6eeb87c-b1b5-99ec-1d17-24421ffcd4cc\"><span>10 millisekundi<\/span><\/span><\/p><\/span><\/label><\/div><div class=\"watupro-question-choice  \" dir=\"auto\"><input type=\"radio\" name=\"answer-69[]\" id=\"answer-id-226\" class=\"answer   answerof-69 \" value=\"226\"><label for=\"answer-id-226\" id=\"answer-label-226\" class=\" answer\"><span><p><span id=\"docs-internal-guid-a6eeb87c-b1b5-f2e2-9981-43eafb025a78\"><span>10 sekundi<\/span><\/span><\/p><\/span><\/label><\/div><!-- end question-choices--><\/div><!-- end questionWrap--><\/div><\/div><div class=\"watu-question \" id=\"question-3\" style=\";\"><div id=\"questionWrap-3\" class=\"  watupro-required-67 watupro-question-id-67\">\n\t\t\t<div class=\"question-content\"><div><p><span id=\"docs-internal-guid-a6eeb87c-b1b3-6652-a52a-f439effcdab4\"><span>mBot-i valgusandur n\u00e4it niisama lambi all seistes oli:<\/span><\/span><\/p><\/div><input type=\"hidden\" name=\"question_id[]\" id=\"qID_3\" value=\"67\" class=\"watupro-question-id\"><input type=\"hidden\" id=\"answerType67\" class=\"answerTypeCnt3\" value=\"radio\"><input type=\"hidden\" id=\"watupro-required-question-67\"><!-- end question-content--><\/div><div class=\"question-choices watupro-choices-columns \" id=\"questionChoices67\"><div class=\"watupro-question-choice  \" dir=\"auto\"><input type=\"radio\" name=\"answer-67[]\" id=\"answer-id-217\" class=\"answer   answerof-67 \" value=\"217\"><label for=\"answer-id-217\" id=\"answer-label-217\" class=\" answer\"><span><p><span id=\"docs-internal-guid-a6eeb87c-b1b3-a6b2-cbeb-2acb76d8a7f1\"><span>400-900<\/span><\/span><\/p><\/span><\/label><\/div><div class=\"watupro-question-choice  \" dir=\"auto\"><input type=\"radio\" name=\"answer-67[]\" id=\"answer-id-216\" class=\"answer   answerof-67 \" value=\"216\"><label for=\"answer-id-216\" id=\"answer-label-216\" class=\" answer\"><span><p><span id=\"docs-internal-guid-a6eeb87c-b1b3-86bf-1831-7380f119cb61\"><span>\u00dcle 900<\/span><\/span><\/p><\/span><\/label><\/div><div class=\"watupro-question-choice  \" dir=\"auto\"><input type=\"radio\" name=\"answer-67[]\" id=\"answer-id-218\" class=\"answer   answerof-67 \" value=\"218\"><label for=\"answer-id-218\" id=\"answer-label-218\" class=\" answer\"><span><p><span id=\"docs-internal-guid-a6eeb87c-b1b3-c032-7774-3c44f669c874\"><span>150-400<\/span><\/span><\/p><\/span><\/label><\/div><div class=\"watupro-question-choice  \" dir=\"auto\"><input type=\"radio\" name=\"answer-67[]\" id=\"answer-id-219\" class=\"answer   answerof-67 \" value=\"219\"><label for=\"answer-id-219\" id=\"answer-label-219\" class=\" answer\"><span><p><span id=\"docs-internal-guid-a6eeb87c-b1b3-e054-f566-fa4b3a5b4193\"><span>0-150<\/span><\/span><\/p><\/span><\/label><\/div><!-- end question-choices--><\/div><!-- end questionWrap--><\/div><\/div><div class=\"watu-question \" id=\"question-4\" style=\";\"><div id=\"questionWrap-4\" class=\"  watupro-required-66 watupro-question-id-66\">\n\t\t\t<div class=\"question-content\"><div><p><span id=\"docs-internal-guid-a6eeb87c-b1b2-2ecd-d28d-5571cd7f4990\"><span>mBot-i nupp on \u00fchendatud viigu \u2026 k\u00fclge.<\/span><\/span><\/p><\/div><input type=\"hidden\" name=\"question_id[]\" id=\"qID_4\" value=\"66\" class=\"watupro-question-id\"><input type=\"hidden\" id=\"answerType66\" class=\"answerTypeCnt4\" value=\"radio\"><input type=\"hidden\" id=\"watupro-required-question-66\"><!-- end question-content--><\/div><div class=\"question-choices watupro-choices-columns \" id=\"questionChoices66\"><div class=\"watupro-question-choice  \" dir=\"auto\"><input type=\"radio\" name=\"answer-66[]\" id=\"answer-id-213\" class=\"answer   answerof-66 \" value=\"213\"><label for=\"answer-id-213\" id=\"answer-label-213\" class=\" answer\"><span><p><span id=\"docs-internal-guid-a6eeb87c-b1b2-a007-949a-0c2e21051fe9\"><span>7<\/span><\/span><\/p><\/span><\/label><\/div><div class=\"watupro-question-choice  \" dir=\"auto\"><input type=\"radio\" name=\"answer-66[]\" id=\"answer-id-212\" class=\"answer   answerof-66 \" value=\"212\"><label for=\"answer-id-212\" id=\"answer-label-212\" class=\" answer\"><span><p><span id=\"docs-internal-guid-a6eeb87c-b1b2-839d-4965-bf9da141ebe1\"><span>A7<\/span><\/span><\/p><\/span><\/label><\/div><div class=\"watupro-question-choice  \" dir=\"auto\"><input type=\"radio\" name=\"answer-66[]\" id=\"answer-id-214\" class=\"answer   answerof-66 \" value=\"214\"><label for=\"answer-id-214\" id=\"answer-label-214\" class=\" answer\"><span><p><span id=\"docs-internal-guid-a6eeb87c-b1b2-bcda-9e39-a89fb6a8853b\"><span>A4<\/span><\/span><\/p><\/span><\/label><\/div><div class=\"watupro-question-choice  \" dir=\"auto\"><input type=\"radio\" name=\"answer-66[]\" id=\"answer-id-215\" class=\"answer   answerof-66 \" value=\"215\"><label for=\"answer-id-215\" id=\"answer-label-215\" class=\" answer\"><span><p><span id=\"docs-internal-guid-a6eeb87c-b1b2-db69-5ed7-8a002ca5f3cd\"><span>11<\/span><\/span><\/p><\/span><\/label><\/div><!-- end question-choices--><\/div><!-- end questionWrap--><\/div><\/div><div class=\"watu-question \" id=\"question-5\" style=\";\"><div id=\"questionWrap-5\" class=\"  watupro-required-70 watupro-question-id-70\">\n\t\t\t<div class=\"question-content\"><div><p><span id=\"docs-internal-guid-a6eeb87c-b1b6-23d8-f140-0e6cc9a9572b\"><span>Kaugeloleva pastaka kauguse t\u00e4pne m\u00f5\u00f5tmine ei ole mBot-i jaoks probleem.<\/span><\/span><\/p><\/div><input type=\"hidden\" name=\"question_id[]\" id=\"qID_5\" value=\"70\" class=\"watupro-question-id\"><input type=\"hidden\" id=\"answerType70\" class=\"answerTypeCnt5\" value=\"radio\"><input type=\"hidden\" id=\"watupro-required-question-70\"><!-- end question-content--><\/div><div class=\"question-choices watupro-choices-columns \" id=\"questionChoices70\"><div class=\"watupro-question-choice  \" dir=\"auto\"><input type=\"radio\" name=\"answer-70[]\" id=\"answer-id-227\" class=\"answer   answerof-70 \" value=\"227\"><label for=\"answer-id-227\" id=\"answer-label-227\" class=\" answer\"><span><p><span id=\"docs-internal-guid-a6eeb87c-b1b6-6fb0-5787-bb83ffe20e77\"><span>\u00d5ige<\/span><\/span><\/p><\/span><\/label><\/div><div class=\"watupro-question-choice  \" dir=\"auto\"><input type=\"radio\" name=\"answer-70[]\" id=\"answer-id-228\" class=\"answer   answerof-70 \" value=\"228\"><label for=\"answer-id-228\" id=\"answer-label-228\" class=\" answer\"><span><p><span id=\"docs-internal-guid-a6eeb87c-b1b6-87a0-a4be-563900835236\"><span>Vale<\/span><\/span><\/p><\/span><\/label><\/div><!-- end question-choices--><\/div><!-- end questionWrap--><\/div><\/div><div class=\"watu-question \" id=\"question-6\" style=\";\"><div id=\"questionWrap-6\" class=\"  watupro-required-65 watupro-question-id-65\">\n\t\t\t<div class=\"question-content\"><div><p><span id=\"docs-internal-guid-a6eeb87c-b1af-fa5b-38cf-cb897189356b\"><span>Nupp kui andur on olemuselt:<\/span><\/span><\/p><\/div><input type=\"hidden\" name=\"question_id[]\" id=\"qID_6\" value=\"65\" class=\"watupro-question-id\"><input type=\"hidden\" id=\"answerType65\" class=\"answerTypeCnt6\" value=\"radio\"><input type=\"hidden\" id=\"watupro-required-question-65\"><!-- end question-content--><\/div><div class=\"question-choices watupro-choices-columns \" id=\"questionChoices65\"><div class=\"watupro-question-choice  \" dir=\"auto\"><input type=\"radio\" name=\"answer-65[]\" id=\"answer-id-210\" class=\"answer   answerof-65 \" value=\"210\"><label for=\"answer-id-210\" id=\"answer-label-210\" class=\" answer\"><span><p><span id=\"docs-internal-guid-a6eeb87c-b1b1-bdd2-2d5e-a0e04be109fc\"><span>Analoog<\/span><\/span><\/p><\/span><\/label><\/div><div class=\"watupro-question-choice  \" dir=\"auto\"><input type=\"radio\" name=\"answer-65[]\" id=\"answer-id-211\" class=\"answer   answerof-65 \" value=\"211\"><label for=\"answer-id-211\" id=\"answer-label-211\" class=\" answer\"><span><p><span id=\"docs-internal-guid-a6eeb87c-b1b1-d63b-8168-63faff8f1d80\"><span>Digitaal<\/span><\/span><\/p><\/span><\/label><\/div><!-- end question-choices--><\/div><!-- end questionWrap--><\/div><\/div><div class=\"watu-question \" id=\"question-7\" style=\";\"><div id=\"questionWrap-7\" class=\"  watupro-required-68 watupro-question-id-68\">\n\t\t\t<div class=\"question-content\"><div><p><span id=\"docs-internal-guid-a6eeb87c-b1b4-480b-2c96-6413ed490302\"><span>mBot-i valgusanduri n\u00e4idu lugemiseks kasutan funktsiooni: <\/span><\/span><\/p><\/div><input type=\"hidden\" name=\"question_id[]\" id=\"qID_7\" value=\"68\" class=\"watupro-question-id\"><input type=\"hidden\" id=\"answerType68\" class=\"answerTypeCnt7\" value=\"radio\"><input type=\"hidden\" id=\"watupro-required-question-68\"><!-- end question-content--><\/div><div class=\"question-choices watupro-choices-columns \" id=\"questionChoices68\"><div class=\"watupro-question-choice  \" dir=\"auto\"><input type=\"radio\" name=\"answer-68[]\" id=\"answer-id-220\" class=\"answer   answerof-68 \" value=\"220\"><label for=\"answer-id-220\" id=\"answer-label-220\" class=\" answer\"><span><p><span id=\"docs-internal-guid-a6eeb87c-b1b4-937b-96ab-1e581eb00058\"><span>analogRead(A6);<\/span><\/span><\/p><\/span><\/label><\/div><div class=\"watupro-question-choice  \" dir=\"auto\"><input type=\"radio\" name=\"answer-68[]\" id=\"answer-id-221\" class=\"answer   answerof-68 \" value=\"221\"><label for=\"answer-id-221\" id=\"answer-label-221\" class=\" answer\"><span><p>digitalRead(A6);<\/p><\/span><\/label><\/div><div class=\"watupro-question-choice  \" dir=\"auto\"><input type=\"radio\" name=\"answer-68[]\" id=\"answer-id-222\" class=\"answer   answerof-68 \" value=\"222\"><label for=\"answer-id-222\" id=\"answer-label-222\" class=\" answer\"><span><p><span id=\"docs-internal-guid-a6eeb87c-b1b4-e75a-fbc2-1f6b224f7667\"><span>vAndur.read();<\/span><\/span><\/p><\/span><\/label><\/div><!-- end question-choices--><\/div><!-- end questionWrap--><\/div><\/div><div class=\"watu-question \" id=\"question-8\" style=\";\"><div id=\"questionWrap-8\" class=\"  watupro-required-73 watupro-question-id-73\">\n\t\t\t<div class=\"question-content\"><div><p><span id=\"docs-internal-guid-a6eeb87c-b1b8-80ce-4a70-df59d0d27965\"><span>mBot-i puldi nupule \u201cA\u201d vastab kood:<\/span><\/span><\/p><\/div><input type=\"hidden\" name=\"question_id[]\" id=\"qID_8\" value=\"73\" class=\"watupro-question-id\"><input type=\"hidden\" id=\"answerType73\" class=\"answerTypeCnt8\" value=\"radio\"><input type=\"hidden\" id=\"watupro-required-question-73\"><!-- end question-content--><\/div><div class=\"question-choices watupro-choices-columns \" id=\"questionChoices73\"><div class=\"watupro-question-choice  \" dir=\"auto\"><input type=\"radio\" name=\"answer-73[]\" id=\"answer-id-237\" class=\"answer   answerof-73 \" value=\"237\"><label for=\"answer-id-237\" id=\"answer-label-237\" class=\" answer\"><span><p><span id=\"docs-internal-guid-a6eeb87c-b1b8-ab88-d27a-465c895b85e1\"><span>69<\/span><\/span><\/p><\/span><\/label><\/div><div class=\"watupro-question-choice  \" dir=\"auto\"><input type=\"radio\" name=\"answer-73[]\" id=\"answer-id-239\" class=\"answer   answerof-73 \" value=\"239\"><label for=\"answer-id-239\" id=\"answer-label-239\" class=\" answer\"><span><p><span id=\"docs-internal-guid-a6eeb87c-b1b8-d728-1f6e-2a79b180847c\"><span>25<\/span><\/span><\/p><\/span><\/label><\/div><div class=\"watupro-question-choice  \" dir=\"auto\"><input type=\"radio\" name=\"answer-73[]\" id=\"answer-id-240\" class=\"answer   answerof-73 \" value=\"240\"><label for=\"answer-id-240\" id=\"answer-label-240\" class=\" answer\"><span><p><span id=\"docs-internal-guid-a6eeb87c-b1b8-ef64-d2a7-71a48c7cfab5\"><span>7<\/span><\/span><\/p><\/span><\/label><\/div><div class=\"watupro-question-choice  \" dir=\"auto\"><input type=\"radio\" name=\"answer-73[]\" id=\"answer-id-238\" class=\"answer   answerof-73 \" value=\"238\"><label for=\"answer-id-238\" id=\"answer-label-238\" class=\" answer\"><span><p><span id=\"docs-internal-guid-a6eeb87c-b1b8-c367-8b99-e4ef2fa94aeb\"><span>94<\/span><\/span><\/p><\/span><\/label><\/div><!-- end question-choices--><\/div><!-- end questionWrap--><\/div><\/div><div class=\"watu-question \" id=\"question-9\" style=\";\"><div id=\"questionWrap-9\" class=\"  watupro-required-71 watupro-question-id-71\">\n\t\t\t<div class=\"question-content\"><div><p><span id=\"docs-internal-guid-a6eeb87c-b1b6-f1cf-6cc9-ae21e830d44e\"><span>Kui mBot on valge tahvli peal, siis joonej\u00e4lgimisanduri n\u00e4it on:<\/span><\/span><\/p><\/div><input type=\"hidden\" name=\"question_id[]\" id=\"qID_9\" value=\"71\" class=\"watupro-question-id\"><input type=\"hidden\" id=\"answerType71\" class=\"answerTypeCnt9\" value=\"radio\"><input type=\"hidden\" id=\"watupro-required-question-71\"><!-- end question-content--><\/div><div class=\"question-choices watupro-choices-columns \" id=\"questionChoices71\"><div class=\"watupro-question-choice  \" dir=\"auto\"><input type=\"radio\" name=\"answer-71[]\" id=\"answer-id-232\" class=\"answer   answerof-71 \" value=\"232\"><label for=\"answer-id-232\" id=\"answer-label-232\" class=\" answer\"><span><p>3<\/p><\/span><\/label><\/div><div class=\"watupro-question-choice  \" dir=\"auto\"><input type=\"radio\" name=\"answer-71[]\" id=\"answer-id-230\" class=\"answer   answerof-71 \" value=\"230\"><label for=\"answer-id-230\" id=\"answer-label-230\" class=\" answer\"><span><p>1<\/p><\/span><\/label><\/div><div class=\"watupro-question-choice  \" dir=\"auto\"><input type=\"radio\" name=\"answer-71[]\" id=\"answer-id-231\" class=\"answer   answerof-71 \" value=\"231\"><label for=\"answer-id-231\" id=\"answer-label-231\" class=\" answer\"><span><p>2<\/p><\/span><\/label><\/div><div class=\"watupro-question-choice  \" dir=\"auto\"><input type=\"radio\" name=\"answer-71[]\" id=\"answer-id-229\" class=\"answer   answerof-71 \" value=\"229\"><label for=\"answer-id-229\" id=\"answer-label-229\" class=\" answer\"><span><p>0<\/p><\/span><\/label><\/div><!-- end question-choices--><\/div><!-- end questionWrap--><\/div><\/div><div class=\"watu-question \" id=\"question-10\" style=\";\"><div id=\"questionWrap-10\" class=\"  watupro-required-74 watupro-question-id-74\">\n\t\t\t<div class=\"question-content\"><div><p><span id=\"docs-internal-guid-a6eeb87c-b1b9-3d4a-fb81-c532c7d8e282\"><span>IR-vastuv\u00f5tja on pigem sisend kui andur.<\/span><\/span><\/p><\/div><input type=\"hidden\" name=\"question_id[]\" id=\"qID_10\" value=\"74\" class=\"watupro-question-id\"><input type=\"hidden\" id=\"answerType74\" class=\"answerTypeCnt10\" value=\"radio\"><input type=\"hidden\" id=\"watupro-required-question-74\"><!-- end question-content--><\/div><div class=\"question-choices watupro-choices-columns \" id=\"questionChoices74\"><div class=\"watupro-question-choice  \" dir=\"auto\"><input type=\"radio\" name=\"answer-74[]\" id=\"answer-id-242\" class=\"answer   answerof-74 \" value=\"242\"><label for=\"answer-id-242\" id=\"answer-label-242\" class=\" answer\"><span><p><span id=\"docs-internal-guid-a6eeb87c-b1b9-a915-edda-f09cb551159d\"><span>Vale<\/span><\/span><\/p><\/span><\/label><\/div><div class=\"watupro-question-choice  \" dir=\"auto\"><input type=\"radio\" name=\"answer-74[]\" id=\"answer-id-241\" class=\"answer   answerof-74 \" value=\"241\"><label for=\"answer-id-241\" id=\"answer-label-241\" class=\" answer\"><span><p><span id=\"docs-internal-guid-a6eeb87c-b1b9-9176-23a0-a0c31e5a86c7\"><span>\u00d5ige<\/span><\/span><\/p><\/span><\/label><\/div><!-- end question-choices--><\/div><!-- end questionWrap--><\/div><\/div><div style=\"display:none\" id=\"question-11\">\n\t<div class=\"question-content\">\n\t\t<img loading=\"lazy\" decoding=\"async\" src=\"https:\/\/sisu.ut.ee\/wp-content\/plugins\/watupro\/img\/loading.gif\" width=\"16\" height=\"16\" alt=\"Loading...\" title=\"Loading...\">\u00a0Loading...\t<\/div>\n<\/div>\n\n<br>\n\t\n\t\t\t<div class=\"watupro_buttons flex \" id=\"watuPROButtons7\">\n\t\t  <div id=\"prev-question\" style=\"display:none;\"><input type=\"button\" value=\"&lt; Previous\" onclick=\"WatuPRO.nextQuestion(event, 'previous');\"><\/div>\t\t  \t\t  \t\t   \n\t\t   \t  \t\t<div><input type=\"button\" name=\"action\" class=\"watupro-submit-button\" onclick=\"WatuPRO.submitResult(event)\" id=\"action-button\" value=\"View Results\">\n\t\t<\/div>\n\t\t<\/div>\n\t\t\n\t<input type=\"hidden\" name=\"quiz_id\" value=\"7\" id=\"watuPROExamID\">\n\t<input type=\"hidden\" name=\"start_time\" id=\"startTime\" value=\"2026-04-11 00:57:14\">\n\t<input type=\"hidden\" name=\"start_timestamp\" id=\"startTimeStamp\" value=\"1775869034\">\n\t<input type=\"hidden\" name=\"question_ids\" value=\"\">\n\t<input type=\"hidden\" name=\"watupro_questions\" value=\"72:234,235,236,233 | 69:224,225,223,226 | 67:217,216,218,219 | 66:213,212,214,215 | 70:227,228 | 65:210,211 | 68:220,221,222 | 73:237,239,240,238 | 71:232,230,231,229 | 74:242,241\">\n\t<input type=\"hidden\" name=\"no_ajax\" value=\"0\">\t\t\t<\/form>\n\t<p>\u00a0<\/p>\n<\/div>\n\n<script type=\"text\/javascript\">\n\/\/jQuery(document).ready(function(){\ndocument.addEventListener(\"DOMContentLoaded\", function(event) { \t\nvar question_ids = \"72,69,67,66,70,65,68,73,71,74\";\nWatuPROSettings[7] = {};\nWatuPRO.qArr = question_ids.split(',');\nWatuPRO.exam_id = 7;\t    \nWatuPRO.post_id = 127;\nWatuPRO.store_progress = 0;\nWatuPRO.curCatPage = 1;\nWatuPRO.requiredIDs=\"0,72,69,67,66,70,65,68,73,71,74\".split(\",\");\nWatuPRO.hAppID = \"0.22227400 1775858234\";\nvar url = \"https:\/\/sisu.ut.ee\/wp-content\/plugins\/watupro\/show_exam.php\";\nWatuPRO.examMode = 1;\nWatuPRO.siteURL=\"https:\/\/sisu.ut.ee\/robot\/wp-admin\/admin-ajax.php\";\nWatuPRO.emailIsNotRequired = 0;\nWatuPRO.perDecade = 10;\nWatuPROIntel.init(7);\nWatuPRO.inCategoryPages=1;});    \t \n<\/script>\n\n","protected":false},"excerpt":{"rendered":"","protected":false},"author":9,"featured_media":0,"parent":0,"menu_order":0,"comment_status":"closed","ping_status":"closed","template":"","meta":{"_acf_changed":false,"inline_featured_image":false,"footnotes":""},"class_list":["post-127","page","type-page","status-publish","hentry"],"acf":[],"_links":{"self":[{"href":"https:\/\/sisu.ut.ee\/robot\/wp-json\/wp\/v2\/pages\/127","targetHints":{"allow":["GET"]}}],"collection":[{"href":"https:\/\/sisu.ut.ee\/robot\/wp-json\/wp\/v2\/pages"}],"about":[{"href":"https:\/\/sisu.ut.ee\/robot\/wp-json\/wp\/v2\/types\/page"}],"author":[{"embeddable":true,"href":"https:\/\/sisu.ut.ee\/robot\/wp-json\/wp\/v2\/users\/9"}],"replies":[{"embeddable":true,"href":"https:\/\/sisu.ut.ee\/robot\/wp-json\/wp\/v2\/comments?post=127"}],"version-history":[{"count":0,"href":"https:\/\/sisu.ut.ee\/robot\/wp-json\/wp\/v2\/pages\/127\/revisions"}],"wp:attachment":[{"href":"https:\/\/sisu.ut.ee\/robot\/wp-json\/wp\/v2\/media?parent=127"}],"curies":[{"name":"wp","href":"https:\/\/api.w.org\/{rel}","templated":true}]}}