{"id":126,"date":"2024-04-12T13:47:50","date_gmt":"2024-04-12T10:47:50","guid":{"rendered":"https:\/\/sisu.ut.ee\/robot\/enesetest-4\/"},"modified":"2024-04-12T13:47:50","modified_gmt":"2024-04-12T10:47:50","slug":"enesetest-4","status":"publish","type":"page","link":"https:\/\/sisu.ut.ee\/robot\/enesetest-4\/","title":{"rendered":"Enesetest 4"},"content":{"rendered":"<div id=\"watupro_quiz\" class=\"quiz-area single-page-quiz\">\n<p id=\"submittingExam8\" style=\"display:none;text-align:center;\"><img loading=\"lazy\" decoding=\"async\" src=\"https:\/\/sisu.ut.ee\/wp-content\/plugins\/watupro\/img\/loading.gif\" width=\"16\" height=\"16\"><\/p>\n\n\n\n<form action=\"\" method=\"post\" class=\"quiz-form\" id=\"quiz-8\" enctype=\"multipart\/form-data\">\n<div class=\"watu-question \" id=\"question-1\" style=\";\"><div id=\"questionWrap-1\" class=\"  watupro-required-75 watupro-question-id-75\">\n\t\t\t<div class=\"question-content\"><div><p><span id=\"docs-internal-guid-a6eeb87c-b6e8-8856-9aa1-7d7a5d9484ed\"><span>Kui PWM signaali t\u00e4itetegur on 70%, siis kui suur osa perioodist on signaal madalas olekus?<\/span><\/span><\/p><\/div><input type=\"hidden\" name=\"question_id[]\" id=\"qID_1\" value=\"75\" class=\"watupro-question-id\"><input type=\"hidden\" id=\"answerType75\" class=\"answerTypeCnt1\" value=\"radio\"><input type=\"hidden\" id=\"watupro-required-question-75\"><!-- end question-content--><\/div><div class=\"question-choices watupro-choices-columns \" id=\"questionChoices75\"><div class=\"watupro-question-choice  \" dir=\"auto\"><input type=\"radio\" name=\"answer-75[]\" id=\"answer-id-245\" class=\"answer   answerof-75 \" value=\"245\"><label for=\"answer-id-245\" id=\"answer-label-245\" class=\" answer\"><span><p>70%<\/p><\/span><\/label><\/div><div class=\"watupro-question-choice  \" dir=\"auto\"><input type=\"radio\" name=\"answer-75[]\" id=\"answer-id-244\" class=\"answer   answerof-75 \" value=\"244\"><label for=\"answer-id-244\" id=\"answer-label-244\" class=\" answer\"><span><p>60%<\/p><\/span><\/label><\/div><div class=\"watupro-question-choice  \" dir=\"auto\"><input type=\"radio\" name=\"answer-75[]\" id=\"answer-id-246\" class=\"answer   answerof-75 \" value=\"246\"><label for=\"answer-id-246\" id=\"answer-label-246\" class=\" answer\"><span><p>10%<\/p><\/span><\/label><\/div><div class=\"watupro-question-choice  \" dir=\"auto\"><input type=\"radio\" name=\"answer-75[]\" id=\"answer-id-243\" class=\"answer   answerof-75 \" value=\"243\"><label for=\"answer-id-243\" id=\"answer-label-243\" class=\" answer\"><span><p>30%<\/p><\/span><\/label><\/div><!-- end question-choices--><\/div><!-- end questionWrap--><\/div><\/div><div class=\"watu-question \" id=\"question-2\" style=\";\"><div id=\"questionWrap-2\" class=\"  watupro-required-76 watupro-question-id-76\">\n\t\t\t<div class=\"question-content\"><p>Pildil on kujutatud kolme eri v\u00e4rvi PWM signaali. Vali iga signaali jaoks \u00f5ige t\u00e4itetegur.<\/p>\n<p><img loading=\"lazy\" decoding=\"async\" width=\"600\" height=\"372\" class=\"alignnone wp-image-41\" style=\"\" src=\"https:\/\/multisite.ut.ee\/wp-content\/uploads\/sites\/198\/test6-2.png\" title=\"test6-2.png\" alt=\"test6-2.png\" srcset=\"https:\/\/sisu.ut.ee\/wp-content\/uploads\/sites\/198\/test6-2.png 600w, https:\/\/sisu.ut.ee\/wp-content\/uploads\/sites\/198\/test6-2-300x186.png 300w\" sizes=\"auto, (max-width: 600px) 100vw, 600px\"><\/p>\n\n<p>Punane: <select name=\"gap_76_1\" class=\"watupro-gap answer answerof-76\"><option value=\"\"><\/option><option value=\"0%\">0%<\/option><option value=\"30%\">30%<\/option><option value=\"80%\">80%<\/option><option value=\"60%\">60%<\/option><option value=\"40%\">40%<\/option><option value=\"100%\">100%<\/option><option value=\"70%\">70%<\/option><option value=\"20%\">20%<\/option><option value=\"50%\">50%<\/option><option value=\"90%\">90%<\/option><option value=\"10%\">10%<\/option><\/select><\/p>\n<p>Roheline: <select name=\"gap_76_2\" class=\"watupro-gap answer answerof-76\"><option value=\"\"><\/option><option value=\"60%\">60%<\/option><option value=\"80%\">80%<\/option><option value=\"50%\">50%<\/option><option value=\"70%\">70%<\/option><option value=\"20%\">20%<\/option><option value=\"0%\">0%<\/option><option value=\"40%\">40%<\/option><option value=\"30%\">30%<\/option><option value=\"90%\">90%<\/option><option value=\"10%\">10%<\/option><option value=\"100%\">100%<\/option><\/select><\/p>\n<p>Sinine: <select name=\"gap_76_3\" class=\"watupro-gap answer answerof-76\"><option value=\"\"><\/option><option value=\"80%\">80%<\/option><option value=\"40%\">40%<\/option><option value=\"50%\">50%<\/option><option value=\"70%\">70%<\/option><option value=\"20%\">20%<\/option><option value=\"90%\">90%<\/option><option value=\"60%\">60%<\/option><option value=\"100%\">100%<\/option><option value=\"0%\">0%<\/option><option value=\"10%\">10%<\/option><option value=\"30%\">30%<\/option><\/select><\/p>\n<input type=\"hidden\" name=\"question_id[]\" id=\"qID_2\" value=\"76\" class=\"watupro-question-id\"><input type=\"hidden\" id=\"answerType76\" class=\"answerTypeCnt2\" value=\"gaps\"><input type=\"hidden\" id=\"watupro-required-question-76\"><!-- end question-content--><\/div><!-- end questionWrap--><\/div><\/div><div style=\"display:none\" id=\"question-3\">\n\t<div class=\"question-content\">\n\t\t<img loading=\"lazy\" decoding=\"async\" src=\"https:\/\/sisu.ut.ee\/wp-content\/plugins\/watupro\/img\/loading.gif\" width=\"16\" height=\"16\" alt=\"Loading...\" title=\"Loading...\">\u00a0Loading...\t<\/div>\n<\/div>\n\n<br>\n\t\n\t\t\t<div class=\"watupro_buttons flex \" id=\"watuPROButtons8\">\n\t\t  <div id=\"prev-question\" style=\"display:none;\"><input type=\"button\" value=\"&lt; Previous\" onclick=\"WatuPRO.nextQuestion(event, 'previous');\"><\/div>\t\t  \t\t  \t\t   \n\t\t   \t  \t\t<div><input type=\"button\" name=\"action\" class=\"watupro-submit-button\" onclick=\"WatuPRO.submitResult(event)\" id=\"action-button\" value=\"View Results\">\n\t\t<\/div>\n\t\t<\/div>\n\t\t\n\t<input type=\"hidden\" name=\"quiz_id\" value=\"8\" id=\"watuPROExamID\">\n\t<input type=\"hidden\" name=\"start_time\" id=\"startTime\" value=\"2026-04-11 03:21:48\">\n\t<input type=\"hidden\" name=\"start_timestamp\" id=\"startTimeStamp\" value=\"1775877708\">\n\t<input type=\"hidden\" name=\"question_ids\" value=\"\">\n\t<input type=\"hidden\" name=\"watupro_questions\" value=\"75:245,244,246,243 | 76:247\">\n\t<input type=\"hidden\" name=\"no_ajax\" value=\"0\">\t\t\t<\/form>\n\t<p>\u00a0<\/p>\n<\/div>\n\n<script type=\"text\/javascript\">\n\/\/jQuery(document).ready(function(){\ndocument.addEventListener(\"DOMContentLoaded\", function(event) { \t\nvar question_ids = \"75,76\";\nWatuPROSettings[8] = {};\nWatuPRO.qArr = question_ids.split(',');\nWatuPRO.exam_id = 8;\t    \nWatuPRO.post_id = 126;\nWatuPRO.store_progress = 0;\nWatuPRO.curCatPage = 1;\nWatuPRO.requiredIDs=\"0,75,76\".split(\",\");\nWatuPRO.hAppID = \"0.40249700 1775866908\";\nvar url = \"https:\/\/sisu.ut.ee\/wp-content\/plugins\/watupro\/show_exam.php\";\nWatuPRO.examMode = 1;\nWatuPRO.siteURL=\"https:\/\/sisu.ut.ee\/robot\/wp-admin\/admin-ajax.php\";\nWatuPRO.emailIsNotRequired = 0;\nWatuPRO.perDecade = 10;\nWatuPROIntel.init(8);\nWatuPRO.inCategoryPages=1;});    \t \n<\/script>\n\n","protected":false},"excerpt":{"rendered":"","protected":false},"author":9,"featured_media":0,"parent":0,"menu_order":0,"comment_status":"closed","ping_status":"closed","template":"","meta":{"_acf_changed":false,"inline_featured_image":false,"footnotes":""},"class_list":["post-126","page","type-page","status-publish","hentry"],"acf":[],"_links":{"self":[{"href":"https:\/\/sisu.ut.ee\/robot\/wp-json\/wp\/v2\/pages\/126","targetHints":{"allow":["GET"]}}],"collection":[{"href":"https:\/\/sisu.ut.ee\/robot\/wp-json\/wp\/v2\/pages"}],"about":[{"href":"https:\/\/sisu.ut.ee\/robot\/wp-json\/wp\/v2\/types\/page"}],"author":[{"embeddable":true,"href":"https:\/\/sisu.ut.ee\/robot\/wp-json\/wp\/v2\/users\/9"}],"replies":[{"embeddable":true,"href":"https:\/\/sisu.ut.ee\/robot\/wp-json\/wp\/v2\/comments?post=126"}],"version-history":[{"count":0,"href":"https:\/\/sisu.ut.ee\/robot\/wp-json\/wp\/v2\/pages\/126\/revisions"}],"wp:attachment":[{"href":"https:\/\/sisu.ut.ee\/robot\/wp-json\/wp\/v2\/media?parent=126"}],"curies":[{"name":"wp","href":"https:\/\/api.w.org\/{rel}","templated":true}]}}