{"id":11,"date":"2024-04-04T03:16:32","date_gmt":"2024-04-04T00:16:32","guid":{"rendered":"https:\/\/sisu.ut.ee\/robot\/avaleht\/"},"modified":"2024-04-12T14:02:28","modified_gmt":"2024-04-12T11:02:28","slug":"avaleht","status":"publish","type":"page","link":"https:\/\/sisu.ut.ee\/robot\/","title":{"rendered":"Avaleht"},"content":{"rendered":"<p><img loading=\"lazy\" decoding=\"async\" class=\" wp-image-47 alignright\" src=\"https:\/\/sisu.ut.ee\/wp-content\/uploads\/sites\/198\/kvm_logo_2018_ymar.png\" alt=\"\" width=\"149\" height=\"155\">Kas tulevikus hakkavad meid valitsema kurjad robotid v\u00f5i saame hoopis t\u00fc\u00fctud majapidamist\u00f6\u00f6d abivalmitele kodurobotitele j\u00e4tta ning ise samal ajal rahulikult oma lemmik tegevusi harrastada? Vastus k\u00fcsimusele, milliseid roboteid luuakse, on aga tegelikult Sinu endi k\u00e4tes ning kursus \u201cRobootikast puust ja punaseks\u201d aitab Sul luua just selliseid roboteid, nagu Sa ise soovid.<\/p>\n<p>Pole vahet, kas oled poiss v\u00f5i t\u00fcdruk, m\u00f5ne kooli juba l\u00f5petanud v\u00f5i ikka \u00f5pid \u2013 kui Sul on huvi robootika vastu, siis k\u00e4esolev kursus on just Sulle m\u00f5eldud! Siin saad oma k\u00e4tega panna kokku p\u00e4ris roboti ja \u00f5ppida, kuidas seda programmeerida.<\/p>\n<p>Kui Sa pole varem robotitega kokku puutunud, siis \u00e4ra muretse, alustame \u00f5ppimist p\u00e4ris algusest. Kui aga oled m\u00f5ne robotiga kokku puutunud, siis sellel kursusel kasutame k\u00f5igi praktiliste t\u00f6\u00f6de puhul \u00fclivinget <a style=\"background-color: #ffffff;\" href=\"http:\/\/www.makeblock.com\/steam-kits\/mbot\/\" target=\"_blank\" rel=\"noopener\">mBot robotit<\/a>, mis pakub p\u00f5nevaid v\u00e4ljakutseid ja kindlasti uusi oskusi nii algajale kui ka juba kogenumale robotiehitajale.<\/p>\n<p><\/p><div class=\"ratio ratio-16x9 mb-3\"><div class=\"video-placeholder-wrapper video-placeholder-wrapper--16x9\">\n\t\t\t    <div class=\"video-placeholder d-flex justify-content-center align-items-center\">\n\t\t\t        <div class=\"overlay text-white p-2 w-100 text-center d-block justify-content-center align-items-center\">\n\t\t\t            <div>Kolmandate osapoolte sisu n\u00e4gemiseks palun n\u00f5ustu k\u00fcpsistega.<\/div>\n\t\t\t            <button class=\"btn btn-secondary btn-sm mt-1 consent-change\">Muuda n\u00f5usolekut<\/button>\n\t\t\t        <\/div>\n\t\t\t    <\/div>\n\t\t\t<\/div>\n<\/div>\n<p style=\"text-align: left;\"><a href=\"https:\/\/sisu.ut.ee\/wp-content\/uploads\/sites\/198\/robootika_mooc_plakat.jpg\" target=\"_blank\" rel=\"noopener\">Lae alla poster!<\/a><\/p>\n<h4>Kursusele registreerumine on avatud 21. veebruar \u2013 30. m\u00e4rts 2018 (<a href=\"https:\/\/www.is.ut.ee\/pls\/ois\/tere.tulemast?viit=4635457\" target=\"_blank\" rel=\"noopener\">registreeruma<\/a>).<\/h4>\n<p><strong>Kursusel osalemine on tasuta, kuid kursuse l\u00e4bimiseks vajad mBot robotikomplekti, mis tuleb endale ise soetada.\u00a0Kasutatavasse robootikakomplekti kuulub:<\/strong><\/p>\n<ol>\n<li><strong><a href=\"http:\/\/store.makeblock.com\/mbot-v1-1-stem-educational-robot-kit\" target=\"_blank\" rel=\"noopener\">mBot v 1.1 (Bluetooth Version)<\/a><\/strong><\/li>\n<li><strong><a href=\"http:\/\/store.makeblock.com\/me-sound-sensor\" target=\"_blank\" rel=\"noopener\">Me Sound Sensor<\/a><\/strong><\/li>\n<li><strong><a href=\"http:\/\/store.makeblock.com\/me-led-matrix-8-16\" target=\"_blank\" rel=\"noopener\">Me LED Matrix 8 \u00d7 16<\/a><\/strong><\/li>\n<li><strong><a href=\"http:\/\/store.makeblock.com\/6p6c-rj25-cable-20cm-4-pack\" target=\"_blank\" rel=\"noopener\">6P6C RJ25 cable-20cm (4-Pack)<\/a><\/strong><\/li>\n<\/ol>\n<p><strong>Nimetatud komplekti tellimiseks on\u00a0v\u00e4hemalt 3\u00a0v\u00f5imalust.\u00a0<\/strong><strong>Tellimisv\u00f5imalusi on kirjeldatud antud lehe l\u00f5pus.\u00a0T\u00e4iendav info: Inge Tera, inge.tera@ut.ee, telefon 737 5043.<\/strong><\/p>\n<h4>Kursus toimub 26. m\u00e4rts \u2013 6. mai 2018 T\u00dc Moodle\u2019i keskkonnas\u00a0<a href=\"https:\/\/moodle.ut.ee\/course\/view.php?id=4592\" target=\"_blank\" rel=\"noopener\">http:\/\/moodle.ut.ee<\/a>.<\/h4>\n<p>Registreerunutele saadetakse kursuse esimesel p\u00e4eval e-kiri juhistega, kuidas Moodle\u2019i keskkonda siseneda.<\/p>\n<p>Kursus toimub t\u00e4ielikult veebip\u00f5hisena, kokku 6 n\u00e4dalat. Kursuse maht on 2 EAP ehk ca 52 tundi. Igal n\u00e4dalal pead planeerima \u00f5ppimiseks umbes 8-9 tundi Sulle sobival ajal. Hinnatavad \u00fclesanded edukalt sooritanuna saad Tartu \u00dclikooli digitaalse tunnistuse.<\/p>\n<p>P\u00e4rast kursuse l\u00e4bimist:<\/p>\n<ul>\n<li>oled v\u00f5imeline kirjeldama roboteid komponentide tasemel,<\/li>\n<li>oskad programmeerida robotite tegutsemist,<\/li>\n<li>suudad m\u00f5testada andurite lugemeid ning kasutada neid roboti juhtimises.<\/li>\n<\/ul>\n<p>Kursuse materjalid on avalikult k\u00f5igile k\u00e4ttesaadavad ja on jaotatud 6 suuremaks teemaks. Iga teema alamlehtedel on l\u00fchike sissejuhatus, \u00f5ppevideod ning \u00fclesanded ise kaasa m\u00f5tlemiseks v\u00f5i harjutamiseks.\u00a0Kursuse \u00f5ppet\u00fckid on hoolikalt valitud, et tagada \u00fclevaatlik k\u00e4sitlus kogu robootikast ning v\u00f5imaldada Sul teha teoks oma m\u00f5tteid ning miks mitte ka esimesed sammud insenerikarj\u00e4\u00e4ri suunas.<\/p>\n<p>Kursuse raames puutud k\u00f5vasti kokku ka tekstip\u00f5hise programmeerimisega, seega tuleb kasuks, kui oled varem l\u00e4binud m\u00f5ne programmeerimist \u00f5petava kursuse. Siiski oleme \u00f5ppematerjali koostanud selliselt, et saaksid \u00fclesannetega hakkama ka ilma varasema programmeerimise kogemuseta. V\u00f5ib-olla kulub lihtsalt natuke rohkem aega. Kursuse \u00f5pikeskkonnas avame ka foorumi, kuhu k\u00f5ikv\u00f5imalike k\u00fcsimuste ja abipalvetega p\u00f6\u00f6rduda. Koos juhendajate ja kaas\u00f5ppijate abiga, saab kindlasti k\u00f5ik oluline selgeks ja tehtud.<\/p>\n<p>Kursuse loojateks on Alvo Aabloo, Karl Kruusam\u00e4e, Veiko Vunder, Heilo Altin, Antti Jaaniste ja Karl Oskar Lember. Nad k\u00f5ik on Tartu \u00dclikoolist ning huvi robootika vastu on nad kokku toonud. Igap\u00e4evaselt tegeleb Alvo intelligentsete materjalide labori juhtimisega, Karl robotite arukaks muutmisega ning Heilo koolirobootikaga. Veiko, Antti ja Oskar \u00f5petavad Tartu \u00dclikoolis erinevaid robootikat k\u00e4sitlevaid kursusi.<\/p>\n<hr>\n<h2>Rohkem infot mBoti tellimise kohta<\/h2>\n<p>Kursuse raames kasutatavasse robootikakomplekti kuulub:<\/p>\n<ol>\n<li><a href=\"http:\/\/store.makeblock.com\/mbot-v1-1-stem-educational-robot-kit\" target=\"_blank\" rel=\"noopener\">mBot v 1.1 (Bluetooth Version)<\/a><\/li>\n<li><a href=\"http:\/\/store.makeblock.com\/me-sound-sensor\" target=\"_blank\" rel=\"noopener\">Me Sound Sensor<\/a><\/li>\n<li><a href=\"http:\/\/store.makeblock.com\/me-led-matrix-8-16\" target=\"_blank\" rel=\"noopener\">Me LED Matrix 8 \u00d7 16<\/a><\/li>\n<li><a href=\"http:\/\/store.makeblock.com\/6p6c-rj25-cable-20cm-4-pack\" target=\"_blank\" rel=\"noopener\">6P6C RJ25 cable-20cm (4-Pack)<\/a><\/li>\n<\/ol>\n<p><strong>1. Kogu komplekti saab k\u00e4tte\u00a0<a href=\"http:\/\/www.robomiku.ee\/toode\/tartu-ulikooli-robootika-mooc-mbot-komplekt\/\" target=\"_blank\" rel=\"noopener\">Robomiku veebipoest<\/a><br>\n<\/strong><\/p>\n<p>Komplekti hind on 119,90 eurot. V\u00f5imalik on endale ka antud mBoti komplekt rentida: selleks tuleb esialgu kogu komplekt Robomiku veebipoest tellida ja tasuda. Kui aga saadad 10 p\u00e4eva jooksul p\u00e4rast kursuse l\u00f5ppu kogu komplekti originaalpakendis rikkumata kujul tagasi, maksab Robomiku sulle 79,9 eurot tagasi. Seega on kasutamise hind 40 eurot + postikulu. NB! Komplekti saavad rentida ainult need, kes kursuse etten\u00e4htud aja jooksul ka edukalt sooritavad.<\/p>\n<ul>\n<li>Tartu \u00dclikooli Robootika MOOC mBot komplekt, <a style=\"background-color: #ffffff;\" href=\"http:\/\/www.robomiku.ee\/toode\/tartu-ulikooli-robootika-mooc-mbot-komplekt\/\" target=\"_blank\" rel=\"noopener\">http:\/\/www.robomiku.ee\/toode\/tartu-ulikooli-robootika-mooc-mbot-komplekt\/<\/a><\/li>\n<\/ul>\n<p><strong>2. Kogu komplekti saab k\u00e4tte <a href=\"https:\/\/www.insplay.eu\/et\/TU-mbot-roosa\" target=\"_blank\" rel=\"noopener\">Insplay veebipoest<\/a><\/strong><\/p>\n<p>Komplekti hind on 119,90 eurot. V\u00f5imalik on endale ka antud mBoti komplekt rentida: selleks tuleb esialgu kogu komplekt Insplay veebipoest tellida ja tasuda. Kui aga saadad 10 p\u00e4eva jooksul p\u00e4rast kursuse l\u00f5ppu kogu komplekti originaalpakendis rikkumata kujul tagasi, maksab Insplay sulle 79,9 eurot tagasi. Seega on kasutamise hind 40 eurot + postikulu. NB! Komplekti saavad rentida ainult need, kes kursuse etten\u00e4htud aja jooksul ka edukalt sooritavad.<\/p>\n<ul>\n<li>Tartu \u00dclikooli Robootika MOOC mBot komplekt (sinine), <a href=\"https:\/\/www.insplay.eu\/et\/TU-mbot-sinine\" target=\"_blank\" rel=\"noopener\">https:\/\/www.insplay.eu\/et\/TU-mbot-sinine<\/a><\/li>\n<li>Tartu \u00dclikooli Robootika MOOC mBot komplekt (roosa), <a href=\"https:\/\/www.insplay.eu\/et\/TU-mbot-roosa\" target=\"_blank\" rel=\"noopener\">https:\/\/www.insplay.eu\/et\/TU-mbot-roosa<\/a><\/li>\n<\/ul>\n<p><strong>3. Tootja kodulehel saab ise valida, millised komponente tellida<\/strong><\/p>\n<ul>\n<li>mBot v 1.1 (Bluetooth Version), <a href=\"http:\/\/store.makeblock.com\/mbot-v1-1-stem-educational-robot-kit\" target=\"_blank\" rel=\"noopener\">http:\/\/store.makeblock.com\/mbot-v1-1-stem-educational-robot-kit<\/a><\/li>\n<li>Me Sound Sensor, <a href=\"http:\/\/store.makeblock.com\/me-sound-sensor\" target=\"_blank\" rel=\"noopener\">http:\/\/store.makeblock.com\/me-sound-sensor<\/a><\/li>\n<li>Me LED Matrix 8 \u00d7 16, <a href=\"http:\/\/store.makeblock.com\/me-led-matrix-8-16\" target=\"_blank\" rel=\"noopener\">http:\/\/store.makeblock.com\/me-led-matrix-8-16<\/a><\/li>\n<li>6P6C RJ25 cable-20cm (4-Pack), <a href=\"http:\/\/store.makeblock.com\/6p6c-rj25-cable-20cm-4-pack\" target=\"_blank\" rel=\"noopener\">http:\/\/store.makeblock.com\/6p6c-rj25-cable-20cm-4-pack<\/a><\/li>\n<\/ul>\n","protected":false},"excerpt":{"rendered":"<p>Kas tulevikus hakkavad meid valitsema kurjad robotid v\u00f5i saame hoopis t\u00fc\u00fctud majapidamist\u00f6\u00f6d abivalmitele kodurobotitele j\u00e4tta ning ise samal ajal rahulikult oma lemmik tegevusi harrastada? Vastus k\u00fcsimusele, milliseid roboteid luuakse, on aga tegelikult Sinu endi k\u00e4tes ning kursus \u201cRobootikast puust ja &#8230;<\/p>\n","protected":false},"author":98,"featured_media":0,"parent":0,"menu_order":0,"comment_status":"closed","ping_status":"closed","template":"","meta":{"_acf_changed":false,"inline_featured_image":false,"footnotes":""},"class_list":["post-11","page","type-page","status-publish","hentry"],"acf":[],"_links":{"self":[{"href":"https:\/\/sisu.ut.ee\/robot\/wp-json\/wp\/v2\/pages\/11","targetHints":{"allow":["GET"]}}],"collection":[{"href":"https:\/\/sisu.ut.ee\/robot\/wp-json\/wp\/v2\/pages"}],"about":[{"href":"https:\/\/sisu.ut.ee\/robot\/wp-json\/wp\/v2\/types\/page"}],"author":[{"embeddable":true,"href":"https:\/\/sisu.ut.ee\/robot\/wp-json\/wp\/v2\/users\/98"}],"replies":[{"embeddable":true,"href":"https:\/\/sisu.ut.ee\/robot\/wp-json\/wp\/v2\/comments?post=11"}],"version-history":[{"count":7,"href":"https:\/\/sisu.ut.ee\/robot\/wp-json\/wp\/v2\/pages\/11\/revisions"}],"predecessor-version":[{"id":149,"href":"https:\/\/sisu.ut.ee\/robot\/wp-json\/wp\/v2\/pages\/11\/revisions\/149"}],"wp:attachment":[{"href":"https:\/\/sisu.ut.ee\/robot\/wp-json\/wp\/v2\/media?parent=11"}],"curies":[{"name":"wp","href":"https:\/\/api.w.org\/{rel}","templated":true}]}}