{"id":10,"date":"2024-04-04T03:16:32","date_gmt":"2024-04-04T00:16:32","guid":{"rendered":"https:\/\/sisu.ut.ee\/robot\/6-kuidas-panna-robot-tegutsema\/"},"modified":"2024-04-04T03:16:43","modified_gmt":"2024-04-04T00:16:43","slug":"6-kuidas-panna-robot-tegutsema","status":"publish","type":"page","link":"https:\/\/sisu.ut.ee\/robot\/6-kuidas-panna-robot-tegutsema\/","title":{"rendered":"6. Kuidas panna robot tegutsema?"},"content":{"rendered":"<p>Robotid hakkavad tegutsevad, kui juhime programmikoodis nende v\u00e4ljundeid. Andurid, mis on \u00fchendatud kontrolleri sisenditega, v\u00f5imaldavad esitada infot roboti \u00fcmbruse kohta masinatele arusaadaval kujul. Selles \u00f5ppet\u00fckis saad teada, kuidas panna \u00fcks robot m\u00f5testatud moel tegutsema ehk kuidas luua algoritm ja realiseerida roboti tegutsemine programmikoodina.<\/p>\n","protected":false},"excerpt":{"rendered":"<p>Robotid hakkavad tegutsevad, kui juhime programmikoodis nende v\u00e4ljundeid. Andurid, mis on \u00fchendatud kontrolleri sisenditega, v\u00f5imaldavad esitada infot roboti \u00fcmbruse kohta masinatele arusaadaval kujul. Selles \u00f5ppet\u00fckis saad teada, kuidas panna \u00fcks robot m\u00f5testatud moel tegutsema ehk kuidas luua algoritm ja realiseerida &#8230;<\/p>\n","protected":false},"author":98,"featured_media":0,"parent":0,"menu_order":0,"comment_status":"closed","ping_status":"closed","template":"","meta":{"_acf_changed":false,"inline_featured_image":false,"footnotes":""},"class_list":["post-10","page","type-page","status-publish","hentry"],"acf":[],"_links":{"self":[{"href":"https:\/\/sisu.ut.ee\/robot\/wp-json\/wp\/v2\/pages\/10","targetHints":{"allow":["GET"]}}],"collection":[{"href":"https:\/\/sisu.ut.ee\/robot\/wp-json\/wp\/v2\/pages"}],"about":[{"href":"https:\/\/sisu.ut.ee\/robot\/wp-json\/wp\/v2\/types\/page"}],"author":[{"embeddable":true,"href":"https:\/\/sisu.ut.ee\/robot\/wp-json\/wp\/v2\/users\/98"}],"replies":[{"embeddable":true,"href":"https:\/\/sisu.ut.ee\/robot\/wp-json\/wp\/v2\/comments?post=10"}],"version-history":[{"count":1,"href":"https:\/\/sisu.ut.ee\/robot\/wp-json\/wp\/v2\/pages\/10\/revisions"}],"predecessor-version":[{"id":102,"href":"https:\/\/sisu.ut.ee\/robot\/wp-json\/wp\/v2\/pages\/10\/revisions\/102"}],"wp:attachment":[{"href":"https:\/\/sisu.ut.ee\/robot\/wp-json\/wp\/v2\/media?parent=10"}],"curies":[{"name":"wp","href":"https:\/\/api.w.org\/{rel}","templated":true}]}}