{"id":54,"date":"2024-12-07T09:42:34","date_gmt":"2024-12-07T07:42:34","guid":{"rendered":"https:\/\/sisu.ut.ee\/risk\/?page_id=54"},"modified":"2026-02-12T18:25:04","modified_gmt":"2026-02-12T16:25:04","slug":"riski-ja-kerksuse-uurimisruhm","status":"publish","type":"page","link":"https:\/\/sisu.ut.ee\/risk\/et\/","title":{"rendered":"Riski ja kerksuse uurimisr\u00fchm"},"content":{"rendered":"<div class=\"wp-block-columns is-layout-flex wp-container-core-columns-is-layout-9d6595d7 wp-block-columns-is-layout-flex\">\n<div class=\"wp-block-column is-layout-flow wp-block-column-is-layout-flow\" style=\"flex-basis:75%\">\n<div class=\"wp-block-group is-layout-constrained wp-block-group-is-layout-constrained\">\n<p class=\"has-extra-large-font-size\">Katastroofidel suurtest loodus- ja t\u00f6\u00f6stus\u00f5nnetustest pandeemiate ja s\u00f5dadeni on laastav m\u00f5ju tuhandete inimeste elule ja tervisele, kui \u00fchiskond pole h\u00e4daolukordadeks valmis ning t\u00e4helepanuta on j\u00e4\u00e4nud haavatavuse algp\u00f5hjused.\u00a0\u00a0<\/p>\n\n\n\n<p class=\"has-extra-large-font-size\">Riski ja kerksuse uurimisr\u00fchm on inimelude s\u00e4\u00e4stmiseks Eestis ja kogu maailmas\u00a0<\/p>\n\n\n\n<ul class=\"wp-block-list\">\n<li class=\"has-extra-large-font-size\"><strong>loonud originaalse teoreetilis-metodoloogilise raamistiku sotsiaalse haavatavuse kujunemisd\u00fcnaamika anal\u00fc\u00fcsimiseks ja m\u00f5testamiseks h\u00e4daolukordades<\/strong><\/li>\n<\/ul>\n\n\n\n<ul class=\"wp-block-list has-extra-large-font-size\">\n<li><strong>ehitanud elanikkonnakaitse planeerimist toetava sotsiaalse haavatavuse triaa\u017eis\u00fcsteemi<\/strong><\/li>\n<\/ul>\n\n\n\n<ul class=\"wp-block-list\">\n<li class=\"has-extra-large-font-size\"><strong>pannud aluse haavatavuse m\u00f5testamise viiside ja tegurite rahvusvahelisele v\u00f5rdlevale uurimisele<\/strong><\/li>\n<\/ul>\n\n\n\n<ul class=\"wp-block-list\">\n<li class=\"has-extra-large-font-size\"><strong>arendanud v\u00e4lja unikaalse kommunikatsioonit\u00f5rgetest tulenevate haavatavuste anal\u00fc\u00fcsimudeli<\/strong><br><br><\/li>\n<\/ul>\n<\/div>\n<\/div>\n\n\n\n<div class=\"wp-block-column has-light-background-color has-background is-layout-flow wp-block-column-is-layout-flow\" style=\"flex-basis:25%\">\n<p><\/p>\n\n\n\n<p class=\"has-extra-large-font-size\">Kati Orru ja Sten Hansson p\u00e4lvisid <strong><a href=\"https:\/\/sotsiaalteadused.ut.ee\/et\/uudis\/riikliku-teaduspreemia-sotsiaalteaduste-valdkonnas-palvisid-kati-orru-ja-sten-hansson\" data-type=\"link\" data-id=\"https:\/\/www.akadeemia.ee\/teaduse-elutoopreemia-laureaat-on-akadeemik-martin-zobel\/\">riigi teaduspreemia sotsiaalteaduste valdkonnas t\u00f6\u00f6de ts\u00fckli \u201cHaavatavus h\u00e4daolukordades: anal\u00fc\u00fcs ja lahendused\u201d eest<\/a><\/strong><\/p>\n\n\n\n<p class=\"has-text-align-center\"><\/p>\n\n\n\n<p class=\"has-extra-large-font-size\">Tartu \u00dclikooli riski ja kerksuse uurimisr\u00fchm <a href=\"https:\/\/ut.ee\/et\/sisu\/tartu-ulikooli-riski-ja-kerksuse-uurimise-ruhm-voitis-enlighti-uhiskondliku-moju-auhinna\"><strong>v\u00f5itis Euroopa \u00fclikoolide v\u00f5rgustiku ENLIGHT \u00fchiskondliku m\u00f5ju auhinna digilahenduste vallas<\/strong><\/a><\/p>\n\n\n\n<p class=\"has-text-align-center\"><\/p>\n<\/div>\n<\/div>\n\n\n\n<h2 class=\"wp-block-heading has-light-color has-primary-background-color has-text-color has-background has-link-color wp-elements-067ef9416ae466423790268fcd385498\"><strong>Teadustegevus<\/strong><\/h2>\n\n\n\n<p class=\"has-extra-large-font-size\">Teeme teadus- ja arendust\u00f6\u00f6d kolmes valdkonnas:\u00a0<\/p>\n\n\n\n<div class=\"wp-block-columns is-layout-flex wp-container-core-columns-is-layout-9d6595d7 wp-block-columns-is-layout-flex\">\n<div class=\"wp-block-column is-layout-flow wp-block-column-is-layout-flow\">\n<p class=\"has-extra-large-font-size\"><strong>1. Sotsiaalne haavatavus h\u00e4daolukordades: anal\u00fc\u00fcs ja lahendused\u00a0<\/strong><\/p>\n\n\n\n<p class=\"has-extra-large-font-size\">Teadusr\u00fchm edendab uudset d\u00fcnaamilist sotsiaalse haavatavuse k\u00e4sitlust, mis erineb seni domineerinud staatilisest, haavatavust inimeste omaduseks pidavast l\u00e4henemisest. Selgitades s\u00fcstemaatiliselt nii sotsiaalse tugiv\u00f5rgustiku kui riiklike tugistruktuuride toimimise oluspetsiifilisi m\u00f5jusid h\u00e4daolukordade ennetamisel ja lahendamisel saame senisest oluliselt t\u00f5etruuma ja detailsema pildi haavatavuse tekkemehhanismidest. R\u00fchma loodud raamistik v\u00f5imaldab riskianal\u00fc\u00fcsi k\u00e4igus kaardistada h\u00e4daolukordades potentsiaalselt m\u00f5jutatud inimr\u00fchmad ja nende abivajadused l\u00e4htuvalt konkreetsetest ohustsenaariumidest. See aitab leida elanikkonnakaitses v\u00f5rreldavaid ja universaalseid mustreid, mis m\u00e4\u00e4ravad, miks m\u00f5ned sotsiaalsed ja institutsionaalsed keskkonnad on olnud edukamad haavatavuste v\u00e4hendamisel.\u00a0<\/p>\n\n\n\n<p class=\"has-extra-large-font-size\"><a href=\"https:\/\/sisu.ut.ee\/risk\/#disaster-vulnerability\">Vaata publikatsioone ingliskeelsel veebilehel<\/a><\/p>\n\n\n\n<p class=\"has-extra-large-font-size\"><\/p>\n<\/div>\n\n\n\n<div class=\"wp-block-column is-layout-flow wp-block-column-is-layout-flow\">\n<p class=\"has-extra-large-font-size\"><strong>2. Elanikkonnakaitse: kaasamine, arenguseire ja innovatsioon<\/strong><\/p>\n\n\n\n<p class=\"has-extra-large-font-size\">Komplekssetes h\u00e4daolukordades avalduvate ohtude ette n\u00e4gemiseks ja nendeks valmistumiseks on vaja uusi anal\u00fc\u00fcsitehnikaid ja haldusp\u00f5him\u00f5tteid, mis l\u00e4hevad kaugemale varasemate kogemuste anal\u00fc\u00fcsist ja kitsast ametiasutuste ringist. Eesti ja teiste riikide l\u00e4henemisi anal\u00fc\u00fcsides selgitame, kuidas suurendada kriisivalmidust ja h\u00e4daolukordades toimetulekut, kaasates erinevaid huvipooli sotsiaalkaitse asutustest spontaansete vabatahtlikeni. Sidusr\u00fchmadega koosloomes prognoosime tuleviku h\u00e4daolukordi ja haavatavusi ning kujundame sekkumisi nii tiheasustusaladel kui maakogukondades. Kasutame tuleviku-uuringute ja andmeteaduse meetodeid tuleviku ohustsenaariumide koostamisel ning \u00fchiskonna haavatavuse ennustamisel Euroopas.\u00a0<\/p>\n\n\n\n<p class=\"has-extra-large-font-size\"><a href=\"https:\/\/sisu.ut.ee\/risk\/#disaster-risk-management\">Vaata publikatsioone ingliskeelsel veebilehel<\/a><\/p>\n<\/div>\n\n\n\n<div class=\"wp-block-column is-layout-flow wp-block-column-is-layout-flow\">\n<p class=\"has-extra-large-font-size\"><strong>3. Riskikommunikatsioon ja ohuteavitus<\/strong><\/p>\n\n\n\n<p class=\"has-extra-large-font-size\">Uurimisr\u00fchm on arendanud v\u00e4lja unikaalse kommunikatsioonit\u00f5rgetest tulenevate haavatavuste anal\u00fc\u00fcsimudeli. H\u00e4daolukordadega seotud kommunikatsioonit\u00f5rgete anal\u00fc\u00fcsimudel v\u00f5imaldab varasemast t\u00e4psemalt selgitada v\u00e4\u00e4rinfo ja kahjuliku info leviku m\u00f5jusid haavatavuse kujunemisele. Uurimist\u00f6\u00f6 keskendub individuaalsetele, sotsiaalsetele-struktuurilistele ja oluspetsiifilistele teguritele, mis on erinevates h\u00e4daolukordades takistanud teabele juurdep\u00e4\u00e4su, teabe m\u00f5istmist v\u00f5i sellele reageerimist. Lisaks uuritakse, kuidas elanikkonnakaitse asutused on oma poliitikaid ja praktikaid parandanud, et neid kommunikatsioonit\u00f5rkeid \u00fcletada.<br><br><a href=\"https:\/\/sisu.ut.ee\/risk\/#risk-and-crisis-communication\">Vaata publikatsioone ingliskeelsel veebilehel<\/a>\u00a0<\/p>\n\n\n\n<p><\/p>\n<\/div>\n<\/div>\n\n\n\n<p class=\"has-extra-large-font-size\"><\/p>\n\n\n\n<p class=\"has-extra-large-font-size\"><\/p>\n\n\n\n<h2 class=\"wp-block-heading has-light-color has-primary-background-color has-text-color has-background has-link-color wp-elements-309a2b30d7407237cee12aa9b61edcc5\"><strong>Teadlased<\/strong><\/h2>\n\n\n\n<div class=\"wp-block-columns is-layout-flex wp-container-core-columns-is-layout-9d6595d7 wp-block-columns-is-layout-flex\">\n<div class=\"wp-block-column is-layout-flow wp-block-column-is-layout-flow\">\n<ul class=\"wp-block-list\">\n<li class=\"has-extra-large-font-size\"><strong>Dr Kati Orru<\/strong> <a href=\"https:\/\/www.etis.ee\/CV\/Kati_Orru\/\" target=\"_blank\" rel=\"noreferrer noopener\">ETIS<\/a> <a href=\"https:\/\/scholar.google.com\/citations?user=ajgRzrcAAAAJ&amp;hl=en\" target=\"_blank\" rel=\"noreferrer noopener\">Google Scholar<\/a>\u00a0<\/li>\n\n\n\n<li class=\"has-extra-large-font-size\"><strong>Dr Sten Hansson<\/strong> <a href=\"https:\/\/www.etis.ee\/CV\/Sten_Hansson\/eng\/\" target=\"_blank\" rel=\"noreferrer noopener\">ETIS<\/a> <a href=\"https:\/\/scholar.google.co.uk\/citations?user=AmIeTJYAAAAJ\" target=\"_blank\" rel=\"noreferrer noopener\">Google Scholar<\/a>\u00a0<\/li>\n\n\n\n<li class=\"has-extra-large-font-size\"><strong>Dr Oliver Nahkur<\/strong> <a href=\"https:\/\/www.etis.ee\/CV\/Oliver_Nahkur\/eng\/\" target=\"_blank\" rel=\"noreferrer noopener\">ETIS<\/a> <a href=\"https:\/\/scholar.google.com\/citations?user=t48qH-UAAAAJ&amp;hl=en\" target=\"_blank\" rel=\"noreferrer noopener\">Google Scholar<\/a>\u00a0<\/li>\n\n\n\n<li class=\"has-extra-large-font-size\"><strong>Dr Usha Dahal<\/strong> <a href=\"https:\/\/www.etis.ee\/CV\/Usha_Dahal\/eng\/\" target=\"_blank\" rel=\"noreferrer noopener\">ETIS<\/a> <a href=\"https:\/\/scholar.google.com\/citations?user=vkv4mfkAAAAJ\" target=\"_blank\" rel=\"noreferrer noopener\">Google Scholar<\/a><\/li>\n\n\n\n<li class=\"has-extra-large-font-size\"><strong>Dr Kristi Nero<\/strong> <a href=\"https:\/\/www.etis.ee\/CV\/Kristi_Nero\" target=\"_blank\" rel=\"noreferrer noopener\">ETIS<\/a>\u00a0\u00a0<\/li>\n<\/ul>\n<\/div>\n\n\n\n<div class=\"wp-block-column is-layout-flow wp-block-column-is-layout-flow\">\n<p class=\"has-extra-large-font-size\">Doktorandid:\u00a0\u00a0\u00a0<\/p>\n\n\n\n<ul class=\"wp-block-list\">\n<li class=\"has-extra-large-font-size\"><strong>Ida Joao-Hussar<\/strong> <a href=\"https:\/\/www.etis.ee\/CV\/Ida_Joao-Hussar\/eng\/\" target=\"_blank\" rel=\"noreferrer noopener\">ETIS<\/a>\u00a0\u00a0<\/li>\n\n\n\n<li class=\"has-extra-large-font-size\"><strong>Ingeliis Siimsen<\/strong> <a href=\"https:\/\/www.etis.ee\/CV\/Ingeliis_Siimsen\/eng\/\" target=\"_blank\" rel=\"noreferrer noopener\">ETIS<\/a>\u00a0\u00a0<\/li>\n\n\n\n<li class=\"has-extra-large-font-size\"><strong>Ahmed Atia Rezk<\/strong> <a href=\"https:\/\/www.etis.ee\/CV\/Ahmed_Atia_Ali_Atia_Rezk\/eng\/\" target=\"_blank\" rel=\"noreferrer noopener\">ETIS<\/a><\/li>\n<\/ul>\n<\/div>\n<\/div>\n","protected":false},"excerpt":{"rendered":"<p>Katastroofidel suurtest loodus- ja t\u00f6\u00f6stus\u00f5nnetustest pandeemiate ja s\u00f5dadeni on laastav m\u00f5ju tuhandete inimeste elule ja tervisele, kui \u00fchiskond pole h\u00e4daolukordadeks valmis ning t\u00e4helepanuta on j\u00e4\u00e4nud haavatavuse algp\u00f5hjused.\u00a0\u00a0 Riski ja kerksuse uurimisr\u00fchm on inimelude s\u00e4\u00e4stmiseks Eestis ja kogu maailmas\u00a0 Kati Orru &#8230;<\/p>\n","protected":false},"author":733,"featured_media":0,"parent":0,"menu_order":0,"comment_status":"closed","ping_status":"open","template":"","meta":{"_acf_changed":false,"inline_featured_image":false,"footnotes":""},"class_list":["post-54","page","type-page","status-publish","hentry"],"acf":[],"_links":{"self":[{"href":"https:\/\/sisu.ut.ee\/risk\/et\/wp-json\/wp\/v2\/pages\/54","targetHints":{"allow":["GET"]}}],"collection":[{"href":"https:\/\/sisu.ut.ee\/risk\/et\/wp-json\/wp\/v2\/pages"}],"about":[{"href":"https:\/\/sisu.ut.ee\/risk\/et\/wp-json\/wp\/v2\/types\/page"}],"author":[{"embeddable":true,"href":"https:\/\/sisu.ut.ee\/risk\/et\/wp-json\/wp\/v2\/users\/733"}],"replies":[{"embeddable":true,"href":"https:\/\/sisu.ut.ee\/risk\/et\/wp-json\/wp\/v2\/comments?post=54"}],"version-history":[{"count":30,"href":"https:\/\/sisu.ut.ee\/risk\/et\/wp-json\/wp\/v2\/pages\/54\/revisions"}],"predecessor-version":[{"id":308,"href":"https:\/\/sisu.ut.ee\/risk\/et\/wp-json\/wp\/v2\/pages\/54\/revisions\/308"}],"wp:attachment":[{"href":"https:\/\/sisu.ut.ee\/risk\/et\/wp-json\/wp\/v2\/media?parent=54"}],"curies":[{"name":"wp","href":"https:\/\/api.w.org\/{rel}","templated":true}]}}