{"id":28,"date":"2025-01-14T10:03:15","date_gmt":"2025-01-14T08:03:15","guid":{"rendered":"https:\/\/sisu.ut.ee\/riigiabi-25\/?page_id=28"},"modified":"2025-04-09T17:39:53","modified_gmt":"2025-04-09T14:39:53","slug":"esinejad","status":"publish","type":"page","link":"https:\/\/sisu.ut.ee\/riigiabi-25\/esinejad\/","title":{"rendered":"Esinejad"},"content":{"rendered":"<p><\/p>\n\n\n\n<figure class=\"wp-block-image size-large is-resized\"><img loading=\"lazy\" decoding=\"async\" width=\"778\" height=\"1024\" src=\"https:\/\/sisu.ut.ee\/wp-content\/uploads\/sites\/865\/Salim-Medghoul-778x1024.jpg\" alt=\"\" class=\"wp-image-127\" style=\"width:142px;height:auto\" srcset=\"https:\/\/sisu.ut.ee\/wp-content\/uploads\/sites\/865\/Salim-Medghoul-778x1024.jpg 778w, https:\/\/sisu.ut.ee\/wp-content\/uploads\/sites\/865\/Salim-Medghoul-228x300.jpg 228w, https:\/\/sisu.ut.ee\/wp-content\/uploads\/sites\/865\/Salim-Medghoul-768x1011.jpg 768w, https:\/\/sisu.ut.ee\/wp-content\/uploads\/sites\/865\/Salim-Medghoul-1167x1536.jpg 1167w, https:\/\/sisu.ut.ee\/wp-content\/uploads\/sites\/865\/Salim-Medghoul-1555x2048.jpg 1555w, https:\/\/sisu.ut.ee\/wp-content\/uploads\/sites\/865\/Salim-Medghoul.jpg 1863w\" sizes=\"auto, (max-width: 778px) 100vw, 778px\"><\/figure>\n\n\n\n<p><strong>Salim Medghoul<\/strong> on Euroopa Komisjoni ametnik ja t\u00f6\u00f6tab konkurentsi peadirektoraadis riigiabi eest vastutava asepeadirektori n\u00f5unikuna. Tal on ligi 20-aastane riigiabi j\u00f5ustamise kogemus ja ta on t\u00f6\u00f6tanud t\u00f6\u00f6stuse \u00fcmberstruktureerimise ja finantsabi sektoris. Enne praegusele ametikohale asumist oli ta 7 aastat riigiabipoliitika \u00fcksuse juhataja aset\u00e4itja.<\/p>\n\n\n\n<figure class=\"wp-block-image size-full is-resized\"><img loading=\"lazy\" decoding=\"async\" width=\"325\" height=\"500\" src=\"https:\/\/sisu.ut.ee\/wp-content\/uploads\/sites\/865\/Gian-Marco-Galletti.jpg\" alt=\"\" class=\"wp-image-85\" style=\"width:137px;height:auto\" srcset=\"https:\/\/sisu.ut.ee\/wp-content\/uploads\/sites\/865\/Gian-Marco-Galletti.jpg 325w, https:\/\/sisu.ut.ee\/wp-content\/uploads\/sites\/865\/Gian-Marco-Galletti-195x300.jpg 195w\" sizes=\"auto, (max-width: 325px) 100vw, 325px\"><\/figure>\n\n\n\n<p><a href=\"https:\/\/www.linkedin.com\/in\/gian-marco-galletti-09926658\/\" target=\"_blank\" rel=\"noreferrer noopener\"><strong>Gian Marco Galletti<\/strong><\/a>\u00a0t\u00f6\u00f6tab Euroopa Kohtu kohtujurist Dean Spielmanni kabinetis. Varasemalt oli Galetti dr. iur. Priit Pikam\u00e4e n\u00f5unik Euroopa Kohtus.<\/p>\n\n\n\n<figure class=\"wp-block-image size-full is-resized\"><img loading=\"lazy\" decoding=\"async\" width=\"253\" height=\"269\" src=\"https:\/\/sisu.ut.ee\/wp-content\/uploads\/sites\/865\/Vaido-Poldoja.jpg\" alt=\"\" class=\"wp-image-201\" style=\"width:140px;height:auto\"><\/figure>\n\n\n\n<p><strong>Vaido P\u00f5ldoja<\/strong> on\u00a0<a href=\"https:\/\/www.eftasurv.int\/\" target=\"_blank\" rel=\"noreferrer noopener\">EFTA J\u00e4relevalveasutuse<\/a>\u00a0vanemjurist (konkurentsi ja riigiabi direktoraat). Ta on riigiabi valdkonnas t\u00f6\u00f6tanud \u00fcle 15 aasta ning tegeleb hetkel peamiselt energeetika, kliima, transpordi ja postiteenuste riigiabi meetmetega. Enne ESAt oli viis aastat ametnik Komisjoni konkurentsi peadirektoraadi erinevates \u00fcksustes, sh riigiabipoliitika. Sellele eelnevalt praktiseeris Vaido k\u00fcmme aastat advokaadina Eestis. Lisaks on Vaido aktiivne koolitaja, andes loenguid peamiselt Eesti ja Norra riigiabi andjatele.<\/p>\n\n\n\n<figure class=\"wp-block-image size-full is-resized\"><img loading=\"lazy\" decoding=\"async\" width=\"618\" height=\"852\" src=\"https:\/\/sisu.ut.ee\/wp-content\/uploads\/sites\/865\/Triinu-Jarviste.jpg\" alt=\"\" class=\"wp-image-122\" style=\"width:136px;height:auto\" srcset=\"https:\/\/sisu.ut.ee\/wp-content\/uploads\/sites\/865\/Triinu-Jarviste.jpg 618w, https:\/\/sisu.ut.ee\/wp-content\/uploads\/sites\/865\/Triinu-Jarviste-218x300.jpg 218w\" sizes=\"auto, (max-width: 618px) 100vw, 618px\"><\/figure>\n\n\n\n<p><strong>Triinu J\u00e4rviste<\/strong> juhib advokaadib\u00fcroos TGS Baltic konkurentsi\u00f5iguse ja riigiabi meeskonda ning n\u00f5ustab kliente igap\u00e4evaselt k\u00f5igis konkurentsi\u00f5igusega seonduvates k\u00fcsimustes. Eriline oskusteave on Triinul riigiabi valdkonnas, n\u00f5ustades riigiabi andjaid riigiabimeetmete struktureerimisel ja esindades kliente edukalt Euroopa Komisjonis, Euroopa Kohtus ja Eesti kohtutes.<\/p>\n\n\n\n<figure class=\"wp-block-image size-large is-resized\"><img loading=\"lazy\" decoding=\"async\" width=\"760\" height=\"1024\" src=\"https:\/\/sisu.ut.ee\/wp-content\/uploads\/sites\/865\/Ivo-Pilving-1-760x1024.jpg\" alt=\"\" class=\"wp-image-219\" style=\"width:139px;height:auto\" srcset=\"https:\/\/sisu.ut.ee\/wp-content\/uploads\/sites\/865\/Ivo-Pilving-1-760x1024.jpg 760w, https:\/\/sisu.ut.ee\/wp-content\/uploads\/sites\/865\/Ivo-Pilving-1-223x300.jpg 223w, https:\/\/sisu.ut.ee\/wp-content\/uploads\/sites\/865\/Ivo-Pilving-1-768x1035.jpg 768w, https:\/\/sisu.ut.ee\/wp-content\/uploads\/sites\/865\/Ivo-Pilving-1-1139x1536.jpg 1139w, https:\/\/sisu.ut.ee\/wp-content\/uploads\/sites\/865\/Ivo-Pilving-1-1519x2048.jpg 1519w, https:\/\/sisu.ut.ee\/wp-content\/uploads\/sites\/865\/Ivo-Pilving-1.jpg 1595w\" sizes=\"auto, (max-width: 760px) 100vw, 760px\"><\/figure>\n\n\n\n<p><strong>Ivo Pilving<\/strong> on Riigikohtu halduskolleegiumi esimees ja Tartu \u00dclikooli \u00f5igusteaduskonna haldus\u00f5iguse kaasprofessor \u00f5petades haldusprotsessi kursust. Ta on kaitsnud doktorikraadi Tartu \u00dclikoolis ja magistrikraadi Freiburgi \u00dclikoolis Saksamaal. Ta on \u00fcle 20 aasta t\u00f6\u00f6tanud halduskohtunikuna, lahendades muuhulgas riigiabi, riigihangete ja konkurentsi\u00f5iguse asju. Ta on ka Eesti Akadeemilise \u00d5igusteaduse Seltsi esimees ja Euroopa k\u00f5rgemate halduskohtute \u00fchenduse juhatuse liige.<\/p>\n\n\n\n<figure class=\"wp-block-image size-large is-resized\"><img loading=\"lazy\" decoding=\"async\" width=\"758\" height=\"1024\" src=\"https:\/\/sisu.ut.ee\/wp-content\/uploads\/sites\/865\/Elo-Tamm-758x1024.jpg\" alt=\"\" class=\"wp-image-77\" style=\"width:134px;height:auto\" srcset=\"https:\/\/sisu.ut.ee\/wp-content\/uploads\/sites\/865\/Elo-Tamm-758x1024.jpg 758w, https:\/\/sisu.ut.ee\/wp-content\/uploads\/sites\/865\/Elo-Tamm-222x300.jpg 222w, https:\/\/sisu.ut.ee\/wp-content\/uploads\/sites\/865\/Elo-Tamm-768x1038.jpg 768w, https:\/\/sisu.ut.ee\/wp-content\/uploads\/sites\/865\/Elo-Tamm-1136x1536.jpg 1136w, https:\/\/sisu.ut.ee\/wp-content\/uploads\/sites\/865\/Elo-Tamm-1515x2048.jpg 1515w, https:\/\/sisu.ut.ee\/wp-content\/uploads\/sites\/865\/Elo-Tamm-1920x2595.jpg 1920w, https:\/\/sisu.ut.ee\/wp-content\/uploads\/sites\/865\/Elo-Tamm-scaled.jpg 1894w\" sizes=\"auto, (max-width: 758px) 100vw, 758px\"><\/figure>\n\n\n\n<p><strong>Elo Tamm<\/strong> on advokaadib\u00fcroo COBALT konkurentsi\u00f5iguse ning ELi \u00f5iguse valdkonna juht, tervishoiu valdkonna juht ja energeetika valdkonna kaasjuht ning on nende valdkondade \u00fcks tunnustatumaid Eesti eksperte. Ta on esindanud juhtivaid kohalikke ja rahvusvahelisi ettev\u00f5tteid Konkurentsiameti menetlustes seonduvalt v\u00f5imalike kahtlustustega kartellikokkulepete, keelatud kokkulepete ja turgu valitseva seisundi kuritarvitamise osas.<\/p>\n\n\n\n<figure class=\"wp-block-image size-full is-resized\"><img loading=\"lazy\" decoding=\"async\" width=\"169\" height=\"224\" src=\"https:\/\/sisu.ut.ee\/wp-content\/uploads\/sites\/865\/Carri-Ginter-1.jpg\" alt=\"\" class=\"wp-image-216\" style=\"width:138px;height:auto\"><\/figure>\n\n\n\n<p><strong>Dr Carri Ginter<\/strong> on\u00a0advokaadib\u00fcroo Sorainen partner ning vaidluste lahendamise ja ennetamise t\u00f6\u00f6r\u00fchma juht. Ta on Euroopa Liidu \u00f5iguse tippspetsialist, on avaldanud mitmeid ELi \u00f5iguse teemalisi kirjutisi rahvusvahelises erialakirjanduses ning on Tartu \u00dclikoolis ELi \u00f5iguse kaasprofessor.\u00a0Oma karj\u00e4\u00e4ri jooksul on ta kaitsnud kohtus Eesti ministeeriume ja Tallinna linna ning esindanud edukalt klienti seni suurimas kahjun\u00f5udes Eesti riigi vastu.\u00a0<\/p>\n\n\n\n<figure class=\"wp-block-image size-large is-resized\"><img loading=\"lazy\" decoding=\"async\" width=\"837\" height=\"1024\" src=\"https:\/\/sisu.ut.ee\/wp-content\/uploads\/sites\/865\/Birgitta-Ots-837x1024.jpg\" alt=\"\" class=\"wp-image-194\" style=\"width:139px;height:auto\" srcset=\"https:\/\/sisu.ut.ee\/wp-content\/uploads\/sites\/865\/Birgitta-Ots-837x1024.jpg 837w, https:\/\/sisu.ut.ee\/wp-content\/uploads\/sites\/865\/Birgitta-Ots-245x300.jpg 245w, https:\/\/sisu.ut.ee\/wp-content\/uploads\/sites\/865\/Birgitta-Ots-768x940.jpg 768w, https:\/\/sisu.ut.ee\/wp-content\/uploads\/sites\/865\/Birgitta-Ots-1255x1536.jpg 1255w, https:\/\/sisu.ut.ee\/wp-content\/uploads\/sites\/865\/Birgitta-Ots-1673x2048.jpg 1673w, https:\/\/sisu.ut.ee\/wp-content\/uploads\/sites\/865\/Birgitta-Ots-1920x2350.jpg 1920w\" sizes=\"auto, (max-width: 837px) 100vw, 837px\"><\/figure>\n\n\n\n<p><strong>Birgitta Ots<\/strong>\u00a0on Eesti p\u00f5hiv\u00f5rguettev\u00f5tja Elering AS riigiabi ja riigihangete \u00fcksuse juht. Tal on 10-aastane kogemus riigiabi ja energeetika valdkonnas. Enne Elering AS-iga liitumist t\u00f6\u00f6tas ta pea 5 aastat Euroopa Komisjoni konkurentsi peadirektoraadis riigiabi juhtumik\u00e4sitlejana ja liikmesriigi koordinaatorina, sealhulgas energeetika valdkonnas, juhtides mitmeid poliitiliselt olulisi energiakriisiaegseid menetlusi nagu Saksamaa pruuns\u00f6est loobumise abimeede, Uniperi kriisiaegne rekapitaliseerimine ning Gazpromiga seotud kriisimeetmed.<\/p>\n\n\n\n<figure class=\"wp-block-image size-large is-resized\"><img loading=\"lazy\" decoding=\"async\" width=\"773\" height=\"1024\" src=\"https:\/\/sisu.ut.ee\/wp-content\/uploads\/sites\/865\/Martin-Maesalu-773x1024.jpg\" alt=\"\" class=\"wp-image-115\" style=\"width:135px;height:auto\" srcset=\"https:\/\/sisu.ut.ee\/wp-content\/uploads\/sites\/865\/Martin-Maesalu-773x1024.jpg 773w, https:\/\/sisu.ut.ee\/wp-content\/uploads\/sites\/865\/Martin-Maesalu-227x300.jpg 227w, https:\/\/sisu.ut.ee\/wp-content\/uploads\/sites\/865\/Martin-Maesalu-768x1017.jpg 768w, https:\/\/sisu.ut.ee\/wp-content\/uploads\/sites\/865\/Martin-Maesalu.jpg 975w\" sizes=\"auto, (max-width: 773px) 100vw, 773px\"><\/figure>\n\n\n\n<p><strong>Martin M\u00e4esalu<\/strong> juhib igap\u00e4evaselt Ellex Raidlas konkurentsi\u00f5iguse ja riigiabi\u00f5iguse praktikagruppi. Tal on laiaulatuslik erialane kogemus nii riiklikul kui Euroopa Liidu tasandil ja enam kui 15 aastat kogemust klientide n\u00f5ustamisel nii tehingutes kui vaidlustes, erinevates sektorites, sealhulgas energiavaldkonnas.\u00a0<\/p>\n\n\n\n<figure class=\"wp-block-image size-large is-resized\"><img loading=\"lazy\" decoding=\"async\" width=\"754\" height=\"1024\" src=\"https:\/\/sisu.ut.ee\/wp-content\/uploads\/sites\/865\/Katri-Paas-Mohando-754x1024.jpg\" alt=\"\" class=\"wp-image-80\" style=\"width:134px;height:auto\" srcset=\"https:\/\/sisu.ut.ee\/wp-content\/uploads\/sites\/865\/Katri-Paas-Mohando-754x1024.jpg 754w, https:\/\/sisu.ut.ee\/wp-content\/uploads\/sites\/865\/Katri-Paas-Mohando-221x300.jpg 221w, https:\/\/sisu.ut.ee\/wp-content\/uploads\/sites\/865\/Katri-Paas-Mohando-768x1044.jpg 768w, https:\/\/sisu.ut.ee\/wp-content\/uploads\/sites\/865\/Katri-Paas-Mohando.jpg 1092w\" sizes=\"auto, (max-width: 754px) 100vw, 754px\"><\/figure>\n\n\n\n<p><strong>Katri Paas-Mohando<\/strong> on energiakontserni Utilitas jurist. Varasemalt on t\u00f6\u00f6tanud \u00fcle 10 aasta vandeadvokaadina erinevates Eesti suuremates advokaadib\u00fcroodes, spetsialiseerudes peamiselt konkurentsi\u00f5iguse ja riigiabi valdkonnale. Ta omab doktorikraadi Tartu \u00dclikoolist ning on t\u00e4iendanud end Helsingi \u00dclikoolis, Singapuri Rahvuslikus \u00dclikoolis ja New Yorgi \u00dclikoolis.\u00a0<\/p>\n\n\n\n<figure class=\"wp-block-image size-full is-resized\"><img loading=\"lazy\" decoding=\"async\" width=\"696\" height=\"928\" src=\"https:\/\/sisu.ut.ee\/wp-content\/uploads\/sites\/865\/Kaspar-Endrikson.jpg\" alt=\"\" class=\"wp-image-141\" style=\"width:135px;height:auto\" srcset=\"https:\/\/sisu.ut.ee\/wp-content\/uploads\/sites\/865\/Kaspar-Endrikson.jpg 696w, https:\/\/sisu.ut.ee\/wp-content\/uploads\/sites\/865\/Kaspar-Endrikson-225x300.jpg 225w\" sizes=\"auto, (max-width: 696px) 100vw, 696px\"><\/figure>\n\n\n\n<p><strong>Kaspar Endrikson<\/strong> on energeetika ja infrastruktuuri valdkonna \u00f5igusk\u00fcsimuste ja projektidega tegelenud \u201eterve elu\u201c, alustades karj\u00e4\u00e4ri Konkurentsiameti juristina, seej\u00e4rel praktiseerinud advokaadina \u00fcle 10 aasta advokaadib\u00fcroos Sorainen ning k\u00e4esoleval ajal \u00f5igusosakonna juhina Eesti \u00fches suurimas t\u00f6\u00f6stus- ja energeetikakontsernis Viru Keemia Grupp. Riigiabi valdkonnas on samuti olnud v\u00f5imalus peaaegu k\u00f5ike n\u00e4ha ja teha, sh Komisjonile kaebuste koostamine, riigiabi lubade taotlemine, Eesti kohtutes riigiabi vaidlustamine, riigiasutuste koolitamine riigiabi teemal jne.<\/p>\n\n\n\n<figure class=\"wp-block-image size-large is-resized\"><img loading=\"lazy\" decoding=\"async\" width=\"770\" height=\"1024\" src=\"https:\/\/sisu.ut.ee\/wp-content\/uploads\/sites\/865\/Mari-Ann-770x1024.jpg\" alt=\"\" class=\"wp-image-111\" style=\"width:135px;height:auto\" srcset=\"https:\/\/sisu.ut.ee\/wp-content\/uploads\/sites\/865\/Mari-Ann-770x1024.jpg 770w, https:\/\/sisu.ut.ee\/wp-content\/uploads\/sites\/865\/Mari-Ann-226x300.jpg 226w, https:\/\/sisu.ut.ee\/wp-content\/uploads\/sites\/865\/Mari-Ann-768x1021.jpg 768w, https:\/\/sisu.ut.ee\/wp-content\/uploads\/sites\/865\/Mari-Ann.jpg 887w\" sizes=\"auto, (max-width: 770px) 100vw, 770px\"><\/figure>\n\n\n\n<p><strong>Mari Ann Simovart<\/strong> on T\u00dc \u00f5igusteaduskonna majandus\u00f5iguse professor, kelle teadust\u00f6\u00f6 fookuses on riigihanke\u00f5igus. Ta on ajakirja\u00a0<a href=\"https:\/\/www.sweetandmaxwell.co.uk\/en-gb\/products\/public-procurement-law-review-journal-and-ejournal-subscription-30927850#:~:text=Public%20Procurement%20Law%20Review%20is,and%20international%20public%20procurement%20regulation.\" target=\"_blank\" rel=\"noreferrer noopener\">Public Procurement Law Review<\/a>\u00a0toimetaja ning\u00a0<a href=\"https:\/\/www.esa.int\/About_Us\/Law_at_ESA\/Procurement_review_procedure\" target=\"_blank\" rel=\"noreferrer noopener\">Euroopa Kosmoseagentuuri hankevaidluste komisjoni aseesiisik<\/a>.<\/p>\n\n\n\n<figure class=\"wp-block-image size-large is-resized\"><img loading=\"lazy\" decoding=\"async\" width=\"772\" height=\"1024\" src=\"https:\/\/sisu.ut.ee\/wp-content\/uploads\/sites\/865\/Tanel-Kalaus-772x1024.jpg\" alt=\"\" class=\"wp-image-207\" style=\"width:138px;height:auto\" srcset=\"https:\/\/sisu.ut.ee\/wp-content\/uploads\/sites\/865\/Tanel-Kalaus-772x1024.jpg 772w, https:\/\/sisu.ut.ee\/wp-content\/uploads\/sites\/865\/Tanel-Kalaus-226x300.jpg 226w, https:\/\/sisu.ut.ee\/wp-content\/uploads\/sites\/865\/Tanel-Kalaus-768x1019.jpg 768w, https:\/\/sisu.ut.ee\/wp-content\/uploads\/sites\/865\/Tanel-Kalaus-1158x1536.jpg 1158w, https:\/\/sisu.ut.ee\/wp-content\/uploads\/sites\/865\/Tanel-Kalaus.jpg 1494w\" sizes=\"auto, (max-width: 772px) 100vw, 772px\"><\/figure>\n\n\n\n<p><strong>Tanel Kalaus<\/strong>\u00a0on advokaadib\u00fcroo TRINITI partner ja konkurentsi\u00f5iguse t\u00f6\u00f6grupi juht ning teda on tunnustatud aastaid Eesti juhtiva konkurentsi\u00f5iguse eksperdina. Ta on konkurentsi\u00f5igusega (sh riigiabi k\u00fcsimustega) tegelenud rohkem kui 20 aastat ning esindanud sel ajal kliente keerukates menetlustes nii Konkurentsiametis ja Euroopa Komisjonis kui ka kohtutes.<\/p>\n\n\n\n<figure class=\"wp-block-image size-large is-resized\"><img loading=\"lazy\" decoding=\"async\" width=\"759\" height=\"1024\" src=\"https:\/\/sisu.ut.ee\/wp-content\/uploads\/sites\/865\/Pilleriin-Peedosk-759x1024.jpg\" alt=\"\" class=\"wp-image-172\" style=\"width:136px;height:auto\" srcset=\"https:\/\/sisu.ut.ee\/wp-content\/uploads\/sites\/865\/Pilleriin-Peedosk-759x1024.jpg 759w, https:\/\/sisu.ut.ee\/wp-content\/uploads\/sites\/865\/Pilleriin-Peedosk-222x300.jpg 222w, https:\/\/sisu.ut.ee\/wp-content\/uploads\/sites\/865\/Pilleriin-Peedosk-768x1036.jpg 768w, https:\/\/sisu.ut.ee\/wp-content\/uploads\/sites\/865\/Pilleriin-Peedosk-1139x1536.jpg 1139w, https:\/\/sisu.ut.ee\/wp-content\/uploads\/sites\/865\/Pilleriin-Peedosk-1519x2048.jpg 1519w, https:\/\/sisu.ut.ee\/wp-content\/uploads\/sites\/865\/Pilleriin-Peedosk-1920x2589.jpg 1920w, https:\/\/sisu.ut.ee\/wp-content\/uploads\/sites\/865\/Pilleriin-Peedosk-scaled.jpg 1899w\" sizes=\"auto, (max-width: 759px) 100vw, 759px\"><\/figure>\n\n\n\n<p><strong>Pilleriin Peedosk<\/strong> on hetkel T\u00dc \u00f5igusteaduskonna doktorant, kelle doktorit\u00f6\u00f6 keskendub sisetehingutele riigihanke\u00f5iguse maailmas, ja Elering AS hangete \u00fcksuse juht. Varasemalt on ta t\u00f6\u00f6tanud nii advokaadib\u00fcroos kui riigiametis, keskendudes peamiselt avalikule \u00f5igusele, sh riigihangetele ja struktuuritoetustele.<\/p>\n","protected":false},"excerpt":{"rendered":"<p>Salim Medghoul on Euroopa Komisjoni ametnik ja t\u00f6\u00f6tab konkurentsi peadirektoraadis riigiabi eest vastutava asepeadirektori n\u00f5unikuna. Tal on ligi 20-aastane riigiabi j\u00f5ustamise kogemus ja ta on t\u00f6\u00f6tanud t\u00f6\u00f6stuse \u00fcmberstruktureerimise ja finantsabi sektoris. Enne praegusele ametikohale asumist oli ta 7 aastat riigiabipoliitika &#8230;<\/p>\n","protected":false},"author":55,"featured_media":0,"parent":0,"menu_order":0,"comment_status":"closed","ping_status":"closed","template":"","meta":{"_acf_changed":false,"inline_featured_image":false,"footnotes":""},"class_list":["post-28","page","type-page","status-publish","hentry"],"acf":[],"_links":{"self":[{"href":"https:\/\/sisu.ut.ee\/riigiabi-25\/wp-json\/wp\/v2\/pages\/28","targetHints":{"allow":["GET"]}}],"collection":[{"href":"https:\/\/sisu.ut.ee\/riigiabi-25\/wp-json\/wp\/v2\/pages"}],"about":[{"href":"https:\/\/sisu.ut.ee\/riigiabi-25\/wp-json\/wp\/v2\/types\/page"}],"author":[{"embeddable":true,"href":"https:\/\/sisu.ut.ee\/riigiabi-25\/wp-json\/wp\/v2\/users\/55"}],"replies":[{"embeddable":true,"href":"https:\/\/sisu.ut.ee\/riigiabi-25\/wp-json\/wp\/v2\/comments?post=28"}],"version-history":[{"count":30,"href":"https:\/\/sisu.ut.ee\/riigiabi-25\/wp-json\/wp\/v2\/pages\/28\/revisions"}],"predecessor-version":[{"id":225,"href":"https:\/\/sisu.ut.ee\/riigiabi-25\/wp-json\/wp\/v2\/pages\/28\/revisions\/225"}],"wp:attachment":[{"href":"https:\/\/sisu.ut.ee\/riigiabi-25\/wp-json\/wp\/v2\/media?parent=28"}],"curies":[{"name":"wp","href":"https:\/\/api.w.org\/{rel}","templated":true}]}}