{"id":25,"date":"2025-01-14T10:02:50","date_gmt":"2025-01-14T08:02:50","guid":{"rendered":"https:\/\/sisu.ut.ee\/riigiabi-25\/?page_id=25"},"modified":"2025-06-13T14:27:25","modified_gmt":"2025-06-13T11:27:25","slug":"programm","status":"publish","type":"page","link":"https:\/\/sisu.ut.ee\/riigiabi-25\/programm\/","title":{"rendered":"Programm"},"content":{"rendered":"<p><\/p>\n\n\n\n<p><strong>8.45 \u2013 9.15 Registreerimine ja tervituskohv<\/strong><\/p>\n\n\n\n<p><strong>9.15 \u2013 9.30 Tervitusk\u00f5ned<\/strong><br>Tartu \u00dclikooli \u00f5igusteaduskonna direktor Priit Pikam\u00e4e, Eesti Akadeemilise \u00d5igusteaduse Seltsi juhatuse esimees Ivo Pilving<\/p>\n\n\n\n<p><strong>9.30 \u2013 11.00 European views on topical state aid issues<\/strong>                                                                                                                                                                                        <\/p>\n\n\n\n<p>Moderaator: Triinu J\u00e4rviste, advokaadib\u00fcroo TGS Baltic partner<\/p>\n\n\n\n<p><img decoding=\"async\" class=\"wp-image-250\" style=\"width: NaNpx;\" src=\"https:\/\/sisu.ut.ee\/wp-content\/uploads\/sites\/865\/SM_Tartu-conference-13-06-2025-SM.pptx\" alt=\"\">Salim Medghoul, Euroopa Komisjon, konkurentsi peadirektoraat, riigiabi eest vastutava peadirektori n\u00f5unik<br>Gian Marco Galletti, Euroopa Kohus, kohtujurist Dean Spielmanni kabinet, \u00f5igusn\u00f5unik<br>Vaido P\u00f5ldoja, EFTA j\u00e4relevalveamet, konkurentsi ja riigiabi \u00fcksuse vanemjurist<\/p>\n\n\n\n<p><strong>11.00 \u2013 11.30 Kohvipaus<\/strong><\/p>\n\n\n\n<p><strong>11.30 \u2013 12.30 \u00dcldist majandushuvi pakkuvad teenused ja riigiabi<\/strong><\/p>\n\n\n\n<p>Moderaator: Ivo Pilving, Riigikohtu kohtunik, Tartu \u00dclikooli \u00f5igusteaduskonna kaasprofessor<br>Vaido P\u00f5ldoja, EFTA j\u00e4relevalveamet, konkurentsi ja riigiabi \u00fcksuse vanemjurist<br>Elo Tamm, advokaadib\u00fcroo Cobalt partner<\/p>\n\n\n\n<p><strong>12.30 \u2013 14.00 L\u00f5una<\/strong><\/p>\n\n\n\n<p><strong>14.00 \u2013 15.30 Kaasaegne energiapoliitika ja riigiabi<\/strong><\/p>\n\n\n\n<p>Moderaator: Carri Ginter, advokaadib\u00fcroo Sorainen partner, Tartu \u00dclikooli kaasprofessor<br>Birgitta Ots, Elering, riigiabi ja hangete \u00fcksuse juht<br>Martin M\u00e4esalu, advokaadib\u00fcroo Ellex Raidla partner<br>Katri Paas-Mohando, Utilitas, jurist<br>Kaspar Endrikson, Viru Keemia Grupp, \u00f5igusosakonna juhataja<br><\/p>\n\n\n\n<p><strong>15.30 \u2013 16.00 Kohvipaus<\/strong><\/p>\n\n\n\n<p><strong>16.00 \u2013 17.00 Riigihanked,  muud pakkumismenetlused ja riigiabi<\/strong><\/p>\n\n\n\n<p>Moderaator: Mari Ann Simovart, Tartu \u00dclikooli \u00f5igusteaduskonna professor<br>Triinu J\u00e4rviste, advokaadib\u00fcroo TGS Baltic partner<br>Tanel Kalaus, advokaadib\u00fcroo Triniti partner<br>Pilleriin Peedosk, Elering AS hangete \u00fcksuse juht, Tartu \u00dclikooli \u00f5igusteaduskonna doktorant<\/p>\n\n\n\n<p><strong>17.00 \u2013 18.30 Konverentsi kokkuv\u00f5te ja suupisted<\/strong><\/p>\n","protected":false},"excerpt":{"rendered":"<p>8.45 \u2013 9.15 Registreerimine ja tervituskohv 9.15 \u2013 9.30 Tervitusk\u00f5nedTartu \u00dclikooli \u00f5igusteaduskonna direktor Priit Pikam\u00e4e, Eesti Akadeemilise \u00d5igusteaduse Seltsi juhatuse esimees Ivo Pilving 9.30 \u2013 11.00 European views on topical state aid issues Moderaator: Triinu J\u00e4rviste, advokaadib\u00fcroo TGS Baltic partner &#8230;<\/p>\n","protected":false},"author":55,"featured_media":0,"parent":0,"menu_order":0,"comment_status":"closed","ping_status":"closed","template":"","meta":{"_acf_changed":false,"inline_featured_image":false,"footnotes":""},"class_list":["post-25","page","type-page","status-publish","hentry"],"acf":[],"_links":{"self":[{"href":"https:\/\/sisu.ut.ee\/riigiabi-25\/wp-json\/wp\/v2\/pages\/25","targetHints":{"allow":["GET"]}}],"collection":[{"href":"https:\/\/sisu.ut.ee\/riigiabi-25\/wp-json\/wp\/v2\/pages"}],"about":[{"href":"https:\/\/sisu.ut.ee\/riigiabi-25\/wp-json\/wp\/v2\/types\/page"}],"author":[{"embeddable":true,"href":"https:\/\/sisu.ut.ee\/riigiabi-25\/wp-json\/wp\/v2\/users\/55"}],"replies":[{"embeddable":true,"href":"https:\/\/sisu.ut.ee\/riigiabi-25\/wp-json\/wp\/v2\/comments?post=25"}],"version-history":[{"count":18,"href":"https:\/\/sisu.ut.ee\/riigiabi-25\/wp-json\/wp\/v2\/pages\/25\/revisions"}],"predecessor-version":[{"id":254,"href":"https:\/\/sisu.ut.ee\/riigiabi-25\/wp-json\/wp\/v2\/pages\/25\/revisions\/254"}],"wp:attachment":[{"href":"https:\/\/sisu.ut.ee\/riigiabi-25\/wp-json\/wp\/v2\/media?parent=25"}],"curies":[{"name":"wp","href":"https:\/\/api.w.org\/{rel}","templated":true}]}}