{"id":2,"date":"2025-01-11T10:55:02","date_gmt":"2025-01-11T10:55:02","guid":{"rendered":"https:\/\/sisu.ut.ee\/riigiabi-25\/?page_id=2"},"modified":"2025-06-12T12:13:21","modified_gmt":"2025-06-12T09:13:21","slug":"demoleht","status":"publish","type":"page","link":"https:\/\/sisu.ut.ee\/riigiabi-25\/","title":{"rendered":"Rahvusvaheline konverents"},"content":{"rendered":"<h2 class=\"wp-block-heading\"><strong>13. juuni 2025, Eesti Vabariigi Riigikohus, Lossi 17, Tartu<\/strong><\/h2>\n\n\n\n<p class=\"has-regular-font-size\"><\/p>\n\n\n\n<p><\/p>\n\n\n\n<p>Rahvusvaheline konverents \u201eRiigiabi: Eesti \u00f5iguskontekst ja Euroopa perspektiiv\u201c toimub Tartus 13.06.2025 Riigikohtu saalis. Konverents keskendub riigiabi andmise \u00f5igusteoreetilistele ja praktilistele\u00a0\u00a0probleemidele. <\/p>\n\n\n\n<p>Konverentsil esinevad tunnustatud riigiabi\u00f5iguse eksperdid EFTAst, Euroopa Komisjonist ja Euroopa Kohtust, Tartu \u00dclikoolist, advokatuurist, era- ja avalikust sektorist. Kavandatud nelja paneeli fookuses on Euroopa Liidu \u00f5iguspoliitilised k\u00fcsimused ja asjakohane kohtupraktika, struktuurne k\u00e4sitlus \u00fcldist majandushuvi pakkuvatest teenustest ja riigiabi andmisest, riigiabi energiasektoris ning riigihangete ja riigiabi omavahelised seosed.<\/p>\n\n\n\n<p>Konverentsi Euroopa Liidu \u00f5igust k\u00e4sitlev paneel on ingliskeelne, j\u00e4rgnevate paneelide t\u00f6\u00f6 toimub eesti keeles.\u00a0<\/p>\n\n\n\n<p>Konverentsi korraldab <a href=\"https:\/\/oigus.ut.ee\/et\">Tartu \u00dclikooli \u00f5igusteaduskond<\/a> koost\u00f6\u00f6s <a href=\"https:\/\/oigus-selts.ee\/\">Eesti Akadeemilise \u00d5igusteaduse Seltsi<\/a> ja <a href=\"https:\/\/www.riigikohus.ee\/\">Riigikohtuga<\/a>.<\/p>\n\n\n\n<p><strong>Konverents on osalustasuta ja seda rahastab <a href=\"https:\/\/etag.ee\/\">Eesti Teadusagentuur<\/a> (projekt\u00a0PRG 1449, juht prof. Mari Ann Simovart) ning <a href=\"https:\/\/sotsiaalteadused.ut.ee\/et\">T\u00dc sotsiaalteaduste valdkond<\/a>.<\/strong> <strong>Toetab advokaadib\u00fcroo <a href=\"https:\/\/www.cobalt.legal\/et\/\">COBALT<\/a>.<\/strong><\/p>\n\n\n\n<p><\/p>\n","protected":false},"excerpt":{"rendered":"<p>13. juuni 2025, Eesti Vabariigi Riigikohus, Lossi 17, Tartu Rahvusvaheline konverents \u201eRiigiabi: Eesti \u00f5iguskontekst ja Euroopa perspektiiv\u201c toimub Tartus 13.06.2025 Riigikohtu saalis. Konverents keskendub riigiabi andmise \u00f5igusteoreetilistele ja praktilistele\u00a0\u00a0probleemidele. Konverentsil esinevad tunnustatud riigiabi\u00f5iguse eksperdid EFTAst, Euroopa Komisjonist ja Euroopa Kohtust, &#8230;<\/p>\n","protected":false},"author":55,"featured_media":0,"parent":0,"menu_order":0,"comment_status":"closed","ping_status":"open","template":"","meta":{"_acf_changed":false,"inline_featured_image":false,"footnotes":""},"class_list":["post-2","page","type-page","status-publish","hentry"],"acf":[],"_links":{"self":[{"href":"https:\/\/sisu.ut.ee\/riigiabi-25\/wp-json\/wp\/v2\/pages\/2","targetHints":{"allow":["GET"]}}],"collection":[{"href":"https:\/\/sisu.ut.ee\/riigiabi-25\/wp-json\/wp\/v2\/pages"}],"about":[{"href":"https:\/\/sisu.ut.ee\/riigiabi-25\/wp-json\/wp\/v2\/types\/page"}],"author":[{"embeddable":true,"href":"https:\/\/sisu.ut.ee\/riigiabi-25\/wp-json\/wp\/v2\/users\/55"}],"replies":[{"embeddable":true,"href":"https:\/\/sisu.ut.ee\/riigiabi-25\/wp-json\/wp\/v2\/comments?post=2"}],"version-history":[{"count":19,"href":"https:\/\/sisu.ut.ee\/riigiabi-25\/wp-json\/wp\/v2\/pages\/2\/revisions"}],"predecessor-version":[{"id":249,"href":"https:\/\/sisu.ut.ee\/riigiabi-25\/wp-json\/wp\/v2\/pages\/2\/revisions\/249"}],"wp:attachment":[{"href":"https:\/\/sisu.ut.ee\/riigiabi-25\/wp-json\/wp\/v2\/media?parent=2"}],"curies":[{"name":"wp","href":"https:\/\/api.w.org\/{rel}","templated":true}]}}