{"id":6,"date":"2024-04-04T05:26:02","date_gmt":"2024-04-04T02:26:02","guid":{"rendered":"https:\/\/sisu.ut.ee\/ribolab\/tudengile\/"},"modified":"2026-01-28T18:46:34","modified_gmt":"2026-01-28T16:46:34","slug":"tudengile","status":"publish","type":"page","link":"https:\/\/sisu.ut.ee\/ribolab\/tudengile\/","title":{"rendered":"TUDENGILE"},"content":{"rendered":"<div class=\"wp-block-group is-layout-constrained wp-container-core-group-is-layout-3897296b wp-block-group-is-layout-constrained\">\n<div class=\"wp-block-media-text is-stacked-on-mobile\"><figure class=\"wp-block-media-text__media\"><img loading=\"lazy\" decoding=\"async\" width=\"875\" height=\"775\" src=\"https:\/\/sisu.ut.ee\/wp-content\/uploads\/sites\/380\/keerlev-ribosoom.gif\" alt=\"\" class=\"wp-image-1870 size-full\"><\/figure><div class=\"wp-block-media-text__content\">\n<p class=\"has-text-align-center has-large-font-size\"><strong>Kas Sulle meeldib teadust teha? <\/strong><br><strong>Otsid paika, kus oma teadmistejanu kustutada?<\/strong><\/p>\n\n\n\n<p class=\"has-text-align-center\">Noortes peitub tulevik, seega otsime alati s\u00e4ravsilmseid noori teadushimulisi noori meiega liituma ja teadust tegema, nii bakalaureuse- kui ka magistritasemel. Eriti hea, kui ribosoomid ja valgus\u00fcntees pakuvad sulle pinget. <br>Huvi ja k\u00fcsimuste korral <a href=\"https:\/\/sisu.ut.ee\/ribolab\/kontakt\/\">v\u00f5ta meiega \u00fchendust!<\/a><\/p>\n<\/div><\/div>\n\n\n\n<p class=\"has-text-align-center\"><\/p>\n\n\n<div class=\"accordion-block mb-3\">\n\t\t<div class=\"accordion accordion--limited-width\" id=\"accordion-accordion-69fcd22d6e1eb\">\n\t\t\t\t\t\t\t<div class=\"accordion-item accordion-item--white\">\n\t\t\t\t\t<h2 class=\"accordion-header\" id=\"accordion-69fcd22d6e1eb-heading-1\">\n\t\t\t\t\t\t<button class=\"accordion-button collapsed\" type=\"button\" data-bs-toggle=\"collapse\" data-bs-target=\"#accordion-69fcd22d6e1eb-collapse-1\" aria-expanded=\"true\" aria-controls=\"accordion-69fcd22d6e1eb-collapse-1\">\n\t\t\t\t\t\t\tL\u00d5PUT\u00d6\u00d6DE TEEMAD\n\t\t\t\t\t\t<\/button>\n\t\t\t\t\t<\/h2>\n\t\t\t\t\t<div id=\"accordion-69fcd22d6e1eb-collapse-1\" class=\"accordion-collapse collapse \" aria-labelledby=\"accordion-69fcd22d6e1eb-heading-1\">\n\t\t\t\t\t\t<div class=\"accordion-body\">\n\t\t\t\t\t\t\t<p>Et n\u00e4ha, millega meie laboris saaksid tegeleda, vaata meie uurimisr\u00fchmade lehtedele T\u00dcMRI kodulehel <strong><a href=\"https:\/\/tymri.ut.ee\/et\/sisu\/eukaruootides-toimuva-valgusunteesi-uurimisgrupp\">siit<\/a><\/strong> ja <strong><a href=\"https:\/\/tymri.ut.ee\/et\/sisu\/ribosoomi-rna-modifikatsioonide-ja-valgusunteesi-uurimisgrupp\">siit<\/a><\/strong>!<\/p>\n\n\t\t\t\t\t\t<\/div>\n\t\t\t\t\t<\/div>\n\t\t\t\t<\/div>\n\t\t\t\t\t<\/div>\n\t<\/div>\n\n\n\n<div class=\"wp-block-media-text is-stacked-on-mobile\" style=\"grid-template-columns:24% auto\"><figure class=\"wp-block-media-text__media\"><img loading=\"lazy\" decoding=\"async\" width=\"1024\" height=\"683\" src=\"https:\/\/sisu.ut.ee\/wp-content\/uploads\/sites\/380\/ID13269-1024x683.jpg\" alt=\"\" class=\"wp-image-1438 size-full\" srcset=\"https:\/\/sisu.ut.ee\/wp-content\/uploads\/sites\/380\/ID13269-1024x683.jpg 1024w, https:\/\/sisu.ut.ee\/wp-content\/uploads\/sites\/380\/ID13269-300x200.jpg 300w, https:\/\/sisu.ut.ee\/wp-content\/uploads\/sites\/380\/ID13269-768x512.jpg 768w, https:\/\/sisu.ut.ee\/wp-content\/uploads\/sites\/380\/ID13269-1536x1024.jpg 1536w, https:\/\/sisu.ut.ee\/wp-content\/uploads\/sites\/380\/ID13269-2048x1365.jpg 2048w, https:\/\/sisu.ut.ee\/wp-content\/uploads\/sites\/380\/ID13269-1920x1280.jpg 1920w\" sizes=\"auto, (max-width: 1024px) 100vw, 1024px\"><\/figure><div class=\"wp-block-media-text__content\">\n<blockquote class=\"wp-block-quote is-layout-flow wp-block-quote-is-layout-flow\">\n<h2 class=\"wp-block-heading has-text-align-right has-extra-large-font-size\"><strong>\u2018Meie laboris on ka nurjunud katsete p\u00e4evadel l\u00f5bus olla.\u2019<\/strong><\/h2>\n\n\n\n<p class=\"has-text-align-right has-small-font-size\"><em>\u2013  Anette, Molekulaarsete Bioteaduste magistrant<\/em><\/p>\n<\/blockquote>\n<\/div><\/div>\n\n\n\n<div class=\"wp-block-media-text has-media-on-the-right is-stacked-on-mobile\" style=\"grid-template-columns:auto 24%\"><div class=\"wp-block-media-text__content\">\n<blockquote class=\"wp-block-quote is-layout-flow wp-block-quote-is-layout-flow\">\n<h2 class=\"wp-block-heading has-text-align-left has-extra-large-font-size\"><strong>\u2018Nalja peab saama!\u2019<\/strong><\/h2>\n\n\n\n<p class=\"has-small-font-size\"><em>\u2013  Egert, Molekulaarsete Bioteaduste magistrant<\/em><\/p>\n<\/blockquote>\n<\/div><figure class=\"wp-block-media-text__media\"><img loading=\"lazy\" decoding=\"async\" width=\"1024\" height=\"678\" src=\"https:\/\/sisu.ut.ee\/wp-content\/uploads\/sites\/380\/liiga-vaike-egert-1-1024x678.jpg\" alt=\"\" class=\"wp-image-2184 size-full\" srcset=\"https:\/\/sisu.ut.ee\/wp-content\/uploads\/sites\/380\/liiga-vaike-egert-1-1024x678.jpg 1024w, https:\/\/sisu.ut.ee\/wp-content\/uploads\/sites\/380\/liiga-vaike-egert-1-300x199.jpg 300w, https:\/\/sisu.ut.ee\/wp-content\/uploads\/sites\/380\/liiga-vaike-egert-1-768x508.jpg 768w, https:\/\/sisu.ut.ee\/wp-content\/uploads\/sites\/380\/liiga-vaike-egert-1.jpg 1334w\" sizes=\"auto, (max-width: 1024px) 100vw, 1024px\"><\/figure><\/div>\n\n\n\n<div class=\"wp-block-group has-light-color has-primary-background-color has-text-color has-background has-link-color wp-elements-31da0d2bd937c05a67ed456522ccae7b is-nowrap is-layout-flex wp-container-core-group-is-layout-38d8612e wp-block-group-is-layout-flex\" style=\"padding-top:10px;padding-right:20px;padding-bottom:10px;padding-left:20px\">\n<p class=\"has-large-font-size\"><strong>KURSUSED MIDA \u00dcLIKOOLIS \u00d5PETAME<\/strong><\/p>\n<\/div>\n\n\n<div class=\"accordion-block mb-3\">\n\t\t<div class=\"accordion \" id=\"accordion-accordion-69fcd22d6fae5\">\n\t\t\t\t\t\t\t<div class=\"accordion-item accordion-item--white\">\n\t\t\t\t\t<h2 class=\"accordion-header\" id=\"accordion-69fcd22d6fae5-heading-1\">\n\t\t\t\t\t\t<button class=\"accordion-button collapsed\" type=\"button\" data-bs-toggle=\"collapse\" data-bs-target=\"#accordion-69fcd22d6fae5-collapse-1\" aria-expanded=\"true\" aria-controls=\"accordion-69fcd22d6fae5-collapse-1\">\n\t\t\t\t\t\t\tBakalaureuse\u00f5ppes\n\t\t\t\t\t\t<\/button>\n\t\t\t\t\t<\/h2>\n\t\t\t\t\t<div id=\"accordion-69fcd22d6fae5-collapse-1\" class=\"accordion-collapse collapse \" aria-labelledby=\"accordion-69fcd22d6fae5-heading-1\">\n\t\t\t\t\t\t<div class=\"accordion-body\">\n\t\t\t\t\t\t\t<h4><img loading=\"lazy\" decoding=\"async\" class=\"alignnone wp-image-2187 \" src=\"https:\/\/sisu.ut.ee\/wp-content\/uploads\/sites\/380\/Sissejuhatus_biol-1.jpg\" alt=\"\" width=\"300\" height=\"217\"><\/h4>\n<h4><a href=\"https:\/\/ois2.ut.ee\/#\/courses\/LOMR.00.105\/version\/1e2f49b0-01cd-67c0-baef-b07095c61ad6\/details\" data-type=\"link\" data-id=\"https:\/\/ois2.ut.ee\/#\/courses\/LOMR.00.105\/version\/1e2f49b0-01cd-67c0-baef-b07095c61ad6\/details\"><strong>LOMR.00.105 Sissejuhatus geenitehnoloogia \/ molekulaar- ja rakubioloogia erialasse<\/strong><\/a><\/h4>\n<p>\u00d5ppej\u00f5ud: Margus Leppik<\/p>\n<p><img loading=\"lazy\" decoding=\"async\" class=\"alignnone wp-image-2195 \" src=\"https:\/\/sisu.ut.ee\/wp-content\/uploads\/sites\/380\/Molekulaarbioloogia-vrs2-1-300x216.jpg\" alt=\"\" width=\"300\" height=\"216\" srcset=\"https:\/\/sisu.ut.ee\/wp-content\/uploads\/sites\/380\/Molekulaarbioloogia-vrs2-1-300x216.jpg 300w, https:\/\/sisu.ut.ee\/wp-content\/uploads\/sites\/380\/Molekulaarbioloogia-vrs2-1.jpg 711w\" sizes=\"auto, (max-width: 300px) 100vw, 300px\"><\/p>\n<h4><strong><a href=\"https:\/\/ois2.ut.ee\/#\/courses\/LOMR.05.008\/version\/2d32069c-f592-6f84-7229-7c1b9d739f7b\/details\" target=\"_blank\" rel=\"noreferrer noopener\" data-type=\"link\" data-id=\"https:\/\/ois2.ut.ee\/#\/courses\/LOMR.05.008\/version\/2d32069c-f592-6f84-7229-7c1b9d739f7b\/details\">LOMR.05.008 Molekulaarbioloogia<\/a><\/strong><\/h4>\n<p>\u00d5ppej\u00f5ud: Tiina Tamm<\/p>\n\n\t\t\t\t\t\t<\/div>\n\t\t\t\t\t<\/div>\n\t\t\t\t<\/div>\n\t\t\t\t\t\t\t<div class=\"accordion-item accordion-item--white\">\n\t\t\t\t\t<h2 class=\"accordion-header\" id=\"accordion-69fcd22d6fae5-heading-2\">\n\t\t\t\t\t\t<button class=\"accordion-button collapsed\" type=\"button\" data-bs-toggle=\"collapse\" data-bs-target=\"#accordion-69fcd22d6fae5-collapse-2\" aria-expanded=\"true\" aria-controls=\"accordion-69fcd22d6fae5-collapse-2\">\n\t\t\t\t\t\t\tMagistri\u00f5ppes\n\t\t\t\t\t\t<\/button>\n\t\t\t\t\t<\/h2>\n\t\t\t\t\t<div id=\"accordion-69fcd22d6fae5-collapse-2\" class=\"accordion-collapse collapse \" aria-labelledby=\"accordion-69fcd22d6fae5-heading-2\">\n\t\t\t\t\t\t<div class=\"accordion-body\">\n\t\t\t\t\t\t\t<h4><img loading=\"lazy\" decoding=\"async\" class=\"alignnone wp-image-2193 \" src=\"https:\/\/sisu.ut.ee\/wp-content\/uploads\/sites\/380\/Mol-Rakubiol-vrs-2-1-300x217.jpg\" alt=\"\" width=\"300\" height=\"217\" srcset=\"https:\/\/sisu.ut.ee\/wp-content\/uploads\/sites\/380\/Mol-Rakubiol-vrs-2-1-300x217.jpg 300w, https:\/\/sisu.ut.ee\/wp-content\/uploads\/sites\/380\/Mol-Rakubiol-vrs-2-1.jpg 362w\" sizes=\"auto, (max-width: 300px) 100vw, 300px\"><\/h4>\n<h4><a href=\"https:\/\/ois2.ut.ee\/#\/courses\/LTMR.06.004\/version\/a54f89af-c8f7-8ffb-d81c-3149be636453\/details\" target=\"_blank\" rel=\"noreferrer noopener\"><strong>LTMR.06.004 Molekulaarne rakubioloogia<\/strong><\/a><\/h4>\n<p>Vastutav \u00f5ppej\u00f5ud: Arnold Kristjuhan<\/p>\n<p>\u00a0<\/p>\n<p class=\"mceTemp\">\n<\/p><p><img loading=\"lazy\" decoding=\"async\" class=\"wp-image-2189 \" src=\"https:\/\/sisu.ut.ee\/wp-content\/uploads\/sites\/380\/Parmid-1.jpg\" alt=\"\" width=\"301\" height=\"217\"><\/p>\n<h4><a href=\"https:\/\/ois2.ut.ee\/#\/courses\/LTMR.05.002\/version\/a497b9e7-5e59-14b1-16d0-f457e50824fd\/details\" target=\"_blank\" rel=\"noreferrer noopener\"><strong>LTMR.05.002 P\u00e4rmid \u2013 mudelorganismidest patogeenideni<\/strong><\/a><\/h4>\n<p>Vastutav \u00f5ppej\u00f5ud: Tiina Tamm<\/p>\n<p>\u00a0<\/p>\n<p><img loading=\"lazy\" decoding=\"async\" class=\"alignnone wp-image-2191 \" src=\"https:\/\/sisu.ut.ee\/wp-content\/uploads\/sites\/380\/Eukaryootide-Mol-Biol-1-300x217.jpg\" alt=\"\" width=\"301\" height=\"218\" srcset=\"https:\/\/sisu.ut.ee\/wp-content\/uploads\/sites\/380\/Eukaryootide-Mol-Biol-1-300x217.jpg 300w, https:\/\/sisu.ut.ee\/wp-content\/uploads\/sites\/380\/Eukaryootide-Mol-Biol-1.jpg 422w\" sizes=\"auto, (max-width: 301px) 100vw, 301px\"><\/p>\n<h4><strong><a href=\"https:\/\/ois2.ut.ee\/#\/courses\/LTMR.05.005\/version\/714f707f-41da-2fa2-af3a-2991f0b3b3a1\/details\" target=\"_blank\" rel=\"noreferrer noopener\" data-type=\"link\" data-id=\"https:\/\/ois2.ut.ee\/#\/courses\/LTMR.05.003\/version\/f90972fc-96af-f50c-e478-c483a342682f\/details\">LTMR.05.003 Eukar\u00fcootide molekulaarbioloogia<\/a><\/strong><\/h4>\n<p>Vastutav \u00f5ppej\u00f5ud: Tiina Tamm<\/p>\n<p><img loading=\"lazy\" decoding=\"async\" class=\"alignnone wp-image-2197 \" src=\"https:\/\/sisu.ut.ee\/wp-content\/uploads\/sites\/380\/nukleiinhapete-keemia-1-300x216.jpg\" alt=\"\" width=\"300\" height=\"216\" srcset=\"https:\/\/sisu.ut.ee\/wp-content\/uploads\/sites\/380\/nukleiinhapete-keemia-1-300x216.jpg 300w, https:\/\/sisu.ut.ee\/wp-content\/uploads\/sites\/380\/nukleiinhapete-keemia-1.jpg 474w\" sizes=\"auto, (max-width: 300px) 100vw, 300px\"><\/p>\n<h4><a href=\"https:\/\/ois2.ut.ee\/#\/courses\/LTMR.05.004\/version\/119df458-3ead-e65c-959c-4231d08637db\/details\" target=\"_blank\" rel=\"noreferrer noopener\" data-type=\"link\" data-id=\"https:\/\/ois2.ut.ee\/#\/courses\/LTMR.05.003\/version\/f90972fc-96af-f50c-e478-c483a342682f\/details\"><strong>LTMR.05.004 Nukleiinhapete keemia<\/strong><\/a><\/h4>\n<p>Vastutav \u00f5ppej\u00f5ud: Margus Leppik<\/p>\n<p>\u00a0<\/p>\n\n\t\t\t\t\t\t<\/div>\n\t\t\t\t\t<\/div>\n\t\t\t\t<\/div>\n\t\t\t\t\t<\/div>\n\t<\/div>\n\n\n\n<div class=\"wp-block-group is-layout-constrained wp-block-group-is-layout-constrained\"><\/div>\n<\/div>\n\n\n\n<style>\nbody {\n  background-image: url('https:\/\/sisu.ut.ee\/wp-content\/uploads\/sites\/380\/Untitled-design8.png');\n  background-repeat: repeat-y;\n  background-size: 100%;\n}\n<\/style>\n","protected":false},"excerpt":{"rendered":"<p>Kas Sulle meeldib teadust teha? Otsid paika, kus oma teadmistejanu kustutada? Noortes peitub tulevik, seega otsime alati s\u00e4ravsilmseid noori teadushimulisi noori meiega liituma ja teadust tegema, nii bakalaureuse- kui ka magistritasemel. Eriti hea, kui ribosoomid ja valgus\u00fcntees pakuvad sulle pinget. &#8230;<\/p>\n","protected":false},"author":194,"featured_media":0,"parent":0,"menu_order":0,"comment_status":"closed","ping_status":"closed","template":"","meta":{"_acf_changed":false,"inline_featured_image":false,"footnotes":""},"class_list":["post-6","page","type-page","status-publish","hentry"],"acf":[],"_links":{"self":[{"href":"https:\/\/sisu.ut.ee\/ribolab\/wp-json\/wp\/v2\/pages\/6","targetHints":{"allow":["GET"]}}],"collection":[{"href":"https:\/\/sisu.ut.ee\/ribolab\/wp-json\/wp\/v2\/pages"}],"about":[{"href":"https:\/\/sisu.ut.ee\/ribolab\/wp-json\/wp\/v2\/types\/page"}],"author":[{"embeddable":true,"href":"https:\/\/sisu.ut.ee\/ribolab\/wp-json\/wp\/v2\/users\/194"}],"replies":[{"embeddable":true,"href":"https:\/\/sisu.ut.ee\/ribolab\/wp-json\/wp\/v2\/comments?post=6"}],"version-history":[{"count":30,"href":"https:\/\/sisu.ut.ee\/ribolab\/wp-json\/wp\/v2\/pages\/6\/revisions"}],"predecessor-version":[{"id":2702,"href":"https:\/\/sisu.ut.ee\/ribolab\/wp-json\/wp\/v2\/pages\/6\/revisions\/2702"}],"wp:attachment":[{"href":"https:\/\/sisu.ut.ee\/ribolab\/wp-json\/wp\/v2\/media?parent=6"}],"curies":[{"name":"wp","href":"https:\/\/api.w.org\/{rel}","templated":true}]}}