{"id":5,"date":"2024-04-04T05:26:02","date_gmt":"2024-04-04T02:26:02","guid":{"rendered":"https:\/\/sisu.ut.ee\/ribolab\/projektid\/"},"modified":"2025-03-18T22:42:05","modified_gmt":"2025-03-18T20:42:05","slug":"projektid","status":"publish","type":"page","link":"https:\/\/sisu.ut.ee\/ribolab\/projektid\/","title":{"rendered":"TEADUS"},"content":{"rendered":"<div class=\"wp-block-group is-layout-constrained wp-container-core-group-is-layout-3897296b wp-block-group-is-layout-constrained\">\n<div class=\"wp-block-group is-layout-constrained wp-block-group-is-layout-constrained\">\n<div class=\"wp-block-group is-horizontal is-content-justification-center is-layout-flex wp-container-core-group-is-layout-d8420af4 wp-block-group-is-layout-flex\">\n<div class=\"wp-block-group wp-container-content-69bc4bdf is-layout-constrained wp-container-core-group-is-layout-76fd4bc3 wp-block-group-is-layout-constrained\">\n<figure class=\"wp-block-image aligncenter size-medium is-resized\"><img loading=\"lazy\" decoding=\"async\" width=\"300\" height=\"292\" src=\"https:\/\/sisu.ut.ee\/wp-content\/uploads\/sites\/380\/bakter_logo_VT_2-300x292.png\" alt=\"\" class=\"wp-image-345\" style=\"width:381px;height:auto\" srcset=\"https:\/\/sisu.ut.ee\/wp-content\/uploads\/sites\/380\/bakter_logo_VT_2-300x292.png 300w, https:\/\/sisu.ut.ee\/wp-content\/uploads\/sites\/380\/bakter_logo_VT_2.png 552w\" sizes=\"auto, (max-width: 300px) 100vw, 300px\"><\/figure>\n\n\n\n<div class=\"wp-block-group is-layout-constrained wp-block-group-is-layout-constrained\">\n<h3 class=\"wp-block-heading has-text-align-center\"><a href=\"https:\/\/sisu.ut.ee\/ribolab\/bakteri-ribosoom-projekt\/\">Bakterite<em> <\/em>ribosoom<\/a><\/h3>\n\n\n\n<p class=\"has-text-align-center\">Ribosoom on k\u00f5igis elusrakkudes see v\u00e4ikene masin, mis viib l\u00e4bi programmeeritud valgus\u00fcnteesi. Koosneb RNAst (2\/3) ja valkudest (1\/3). M\u00f5lemad on vajalikud valkude s\u00fcnteesimiseks. Programmeeritud valgus\u00fcnteesi teke on elu tekke eelduseks. Ribosoomil on eluprotsesside toimumisel keskne osa ja kuulub elu alusmoodulite hulka.<a href=\"https:\/\/sisu.ut.ee\/ribolab\/bakteri-ribosoom-projekt\/\" data-type=\"page\" data-id=\"536\"><strong><br>Loe Edasi\u2026<\/strong><\/a><\/p>\n<\/div>\n<\/div>\n\n\n\n<div style=\"height:100px;width:0px\" aria-hidden=\"true\" class=\"wp-block-spacer wp-container-content-1387b69e\"><\/div>\n\n\n\n<div class=\"wp-block-group is-layout-constrained wp-container-core-group-is-layout-76fd4bc3 wp-block-group-is-layout-constrained\">\n<div class=\"wp-block-group is-layout-constrained wp-container-core-group-is-layout-76fd4bc3 wp-block-group-is-layout-constrained\">\n<figure class=\"wp-block-image aligncenter size-medium is-resized\"><img loading=\"lazy\" decoding=\"async\" width=\"300\" height=\"292\" src=\"https:\/\/sisu.ut.ee\/wp-content\/uploads\/sites\/380\/Parm_logo_VT_2-300x292.png\" alt=\"\" class=\"wp-image-343\" style=\"width:390px;height:auto\" srcset=\"https:\/\/sisu.ut.ee\/wp-content\/uploads\/sites\/380\/Parm_logo_VT_2-300x292.png 300w, https:\/\/sisu.ut.ee\/wp-content\/uploads\/sites\/380\/Parm_logo_VT_2.png 552w\" sizes=\"auto, (max-width: 300px) 100vw, 300px\"><\/figure>\n\n\n\n<div class=\"wp-block-group is-layout-constrained wp-container-core-group-is-layout-b9004fae wp-block-group-is-layout-constrained\">\n<h3 class=\"wp-block-heading has-text-align-center\"><a href=\"https:\/\/sisu.ut.ee\/ribolab\/parmi-ribosoomid-projekt\/\">Eukar\u00fcootide ribosoom<\/a><\/h3>\n\n\n\n<p class=\"has-text-align-center\">Uurime kuidas toimib valgus\u00fcnteesi aparaat eukar\u00fcootses rakus. Meie teadusuuringute p\u00f5hik\u00fcsimuseks on: kuidas eukar\u00fcootse ribosoomi \u00fclesehitus ehk struktuur m\u00e4\u00e4rab ribosoomide funktsiooni. Oma uurimist\u00f6\u00f6s kasutame mudels\u00fcsteemidena pagarip\u00e4rmi <em>Saccharomyces cerevisiae<\/em>, \u00e4\u00e4dikak\u00e4rbse <em>Drosophila <\/em>S2 rakuliini ning erinevad inimese rakuliine.<a href=\"https:\/\/sisu.ut.ee\/ribolab\/parmi-ribosoomid-projekt\/\" data-type=\"link\" data-id=\"https:\/\/sisu.ut.ee\/ribolab\/parmi-ribosoomid-projekt\/\"><strong><br>Loe Edasi\u2026<\/strong><\/a><\/p>\n<\/div>\n<\/div>\n<\/div>\n<\/div>\n<\/div>\n<\/div>\n\n\n\n<style>\nbody {\n  background-image: url('https:\/\/sisu.ut.ee\/wp-content\/uploads\/sites\/380\/Untitled-design8.png');\n  background-repeat: repeat-y;\n  background-size: 100%;\n}\n<\/style>\n","protected":false},"excerpt":{"rendered":"<p>Bakterite ribosoom Ribosoom on k\u00f5igis elusrakkudes see v\u00e4ikene masin, mis viib l\u00e4bi programmeeritud valgus\u00fcnteesi. Koosneb RNAst (2\/3) ja valkudest (1\/3). M\u00f5lemad on vajalikud valkude s\u00fcnteesimiseks. Programmeeritud valgus\u00fcnteesi teke on elu tekke eelduseks. Ribosoomil on eluprotsesside toimumisel keskne osa ja kuulub &#8230;<\/p>\n","protected":false},"author":194,"featured_media":0,"parent":0,"menu_order":0,"comment_status":"closed","ping_status":"closed","template":"","meta":{"_acf_changed":false,"inline_featured_image":false,"footnotes":""},"class_list":["post-5","page","type-page","status-publish","hentry"],"acf":[],"_links":{"self":[{"href":"https:\/\/sisu.ut.ee\/ribolab\/wp-json\/wp\/v2\/pages\/5","targetHints":{"allow":["GET"]}}],"collection":[{"href":"https:\/\/sisu.ut.ee\/ribolab\/wp-json\/wp\/v2\/pages"}],"about":[{"href":"https:\/\/sisu.ut.ee\/ribolab\/wp-json\/wp\/v2\/types\/page"}],"author":[{"embeddable":true,"href":"https:\/\/sisu.ut.ee\/ribolab\/wp-json\/wp\/v2\/users\/194"}],"replies":[{"embeddable":true,"href":"https:\/\/sisu.ut.ee\/ribolab\/wp-json\/wp\/v2\/comments?post=5"}],"version-history":[{"count":30,"href":"https:\/\/sisu.ut.ee\/ribolab\/wp-json\/wp\/v2\/pages\/5\/revisions"}],"predecessor-version":[{"id":2474,"href":"https:\/\/sisu.ut.ee\/ribolab\/wp-json\/wp\/v2\/pages\/5\/revisions\/2474"}],"wp:attachment":[{"href":"https:\/\/sisu.ut.ee\/ribolab\/wp-json\/wp\/v2\/media?parent=5"}],"curies":[{"name":"wp","href":"https:\/\/api.w.org\/{rel}","templated":true}]}}