{"id":11,"date":"2024-04-04T05:26:03","date_gmt":"2024-04-04T02:26:03","guid":{"rendered":"https:\/\/sisu.ut.ee\/ribolab\/kontakt\/"},"modified":"2025-02-07T13:19:19","modified_gmt":"2025-02-07T11:19:19","slug":"kontakt","status":"publish","type":"page","link":"https:\/\/sisu.ut.ee\/ribolab\/kontakt\/","title":{"rendered":"KONTAKT"},"content":{"rendered":"<div class=\"wp-block-group is-layout-constrained wp-container-core-group-is-layout-3897296b wp-block-group-is-layout-constrained\">\n<div class=\"wp-block-group is-layout-constrained wp-block-group-is-layout-constrained\">\n<div class=\"wp-block-group is-vertical is-content-justification-center is-layout-flex wp-container-core-group-is-layout-cbbe9e4d wp-block-group-is-layout-flex\" style=\"padding-top:10px;padding-bottom:10px\">\n<p class=\"has-text-align-center has-large-font-size\"><strong>E-mail<\/strong><br>ribolab@lists.ut.ee<\/p>\n\n\n\n<div style=\"height:0px\" aria-hidden=\"true\" class=\"wp-block-spacer wp-container-content-16d1eb73\"><\/div>\n\n\n\n<p class=\"has-text-align-center has-large-font-size\"><strong>Aadress<\/strong><\/p>\n\n\n\n<p class=\"has-text-align-center has-large-font-size\">Tartu \u00dclikooli molekulaar- ja rakubioloogia instituut<br>OMICUM, II korrus<br>Riia 23b\/2<br>Tartu, Tartumaa 51010 <br>Eesti<\/p>\n<\/div>\n<\/div>\n\n\n\n<div style=\"height:50px\" aria-hidden=\"true\" class=\"wp-block-spacer\"><\/div>\n\n\n\n<div class=\"wp-block-group is-layout-constrained wp-block-group-is-layout-constrained\">\n<figure class=\"wp-block-image aligncenter size-large is-resized\"><img loading=\"lazy\" decoding=\"async\" width=\"1024\" height=\"683\" src=\"https:\/\/sisu.ut.ee\/wp-content\/uploads\/sites\/380\/DSC1909-1024x683.jpg\" alt=\"\" class=\"wp-image-472\" style=\"width:1000px\" srcset=\"https:\/\/sisu.ut.ee\/wp-content\/uploads\/sites\/380\/DSC1909-1024x683.jpg 1024w, https:\/\/sisu.ut.ee\/wp-content\/uploads\/sites\/380\/DSC1909-300x200.jpg 300w, https:\/\/sisu.ut.ee\/wp-content\/uploads\/sites\/380\/DSC1909-768x513.jpg 768w, https:\/\/sisu.ut.ee\/wp-content\/uploads\/sites\/380\/DSC1909-1536x1025.jpg 1536w, https:\/\/sisu.ut.ee\/wp-content\/uploads\/sites\/380\/DSC1909-2048x1367.jpg 2048w, https:\/\/sisu.ut.ee\/wp-content\/uploads\/sites\/380\/DSC1909-1920x1281.jpg 1920w\" sizes=\"auto, (max-width: 1024px) 100vw, 1024px\"><\/figure>\n<\/div>\n\n\n\n<div style=\"height:50px\" aria-hidden=\"true\" class=\"wp-block-spacer\"><\/div>\n\n\n\n<div class=\"wp-block-group is-content-justification-center is-layout-constrained wp-container-core-group-is-layout-bacf0854 wp-block-group-is-layout-constrained\" style=\"padding-right:0px;padding-left:0px\">\n<p align=\"center\"><div class=\"video-placeholder-wrapper video-placeholder-wrapper--fixed\" style=\"height: 600px;\">\n\t\t\t    <div class=\"video-placeholder d-flex justify-content-center align-items-center\">\n\t\t\t        <div class=\"overlay text-white p-2 w-100 text-center d-block justify-content-center align-items-center\">\n\t\t\t            <div>Kolmandate osapoolte sisu n\u00e4gemiseks palun n\u00f5ustu k\u00fcpsistega.<\/div>\n\t\t\t            <button class=\"btn btn-secondary btn-sm mt-1 consent-change\">Muuda n\u00f5usolekut<\/button>\n\t\t\t        <\/div>\n\t\t\t    <\/div>\n\t\t\t<\/div>\n\n<\/p><\/div>\n<\/div>\n\n\n\n<style>\nbody {\n  background-image: url('https:\/\/sisu.ut.ee\/wp-content\/uploads\/sites\/380\/Untitled-design8.png');\n  background-repeat: repeat-y;\n  background-size: 100%;\n}\n<\/style>\n","protected":false},"excerpt":{"rendered":"<p>E-mailribolab@lists.ut.ee Aadress Tartu \u00dclikooli molekulaar- ja rakubioloogia instituutOMICUM, II korrusRiia 23b\/2Tartu, Tartumaa 51010 Eesti Kolmandate osapoolte sisu n\u00e4gemiseks palun n\u00f5ustu k\u00fcpsistega. Muuda n\u00f5usolekut<\/p>\n","protected":false},"author":194,"featured_media":0,"parent":0,"menu_order":0,"comment_status":"closed","ping_status":"closed","template":"","meta":{"_acf_changed":false,"inline_featured_image":false,"footnotes":""},"class_list":["post-11","page","type-page","status-publish","hentry"],"acf":[],"_links":{"self":[{"href":"https:\/\/sisu.ut.ee\/ribolab\/wp-json\/wp\/v2\/pages\/11","targetHints":{"allow":["GET"]}}],"collection":[{"href":"https:\/\/sisu.ut.ee\/ribolab\/wp-json\/wp\/v2\/pages"}],"about":[{"href":"https:\/\/sisu.ut.ee\/ribolab\/wp-json\/wp\/v2\/types\/page"}],"author":[{"embeddable":true,"href":"https:\/\/sisu.ut.ee\/ribolab\/wp-json\/wp\/v2\/users\/194"}],"replies":[{"embeddable":true,"href":"https:\/\/sisu.ut.ee\/ribolab\/wp-json\/wp\/v2\/comments?post=11"}],"version-history":[{"count":30,"href":"https:\/\/sisu.ut.ee\/ribolab\/wp-json\/wp\/v2\/pages\/11\/revisions"}],"predecessor-version":[{"id":2337,"href":"https:\/\/sisu.ut.ee\/ribolab\/wp-json\/wp\/v2\/pages\/11\/revisions\/2337"}],"wp:attachment":[{"href":"https:\/\/sisu.ut.ee\/ribolab\/wp-json\/wp\/v2\/media?parent=11"}],"curies":[{"name":"wp","href":"https:\/\/api.w.org\/{rel}","templated":true}]}}