{"id":6,"date":"2024-04-04T04:15:07","date_gmt":"2024-04-04T01:15:07","guid":{"rendered":"https:\/\/sisu.ut.ee\/ravimitest-maakeeli\/14-kasutatud-allikad\/"},"modified":"2024-04-04T04:15:36","modified_gmt":"2024-04-04T01:15:36","slug":"14-kasutatud-allikad","status":"publish","type":"page","link":"https:\/\/sisu.ut.ee\/ravimitest-maakeeli\/14-kasutatud-allikad\/","title":{"rendered":"1.4. Kasutatud allikad"},"content":{"rendered":"<ul dir=\"ltr\">\n<li>\n\t\tHinrikus T.; Raal A.; Tankler H. (2005). Farmaatsia Tartu \u00fclikoolis l\u00e4bi aegade. Tartu \u00dclikool, Tartu.\n\t<\/li>\n<li>\n\t\tKalling, K. (2017). Meditsiini ajalugu. Tartu \u00dclikool, Tartu.\n\t<\/li>\n<li>\n\t\tRaal A. (1989). M\u00f5ningaid p\u00f5himomente farmakognoosia ajaloost. Akadeemia, 3, 493-509.\u00a0<a data-url=\"http:\/\/www.digar.ee\/arhiiv\/et\/perioodika\/36774\" href=\"http:\/\/www.digar.ee\/arhiiv\/et\/perioodika\/36774\" target=\"_blank\" title=\"\" rel=\"noopener\">http:\/\/www.digar.ee\/arhiiv\/et\/perioodika\/36774<\/a>\n\t<\/li>\n<li>\n\t\tRaal A. (2005). Tervist ja v\u00fcrtsi maailma maitsetaimedest. Valgus,\u00a0Tallinn.\n\t<\/li>\n<li>\n\t\tSoosaar, A. (2016). Meditsiinieetika. Tartu \u00dclikooli Kirjastus, Tartu.\n\t<\/li>\n<\/ul>\n","protected":false},"excerpt":{"rendered":"<p>Hinrikus T.; Raal A.; Tankler H. (2005). Farmaatsia Tartu \u00fclikoolis l\u00e4bi aegade. Tartu \u00dclikool, Tartu. Kalling, K. (2017). Meditsiini ajalugu. Tartu \u00dclikool, Tartu. Raal A. (1989). M\u00f5ningaid p\u00f5himomente farmakognoosia ajaloost. Akadeemia, 3, 493-509.\u00a0http:\/\/www.digar.ee\/arhiiv\/et\/perioodika\/36774 Raal A. (2005). Tervist ja v\u00fcrtsi maailma &#8230;<\/p>\n","protected":false},"author":142,"featured_media":0,"parent":0,"menu_order":0,"comment_status":"closed","ping_status":"closed","template":"","meta":{"_acf_changed":false,"inline_featured_image":false,"footnotes":""},"class_list":["post-6","page","type-page","status-publish","hentry"],"acf":[],"_links":{"self":[{"href":"https:\/\/sisu.ut.ee\/ravimitest-maakeeli\/wp-json\/wp\/v2\/pages\/6","targetHints":{"allow":["GET"]}}],"collection":[{"href":"https:\/\/sisu.ut.ee\/ravimitest-maakeeli\/wp-json\/wp\/v2\/pages"}],"about":[{"href":"https:\/\/sisu.ut.ee\/ravimitest-maakeeli\/wp-json\/wp\/v2\/types\/page"}],"author":[{"embeddable":true,"href":"https:\/\/sisu.ut.ee\/ravimitest-maakeeli\/wp-json\/wp\/v2\/users\/142"}],"replies":[{"embeddable":true,"href":"https:\/\/sisu.ut.ee\/ravimitest-maakeeli\/wp-json\/wp\/v2\/comments?post=6"}],"version-history":[{"count":1,"href":"https:\/\/sisu.ut.ee\/ravimitest-maakeeli\/wp-json\/wp\/v2\/pages\/6\/revisions"}],"predecessor-version":[{"id":221,"href":"https:\/\/sisu.ut.ee\/ravimitest-maakeeli\/wp-json\/wp\/v2\/pages\/6\/revisions\/221"}],"wp:attachment":[{"href":"https:\/\/sisu.ut.ee\/ravimitest-maakeeli\/wp-json\/wp\/v2\/media?parent=6"}],"curies":[{"name":"wp","href":"https:\/\/api.w.org\/{rel}","templated":true}]}}