{"id":503,"date":"2024-04-15T13:49:02","date_gmt":"2024-04-15T10:49:02","guid":{"rendered":"https:\/\/sisu.ut.ee\/ravimitest-maakeeli\/3-8-enesetest\/"},"modified":"2024-04-15T13:49:02","modified_gmt":"2024-04-15T10:49:02","slug":"3-8-enesetest","status":"publish","type":"page","link":"https:\/\/sisu.ut.ee\/ravimitest-maakeeli\/3-8-enesetest\/","title":{"rendered":"3.8. Enesetest"},"content":{"rendered":"<div id=\"watupro_quiz\" class=\"quiz-area single-page-quiz\">\n<p id=\"submittingExam5\" style=\"display:none;text-align:center;\"><img loading=\"lazy\" decoding=\"async\" src=\"https:\/\/sisu.ut.ee\/wp-content\/plugins\/watupro\/img\/loading.gif\" width=\"16\" height=\"16\"><\/p>\n\n<div class=\"watupro-exam-description\" id=\"description-quiz-5\"><p>\u00a0<\/p>\n<p>Kui oled k\u00f5ik mooduli \u00f5ppematerjalid l\u00e4bi lugenud, lahenda \u00f5pitu kordamiseks test. See test\u00a0on m\u00f5eldud \u00f5ppimise toetamiseks ja enesekontrolliks ning\u00a0on mittehinnatav.<\/p>\n<p>Edu Sulle!<\/p>\n<p>\u00a0<\/p>\n<\/div>\n\n<form action=\"\" method=\"post\" class=\"quiz-form\" id=\"quiz-5\" enctype=\"multipart\/form-data\">\n<div class=\"watu-question \" id=\"question-1\" style=\";\"><div id=\"questionWrap-1\" class=\"  watupro-required-49 watupro-question-id-49\">\n\t\t\t<div class=\"question-content\"><div><p>Milline j\u00e4rgmistest v\u00e4idetest <strong>ei vasta t\u00f5ele<\/strong>?<\/p><\/div><input type=\"hidden\" name=\"question_id[]\" id=\"qID_1\" value=\"49\" class=\"watupro-question-id\"><input type=\"hidden\" id=\"answerType49\" class=\"answerTypeCnt1\" value=\"radio\"><input type=\"hidden\" id=\"watupro-required-question-49\"><!-- end question-content--><\/div><div class=\"question-choices watupro-choices-columns \" id=\"questionChoices49\"><div class=\"watupro-question-choice  \" dir=\"auto\"><input type=\"radio\" name=\"answer-49[]\" id=\"answer-id-175\" class=\"answer   answerof-49 \" value=\"175\"><label for=\"answer-id-175\" id=\"answer-label-175\" class=\" answer\"><span>Ravimvorme on erinevaid, lihtsaim ravimvormide jaotus on nende agregaatoleku j\u00e4rgi.<\/span><\/label><\/div><div class=\"watupro-question-choice  \" dir=\"auto\"><input type=\"radio\" name=\"answer-49[]\" id=\"answer-id-174\" class=\"answer   answerof-49 \" value=\"174\"><label for=\"answer-id-174\" id=\"answer-label-174\" class=\" answer\"><span><p>Tablett on ainuke ravimvorm, mida ravimpreparaatides kasutatakse.<\/p><\/span><\/label><\/div><div class=\"watupro-question-choice  \" dir=\"auto\"><input type=\"radio\" name=\"answer-49[]\" id=\"answer-id-173\" class=\"answer   answerof-49 \" value=\"173\"><label for=\"answer-id-173\" id=\"answer-label-173\" class=\" answer\"><span><p>Ravimvormid on vajalikud, et raviainet viia organismi.<\/p><\/span><\/label><\/div><div class=\"watupro-question-choice  \" dir=\"auto\"><input type=\"radio\" name=\"answer-49[]\" id=\"answer-id-176\" class=\"answer   answerof-49 \" value=\"176\"><label for=\"answer-id-176\" id=\"answer-label-176\" class=\" answer\"><span>Lisaks raviainele on ravimvormi valmistamiseks vaja kasutada tavaliselt ka abiaineid.<\/span><\/label><\/div><!-- end question-choices--><\/div><!-- end questionWrap--><\/div><\/div><div class=\"watu-question \" id=\"question-2\" style=\";\"><div id=\"questionWrap-2\" class=\"  watupro-required-47 watupro-question-id-47\">\n\t\t\t<div class=\"question-content\"><div>Kas geneeriline ja originaalravim on sama kvaliteediga?<\/div><input type=\"hidden\" name=\"question_id[]\" id=\"qID_2\" value=\"47\" class=\"watupro-question-id\"><input type=\"hidden\" id=\"answerType47\" class=\"answerTypeCnt2\" value=\"radio\"><input type=\"hidden\" id=\"watupro-required-question-47\"><!-- end question-content--><\/div><div class=\"question-choices watupro-choices-columns \" id=\"questionChoices47\"><div class=\"watupro-question-choice  \" dir=\"auto\"><input type=\"radio\" name=\"answer-47[]\" id=\"answer-id-170\" class=\"answer   answerof-47 \" value=\"170\"><label for=\"answer-id-170\" id=\"answer-label-170\" class=\" answer\"><span><p>Ei<\/p><\/span><\/label><\/div><div class=\"watupro-question-choice  \" dir=\"auto\"><input type=\"radio\" name=\"answer-47[]\" id=\"answer-id-169\" class=\"answer   answerof-47 \" value=\"169\"><label for=\"answer-id-169\" id=\"answer-label-169\" class=\" answer\"><span><p>Jah<\/p><\/span><\/label><\/div><!-- end question-choices--><\/div><!-- end questionWrap--><\/div><\/div><div class=\"watu-question \" id=\"question-3\" style=\";\"><div id=\"questionWrap-3\" class=\"  watupro-required-44 watupro-question-id-44\">\n\t\t\t<div class=\"question-content\"><div>Mis peab olema kirjutatud ravimi pakendile?<\/div><input type=\"hidden\" name=\"question_id[]\" id=\"qID_3\" value=\"44\" class=\"watupro-question-id\"><input type=\"hidden\" id=\"answerType44\" class=\"answerTypeCnt3\" value=\"checkbox\"><input type=\"hidden\" id=\"watupro-required-question-44\"><!-- end question-content--><\/div><div class=\"question-choices watupro-choices-columns \" id=\"questionChoices44\"><div class=\"watupro-question-choice  \" dir=\"auto\"><input type=\"checkbox\" name=\"answer-44[]\" id=\"answer-id-163\" class=\"answer   answerof-44 \" value=\"163\"><label for=\"answer-id-163\" id=\"answer-label-163\" class=\" answer\"><span>Teatud juhtudel ka raviaine annus (tugevus) ning ravimvorm<\/span><\/label><\/div><div class=\"watupro-question-choice  \" dir=\"auto\"><input type=\"checkbox\" name=\"answer-44[]\" id=\"answer-id-162\" class=\"answer   answerof-44 \" value=\"162\"><label for=\"answer-id-162\" id=\"answer-label-162\" class=\" answer\"><span>Raviaine keemiline nimetus<\/span><\/label><\/div><div class=\"watupro-question-choice  \" dir=\"auto\"><input type=\"checkbox\" name=\"answer-44[]\" id=\"answer-id-161\" class=\"answer   answerof-44 \" value=\"161\"><label for=\"answer-id-161\" id=\"answer-label-161\" class=\" answer\"><span>Ravimi kaubanduslik nimi<\/span><\/label><\/div><!-- end question-choices--><\/div><!-- end questionWrap--><\/div><\/div><div class=\"watu-question \" id=\"question-4\" style=\";\"><div id=\"questionWrap-4\" class=\"  watupro-required-51 watupro-question-id-51\">\n\t\t\t<div class=\"question-content\"><div>Kas antud v\u00e4ide on \u00f5ige v\u00f5i vale?<br>\r\nRavimeid peab v\u00f5tma siis, kui on olemas konkreetne n\u00e4idustus ehk inimesel on konkreetne haigus v\u00f5i haiguss\u00fcmptomid ja arst v\u00f5i apteeker on andnud ravimi manustamiseks retsepti ja\/v\u00f5i soovituse.<\/div><input type=\"hidden\" name=\"question_id[]\" id=\"qID_4\" value=\"51\" class=\"watupro-question-id\"><input type=\"hidden\" id=\"answerType51\" class=\"answerTypeCnt4\" value=\"radio\"><input type=\"hidden\" id=\"watupro-required-question-51\"><!-- end question-content--><\/div><div class=\"question-choices watupro-choices-columns \" id=\"questionChoices51\"><div class=\"watupro-question-choice  \" dir=\"auto\"><input type=\"radio\" name=\"answer-51[]\" id=\"answer-id-181\" class=\"answer   answerof-51 \" value=\"181\"><label for=\"answer-id-181\" id=\"answer-label-181\" class=\" answer\"><span><p>\u00d5ige<\/p><\/span><\/label><\/div><div class=\"watupro-question-choice  \" dir=\"auto\"><input type=\"radio\" name=\"answer-51[]\" id=\"answer-id-182\" class=\"answer   answerof-51 \" value=\"182\"><label for=\"answer-id-182\" id=\"answer-label-182\" class=\" answer\"><span><p>Vale<\/p><\/span><\/label><\/div><!-- end question-choices--><\/div><!-- end questionWrap--><\/div><\/div><div class=\"watu-question \" id=\"question-5\" style=\";\"><div id=\"questionWrap-5\" class=\"  watupro-required-45 watupro-question-id-45\">\n\t\t\t<div class=\"question-content\"><div>Millal saavad turule tulla geneerilised ravimid?<\/div><input type=\"hidden\" name=\"question_id[]\" id=\"qID_5\" value=\"45\" class=\"watupro-question-id\"><input type=\"hidden\" id=\"answerType45\" class=\"answerTypeCnt5\" value=\"radio\"><input type=\"hidden\" id=\"watupro-required-question-45\"><!-- end question-content--><\/div><div class=\"question-choices watupro-choices-columns \" id=\"questionChoices45\"><div class=\"watupro-question-choice  \" dir=\"auto\"><input type=\"radio\" name=\"answer-45[]\" id=\"answer-id-165\" class=\"answer   answerof-45 \" value=\"165\"><label for=\"answer-id-165\" id=\"answer-label-165\" class=\" answer\"><span>Kui sobiv ravimvorm on v\u00e4lja t\u00f6\u00f6tatud<\/span><\/label><\/div><div class=\"watupro-question-choice  \" dir=\"auto\"><input type=\"radio\" name=\"answer-45[]\" id=\"answer-id-166\" class=\"answer   answerof-45 \" value=\"166\"><label for=\"answer-id-166\" id=\"answer-label-166\" class=\" answer\"><span>Kui k\u00f5ik prekliinilised ja kliinilised uuringud on teostatud ning on t\u00f5estatud ravimi ohutus ja efektiivsus<\/span><\/label><\/div><div class=\"watupro-question-choice  \" dir=\"auto\"><input type=\"radio\" name=\"answer-45[]\" id=\"answer-id-164\" class=\"answer   answerof-45 \" value=\"164\"><label for=\"answer-id-164\" id=\"answer-label-164\" class=\" answer\"><span>P\u00e4rast originaalravimi patendiaja l\u00f5ppemist<\/span><\/label><\/div><!-- end question-choices--><\/div><!-- end questionWrap--><\/div><\/div><div class=\"watu-question \" id=\"question-6\" style=\";\"><div id=\"questionWrap-6\" class=\"  watupro-required-48 watupro-question-id-48\">\n\t\t\t<div class=\"question-content\"><div>Kas v\u00e4ide on \u00f5ige v\u00f5i vale?<br>\r\nM\u00f5isteid ravim ja ravimvorm saab kasutada s\u00fcnon\u00fc\u00fcmidena.<\/div><input type=\"hidden\" name=\"question_id[]\" id=\"qID_6\" value=\"48\" class=\"watupro-question-id\"><input type=\"hidden\" id=\"answerType48\" class=\"answerTypeCnt6\" value=\"radio\"><input type=\"hidden\" id=\"watupro-required-question-48\"><!-- end question-content--><\/div><div class=\"question-choices watupro-choices-columns \" id=\"questionChoices48\"><div class=\"watupro-question-choice  \" dir=\"auto\"><input type=\"radio\" name=\"answer-48[]\" id=\"answer-id-171\" class=\"answer   answerof-48 \" value=\"171\"><label for=\"answer-id-171\" id=\"answer-label-171\" class=\" answer\"><span><p>Vale<\/p><\/span><\/label><\/div><div class=\"watupro-question-choice  \" dir=\"auto\"><input type=\"radio\" name=\"answer-48[]\" id=\"answer-id-172\" class=\"answer   answerof-48 \" value=\"172\"><label for=\"answer-id-172\" id=\"answer-label-172\" class=\" answer\"><span><p>\u00d5ige<\/p><\/span><\/label><\/div><!-- end question-choices--><\/div><!-- end questionWrap--><\/div><\/div><div class=\"watu-question \" id=\"question-7\" style=\";\"><div id=\"questionWrap-7\" class=\"  watupro-required-50 watupro-question-id-50\">\n\t\t\t<div class=\"question-content\"><div><p>Miks apteeker pakub apteegis \u00fche ja sama toimeainega erinevaid ravimpreparaate?<\/p><\/div><input type=\"hidden\" name=\"question_id[]\" id=\"qID_7\" value=\"50\" class=\"watupro-question-id\"><input type=\"hidden\" id=\"answerType50\" class=\"answerTypeCnt7\" value=\"checkbox\"><input type=\"hidden\" id=\"watupro-required-question-50\"><!-- end question-content--><\/div><div class=\"question-choices watupro-choices-columns \" id=\"questionChoices50\"><div class=\"watupro-question-choice  \" dir=\"auto\"><input type=\"checkbox\" name=\"answer-50[]\" id=\"answer-id-179\" class=\"answer   answerof-50 \" value=\"179\"><label for=\"answer-id-179\" id=\"answer-label-179\" class=\" answer\"><span><p>Kuna Eestis on seadusega ette n\u00e4htud, et apteeker peab erinevaid sama toimeainet sisaldavaid (sama tugevus, sama ravimvorm) ravimpreparaate inimesele pakkuma ning seega on v\u00f5imalus valida, millist ravimpreparaati inimene soovib kasutada.<\/p><\/span><\/label><\/div><div class=\"watupro-question-choice  \" dir=\"auto\"><input type=\"checkbox\" name=\"answer-50[]\" id=\"answer-id-180\" class=\"answer   answerof-50 \" value=\"180\"><label for=\"answer-id-180\" id=\"answer-label-180\" class=\" answer\"><span>Kuna see annab v\u00f5imaluse apteekri v\u00f5i arstiga konsulteerides leida iga patsiendi jaoks sobivaim ravim.<\/span><\/label><\/div><div class=\"watupro-question-choice  \" dir=\"auto\"><input type=\"checkbox\" name=\"answer-50[]\" id=\"answer-id-177\" class=\"answer   answerof-50 \" value=\"177\"><label for=\"answer-id-177\" id=\"answer-label-177\" class=\" answer\"><span><p>Kuna turul v\u00f5ivad olla saadaval erinevad ravimpreparaadid, mis sisaldavad sama toimeainet, samasuures annuses ja ravimvormis.<\/p><\/span><\/label><\/div><div class=\"watupro-question-choice  \" dir=\"auto\"><input type=\"checkbox\" name=\"answer-50[]\" id=\"answer-id-178\" class=\"answer   answerof-50 \" value=\"178\"><label for=\"answer-id-178\" id=\"answer-label-178\" class=\" answer\"><span><p>Kuna turul on nii originaalravimpreparaadid, kui geneerilised ravimpreparaadid, mis sisaldavad sama raviainet.<\/p><\/span><\/label><\/div><!-- end question-choices--><\/div><!-- end questionWrap--><\/div><\/div><div class=\"watu-question \" id=\"question-8\" style=\";\"><div id=\"questionWrap-8\" class=\"  watupro-required-46 watupro-question-id-46\">\n\t\t\t<div class=\"question-content\"><div>Kas v\u00e4ide on \u00f5ige v\u00f5i vale?<br>\r\nGeneeriline ja originaalravim on identsed.<\/div><input type=\"hidden\" name=\"question_id[]\" id=\"qID_8\" value=\"46\" class=\"watupro-question-id\"><input type=\"hidden\" id=\"answerType46\" class=\"answerTypeCnt8\" value=\"radio\"><input type=\"hidden\" id=\"watupro-required-question-46\"><!-- end question-content--><\/div><div class=\"question-choices watupro-choices-columns \" id=\"questionChoices46\"><div class=\"watupro-question-choice  \" dir=\"auto\"><input type=\"radio\" name=\"answer-46[]\" id=\"answer-id-168\" class=\"answer   answerof-46 \" value=\"168\"><label for=\"answer-id-168\" id=\"answer-label-168\" class=\" answer\"><span><p>\u00d5ige<\/p><\/span><\/label><\/div><div class=\"watupro-question-choice  \" dir=\"auto\"><input type=\"radio\" name=\"answer-46[]\" id=\"answer-id-167\" class=\"answer   answerof-46 \" value=\"167\"><label for=\"answer-id-167\" id=\"answer-label-167\" class=\" answer\"><span><p>Vale<\/p><\/span><\/label><\/div><!-- end question-choices--><\/div><!-- end questionWrap--><\/div><\/div><div class=\"watu-question \" id=\"question-9\" style=\";\"><div id=\"questionWrap-9\" class=\"  watupro-required-52 watupro-question-id-52\">\n\t\t\t<div class=\"question-content\"><div>Kas antud v\u00e4ide on \u00f5ige v\u00f5i vale?<br>\r\nRavimite ohutu kasutamine t\u00e4hendab, et ravimeid peab tarvitama etten\u00e4htud annuses ning etten\u00e4htud ajaperioodi jooksul vastavalt arsti ettekirjutusele v\u00f5i apteekri soovitusele ja ravimeid peab s\u00e4ilitama ravimpreparaadi jaoks etten\u00e4htud tingimustes.<\/div><input type=\"hidden\" name=\"question_id[]\" id=\"qID_9\" value=\"52\" class=\"watupro-question-id\"><input type=\"hidden\" id=\"answerType52\" class=\"answerTypeCnt9\" value=\"radio\"><input type=\"hidden\" id=\"watupro-required-question-52\"><!-- end question-content--><\/div><div class=\"question-choices watupro-choices-columns \" id=\"questionChoices52\"><div class=\"watupro-question-choice  \" dir=\"auto\"><input type=\"radio\" name=\"answer-52[]\" id=\"answer-id-183\" class=\"answer   answerof-52 \" value=\"183\"><label for=\"answer-id-183\" id=\"answer-label-183\" class=\" answer\"><span><p>\u00d5ige<\/p><\/span><\/label><\/div><div class=\"watupro-question-choice  \" dir=\"auto\"><input type=\"radio\" name=\"answer-52[]\" id=\"answer-id-184\" class=\"answer   answerof-52 \" value=\"184\"><label for=\"answer-id-184\" id=\"answer-label-184\" class=\" answer\"><span><p>Vale<\/p><\/span><\/label><\/div><!-- end question-choices--><\/div><!-- end questionWrap--><\/div><\/div><div style=\"display:none\" id=\"question-10\">\n\t<div class=\"question-content\">\n\t\t<img loading=\"lazy\" decoding=\"async\" src=\"https:\/\/sisu.ut.ee\/wp-content\/plugins\/watupro\/img\/loading.gif\" width=\"16\" height=\"16\" alt=\"Loading...\" title=\"Loading...\">\u00a0Loading...\t<\/div>\n<\/div>\n\n<br>\n\t\n\t\t\t<div class=\"watupro_buttons flex \" id=\"watuPROButtons5\">\n\t\t  <div id=\"prev-question\" style=\"display:none;\"><input type=\"button\" value=\"&lt; Previous\" onclick=\"WatuPRO.nextQuestion(event, 'previous');\"><\/div>\t\t  \t\t  \t\t   \n\t\t   \t  \t\t<div><input type=\"button\" name=\"action\" class=\"watupro-submit-button\" onclick=\"WatuPRO.submitResult(event)\" id=\"action-button\" value=\"View Results\">\n\t\t<\/div>\n\t\t<\/div>\n\t\t\n\t<input type=\"hidden\" name=\"quiz_id\" value=\"5\" id=\"watuPROExamID\">\n\t<input type=\"hidden\" name=\"start_time\" id=\"startTime\" value=\"2026-04-15 12:30:56\">\n\t<input type=\"hidden\" name=\"start_timestamp\" id=\"startTimeStamp\" value=\"1776256256\">\n\t<input type=\"hidden\" name=\"question_ids\" value=\"\">\n\t<input type=\"hidden\" name=\"watupro_questions\" value=\"49:175,174,173,176 | 47:170,169 | 44:163,162,161 | 51:181,182 | 45:165,166,164 | 48:171,172 | 50:179,180,177,178 | 46:168,167 | 52:183,184\">\n\t<input type=\"hidden\" name=\"no_ajax\" value=\"0\">\t\t\t<\/form>\n\t<p>\u00a0<\/p>\n<\/div>\n\n<script type=\"text\/javascript\">\n\/\/jQuery(document).ready(function(){\ndocument.addEventListener(\"DOMContentLoaded\", function(event) { \t\nvar question_ids = \"49,47,44,51,45,48,50,46,52\";\nWatuPROSettings[5] = {};\nWatuPRO.qArr = question_ids.split(',');\nWatuPRO.exam_id = 5;\t    \nWatuPRO.post_id = 503;\nWatuPRO.store_progress = 0;\nWatuPRO.curCatPage = 1;\nWatuPRO.requiredIDs=\"0,49,47,44,51,45,48,50,46,52\".split(\",\");\nWatuPRO.hAppID = \"0.06046300 1776245456\";\nvar url = \"https:\/\/sisu.ut.ee\/wp-content\/plugins\/watupro\/show_exam.php\";\nWatuPRO.examMode = 1;\nWatuPRO.siteURL=\"https:\/\/sisu.ut.ee\/ravimitest-maakeeli\/wp-admin\/admin-ajax.php\";\nWatuPRO.emailIsNotRequired = 0;\nWatuPRO.perDecade = 10;\nWatuPROIntel.init(5);\nWatuPRO.inCategoryPages=1;});    \t \n<\/script>\n\n","protected":false},"excerpt":{"rendered":"","protected":false},"author":9,"featured_media":0,"parent":0,"menu_order":0,"comment_status":"closed","ping_status":"closed","template":"","meta":{"_acf_changed":false,"inline_featured_image":false,"footnotes":""},"class_list":["post-503","page","type-page","status-publish","hentry"],"acf":[],"_links":{"self":[{"href":"https:\/\/sisu.ut.ee\/ravimitest-maakeeli\/wp-json\/wp\/v2\/pages\/503","targetHints":{"allow":["GET"]}}],"collection":[{"href":"https:\/\/sisu.ut.ee\/ravimitest-maakeeli\/wp-json\/wp\/v2\/pages"}],"about":[{"href":"https:\/\/sisu.ut.ee\/ravimitest-maakeeli\/wp-json\/wp\/v2\/types\/page"}],"author":[{"embeddable":true,"href":"https:\/\/sisu.ut.ee\/ravimitest-maakeeli\/wp-json\/wp\/v2\/users\/9"}],"replies":[{"embeddable":true,"href":"https:\/\/sisu.ut.ee\/ravimitest-maakeeli\/wp-json\/wp\/v2\/comments?post=503"}],"version-history":[{"count":0,"href":"https:\/\/sisu.ut.ee\/ravimitest-maakeeli\/wp-json\/wp\/v2\/pages\/503\/revisions"}],"wp:attachment":[{"href":"https:\/\/sisu.ut.ee\/ravimitest-maakeeli\/wp-json\/wp\/v2\/media?parent=503"}],"curies":[{"name":"wp","href":"https:\/\/api.w.org\/{rel}","templated":true}]}}