{"id":502,"date":"2024-04-15T13:48:47","date_gmt":"2024-04-15T10:48:47","guid":{"rendered":"https:\/\/sisu.ut.ee\/ravimitest-maakeeli\/6-8-enesetest\/"},"modified":"2024-04-15T13:48:47","modified_gmt":"2024-04-15T10:48:47","slug":"6-8-enesetest","status":"publish","type":"page","link":"https:\/\/sisu.ut.ee\/ravimitest-maakeeli\/6-8-enesetest\/","title":{"rendered":"6.8. Enesetest"},"content":{"rendered":"<div id=\"watupro_quiz\" class=\"quiz-area single-page-quiz\">\n<p id=\"submittingExam6\" style=\"display:none;text-align:center;\"><img loading=\"lazy\" decoding=\"async\" src=\"https:\/\/sisu.ut.ee\/wp-content\/plugins\/watupro\/img\/loading.gif\" width=\"16\" height=\"16\"><\/p>\n\n<div class=\"watupro-exam-description\" id=\"description-quiz-6\"><p>\u00a0<\/p>\n<p>Oled j\u00f5udmas viimase mooduliga eduka l\u00f5puni. N\u00fc\u00fcd on veel lahendada viimane test. See test\u00a0on m\u00f5eldud \u00f5ppimise toetamiseks ja enesekontrolliks ning\u00a0on mittehinnatav.<\/p>\n<p>Edu!<\/p>\n<p>\u00a0<\/p>\n<\/div>\n\n<form action=\"\" method=\"post\" class=\"quiz-form\" id=\"quiz-6\" enctype=\"multipart\/form-data\">\n<div class=\"watu-question \" id=\"question-1\" style=\";\"><div id=\"questionWrap-1\" class=\"  watupro-required-58 watupro-question-id-58\">\n\t\t\t<div class=\"question-content\"><div><p>Mis on pakendi infoleht (PIL)?<\/p><\/div><input type=\"hidden\" name=\"question_id[]\" id=\"qID_1\" value=\"58\" class=\"watupro-question-id\"><input type=\"hidden\" id=\"answerType58\" class=\"answerTypeCnt1\" value=\"radio\"><input type=\"hidden\" id=\"watupro-required-question-58\"><!-- end question-content--><\/div><div class=\"question-choices watupro-choices-columns \" id=\"questionChoices58\"><div class=\"watupro-question-choice  \" dir=\"auto\"><input type=\"radio\" name=\"answer-58[]\" id=\"answer-id-206\" class=\"answer   answerof-58 \" value=\"206\"><label for=\"answer-id-206\" id=\"answer-label-206\" class=\" answer\"><span><p>Teave meditsiinit\u00f6\u00f6tajatele<\/p><\/span><\/label><\/div><div class=\"watupro-question-choice  \" dir=\"auto\"><input type=\"radio\" name=\"answer-58[]\" id=\"answer-id-208\" class=\"answer   answerof-58 \" value=\"208\"><label for=\"answer-id-208\" id=\"answer-label-208\" class=\" answer\"><span><p>Teave ravimitega reisimise kohta<\/p><\/span><\/label><\/div><div class=\"watupro-question-choice  \" dir=\"auto\"><input type=\"radio\" name=\"answer-58[]\" id=\"answer-id-205\" class=\"answer   answerof-58 \" value=\"205\"><label for=\"answer-id-205\" id=\"answer-label-205\" class=\" answer\"><span><p>Teave ravimi kasutajale<\/p><\/span><\/label><\/div><div class=\"watupro-question-choice  \" dir=\"auto\"><input type=\"radio\" name=\"answer-58[]\" id=\"answer-id-207\" class=\"answer   answerof-58 \" value=\"207\"><label for=\"answer-id-207\" id=\"answer-label-207\" class=\" answer\"><span><p>Teave ravimireklaami kohta<\/p><\/span><\/label><\/div><!-- end question-choices--><\/div><!-- end questionWrap--><\/div><\/div><div class=\"watu-question \" id=\"question-2\" style=\";\"><div id=\"questionWrap-2\" class=\"  watupro-required-57 watupro-question-id-57\">\n\t\t\t<div class=\"question-content\"><div>Millised tegurid tagavad parema ravij\u00e4rgimuse?<\/div><input type=\"hidden\" name=\"question_id[]\" id=\"qID_2\" value=\"57\" class=\"watupro-question-id\"><input type=\"hidden\" id=\"answerType57\" class=\"answerTypeCnt2\" value=\"checkbox\"><input type=\"hidden\" id=\"watupro-required-question-57\"><!-- end question-content--><\/div><div class=\"question-choices watupro-choices-columns \" id=\"questionChoices57\"><div class=\"watupro-question-choice  \" dir=\"auto\"><input type=\"checkbox\" name=\"answer-57[]\" id=\"answer-id-201\" class=\"answer   answerof-57 \" value=\"201\"><label for=\"answer-id-201\" id=\"answer-label-201\" class=\" answer\"><span><p>Patsiendi ja tervishoiut\u00f6\u00f6taja koost\u00f6\u00f6<\/p><\/span><\/label><\/div><div class=\"watupro-question-choice  \" dir=\"auto\"><input type=\"checkbox\" name=\"answer-57[]\" id=\"answer-id-202\" class=\"answer   answerof-57 \" value=\"202\"><label for=\"answer-id-202\" id=\"answer-label-202\" class=\" answer\"><span><p>Patsiendi teadmised oma haigusest ja selle ravist<\/p><\/span><\/label><\/div><div class=\"watupro-question-choice  \" dir=\"auto\"><input type=\"checkbox\" name=\"answer-57[]\" id=\"answer-id-204\" class=\"answer   answerof-57 \" value=\"204\"><label for=\"answer-id-204\" id=\"answer-label-204\" class=\" answer\"><span><p>Ravimi k\u00f5rvaltoimed<\/p><\/span><\/label><\/div><div class=\"watupro-question-choice  \" dir=\"auto\"><input type=\"checkbox\" name=\"answer-57[]\" id=\"answer-id-203\" class=\"answer   answerof-57 \" value=\"203\"><label for=\"answer-id-203\" id=\"answer-label-203\" class=\" answer\"><span><p>Ravimi kasutamise unustamine<\/p><\/span><\/label><\/div><!-- end question-choices--><\/div><!-- end questionWrap--><\/div><\/div><div class=\"watu-question \" id=\"question-3\" style=\";\"><div id=\"questionWrap-3\" class=\"  watupro-required-56 watupro-question-id-56\">\n\t\t\t<div class=\"question-content\"><div><p>Millist infot on oluline enne ravimi tarvitama hakkamist apteekriga jagada?<\/p><\/div><input type=\"hidden\" name=\"question_id[]\" id=\"qID_3\" value=\"56\" class=\"watupro-question-id\"><input type=\"hidden\" id=\"answerType56\" class=\"answerTypeCnt3\" value=\"checkbox\"><input type=\"hidden\" id=\"watupro-required-question-56\"><!-- end question-content--><\/div><div class=\"question-choices watupro-choices-columns \" id=\"questionChoices56\"><div class=\"watupro-question-choice  \" dir=\"auto\"><input type=\"checkbox\" name=\"answer-56[]\" id=\"answer-id-200\" class=\"answer   answerof-56 \" value=\"200\"><label for=\"answer-id-200\" id=\"answer-label-200\" class=\" answer\"><span><p>Apteeker ei pea k\u00f5ike teadma, ma tean ise paremini, mis mulle hea on<\/p><\/span><\/label><\/div><div class=\"watupro-question-choice  \" dir=\"auto\"><input type=\"checkbox\" name=\"answer-56[]\" id=\"answer-id-199\" class=\"answer   answerof-56 \" value=\"199\"><label for=\"answer-id-199\" id=\"answer-label-199\" class=\" answer\"><span><p>Milliseid ravimeid ma kasutan<\/p><\/span><\/label><\/div><div class=\"watupro-question-choice  \" dir=\"auto\"><input type=\"checkbox\" name=\"answer-56[]\" id=\"answer-id-197\" class=\"answer   answerof-56 \" value=\"197\"><label for=\"answer-id-197\" id=\"answer-label-197\" class=\" answer\"><span><p>Kellele ma ravimit soovin<\/p><\/span><\/label><\/div><div class=\"watupro-question-choice  \" dir=\"auto\"><input type=\"checkbox\" name=\"answer-56[]\" id=\"answer-id-198\" class=\"answer   answerof-56 \" value=\"198\"><label for=\"answer-id-198\" id=\"answer-label-198\" class=\" answer\"><span><p>Millisele terviseh\u00e4dale ma ravi v\u00f5i leevendust soovin<\/p><\/span><\/label><\/div><!-- end question-choices--><\/div><!-- end questionWrap--><\/div><\/div><div class=\"watu-question \" id=\"question-4\" style=\";\"><div id=\"questionWrap-4\" class=\"  watupro-required-59 watupro-question-id-59\">\n\t\t\t<div class=\"question-content\"><div><p>Millied v\u00e4ited on \u00f5iged ravimi toime ja k\u00f5rvaltoime kohta, \u00fcldistatult?<\/p><\/div><input type=\"hidden\" name=\"question_id[]\" id=\"qID_4\" value=\"59\" class=\"watupro-question-id\"><input type=\"hidden\" id=\"answerType59\" class=\"answerTypeCnt4\" value=\"checkbox\"><input type=\"hidden\" id=\"watupro-required-question-59\"><!-- end question-content--><\/div><div class=\"question-choices watupro-choices-columns \" id=\"questionChoices59\"><div class=\"watupro-question-choice  \" dir=\"auto\"><input type=\"checkbox\" name=\"answer-59[]\" id=\"answer-id-212\" class=\"answer   answerof-59 \" value=\"212\"><label for=\"answer-id-212\" id=\"answer-label-212\" class=\" answer\"><span><p>K\u00f5rvaltoime ilmneb alati, toime pigem harva<\/p><\/span><\/label><\/div><div class=\"watupro-question-choice  \" dir=\"auto\"><input type=\"checkbox\" name=\"answer-59[]\" id=\"answer-id-211\" class=\"answer   answerof-59 \" value=\"211\"><label for=\"answer-id-211\" id=\"answer-label-211\" class=\" answer\"><span><p>K\u00f5rvaltoime on soovitud, toime on soovimatu<\/p><\/span><\/label><\/div><div class=\"watupro-question-choice  \" dir=\"auto\"><input type=\"checkbox\" name=\"answer-59[]\" id=\"answer-id-210\" class=\"answer   answerof-59 \" value=\"210\"><label for=\"answer-id-210\" id=\"answer-label-210\" class=\" answer\"><span><p>Toime ilmneb alati, k\u00f5rvaltoime pigem harva<\/p><\/span><\/label><\/div><div class=\"watupro-question-choice  \" dir=\"auto\"><input type=\"checkbox\" name=\"answer-59[]\" id=\"answer-id-209\" class=\"answer   answerof-59 \" value=\"209\"><label for=\"answer-id-209\" id=\"answer-label-209\" class=\" answer\"><span><p>Toime on soovitud, k\u00f5rvaltoime soovimatu<\/p><\/span><\/label><\/div><!-- end question-choices--><\/div><!-- end questionWrap--><\/div><\/div><div class=\"watu-question \" id=\"question-5\" style=\";\"><div id=\"questionWrap-5\" class=\"  watupro-required-55 watupro-question-id-55\">\n\t\t\t<div class=\"question-content\"><div><p>Mis on oluline ravimi kasutamisel?<\/p><\/div><input type=\"hidden\" name=\"question_id[]\" id=\"qID_5\" value=\"55\" class=\"watupro-question-id\"><input type=\"hidden\" id=\"answerType55\" class=\"answerTypeCnt5\" value=\"checkbox\"><input type=\"hidden\" id=\"watupro-required-question-55\"><!-- end question-content--><\/div><div class=\"question-choices watupro-choices-columns \" id=\"questionChoices55\"><div class=\"watupro-question-choice  \" dir=\"auto\"><input type=\"checkbox\" name=\"answer-55[]\" id=\"answer-id-193\" class=\"answer   answerof-55 \" value=\"193\"><label for=\"answer-id-193\" id=\"answer-label-193\" class=\" answer\"><span><p>\u00d5ige ravimi kasutamine<\/p><\/span><\/label><\/div><div class=\"watupro-question-choice  \" dir=\"auto\"><input type=\"checkbox\" name=\"answer-55[]\" id=\"answer-id-196\" class=\"answer   answerof-55 \" value=\"196\"><label for=\"answer-id-196\" id=\"answer-label-196\" class=\" answer\"><span>\u00d5igel viisil ravimi kasutamine<\/span><\/label><\/div><div class=\"watupro-question-choice  \" dir=\"auto\"><input type=\"checkbox\" name=\"answer-55[]\" id=\"answer-id-194\" class=\"answer   answerof-55 \" value=\"194\"><label for=\"answer-id-194\" id=\"answer-label-194\" class=\" answer\"><span><p>\u00d5igel otstarbel ravimi kasutamine<\/p><\/span><\/label><\/div><div class=\"watupro-question-choice  \" dir=\"auto\"><input type=\"checkbox\" name=\"answer-55[]\" id=\"answer-id-195\" class=\"answer   answerof-55 \" value=\"195\"><label for=\"answer-id-195\" id=\"answer-label-195\" class=\" answer\"><span><p>\u00d5iges annuses ravimi kasutamine<\/p><\/span><\/label><\/div><!-- end question-choices--><\/div><!-- end questionWrap--><\/div><\/div><div class=\"watu-question \" id=\"question-6\" style=\";\"><div id=\"questionWrap-6\" class=\"  watupro-required-60 watupro-question-id-60\">\n\t\t\t<div class=\"question-content\"><div><p>Mida teed aegunud ja k\u00f5lbmatute ravimitega?<\/p><\/div><input type=\"hidden\" name=\"question_id[]\" id=\"qID_6\" value=\"60\" class=\"watupro-question-id\"><input type=\"hidden\" id=\"answerType60\" class=\"answerTypeCnt6\" value=\"checkbox\"><input type=\"hidden\" id=\"watupro-required-question-60\"><!-- end question-content--><\/div><div class=\"question-choices watupro-choices-columns \" id=\"questionChoices60\"><div class=\"watupro-question-choice  \" dir=\"auto\"><input type=\"checkbox\" name=\"answer-60[]\" id=\"answer-id-214\" class=\"answer   answerof-60 \" value=\"214\"><label for=\"answer-id-214\" id=\"answer-label-214\" class=\" answer\"><span><p>Viin j\u00e4\u00e4tmejaama<\/p><\/span><\/label><\/div><div class=\"watupro-question-choice  \" dir=\"auto\"><input type=\"checkbox\" name=\"answer-60[]\" id=\"answer-id-213\" class=\"answer   answerof-60 \" value=\"213\"><label for=\"answer-id-213\" id=\"answer-label-213\" class=\" answer\"><span><p>Viin apteeki<\/p><\/span><\/label><\/div><div class=\"watupro-question-choice  \" dir=\"auto\"><input type=\"checkbox\" name=\"answer-60[]\" id=\"answer-id-215\" class=\"answer   answerof-60 \" value=\"215\"><label for=\"answer-id-215\" id=\"answer-label-215\" class=\" answer\"><span><p>Viin pr\u00fcgikasti<\/p><\/span><\/label><\/div><div class=\"watupro-question-choice  \" dir=\"auto\"><input type=\"checkbox\" name=\"answer-60[]\" id=\"answer-id-216\" class=\"answer   answerof-60 \" value=\"216\"><label for=\"answer-id-216\" id=\"answer-label-216\" class=\" answer\"><span><p>Hoian igaks juhuks alles<\/p><\/span><\/label><\/div><!-- end question-choices--><\/div><!-- end questionWrap--><\/div><\/div><div class=\"watu-question \" id=\"question-7\" style=\";\"><div id=\"questionWrap-7\" class=\"  watupro-required-53 watupro-question-id-53\">\n\t\t\t<div class=\"question-content\"><div><p>Kes v\u00e4ljastab ravimile m\u00fc\u00fcgiloa?<\/p><\/div><input type=\"hidden\" name=\"question_id[]\" id=\"qID_7\" value=\"53\" class=\"watupro-question-id\"><input type=\"hidden\" id=\"answerType53\" class=\"answerTypeCnt7\" value=\"radio\"><input type=\"hidden\" id=\"watupro-required-question-53\"><!-- end question-content--><\/div><div class=\"question-choices watupro-choices-columns \" id=\"questionChoices53\"><div class=\"watupro-question-choice  \" dir=\"auto\"><input type=\"radio\" name=\"answer-53[]\" id=\"answer-id-187\" class=\"answer   answerof-53 \" value=\"187\"><label for=\"answer-id-187\" id=\"answer-label-187\" class=\" answer\"><span><p>P\u00f5llumajandus- ja Toiduamet<\/p><\/span><\/label><\/div><div class=\"watupro-question-choice  \" dir=\"auto\"><input type=\"radio\" name=\"answer-53[]\" id=\"answer-id-186\" class=\"answer   answerof-53 \" value=\"186\"><label for=\"answer-id-186\" id=\"answer-label-186\" class=\" answer\"><span><p>Terviseamet<\/p><\/span><\/label><\/div><div class=\"watupro-question-choice  \" dir=\"auto\"><input type=\"radio\" name=\"answer-53[]\" id=\"answer-id-185\" class=\"answer   answerof-53 \" value=\"185\"><label for=\"answer-id-185\" id=\"answer-label-185\" class=\" answer\"><span><p>Ravimiamet<\/p><\/span><\/label><\/div><!-- end question-choices--><\/div><!-- end questionWrap--><\/div><\/div><div class=\"watu-question \" id=\"question-8\" style=\";\"><div id=\"questionWrap-8\" class=\"  watupro-required-54 watupro-question-id-54\">\n\t\t\t<div class=\"question-content\"><div><p>Kas tohid osta ravimeid\u00a0internetist?<\/p><\/div><input type=\"hidden\" name=\"question_id[]\" id=\"qID_8\" value=\"54\" class=\"watupro-question-id\"><input type=\"hidden\" id=\"answerType54\" class=\"answerTypeCnt8\" value=\"radio\"><input type=\"hidden\" id=\"watupro-required-question-54\"><!-- end question-content--><\/div><div class=\"question-choices watupro-choices-columns \" id=\"questionChoices54\"><div class=\"watupro-question-choice  \" dir=\"auto\"><input type=\"radio\" name=\"answer-54[]\" id=\"answer-id-188\" class=\"answer   answerof-54 \" value=\"188\"><label for=\"answer-id-188\" id=\"answer-label-188\" class=\" answer\"><span><p>Jah, aga ainult internetiapteegist<\/p><\/span><\/label><\/div><div class=\"watupro-question-choice  \" dir=\"auto\"><input type=\"radio\" name=\"answer-54[]\" id=\"answer-id-190\" class=\"answer   answerof-54 \" value=\"190\"><label for=\"answer-id-190\" id=\"answer-label-190\" class=\" answer\"><span><p>Jah, aga ainult siis, kui internetis saab krediitkaardiga maksta<\/p><\/span><\/label><\/div><div class=\"watupro-question-choice  \" dir=\"auto\"><input type=\"radio\" name=\"answer-54[]\" id=\"answer-id-192\" class=\"answer   answerof-54 \" value=\"192\"><label for=\"answer-id-192\" id=\"answer-label-192\" class=\" answer\"><span><p>Ei, mitte kunagi<\/p><\/span><\/label><\/div><div class=\"watupro-question-choice  \" dir=\"auto\"><input type=\"radio\" name=\"answer-54[]\" id=\"answer-id-189\" class=\"answer   answerof-54 \" value=\"189\"><label for=\"answer-id-189\" id=\"answer-label-189\" class=\" answer\"><span><p>Jah, alati<\/p><\/span><\/label><\/div><div class=\"watupro-question-choice  \" dir=\"auto\"><input type=\"radio\" name=\"answer-54[]\" id=\"answer-id-191\" class=\"answer   answerof-54 \" value=\"191\"><label for=\"answer-id-191\" id=\"answer-label-191\" class=\" answer\"><span><p>Jah, aga ainult siis, kui ravim on odav<\/p><\/span><\/label><\/div><!-- end question-choices--><\/div><!-- end questionWrap--><\/div><\/div><div class=\"watu-question \" id=\"question-9\" style=\";\"><div id=\"questionWrap-9\" class=\"  watupro-required-61 watupro-question-id-61\">\n\t\t\t<div class=\"question-content\"><div><p>Milliste ravimitega reisimisel on vaja Schengeni luba?<\/p><\/div><input type=\"hidden\" name=\"question_id[]\" id=\"qID_9\" value=\"61\" class=\"watupro-question-id\"><input type=\"hidden\" id=\"answerType61\" class=\"answerTypeCnt9\" value=\"checkbox\"><input type=\"hidden\" id=\"watupro-required-question-61\"><!-- end question-content--><\/div><div class=\"question-choices watupro-choices-columns \" id=\"questionChoices61\"><div class=\"watupro-question-choice  \" dir=\"auto\"><input type=\"checkbox\" name=\"answer-61[]\" id=\"answer-id-218\" class=\"answer   answerof-61 \" value=\"218\"><label for=\"answer-id-218\" id=\"answer-label-218\" class=\" answer\"><span><p>Ps\u00fchhotroopste ravimitega<\/p><\/span><\/label><\/div><div class=\"watupro-question-choice  \" dir=\"auto\"><input type=\"checkbox\" name=\"answer-61[]\" id=\"answer-id-217\" class=\"answer   answerof-61 \" value=\"217\"><label for=\"answer-id-217\" id=\"answer-label-217\" class=\" answer\"><span><p>Narkootiliste ravimitega<\/p><\/span><\/label><\/div><div class=\"watupro-question-choice  \" dir=\"auto\"><input type=\"checkbox\" name=\"answer-61[]\" id=\"answer-id-220\" class=\"answer   answerof-61 \" value=\"220\"><label for=\"answer-id-220\" id=\"answer-label-220\" class=\" answer\"><span><p>K\u00f5ikidele ravimitega<\/p><\/span><\/label><\/div><div class=\"watupro-question-choice  \" dir=\"auto\"><input type=\"checkbox\" name=\"answer-61[]\" id=\"answer-id-219\" class=\"answer   answerof-61 \" value=\"219\"><label for=\"answer-id-219\" id=\"answer-label-219\" class=\" answer\"><span><p>K\u00e4sim\u00fc\u00fcgiravimitega<\/p><\/span><\/label><\/div><!-- end question-choices--><\/div><!-- end questionWrap--><\/div><\/div><div class=\"watu-question \" id=\"question-10\" style=\";\"><div id=\"questionWrap-10\" class=\"  watupro-required-62 watupro-question-id-62\">\n\t\t\t<div class=\"question-content\"><div><p>Kellele tohib reklaamida retseptiravimeid?<\/p><\/div><input type=\"hidden\" name=\"question_id[]\" id=\"qID_10\" value=\"62\" class=\"watupro-question-id\"><input type=\"hidden\" id=\"answerType62\" class=\"answerTypeCnt10\" value=\"checkbox\"><input type=\"hidden\" id=\"watupro-required-question-62\"><!-- end question-content--><\/div><div class=\"question-choices watupro-choices-columns \" id=\"questionChoices62\"><div class=\"watupro-question-choice  \" dir=\"auto\"><input type=\"checkbox\" name=\"answer-62[]\" id=\"answer-id-222\" class=\"answer   answerof-62 \" value=\"222\"><label for=\"answer-id-222\" id=\"answer-label-222\" class=\" answer\"><span><p>Med\u00f5dedele<\/p><\/span><\/label><\/div><div class=\"watupro-question-choice  \" dir=\"auto\"><input type=\"checkbox\" name=\"answer-62[]\" id=\"answer-id-221\" class=\"answer   answerof-62 \" value=\"221\"><label for=\"answer-id-221\" id=\"answer-label-221\" class=\" answer\"><span><p>Arstidele<\/p><\/span><\/label><\/div><div class=\"watupro-question-choice  \" dir=\"auto\"><input type=\"checkbox\" name=\"answer-62[]\" id=\"answer-id-224\" class=\"answer   answerof-62 \" value=\"224\"><label for=\"answer-id-224\" id=\"answer-label-224\" class=\" answer\"><span><p>Apteekritele<\/p><\/span><\/label><\/div><div class=\"watupro-question-choice  \" dir=\"auto\"><input type=\"checkbox\" name=\"answer-62[]\" id=\"answer-id-225\" class=\"answer   answerof-62 \" value=\"225\"><label for=\"answer-id-225\" id=\"answer-label-225\" class=\" answer\"><span><p>\u00dcldsusele<\/p><\/span><\/label><\/div><div class=\"watupro-question-choice  \" dir=\"auto\"><input type=\"checkbox\" name=\"answer-62[]\" id=\"answer-id-223\" class=\"answer   answerof-62 \" value=\"223\"><label for=\"answer-id-223\" id=\"answer-label-223\" class=\" answer\"><span><p>\u00c4mmaemandatele<\/p><\/span><\/label><\/div><!-- end question-choices--><\/div><!-- end questionWrap--><\/div><\/div><div style=\"display:none\" id=\"question-11\">\n\t<div class=\"question-content\">\n\t\t<img loading=\"lazy\" decoding=\"async\" src=\"https:\/\/sisu.ut.ee\/wp-content\/plugins\/watupro\/img\/loading.gif\" width=\"16\" height=\"16\" alt=\"Loading...\" title=\"Loading...\">\u00a0Loading...\t<\/div>\n<\/div>\n\n<br>\n\t\n\t\t\t<div class=\"watupro_buttons flex \" id=\"watuPROButtons6\">\n\t\t  <div id=\"prev-question\" style=\"display:none;\"><input type=\"button\" value=\"&lt; Previous\" onclick=\"WatuPRO.nextQuestion(event, 'previous');\"><\/div>\t\t  \t\t  \t\t   \n\t\t   \t  \t\t<div><input type=\"button\" name=\"action\" class=\"watupro-submit-button\" onclick=\"WatuPRO.submitResult(event)\" id=\"action-button\" value=\"View Results\">\n\t\t<\/div>\n\t\t<\/div>\n\t\t\n\t<input type=\"hidden\" name=\"quiz_id\" value=\"6\" id=\"watuPROExamID\">\n\t<input type=\"hidden\" name=\"start_time\" id=\"startTime\" value=\"2026-04-15 05:10:37\">\n\t<input type=\"hidden\" name=\"start_timestamp\" id=\"startTimeStamp\" value=\"1776229837\">\n\t<input type=\"hidden\" name=\"question_ids\" value=\"\">\n\t<input type=\"hidden\" name=\"watupro_questions\" value=\"58:206,208,205,207 | 57:201,202,204,203 | 56:200,199,197,198 | 59:212,211,210,209 | 55:193,196,194,195 | 60:214,213,215,216 | 53:187,186,185 | 54:188,190,192,189,191 | 61:218,217,220,219 | 62:222,221,224,225,223\">\n\t<input type=\"hidden\" name=\"no_ajax\" value=\"0\">\t\t\t<\/form>\n\t<p>\u00a0<\/p>\n<\/div>\n\n<script type=\"text\/javascript\">\n\/\/jQuery(document).ready(function(){\ndocument.addEventListener(\"DOMContentLoaded\", function(event) { \t\nvar question_ids = \"58,57,56,59,55,60,53,54,61,62\";\nWatuPROSettings[6] = {};\nWatuPRO.qArr = question_ids.split(',');\nWatuPRO.exam_id = 6;\t    \nWatuPRO.post_id = 502;\nWatuPRO.store_progress = 0;\nWatuPRO.curCatPage = 1;\nWatuPRO.requiredIDs=\"0,58,57,56,59,55,60,53,54,61,62\".split(\",\");\nWatuPRO.hAppID = \"0.73795700 1776219037\";\nvar url = \"https:\/\/sisu.ut.ee\/wp-content\/plugins\/watupro\/show_exam.php\";\nWatuPRO.examMode = 1;\nWatuPRO.siteURL=\"https:\/\/sisu.ut.ee\/ravimitest-maakeeli\/wp-admin\/admin-ajax.php\";\nWatuPRO.emailIsNotRequired = 0;\nWatuPRO.perDecade = 10;\nWatuPROIntel.init(6);\nWatuPRO.inCategoryPages=1;});    \t \n<\/script>\n\n","protected":false},"excerpt":{"rendered":"","protected":false},"author":9,"featured_media":0,"parent":0,"menu_order":0,"comment_status":"closed","ping_status":"closed","template":"","meta":{"_acf_changed":false,"inline_featured_image":false,"footnotes":""},"class_list":["post-502","page","type-page","status-publish","hentry"],"acf":[],"_links":{"self":[{"href":"https:\/\/sisu.ut.ee\/ravimitest-maakeeli\/wp-json\/wp\/v2\/pages\/502","targetHints":{"allow":["GET"]}}],"collection":[{"href":"https:\/\/sisu.ut.ee\/ravimitest-maakeeli\/wp-json\/wp\/v2\/pages"}],"about":[{"href":"https:\/\/sisu.ut.ee\/ravimitest-maakeeli\/wp-json\/wp\/v2\/types\/page"}],"author":[{"embeddable":true,"href":"https:\/\/sisu.ut.ee\/ravimitest-maakeeli\/wp-json\/wp\/v2\/users\/9"}],"replies":[{"embeddable":true,"href":"https:\/\/sisu.ut.ee\/ravimitest-maakeeli\/wp-json\/wp\/v2\/comments?post=502"}],"version-history":[{"count":0,"href":"https:\/\/sisu.ut.ee\/ravimitest-maakeeli\/wp-json\/wp\/v2\/pages\/502\/revisions"}],"wp:attachment":[{"href":"https:\/\/sisu.ut.ee\/ravimitest-maakeeli\/wp-json\/wp\/v2\/media?parent=502"}],"curies":[{"name":"wp","href":"https:\/\/api.w.org\/{rel}","templated":true}]}}