{"id":42,"date":"2024-04-04T04:15:09","date_gmt":"2024-04-04T01:15:09","guid":{"rendered":"https:\/\/sisu.ut.ee\/ravimitest-maakeeli\/54-kasutatud-allikad\/"},"modified":"2024-04-04T04:15:34","modified_gmt":"2024-04-04T01:15:34","slug":"54-kasutatud-allikad","status":"publish","type":"page","link":"https:\/\/sisu.ut.ee\/ravimitest-maakeeli\/54-kasutatud-allikad\/","title":{"rendered":"5.4. Kasutatud allikad"},"content":{"rendered":"<ol>\n<li>\n\t\tApteegistatistika. <a href=\"https:\/\/www.ravimiamet.ee\/apteegistatistika?group=5\" style=\"background-color: #ffffff\" target=\"_blank\" rel=\"noopener\">https:\/\/www.ravimiamet.ee\/apteegistatistika?group=5<\/a> (07.01.2019)\n\t<\/li>\n<li>\n\t\tApteegiteenuse osutamise tingimused ja kord. Sotsiaalministri m\u00e4\u00e4rus nr 24, vastu v\u00f5etud 17.02.2005. <a href=\"https:\/\/www.riigiteataja.ee\/akt\/854379\" style=\"background-color: #ffffff\" target=\"_blank\" rel=\"noopener\">RTL 2005, 22, 305<\/a> (01.01.2021)\n\t<\/li>\n<li>\n\t\tEesti Ravimite Ehtsuse Kontrolli Sihtasutus <a href=\"https:\/\/www.reks.ee\/\" style=\"background-color: #ffffff\" target=\"_blank\" rel=\"noopener\">https:\/\/www.reks.ee\/<\/a> (16.01.19)\n\t<\/li>\n<li>\n\t\tPharmaceutical Group of the European Union. Annual Report 2017. <a href=\"https:\/\/www.pgeu.eu\/en\/library\/587:annual-report-2017.html\" style=\"background-color: #ffffff\" target=\"_blank\" rel=\"noopener\">https:\/\/www.pgeu.eu\/en\/library\/587:annual-report-2017.html<\/a> (07.01.2019)\n\t<\/li>\n<li>\n\t\tRavimiseadus. <a href=\"https:\/\/www.riigiteataja.ee\/akt\/833016\" style=\"background-color: #ffffff\" target=\"_blank\" rel=\"noopener\">RT I 2005, 2, 4<\/a> (07.01.2019)\n\t<\/li>\n<li>\n\t\tRavimisektor \u2013 korraldus ja v\u00e4ljakutsed Euroopas. <a href=\"https:\/\/www.riigikogu.ee\/wpcms\/wp-content\/uploads\/2015\/01\/Teemaleht_18_2014.pdf\" style=\"background-color: #ffffff\" target=\"_blank\" rel=\"noopener\">https:\/\/www.riigikogu.ee\/wpcms\/wp-content\/uploads\/2015\/01\/Teemaleht_18_2014.pdf<\/a> (16.01.19)\n\t<\/li>\n<li>\n\t\tRavimite v\u00e4ljakirjutamise ja apteekidest v\u00e4ljastamise tingimused ja kord ning retsepti vorm. Sotsiaalministri m\u00e4\u00e4rus nr 30, vastu v\u00f5etud 18.02.2005. \u00a0<a href=\"https:\/\/www.riigiteataja.ee\/akt\/855407\" style=\"background-color: #ffffff\" target=\"_blank\" rel=\"noopener\">RTL 2005, 23, 315<\/a> (07.01.2019)\n\t<\/li>\n<li>\n\t\tRavimite apteegis valmistamise, jaendamise ja kontrollimise tingimused ja kord ning apteegis seeriaviisiliselt valmistatavate ravimite loetelu. Tervise-ja t\u00f6\u00f6ministri m\u00e4\u00e4rus nr 69, vastu v\u00f5etud 03.12.2014. <a href=\"https:\/\/www.riigiteataja.ee\/akt\/109122014012\" style=\"background-color: #ffffff\" target=\"_blank\" rel=\"noopener\">RT I, 09.12.2014, 12<\/a> (07.01.2019)\n\t<\/li>\n<li>\n\t\tRavimite hulgim\u00fc\u00fcgi tingimused ja kord. Sotsiaalministri m\u00e4\u00e4rus nr. 27, v\u00e4lja antud 17.02.2005. <a href=\"https:\/\/www.riigiteataja.ee\/akt\/854410\" style=\"background-color: #ffffff\" target=\"_blank\" rel=\"noopener\">RTL 2005, 22, 308<\/a> (07.01.2019)\n\t<\/li>\n<li>\n\t\tvan Mil, F.J.W.; Schulz, M.; Tromp, Th.F.J.D. (2004). Pharmaceutical care, European developments in concepts, implementation, teaching and research: a review. Pharmacy World and Science; 26(6):303-11.\n\t<\/li>\n<li>\n\t\tVolmer, D.; Teder, K.; Matto, V.; Raal, A. (2017). Praktiline sotsiaalfarmaatsia \u2013 ravimsuhtlemine apteegis. Tartu \u00dclikooli Kirjastus, Tartu.\n\t<\/li>\n<\/ol>\n","protected":false},"excerpt":{"rendered":"<p>Apteegistatistika. https:\/\/www.ravimiamet.ee\/apteegistatistika?group=5 (07.01.2019) Apteegiteenuse osutamise tingimused ja kord. Sotsiaalministri m\u00e4\u00e4rus nr 24, vastu v\u00f5etud 17.02.2005. RTL 2005, 22, 305 (01.01.2021) Eesti Ravimite Ehtsuse Kontrolli Sihtasutus https:\/\/www.reks.ee\/ (16.01.19) Pharmaceutical Group of the European Union. Annual Report 2017. https:\/\/www.pgeu.eu\/en\/library\/587:annual-report-2017.html (07.01.2019) Ravimiseadus. RT &#8230;<\/p>\n","protected":false},"author":142,"featured_media":0,"parent":0,"menu_order":0,"comment_status":"closed","ping_status":"closed","template":"","meta":{"_acf_changed":false,"inline_featured_image":false,"footnotes":""},"class_list":["post-42","page","type-page","status-publish","hentry"],"acf":[],"_links":{"self":[{"href":"https:\/\/sisu.ut.ee\/ravimitest-maakeeli\/wp-json\/wp\/v2\/pages\/42","targetHints":{"allow":["GET"]}}],"collection":[{"href":"https:\/\/sisu.ut.ee\/ravimitest-maakeeli\/wp-json\/wp\/v2\/pages"}],"about":[{"href":"https:\/\/sisu.ut.ee\/ravimitest-maakeeli\/wp-json\/wp\/v2\/types\/page"}],"author":[{"embeddable":true,"href":"https:\/\/sisu.ut.ee\/ravimitest-maakeeli\/wp-json\/wp\/v2\/users\/142"}],"replies":[{"embeddable":true,"href":"https:\/\/sisu.ut.ee\/ravimitest-maakeeli\/wp-json\/wp\/v2\/comments?post=42"}],"version-history":[{"count":1,"href":"https:\/\/sisu.ut.ee\/ravimitest-maakeeli\/wp-json\/wp\/v2\/pages\/42\/revisions"}],"predecessor-version":[{"id":185,"href":"https:\/\/sisu.ut.ee\/ravimitest-maakeeli\/wp-json\/wp\/v2\/pages\/42\/revisions\/185"}],"wp:attachment":[{"href":"https:\/\/sisu.ut.ee\/ravimitest-maakeeli\/wp-json\/wp\/v2\/media?parent=42"}],"curies":[{"name":"wp","href":"https:\/\/api.w.org\/{rel}","templated":true}]}}